{"id":13,"date":"2017-12-03T14:23:35","date_gmt":"2017-12-03T13:23:35","guid":{"rendered":"http:\/\/la-dante.fr\/?page_id=13"},"modified":"2021-12-22T15:35:58","modified_gmt":"2021-12-22T14:35:58","slug":"qui-sommes-nous","status":"publish","type":"page","link":"https:\/\/ladante.fr\/paris\/qui-sommes-nous\/","title":{"rendered":"QUI SOMMES-NOUS ?"},"content":{"rendered":"<p>[vc_row][vc_column][vc_column_text]<\/p>\n<p style=\"margin-bottom: -1%; font-family: Helvetica, Arial, 'Open sans'; font-size: 2em; font-weight: 400; color: #bc432b; text-transform: uppercase; border-bottom: 2px solid #bc432b; text-align: left;\">qui sommes-nous ?<\/p>\n<p>[\/vc_column_text][vc_column_text css_animation=\u00a0\u00bbfadeIn\u00a0\u00bb]<!--\n\n\n<div class=\"item-page\">\n\n\n<article class=\"post\">\n\n\n<h2 class=\"postheader\"><a style=\"font-size: 16px;\" title=\"Imprimer\" href=\"http:\/\/www.ladante.fr\/qui-sommes-nous\/presentation?tmpl=component&amp;print=1&amp;page=\" rel=\"nofollow\"><img src=\"http:\/\/www.ladante.fr\/templates\/ladante092013\/images\/system\/printButton.png\" alt=\"Imprimer\" \/><\/a><span style=\"font-size: 16px;\">\u00a0|\u00a0<\/span><a style=\"font-size: 16px;\" title=\"E-mail\" href=\"http:\/\/www.ladante.fr\/component\/mailto\/?tmpl=component&amp;template=ladante092013&amp;link=f4398778091bd9ba558fa07e213336b56bbc16fb\"><img src=\"http:\/\/www.ladante.fr\/templates\/ladante092013\/images\/system\/emailButton.png\" alt=\"E-mail\" \/><\/a><\/h2>\n\n\n\n\n<div class=\"postcontent postcontent-0 clearfix\">\n\n\n<div class=\"article\">\n\n--><\/p>\n<p><img loading=\"lazy\" class=\"aligncenter\" src=\"http:\/\/ladante.fr\/wp-content\/uploads\/2018\/02\/logo-dante.png\" alt=\"la-dante-comite-paris 340x200\" width=\"254\" height=\"150\" \/><\/p>\n<p style=\"text-align: justify;\"><strong>Fond\u00e9e \u00e0 Rome en 1889<\/strong>, la Societ\u00e0 Dante Alighieri favorise la diffusion de la langue et de la culture italienne dans le monde.<br \/>\nElle est pr\u00e9sente dans 80 pays avec plus de 500 comit\u00e9s \u00e0 but non lucratif, dont une centaine en Italie et une trentaine en France.<\/p>\n<p style=\"text-align: justify;\"><strong>Implant\u00e9e \u00e0 Paris depuis 1902<\/strong>, La Dante est situ\u00e9e au sein du Lyc\u00e9e italien \u00ab\u00a0L\u00e9onard de Vinci\u00a0\u00bb,\u00a0 12 bis rue S\u00e9dillot, dans le 7<sup>e<\/sup>\u00a0arrondissement.<\/p>\n<p><strong><img loading=\"lazy\" class=\"alignnone size-medium wp-image-403\" src=\"http:\/\/ladante.fr\/wp-content\/uploads\/2017\/12\/sede-la-dante-225x300.jpg\" alt=\"\" width=\"225\" height=\"300\" \/><\/strong><\/p>\n<p style=\"text-align: justify;\">Monsieur\u00a0<strong>Michele Canonica<\/strong>\u00a0est le pr\u00e9sident de La Dante de Paris depuis 2007. Il planifie les \u00e9v\u00e9nements culturels et coordonne les partenariats.<\/p>\n<p><img loading=\"lazy\" src=\"http:\/\/ladante.fr\/wp-content\/uploads\/2018\/02\/michele-canonica-conferenza.jpg\" alt=\"michele-canonica-conferenza\" width=\"185\" height=\"200\" \/><\/p>\n<p style=\"text-align: justify;\">Gr\u00e2ce \u00e0 ses postes pr\u00e9c\u00e9dents en tant que correspondant \u00e0 Paris, commentateur politique \u00e0 Rome, grand reporter, directeur de la communication de la Chambre de Commerce Italienne pour la France, animateur d\u2019\u00e9missions radiophoniques et directeur de la revue France Italie, il est au premier plan des relations culturelles italo-fran\u00e7aises.<\/p>\n<p style=\"text-align: justify;\">La Dante propose en effet de nombreux\u00a0<strong>cours de langue et de culture italiennes<\/strong>. Ces cours s\u2019adressent \u00e0 la fois aux amoureux de la culture italienne et aux actifs fran\u00e7ais qui, de par leurs multiples relations avec l\u2019Italie, ont besoin de se former \u00e0 la langue italienne. Pour les \u00e9l\u00e8ves de niveau avanc\u00e9, des cours th\u00e9matiques sont propos\u00e9s sur des th\u00e8mes aussi vari\u00e9s que l\u2019histoire de l\u2019art, la litt\u00e9rature, la traduction, l\u2019italien des affaires, la cuisine, la n\u00e9gociation interculturelle, le cin\u00e9ma\u2026<\/p>\n<p>Enfin, une\u00a0<strong>biblioth\u00e8que<\/strong>\u00a0d\u2019ouvrages de r\u00e9f\u00e9rence est propos\u00e9e aux lecteurs italiens et fran\u00e7ais.<\/p>\n<p style=\"text-align: justify;\">L\u2019association organise des\u00a0<strong>cours,<\/strong>\u00a0des\u00a0<strong>s\u00e9jours linguistiques<\/strong>, des\u00a0<strong>visites guid\u00e9es<\/strong>\u00a0et de\u00a0<strong>nombreuses activit\u00e9s associatives<\/strong>\u00a0dont des\u00a0<strong>\u00e9v\u00e9nements culturels de tr\u00e8s haut niveau<\/strong>.<\/p>\n<p style=\"text-align: justify;\">La Societ\u00e0 Dante Alighieri a re\u00e7u le\u00a0<strong>Prix Prince des Asturies 2005<\/strong>\u00a0en r\u00e9compense de ses nombreuses missions. Elle est\u00a0<strong>membre de l\u2019E.U.N.I.C<\/strong>\u00a0&#8211; European Union National Institutes for Culture &#8211; qui r\u00e9unit environ 30 institutions europ\u00e9ennes et est l\u2019interlocuteur privil\u00e9gi\u00e9 de la Commission europ\u00e9enne pour la d\u00e9finition de la politique culturelle de l\u2019Union.<\/p>\n<h4><strong>Laissez-vous porter par la culture italienne. Rejoignez La Dante !<\/strong><\/h4>\n<article class=\"post\">\n<div class=\"postcontent postcontent-0 clearfix\">\n<div class=\"customarticle\">\n<div class=\"adhesion\">\n<p style=\"text-align: justify;\">En adh\u00e9rant au\u00a0<strong>Comit\u00e9 de Paris<\/strong>, vous b\u00e9n\u00e9ficiez de\u00a0<strong>nombreux avantages<\/strong>\u00a0sur les\u00a0<strong>spectacles<\/strong>\u00a0et\u00a0<strong>expositions, concerts<\/strong>\u00a0organis\u00e9s par nos partenaires.<\/p>\n<p style=\"text-align: justify;\">T\u00e9l\u00e9chargez le bulletin ci-dessous, puis renvoyez-le compl\u00e9t\u00e9 par courrier postal, accompagn\u00e9 du\u00a0<strong>ch\u00e8que de r\u00e8glement<\/strong>.<\/p>\n<div style=\"text-align: center;\"><a class=\"jcepopup noicon\" title=\"Cliquez ici pour t\u00e9l\u00e9charger le document\" href=\"https:\/\/ladante.fr\/wp-content\/uploads\/2020\/09\/Fiche_Adh%C3%A9sion_20.pdf\" target=\"_blank\" rel=\"noopener\" data-mediabox=\"width[1024];height[768];title[Bulletin d&amp;#39;adh\u00e9sion]\"><img loading=\"lazy\" src=\"http:\/\/ladante.fr\/wp-content\/uploads\/2018\/02\/btn-bul.png\" alt=\"Cliquez ici pour t\u00e9l\u00e9charger le document\" width=\"200\" height=\"50\" \/><\/a><\/div>\n<\/div>\n<\/div>\n<\/div>\n<\/article>\n<p>[\/vc_column_text][vc_empty_space height=\u00a0\u00bb256px\u00a0\u00bb][\/vc_column][\/vc_row]<\/p>\n","protected":false},"excerpt":{"rendered":"<p>[vc_row][vc_column][vc_column_text] qui sommes-nous ? [\/vc_column_text][vc_column_text css_animation=\u00a0\u00bbfadeIn\u00a0\u00bb] Fond\u00e9e \u00e0 Rome en 1889, la Societ\u00e0 Dante Alighieri favorise la diffusion de la langue et de la culture italienne dans le monde. Elle est pr\u00e9sente dans 80 pays avec plus de 500 comit\u00e9s \u00e0 but non lucratif, dont une centaine en Italie et une trentaine en France. Implant\u00e9e [&hellip;]<\/p>\n","protected":false},"author":4,"featured_media":0,"parent":0,"menu_order":0,"comment_status":"closed","ping_status":"closed","template":"","meta":{"disable_featured_image":false,"_themeisle_gutenberg_block_has_review":false},"yoast_head":"<!-- This site is optimized with the Yoast SEO plugin v20.1 - https:\/\/yoast.com\/wordpress\/plugins\/seo\/ -->\n<title>QUI SOMMES-NOUS ? - La Dante - Comit\u00e9 de Paris<\/title>\n<meta name=\"robots\" content=\"index, follow, max-snippet:-1, max-image-preview:large, max-video-preview:-1\" \/>\n<link rel=\"canonical\" href=\"https:\/\/ladante.fr\/paris\/qui-sommes-nous\/\" \/>\n<meta property=\"og:locale\" content=\"fr_FR\" \/>\n<meta property=\"og:type\" content=\"article\" \/>\n<meta property=\"og:title\" content=\"QUI SOMMES-NOUS ? - La Dante - Comit\u00e9 de Paris\" \/>\n<meta property=\"og:description\" content=\"[vc_row][vc_column][vc_column_text] qui sommes-nous ? [\/vc_column_text][vc_column_text css_animation=\u00a0\u00bbfadeIn\u00a0\u00bb] Fond\u00e9e \u00e0 Rome en 1889, la Societ\u00e0 Dante Alighieri favorise la diffusion de la langue et de la culture italienne dans le monde. Elle est pr\u00e9sente dans 80 pays avec plus de 500 comit\u00e9s \u00e0 but non lucratif, dont une centaine en Italie et une trentaine en France. Implant\u00e9e [&hellip;]\" \/>\n<meta property=\"og:url\" content=\"https:\/\/ladante.fr\/paris\/qui-sommes-nous\/\" \/>\n<meta property=\"og:site_name\" content=\"La Dante - Comit\u00e9 de Paris\" \/>\n<meta property=\"article:modified_time\" content=\"2021-12-22T14:35:58+00:00\" \/>\n<meta property=\"og:image\" content=\"http:\/\/www.ladante.fr\/templates\/ladante092013\/images\/system\/printButton.png\" \/>\n<meta name=\"twitter:card\" content=\"summary_large_image\" \/>\n<meta name=\"twitter:label1\" content=\"Dur\u00e9e de lecture estim\u00e9e\" \/>\n\t<meta name=\"twitter:data1\" content=\"2 minutes\" \/>\n<script type=\"application\/ld+json\" class=\"yoast-schema-graph\">{\"@context\":\"https:\/\/schema.org\",\"@graph\":[{\"@type\":\"WebPage\",\"@id\":\"https:\/\/ladante.fr\/paris\/qui-sommes-nous\/\",\"url\":\"https:\/\/ladante.fr\/paris\/qui-sommes-nous\/\",\"name\":\"QUI SOMMES-NOUS ? - La Dante - Comit\u00e9 de Paris\",\"isPartOf\":{\"@id\":\"https:\/\/ladante.fr\/paris\/#website\"},\"datePublished\":\"2017-12-03T13:23:35+00:00\",\"dateModified\":\"2021-12-22T14:35:58+00:00\",\"breadcrumb\":{\"@id\":\"https:\/\/ladante.fr\/paris\/qui-sommes-nous\/#breadcrumb\"},\"inLanguage\":\"fr-FR\",\"potentialAction\":[{\"@type\":\"ReadAction\",\"target\":[\"https:\/\/ladante.fr\/paris\/qui-sommes-nous\/\"]}]},{\"@type\":\"BreadcrumbList\",\"@id\":\"https:\/\/ladante.fr\/paris\/qui-sommes-nous\/#breadcrumb\",\"itemListElement\":[{\"@type\":\"ListItem\",\"position\":1,\"name\":\"Accueil\",\"item\":\"https:\/\/ladante.fr\/paris\/\"},{\"@type\":\"ListItem\",\"position\":2,\"name\":\"QUI SOMMES-NOUS ?\"}]},{\"@type\":\"WebSite\",\"@id\":\"https:\/\/ladante.fr\/paris\/#website\",\"url\":\"https:\/\/ladante.fr\/paris\/\",\"name\":\"La Dante - Comit\u00e9 de Paris\",\"description\":\"\",\"potentialAction\":[{\"@type\":\"SearchAction\",\"target\":{\"@type\":\"EntryPoint\",\"urlTemplate\":\"https:\/\/ladante.fr\/paris\/?s={search_term_string}\"},\"query-input\":\"required name=search_term_string\"}],\"inLanguage\":\"fr-FR\"}]}<\/script>\n<!-- \/ Yoast SEO plugin. -->","yoast_head_json":{"title":"QUI SOMMES-NOUS ? - La Dante - Comit\u00e9 de Paris","robots":{"index":"index","follow":"follow","max-snippet":"max-snippet:-1","max-image-preview":"max-image-preview:large","max-video-preview":"max-video-preview:-1"},"canonical":"https:\/\/ladante.fr\/paris\/qui-sommes-nous\/","og_locale":"fr_FR","og_type":"article","og_title":"QUI SOMMES-NOUS ? - La Dante - Comit\u00e9 de Paris","og_description":"[vc_row][vc_column][vc_column_text] qui sommes-nous ? [\/vc_column_text][vc_column_text css_animation=\u00a0\u00bbfadeIn\u00a0\u00bb] Fond\u00e9e \u00e0 Rome en 1889, la Societ\u00e0 Dante Alighieri favorise la diffusion de la langue et de la culture italienne dans le monde. Elle est pr\u00e9sente dans 80 pays avec plus de 500 comit\u00e9s \u00e0 but non lucratif, dont une centaine en Italie et une trentaine en France. Implant\u00e9e [&hellip;]","og_url":"https:\/\/ladante.fr\/paris\/qui-sommes-nous\/","og_site_name":"La Dante - Comit\u00e9 de Paris","article_modified_time":"2021-12-22T14:35:58+00:00","og_image":[{"url":"http:\/\/www.ladante.fr\/templates\/ladante092013\/images\/system\/printButton.png"}],"twitter_card":"summary_large_image","twitter_misc":{"Dur\u00e9e de lecture estim\u00e9e":"2 minutes"},"schema":{"@context":"https:\/\/schema.org","@graph":[{"@type":"WebPage","@id":"https:\/\/ladante.fr\/paris\/qui-sommes-nous\/","url":"https:\/\/ladante.fr\/paris\/qui-sommes-nous\/","name":"QUI SOMMES-NOUS ? - La Dante - Comit\u00e9 de Paris","isPartOf":{"@id":"https:\/\/ladante.fr\/paris\/#website"},"datePublished":"2017-12-03T13:23:35+00:00","dateModified":"2021-12-22T14:35:58+00:00","breadcrumb":{"@id":"https:\/\/ladante.fr\/paris\/qui-sommes-nous\/#breadcrumb"},"inLanguage":"fr-FR","potentialAction":[{"@type":"ReadAction","target":["https:\/\/ladante.fr\/paris\/qui-sommes-nous\/"]}]},{"@type":"BreadcrumbList","@id":"https:\/\/ladante.fr\/paris\/qui-sommes-nous\/#breadcrumb","itemListElement":[{"@type":"ListItem","position":1,"name":"Accueil","item":"https:\/\/ladante.fr\/paris\/"},{"@type":"ListItem","position":2,"name":"QUI SOMMES-NOUS ?"}]},{"@type":"WebSite","@id":"https:\/\/ladante.fr\/paris\/#website","url":"https:\/\/ladante.fr\/paris\/","name":"La Dante - Comit\u00e9 de Paris","description":"","potentialAction":[{"@type":"SearchAction","target":{"@type":"EntryPoint","urlTemplate":"https:\/\/ladante.fr\/paris\/?s={search_term_string}"},"query-input":"required name=search_term_string"}],"inLanguage":"fr-FR"}]}},"_links":{"self":[{"href":"https:\/\/ladante.fr\/paris\/wp-json\/wp\/v2\/pages\/13"}],"collection":[{"href":"https:\/\/ladante.fr\/paris\/wp-json\/wp\/v2\/pages"}],"about":[{"href":"https:\/\/ladante.fr\/paris\/wp-json\/wp\/v2\/types\/page"}],"author":[{"embeddable":true,"href":"https:\/\/ladante.fr\/paris\/wp-json\/wp\/v2\/users\/4"}],"replies":[{"embeddable":true,"href":"https:\/\/ladante.fr\/paris\/wp-json\/wp\/v2\/comments?post=13"}],"version-history":[{"count":7,"href":"https:\/\/ladante.fr\/paris\/wp-json\/wp\/v2\/pages\/13\/revisions"}],"predecessor-version":[{"id":4633,"href":"https:\/\/ladante.fr\/paris\/wp-json\/wp\/v2\/pages\/13\/revisions\/4633"}],"wp:attachment":[{"href":"https:\/\/ladante.fr\/paris\/wp-json\/wp\/v2\/media?parent=13"}],"curies":[{"name":"wp","href":"https:\/\/api.w.org\/{rel}","templated":true}]}}