{"id":15,"date":"2017-12-03T14:23:35","date_gmt":"2017-12-03T13:23:35","guid":{"rendered":"http:\/\/la-dante.fr\/?page_id=15"},"modified":"2026-02-12T18:14:23","modified_gmt":"2026-02-12T17:14:23","slug":"cours-d-italien-paris","status":"publish","type":"page","link":"https:\/\/ladante.fr\/paris\/cours-d-italien-paris\/","title":{"rendered":"COURS D&rsquo;ITALIEN A PARIS"},"content":{"rendered":"<p>[vc_row][vc_column][vc_column_text]<\/p>\n<p style=\"margin-bottom: -1%; font-family: Helvetica, Arial, 'Open sans'; font-size: 2em; font-weight: 400; color: #bc432b; text-transform: uppercase; border-bottom: 2px solid #bc432b; text-align: left;\">cours dE LANGUE ET CULTURE ITALIENNEs A paris<\/p>\n<p>[\/vc_column_text][vc_column_text]<\/p>\n<div style=\"position: relative; float: left; padding-right: 10%;\">\n<h4 style=\"text-transform: uppercase; text-align: center;\">Vous souhaitez\u00a0<strong>apprendre l\u2019italien<\/strong>, perfectionner votre niveau, d\u00e9couvrir la culture italienne ?<\/h4>\n<p><img loading=\"lazy\" class=\"aligncenter\" src=\"http:\/\/ladante.fr\/wp-content\/uploads\/2018\/02\/se-ami-italia_139x200.jpg\" alt=\"se-ami-italia 139x200\" width=\"139\" height=\"200\" \/><\/p>\n<h4 style=\"text-align: center;\">Notre m\u00e9thode :\u00a0<strong>l\u2019italien par la pratique.<\/strong><\/h4>\n<h5 style=\"text-align: center;\">Cours d&rsquo;italien collectifs ou individuels, cours de langue et cours th\u00e9matiques, en journ\u00e9e ou en soir\u00e9e.<\/h5>\n<h4 style=\"text-align: center;\"><strong>La Dante, la r\u00e9f\u00e9rence pour l\u2019italien<\/strong><\/h4>\n<p style=\"text-align: center;\"><span style=\"color: #ff0000;\"><strong>\u00a0<\/strong><\/span><\/p>\n<\/div>\n<div style=\"text-align: center; text-decoration: none;\"><\/div>\n<div style=\"position: relative; float: left; padding-right: 10%;\">\n<p><strong>\u2757\ufe0f\u00a0 <\/strong>Les <strong>cours collectifs<\/strong> du <strong>2\u00e8me semestre<\/strong> d\u00e9buteront le <strong>lundi 2 f\u00e9vrier 2026<\/strong><\/p>\n<p><strong><span class=\"x1xsqp64 xiy17q3 x1o6pynw x19co3pv xdj266r xjn30re xat24cr x1hb08if x2b8uid\" data-testid=\"emoji\"><span class=\"xexx8yu xcaqkgz x18d9i69 xbwkkl7 x3jgonx x1bhl96m\">\u2728 <\/span><\/span>R\u00c9SERVEZ VOTRE PLACE<\/strong> <a href=\"https:\/\/ladante.fr\/cours-particuliers\/#1513608556231-7ece5179-d1f3\" target=\"_blank\" rel=\"noopener\"><strong><span style=\"color: #0000ff;\">ICI<\/span><\/strong><\/a><\/p>\n<p>Nous vous attendons le mercredi 1er octobre pour les cours d&rsquo;italien \u00e0 Paris !<\/p>\n<p><a class=\"wf_file jcepopup noicon\" title=\"Fiche d'inscription\" href=\"https:\/\/ladante.fr\/wp-content\/uploads\/2025\/07\/Fiche-Inscription-2025-2026.pdf\" target=\"_blank\" rel=\"noopener noreferrer\" data-mediabox=\"width[1024];height[768];title[Tarifs Cours d&amp;#39;italien]\"><img class=\"wf_file_icon\" src=\"http:\/\/ladante.fr\/wp-content\/uploads\/2018\/02\/pdf-1-e1517829938664.png\" alt=\"pdf\" \/><span style=\"color: #0000ff;\">T\u00e9l\u00e9chargez la fiche d&rsquo;inscription 2025-2026<\/span><\/a>\u00a0\u00a0<a class=\"wf_file jcepopup noicon\" title=\"Calendrier 2022-2023\" href=\"https:\/\/ladante.fr\/wp-content\/uploads\/2024\/07\/Calendario_DA-2024-2025.pdf\" target=\"_blank\" rel=\"noopener noreferrer\" data-mediabox=\"width[1024];height[768];title[Tarifs Cours d&amp;#39;italien]\"><img class=\"wf_file_icon\" src=\"http:\/\/ladante.fr\/wp-content\/uploads\/2018\/02\/pdf-1-e1517829938664.png\" alt=\"pdf\" \/><\/a> <span style=\"color: #0000ff;\"><a style=\"color: #0000ff;\" href=\"https:\/\/ladante.fr\/wp-content\/uploads\/2024\/10\/Questionnaire-objectifs-formation.pdf\">objectifs de formation<\/a><\/span><\/p>\n<p><img class=\"wf_file_icon\" src=\"http:\/\/ladante.fr\/wp-content\/uploads\/2018\/02\/pdf-1-e1517829938664.png\" alt=\"pdf\" \/> <a href=\"https:\/\/ladante.fr\/wp-content\/uploads\/2026\/01\/Planning-Dante-Printemps-2sem-25-26.pdf\" target=\"_blank\" rel=\"noopener\"><span style=\"color: #0000ff;\">Le planning 2\u00e8me semestre 2025-2026<\/span><\/a>\u00a0 \u00a0\u00a0<a class=\"wf_file jcepopup noicon\" title=\"Calendrier 2022-2023\" href=\"https:\/\/ladante.fr\/wp-content\/uploads\/2026\/02\/Calendario-2025-2026-DA-agg.pdf\" target=\"_blank\" rel=\"noopener noreferrer\" data-mediabox=\"width[1024];height[768];title[Tarifs Cours d&amp;#39;italien]\"><img class=\"wf_file_icon\" src=\"http:\/\/ladante.fr\/wp-content\/uploads\/2018\/02\/pdf-1-e1517829938664.png\" alt=\"pdf\" \/><span style=\"color: #0000ff;\">Le calendrier 2025-2026<\/span><\/a><\/p>\n<div>\n<h4><\/h4>\n<h4><span class=\"x1xsqp64 xiy17q3 x1o6pynw x19co3pv xdj266r xjn30re xat24cr x1hb08if x2b8uid\" data-testid=\"emoji\"><span class=\"xexx8yu xcaqkgz x18d9i69 xbwkkl7 x3jgonx x1bhl96m\">\ud83d\udd8a<\/span><\/span>COMMENT S\u2019INSCRIRE \u00c0 NOS COURS D\u2019ITALIEN \u00c0 PARIS <a href=\"https:\/\/ladante.fr\/paris\/cours-d-italien-paris\/cours-italien-a-paris\/\"><span style=\"color: #0000ff;\">(cliquez ici)<\/span><\/a><\/h4>\n<\/div>\n<div>\n<div>.<\/div>\n<div>Pr\u00e9requis : aucun pr\u00e9requis pour le niveau A1.1, pour tous les autres niveaux, pr\u00e9requis en fonction du programme du niveau \u00e0 suivre.<\/div>\n<p>Dur\u00e9e minimum : 20h, 40h ou 80h selon la progression d\u00e9sir\u00e9e et vos disponibilit\u00e9s. Dur\u00e9e selon demande pour les cours individuels. Un programme adapt\u00e9 \u00e0 votre situation vous sera propos\u00e9 \u00e0 l\u2019issue des tests. Bilan sur rendez-vous en \u00e9crivant \u00e0 l&rsquo;adresse mail paris@ladante.fr.<\/p>\n<p>Modalit\u00e9s et d\u00e9lais d&rsquo;acc\u00e8s : sur inscription et selon les dates pr\u00e9vues dans le calendrier (2 sessions par an) pour les cours collectifs. Inscription souhait\u00e9e une semaine au plus tard avant le d\u00e9but de la session. Entr\u00e9es et sorties permanentes pour les cours individuels et intra-entreprise : d\u00e9lais d\u2019acc\u00e8s, deux semaines apr\u00e8s la demande.<br \/>\n(<a href=\"https:\/\/ladante.fr\/wp-content\/uploads\/2024\/07\/Calendario_DA-2024-2025.pdf\" target=\"_blank\" rel=\"noopener\"><span style=\"color: #0000ff;\">ici t\u00e9l\u00e9chargement des calendriers<\/span><\/a>)<\/p>\n<\/div>\n<p>Objectifs : les objectifs op\u00e9rationnels sont d\u00e9finis dans la fiche programme correspondant \u00e0 chaque niveau (de A1 \u00e0 C2).<br \/>\n(<a href=\"https:\/\/ladante.fr\/wp-content\/uploads\/2023\/10\/ADA_A1_C2_Tutto-franc-doc_ver-2023.pdf\" target=\"_blank\" rel=\"noopener\"><span style=\"color: #0000ff;\">ici t\u00e9l\u00e9chargement des fiches programmes<\/span><\/a>)<\/p>\n<p>(<span style=\"color: #000000;\">ici t\u00e9l\u00e9chargement des fiches programmes par niveaux : <\/span><a href=\"https:\/\/ladante.fr\/wp-content\/uploads\/2024\/10\/deroulement-pedagogique-formation-A1-40h_vers-2024.pdf\" target=\"_blank\" rel=\"noopener\"><span style=\"color: #0000ff;\">A1<\/span><\/a><strong><span style=\"color: #000000;\"> &#8211; <\/span><\/strong><a href=\"https:\/\/ladante.fr\/wp-content\/uploads\/2024\/10\/deroulement-pedagogique-formation-A2-40h_vers-2024.pdf\" target=\"_blank\" rel=\"noopener\"><span style=\"color: #0000ff;\">A2<\/span><\/a>)<\/p>\n<p>(<span style=\"color: #000000;\">ici t\u00e9l\u00e9chargement des fiches programmes par niveaux :<\/span><a href=\"https:\/\/ladante.fr\/wp-content\/uploads\/2024\/10\/deroulement-pedagogique-formation-B1-40h_vers-2024.pdf\" target=\"_blank\" rel=\"noopener\"><span style=\"color: #0000ff;\">B1<\/span><\/a><strong><span style=\"color: #000000;\"> &#8211; <\/span><\/strong><a href=\"https:\/\/ladante.fr\/wp-content\/uploads\/2024\/10\/deroulement-pedagogique-formation-B2-40h_vers-2024.pdf\" target=\"_blank\" rel=\"noopener\"><span style=\"color: #0000ff;\">B2<\/span><\/a>)<\/p>\n<p>(<span style=\"color: #000000;\">ici t\u00e9l\u00e9chargement des fiches programmes par niveaux :<\/span><a href=\"https:\/\/ladante.fr\/wp-content\/uploads\/2024\/10\/deroulement-pedagogique-formation-C1-40h_vers-2024.pdf\" target=\"_blank\" rel=\"noopener\"><span style=\"color: #0000ff;\">C1<\/span><\/a> <strong>&#8211;<\/strong> <a href=\"https:\/\/ladante.fr\/wp-content\/uploads\/2024\/10\/deroulement-pedagogique-formation-C2-40h_vers-2024.pdf\" target=\"_blank\" rel=\"noopener\"><span style=\"color: #0000ff;\">C2<\/span><\/a>)<\/p>\n<p>(<a href=\"https:\/\/ladante.fr\/wp-content\/uploads\/2024\/10\/Deroulement-et-programme-italien-professionnel_ver2024.pdf\" target=\"_blank\" rel=\"noopener\"><span style=\"color: #0000ff;\">ici t\u00e9l\u00e9chargement du d\u00e9roulement et programme italien professionnel<\/span><\/a>)<\/p>\n<p>(<a href=\"https:\/\/ladante.fr\/wp-content\/uploads\/2024\/10\/deroulement-et-programmes-pedagogique-cours-thematiques_vers2024.pdf\" target=\"_blank\" rel=\"noopener\"><span style=\"color: #0000ff;\">ici t\u00e9l\u00e9chargement du d\u00e9roulement et programme des cours th\u00e9matiques<\/span><\/a>)<\/p>\n<div><strong>Tarifs :<\/strong><\/div>\n<div><\/div>\n<\/div>\n<div><\/div>\n<div><\/div>\n<div style=\"position: relative; float: left; padding-right: 10%;\">\n<p>Ajouter \u00e9galement la cotation \u00e0 l\u2019association en fonction de l\u2019\u00e2ge :<\/p>\n<p>-18 ans : <strong>10 \u20ac<\/strong><br \/>\nentre 18 et 25 ans : <strong>15 \u20ac<\/strong><br \/>\n+ 26 ans : <strong>35 \u20ac<\/strong><\/p>\n<p>Co\u00fbt pour le passage du DCL <strong>130 \u20ac<\/strong><br \/>\nCo\u00fbt pour le passage du Plida de <strong>75\u20ac<\/strong> \u00e0 <strong>170 \u20ac<\/strong> (en fonction du niveau demand\u00e9)<\/p>\n<p>M\u00e9thodes mobilis\u00e9es et modalit\u00e9s d&rsquo;\u00e9valuation :<br \/>\nLes cours peuvent \u00eatre dispens\u00e9s de mani\u00e8re collective ou individuelle, en pr\u00e9sentiel comme en distanciel. En fonction des tests, une proposition d\u00e9taill\u00e9e avec les modalit\u00e9s p\u00e9dagogiques appropri\u00e9es \u00e0 votre situation vous sera remise, permettant ensuite de progresser rapidement et d\u2019approfondir vos int\u00e9r\u00eats personnels.<br \/>\nTrois \u00e9valuations r\u00e9guli\u00e8res en cours de formation correspondant au niveau suivi et 1 test de passage de niveau en fin de formation.<br \/>\nPossibilit\u00e9 de passer le Dipl\u00f4me de Comp\u00e9tences en Langue Etrang\u00e8re Professionnelle Italienne (DCLEP). Pour plus d\u2019information, consultez la fiche France Comp\u00e9tence et le r\u00e8glement de l\u2019examen.<\/p>\n<p><span style=\"color: #3366ff;\"><a style=\"color: #3366ff;\" href=\"https:\/\/www.francecompetences.fr\/recherche\/rs\/5462\/#ancre1\" target=\"_blank\" rel=\"noopener\">https:\/\/www.francecompetences.fr\/recherche\/rs\/5462\/#ancre1<\/a><\/span><\/p>\n<p><span style=\"color: #3366ff;\"><a style=\"color: #3366ff;\" href=\"https:\/\/amubox.univ-amu.fr\/s\/rPg56roYyHKeKdW?dir=undefined&amp;openfile=672548197\" target=\"_blank\" rel=\"noopener\">https:\/\/amubox.univ-amu.fr\/s\/rPg56roYyHKeKdW?dir=undefined&amp;openfile=672548197<\/a><\/span><\/p>\n<p>Possibilit\u00e9 de passer le Dipl\u00f4me Progetto lingua italiana Dante Alighieri (Plida). Pour plus d\u2019information, consultez le site d\u00e9di\u00e9 :<\/p>\n<p><a href=\"https:\/\/ladante.fr\/certifications\/\">https:\/\/ladante.fr\/certifications\/<\/a><br \/>\n<a href=\"https:\/\/plida.it\/\">https:\/\/plida.it\/<\/a><\/p>\n<div><\/div>\n<h4 style=\"text-align: center;\"><strong>La Dante, la r\u00e9f\u00e9rence pour l\u2019italien<\/strong><\/h4>\n<div style=\"text-align: center; text-decoration: none;\"><a style=\"background-color: #bc432b; padding: 6px; border-radius: 15px; color: #fff; font-size: 1em; text-transform: uppercase; text-align: center;\" title=\"Cours Particuliers\" href=\"http:\/\/ladante.fr\/cours-particuliers\/\">D\u00c9COUVREZ NOS COURS COLLECTIFS &#8211; INDIVIDUELS<\/a><\/div>\n<div><\/div>\n<div><\/div>\n<div style=\"position: relative; float: left; padding-right: 10%;\">\n<div>\n<hr style=\"color: red; border-width: 2px;\" \/>\n<h4 style=\"text-transform: uppercase; text-align: center;\"><strong>Ma\u00eetriser l\u2019italien<\/strong>\u00a0pour mieux communiquer avec ses collaborateurs,<br \/>\nses clients ou ses prospects.<\/h4>\n<p><img loading=\"lazy\" class=\"aligncenter\" src=\"http:\/\/ladante.fr\/wp-content\/uploads\/2018\/02\/plida-estero3_139x200.jpg\" alt=\"plida-estero3 139x200\" width=\"139\" height=\"200\" \/><\/p>\n<h4 style=\"text-align: center;\">Notre m\u00e9thode :\u00a0<strong>l\u2019italien par la pratique.<\/strong><\/h4>\n<h4 style=\"text-align: center;\">DIF ou formation en entreprise, inter ou intra, cours collectifs ou individuels.<\/h4>\n<h4 style=\"text-align: center;\"><strong>La Dante, la r\u00e9f\u00e9rence pour l\u2019italien<\/strong><\/h4>\n<div style=\"text-align: center;\"><a style=\"background-color: #bc432b; padding: 6px; border-radius: 15px; color: #fff; font-size: 1em; text-transform: uppercase; text-align: center;\" title=\"Cours Entreprises\" href=\"http:\/\/ladante.fr\/cours-entreprises\/\">D\u00c9COUVREZ NOS COURS ENTREPRISES<\/a><\/div>\n<div><\/div>\n<\/div>\n<div>\n<hr style=\"color: red; border-width: 2px;\" \/>\n<h4 style=\"text-transform: uppercase; text-align: center;\">Vous souhaitez\u00a0<strong>enseigner l\u2019italien<\/strong>,<br \/>\nobserver une classe, rencontrer des enseignants ?<\/h4>\n<p><img loading=\"lazy\" class=\"aligncenter\" src=\"http:\/\/ladante.fr\/wp-content\/uploads\/2018\/02\/plida-estero_139x200.jpg\" alt=\"plida-estero 139x200\" width=\"139\" height=\"200\" \/><\/p>\n<h4 style=\"text-align: center;\">Notre \u00e9quipe p\u00e9dagogique est ouverte \u00e0 l\u2019\u00e9change sur ses pratiques p\u00e9dagogiques.<\/h4>\n<h4 style=\"text-align: center;\"><strong>La Dante, la r\u00e9f\u00e9rence pour l\u2019italien<\/strong><\/h4>\n<div style=\"text-align: center;\"><a style=\"background-color: #bc432b; padding: 6px; border-radius: 15px; color: #fff; font-size: 1em; text-transform: uppercase; text-align: center;\" title=\"Enseigner l\u2019italien\" href=\"http:\/\/ladante.fr\/enseigner-litalien\/\">EN SAVOIR PLUS<\/a><\/div>\n<div><\/div>\n<\/div>\n<\/div>\n<\/div>\n<p>[\/vc_column_text][vc_column_text]<\/p>\n<hr \/>\n<p>Accessibilit\u00e9 aux personnes handicap\u00e9es :<br \/>\nLe B\u00e2timent \u00e9tant class\u00e9 Monument Historique, il ne permet malheureusement pas l\u2019acc\u00e8s aux fauteuils roulants. D\u2019une mani\u00e8re g\u00e9n\u00e9rale, nos formations sont accessibles aux personnes en situation de handicap sous r\u00e9serve d\u2019adaptation. N\u2019h\u00e9sitez pas \u00e0 contacter notre r\u00e9f\u00e9rente Handicap Simona Frascati frascati.paris@ladante.fr.<\/p>\n<p>Indicateurs de performance<\/p>\n<p><img loading=\"lazy\" class=\"alignnone size-full wp-image-6077\" src=\"https:\/\/ladante.fr\/wp-content\/uploads\/2024\/10\/Indicateurs-2024.png\" alt=\"\" width=\"868\" height=\"192\" srcset=\"https:\/\/ladante.fr\/wp-content\/uploads\/2024\/10\/Indicateurs-2024.png 868w, https:\/\/ladante.fr\/wp-content\/uploads\/2024\/10\/Indicateurs-2024-300x66.png 300w, https:\/\/ladante.fr\/wp-content\/uploads\/2024\/10\/Indicateurs-2024-768x170.png 768w, https:\/\/ladante.fr\/wp-content\/uploads\/2024\/10\/Indicateurs-2024-624x138.png 624w\" sizes=\"(max-width: 868px) 100vw, 868px\" \/><\/p>\n<p><img loading=\"lazy\" class=\"alignnone wp-image-5702\" src=\"https:\/\/ladante.fr\/wp-content\/uploads\/2023\/10\/Taux-de-laureats-2eme-semestre-2023-1.png\" alt=\"\" width=\"462\" height=\"198\" srcset=\"https:\/\/ladante.fr\/wp-content\/uploads\/2023\/10\/Taux-de-laureats-2eme-semestre-2023-1.png 494w, https:\/\/ladante.fr\/wp-content\/uploads\/2023\/10\/Taux-de-laureats-2eme-semestre-2023-1-300x129.png 300w\" sizes=\"(max-width: 462px) 100vw, 462px\" \/><\/p>\n<p><img loading=\"lazy\" class=\"alignnone wp-image-6079\" src=\"https:\/\/ladante.fr\/wp-content\/uploads\/2024\/10\/DCL_2024.png\" alt=\"\" width=\"481\" height=\"294\" srcset=\"https:\/\/ladante.fr\/wp-content\/uploads\/2024\/10\/DCL_2024.png 473w, https:\/\/ladante.fr\/wp-content\/uploads\/2024\/10\/DCL_2024-300x183.png 300w\" sizes=\"(max-width: 481px) 100vw, 481px\" \/><\/p>\n<p>T\u00e9l\u00e9charger le <span style=\"color: #0000ff;\"><a style=\"color: #0000ff;\" href=\"https:\/\/ladante.fr\/wp-content\/uploads\/2024\/10\/Reglement_2024.pdf\" target=\"_blank\" rel=\"noopener\">R\u00e8glement de la Dante Alighieri &#8211; Comit\u00e9 de Paris<\/a><\/span><\/p>\n<p><span style=\"color: #0000ff;\"><span style=\"color: #000000;\">T\u00e9l\u00e9charger le<\/span> <a style=\"color: #0000ff;\" href=\"https:\/\/ladante.fr\/wp-content\/uploads\/2024\/10\/livret-daccueil-2024.pdf\" target=\"_blank\" rel=\"noopener\">livret d&rsquo;accueil de la Dante Alighieri &#8211; Comit\u00e9 de Paris<\/a><\/span><\/p>\n<p>Mis \u00e0 jour le 1er aout 2024<\/p>\n<p><img loading=\"lazy\" class=\"alignnone wp-image-4687\" src=\"https:\/\/ladante.fr\/wp-content\/uploads\/2022\/01\/Logo-qualiopi-avec-action-de-formation..png\" alt=\"\" width=\"284\" height=\"239\" srcset=\"https:\/\/ladante.fr\/wp-content\/uploads\/2022\/01\/Logo-qualiopi-avec-action-de-formation..png 980w, https:\/\/ladante.fr\/wp-content\/uploads\/2022\/01\/Logo-qualiopi-avec-action-de-formation.-300x253.png 300w, https:\/\/ladante.fr\/wp-content\/uploads\/2022\/01\/Logo-qualiopi-avec-action-de-formation.-768x647.png 768w, https:\/\/ladante.fr\/wp-content\/uploads\/2022\/01\/Logo-qualiopi-avec-action-de-formation.-624x525.png 624w\" sizes=\"(max-width: 284px) 100vw, 284px\" \/><\/p>\n<p><a href=\"https:\/\/ladante.fr\/wp-content\/uploads\/2023\/10\/certificat-dante-alighieri-42110723pdf.pdf\" target=\"_blank\" rel=\"noopener\"><strong>Ici t\u00e9l\u00e9chargement<\/strong> du certificat Qualiopi de la Dante Alighieri &#8211; Comit\u00e9 de Paris<\/a>[\/vc_column_text][\/vc_column][\/vc_row][vc_row][vc_column][vc_empty_space height=\u00a0\u00bb462px\u00a0\u00bb][\/vc_column][\/vc_row]<\/p>\n","protected":false},"excerpt":{"rendered":"<p>[vc_row][vc_column][vc_column_text] cours dE LANGUE ET CULTURE ITALIENNEs A paris [\/vc_column_text][vc_column_text] Vous souhaitez\u00a0apprendre l\u2019italien, perfectionner votre niveau, d\u00e9couvrir la culture italienne ? Notre m\u00e9thode :\u00a0l\u2019italien par la pratique. Cours d&rsquo;italien collectifs ou individuels, cours de langue et cours th\u00e9matiques, en journ\u00e9e ou en soir\u00e9e. La Dante, la r\u00e9f\u00e9rence pour l\u2019italien \u00a0 \u2757\ufe0f\u00a0 Les cours collectifs du [&hellip;]<\/p>\n","protected":false},"author":4,"featured_media":0,"parent":0,"menu_order":0,"comment_status":"closed","ping_status":"closed","template":"","meta":{"disable_featured_image":false,"_themeisle_gutenberg_block_has_review":false},"yoast_head":"<!-- This site is optimized with the Yoast SEO plugin v20.1 - https:\/\/yoast.com\/wordpress\/plugins\/seo\/ -->\n<title>COURS D&#039;ITALIEN A PARIS - La Dante - Comit\u00e9 de Paris<\/title>\n<meta name=\"robots\" content=\"index, follow, max-snippet:-1, max-image-preview:large, max-video-preview:-1\" \/>\n<link rel=\"canonical\" href=\"https:\/\/ladante.fr\/paris\/cours-d-italien-paris\/\" \/>\n<meta property=\"og:locale\" content=\"fr_FR\" \/>\n<meta property=\"og:type\" content=\"article\" \/>\n<meta property=\"og:title\" content=\"COURS D&#039;ITALIEN A PARIS - La Dante - Comit\u00e9 de Paris\" \/>\n<meta property=\"og:description\" content=\"[vc_row][vc_column][vc_column_text] cours dE LANGUE ET CULTURE ITALIENNEs A paris [\/vc_column_text][vc_column_text] Vous souhaitez\u00a0apprendre l\u2019italien, perfectionner votre niveau, d\u00e9couvrir la culture italienne ? Notre m\u00e9thode :\u00a0l\u2019italien par la pratique. Cours d&rsquo;italien collectifs ou individuels, cours de langue et cours th\u00e9matiques, en journ\u00e9e ou en soir\u00e9e. La Dante, la r\u00e9f\u00e9rence pour l\u2019italien \u00a0 \u2757\ufe0f\u00a0 Les cours collectifs du [&hellip;]\" \/>\n<meta property=\"og:url\" content=\"https:\/\/ladante.fr\/paris\/cours-d-italien-paris\/\" \/>\n<meta property=\"og:site_name\" content=\"La Dante - Comit\u00e9 de Paris\" \/>\n<meta property=\"article:modified_time\" content=\"2026-02-12T17:14:23+00:00\" \/>\n<meta property=\"og:image\" content=\"http:\/\/ladante.fr\/wp-content\/uploads\/2018\/02\/se-ami-italia_139x200.jpg\" \/>\n<meta name=\"twitter:card\" content=\"summary_large_image\" \/>\n<meta name=\"twitter:label1\" content=\"Dur\u00e9e de lecture estim\u00e9e\" \/>\n\t<meta name=\"twitter:data1\" content=\"6 minutes\" \/>\n<script type=\"application\/ld+json\" class=\"yoast-schema-graph\">{\"@context\":\"https:\/\/schema.org\",\"@graph\":[{\"@type\":\"WebPage\",\"@id\":\"https:\/\/ladante.fr\/paris\/cours-d-italien-paris\/\",\"url\":\"https:\/\/ladante.fr\/paris\/cours-d-italien-paris\/\",\"name\":\"COURS D'ITALIEN A PARIS - La Dante - Comit\u00e9 de Paris\",\"isPartOf\":{\"@id\":\"https:\/\/ladante.fr\/paris\/#website\"},\"datePublished\":\"2017-12-03T13:23:35+00:00\",\"dateModified\":\"2026-02-12T17:14:23+00:00\",\"breadcrumb\":{\"@id\":\"https:\/\/ladante.fr\/paris\/cours-d-italien-paris\/#breadcrumb\"},\"inLanguage\":\"fr-FR\",\"potentialAction\":[{\"@type\":\"ReadAction\",\"target\":[\"https:\/\/ladante.fr\/paris\/cours-d-italien-paris\/\"]}]},{\"@type\":\"BreadcrumbList\",\"@id\":\"https:\/\/ladante.fr\/paris\/cours-d-italien-paris\/#breadcrumb\",\"itemListElement\":[{\"@type\":\"ListItem\",\"position\":1,\"name\":\"Accueil\",\"item\":\"https:\/\/ladante.fr\/paris\/\"},{\"@type\":\"ListItem\",\"position\":2,\"name\":\"COURS D&rsquo;ITALIEN A PARIS\"}]},{\"@type\":\"WebSite\",\"@id\":\"https:\/\/ladante.fr\/paris\/#website\",\"url\":\"https:\/\/ladante.fr\/paris\/\",\"name\":\"La Dante - Comit\u00e9 de Paris\",\"description\":\"\",\"potentialAction\":[{\"@type\":\"SearchAction\",\"target\":{\"@type\":\"EntryPoint\",\"urlTemplate\":\"https:\/\/ladante.fr\/paris\/?s={search_term_string}\"},\"query-input\":\"required name=search_term_string\"}],\"inLanguage\":\"fr-FR\"}]}<\/script>\n<!-- \/ Yoast SEO plugin. -->","yoast_head_json":{"title":"COURS D'ITALIEN A PARIS - La Dante - Comit\u00e9 de Paris","robots":{"index":"index","follow":"follow","max-snippet":"max-snippet:-1","max-image-preview":"max-image-preview:large","max-video-preview":"max-video-preview:-1"},"canonical":"https:\/\/ladante.fr\/paris\/cours-d-italien-paris\/","og_locale":"fr_FR","og_type":"article","og_title":"COURS D'ITALIEN A PARIS - La Dante - Comit\u00e9 de Paris","og_description":"[vc_row][vc_column][vc_column_text] cours dE LANGUE ET CULTURE ITALIENNEs A paris [\/vc_column_text][vc_column_text] Vous souhaitez\u00a0apprendre l\u2019italien, perfectionner votre niveau, d\u00e9couvrir la culture italienne ? Notre m\u00e9thode :\u00a0l\u2019italien par la pratique. Cours d&rsquo;italien collectifs ou individuels, cours de langue et cours th\u00e9matiques, en journ\u00e9e ou en soir\u00e9e. La Dante, la r\u00e9f\u00e9rence pour l\u2019italien \u00a0 \u2757\ufe0f\u00a0 Les cours collectifs du [&hellip;]","og_url":"https:\/\/ladante.fr\/paris\/cours-d-italien-paris\/","og_site_name":"La Dante - Comit\u00e9 de Paris","article_modified_time":"2026-02-12T17:14:23+00:00","og_image":[{"url":"http:\/\/ladante.fr\/wp-content\/uploads\/2018\/02\/se-ami-italia_139x200.jpg"}],"twitter_card":"summary_large_image","twitter_misc":{"Dur\u00e9e de lecture estim\u00e9e":"6 minutes"},"schema":{"@context":"https:\/\/schema.org","@graph":[{"@type":"WebPage","@id":"https:\/\/ladante.fr\/paris\/cours-d-italien-paris\/","url":"https:\/\/ladante.fr\/paris\/cours-d-italien-paris\/","name":"COURS D'ITALIEN A PARIS - La Dante - Comit\u00e9 de Paris","isPartOf":{"@id":"https:\/\/ladante.fr\/paris\/#website"},"datePublished":"2017-12-03T13:23:35+00:00","dateModified":"2026-02-12T17:14:23+00:00","breadcrumb":{"@id":"https:\/\/ladante.fr\/paris\/cours-d-italien-paris\/#breadcrumb"},"inLanguage":"fr-FR","potentialAction":[{"@type":"ReadAction","target":["https:\/\/ladante.fr\/paris\/cours-d-italien-paris\/"]}]},{"@type":"BreadcrumbList","@id":"https:\/\/ladante.fr\/paris\/cours-d-italien-paris\/#breadcrumb","itemListElement":[{"@type":"ListItem","position":1,"name":"Accueil","item":"https:\/\/ladante.fr\/paris\/"},{"@type":"ListItem","position":2,"name":"COURS D&rsquo;ITALIEN A PARIS"}]},{"@type":"WebSite","@id":"https:\/\/ladante.fr\/paris\/#website","url":"https:\/\/ladante.fr\/paris\/","name":"La Dante - Comit\u00e9 de Paris","description":"","potentialAction":[{"@type":"SearchAction","target":{"@type":"EntryPoint","urlTemplate":"https:\/\/ladante.fr\/paris\/?s={search_term_string}"},"query-input":"required name=search_term_string"}],"inLanguage":"fr-FR"}]}},"_links":{"self":[{"href":"https:\/\/ladante.fr\/paris\/wp-json\/wp\/v2\/pages\/15"}],"collection":[{"href":"https:\/\/ladante.fr\/paris\/wp-json\/wp\/v2\/pages"}],"about":[{"href":"https:\/\/ladante.fr\/paris\/wp-json\/wp\/v2\/types\/page"}],"author":[{"embeddable":true,"href":"https:\/\/ladante.fr\/paris\/wp-json\/wp\/v2\/users\/4"}],"replies":[{"embeddable":true,"href":"https:\/\/ladante.fr\/paris\/wp-json\/wp\/v2\/comments?post=15"}],"version-history":[{"count":101,"href":"https:\/\/ladante.fr\/paris\/wp-json\/wp\/v2\/pages\/15\/revisions"}],"predecessor-version":[{"id":6738,"href":"https:\/\/ladante.fr\/paris\/wp-json\/wp\/v2\/pages\/15\/revisions\/6738"}],"wp:attachment":[{"href":"https:\/\/ladante.fr\/paris\/wp-json\/wp\/v2\/media?parent=15"}],"curies":[{"name":"wp","href":"https:\/\/api.w.org\/{rel}","templated":true}]}}