{"id":16,"date":"2017-12-03T14:23:35","date_gmt":"2017-12-03T13:23:35","guid":{"rendered":"http:\/\/la-dante.fr\/?page_id=16"},"modified":"2025-12-04T18:55:18","modified_gmt":"2025-12-04T17:55:18","slug":"certifications","status":"publish","type":"page","link":"https:\/\/ladante.fr\/paris\/certifications\/","title":{"rendered":"CERTIFICATIONS"},"content":{"rendered":"<p>[vc_row][vc_column][vc_column_text]<\/p>\n<p style=\"margin-bottom: -1%; font-family: Helvetica, Arial, 'Open sans'; font-size: 2em; font-weight: 400; color: #bc432b; text-transform: uppercase; border-bottom: 2px solid #bc432b; text-align: left;\">certifications plida<\/p>\n<p>[\/vc_column_text][vc_column_text]<img loading=\"lazy\" class=\"wp-image-4678 aligncenter\" src=\"https:\/\/ladante.fr\/wp-content\/uploads\/2022\/01\/PLIDA-Foto-scaled.jpg\" alt=\"\" width=\"551\" height=\"414\" srcset=\"https:\/\/ladante.fr\/wp-content\/uploads\/2022\/01\/PLIDA-Foto-scaled.jpg 2560w, https:\/\/ladante.fr\/wp-content\/uploads\/2022\/01\/PLIDA-Foto-300x225.jpg 300w, https:\/\/ladante.fr\/wp-content\/uploads\/2022\/01\/PLIDA-Foto-1024x768.jpg 1024w, https:\/\/ladante.fr\/wp-content\/uploads\/2022\/01\/PLIDA-Foto-768x576.jpg 768w, https:\/\/ladante.fr\/wp-content\/uploads\/2022\/01\/PLIDA-Foto-1536x1152.jpg 1536w, https:\/\/ladante.fr\/wp-content\/uploads\/2022\/01\/PLIDA-Foto-2048x1536.jpg 2048w, https:\/\/ladante.fr\/wp-content\/uploads\/2022\/01\/PLIDA-Foto-624x468.jpg 624w, https:\/\/ladante.fr\/wp-content\/uploads\/2022\/01\/PLIDA-Foto-200x150.jpg 200w\" sizes=\"(max-width: 551px) 100vw, 551px\" \/><\/p>\n<table cellspacing=\"3\" cellpadding=\"2\">\n<tbody>\n<tr>\n<td><strong>Officielle<\/strong><\/td>\n<td style=\"text-align: justify;\">Les certifications PLIDA et PLIDA Juniores &#8211; Progetto Lingua Italiana Dante Alighieri &#8211; sont reconnues par le Minist\u00e8re des Affaires Etrang\u00e8res (convention du 4\/11\/1993) et b\u00e9n\u00e9ficient du label CLIQ\u00a0: Certificazione Lingua Italiana di Qualit\u00e0. Elles sont d\u00e9livr\u00e9es par la Societ\u00e0 Dante Alighieri et l\u2019universit\u00e9 La Sapienza de Rome.<\/td>\n<\/tr>\n<tr>\n<td><strong>Europ\u00e9enne<\/strong><\/td>\n<td style=\"text-align: justify;\">Elles s\u2019adressent aux jeunes et aux adultes qui n\u2019ont pas l\u2019italien pour langue maternelle et \u00e9valuent leurs comp\u00e9tences en italien selon les crit\u00e8res du Cadre Europ\u00e9en Commun de R\u00e9f\u00e9rence, du niveau A1 au niveau C2, en expression et en compr\u00e9hension orale et \u00e9crite.<\/td>\n<\/tr>\n<tr>\n<td style=\"text-align: justify;\"><strong>Indispensable<\/strong><\/td>\n<td style=\"text-align: justify;\">Elles dispensent les \u00e9tudiants du test de langue des universit\u00e9s italiennes et repr\u00e9sentent un \u00ab\u00a0atout\u00a0\u00bb dans un CV au m\u00eame titre que les certifications du Cambridge ESOL, de l\u2019Institut Cervantes et du Goethe. Pour tous les candidats, le PLIDA et le PLIDA Juniores sont une reconnaissance du niveau atteint.<\/td>\n<\/tr>\n<tr>\n<td><strong>Accessible<\/strong><\/td>\n<td style=\"text-align: justify;\">Chaque ann\u00e9e, lors des deux sessions annuelles organis\u00e9es dans les 210 centres d\u2019examen, des milliers de candidats passent l\u2019une des certifications PLIDA. Vous parlez l\u2019italien\u00a0? Certifiez-le\u00a0!<\/td>\n<\/tr>\n<\/tbody>\n<\/table>\n<h4>Pour plus d&rsquo;informations, visiter le\u00a0<a style=\"font-weight: 900; color: #8a0808;\" title=\"PLIDA\" href=\"http:\/\/plida.it\/\" target=\"_blank\" rel=\"noopener noreferrer\">site web dedi\u00e9 aux certifications PLIDA<\/a>.<\/h4>\n<h4>SESSIONS D&rsquo;EXAMEN ET TARIFS<\/h4>\n<p><a class=\"wf_file jcepopup noicon\" style=\"color: #bc432b;\" title=\"Calendrier certifications PLIDA\" href=\"http:\/\/ladante.fr\/wp-content\/uploads\/2019\/03\/Calendario_esami_PLIDA_2019.pdf\" target=\"_blank\" rel=\"noopener noreferrer\"><img class=\"wf_file_icon\" src=\"http:\/\/ladante.fr\/wp-content\/uploads\/2018\/02\/pdf-1-e1517829938664.png\" alt=\"pdf\" \/><\/a>\u00a0\u00a0<span style=\"color: #bc432b;\"><a style=\"color: #bc432b;\" href=\"https:\/\/ladante.fr\/wp-content\/uploads\/2025\/12\/PLIDA-2026.png\" target=\"_blank\" rel=\"noopener noreferrer\"><span class=\"wf_file_text\">Calendrier monde certifications PLIDA 2026<\/span><\/a><\/span><\/p>\n<p>Dante Alighieri Comit\u00e9 de Paris, dates certifications <strong>PLIDA 2026 <\/strong>:<\/p>\n<p>11 f\u00e9vrier : A2, B1<br \/>\n18 mars : B2, C1<br \/>\n15 avril : A1<br \/>\n20 mai : A2, C2<br \/>\n10 juin : <strong>B1<\/strong>, B2, C1<br \/>\n20 juin : A1, A2, <strong>B1,<\/strong>\u00a0B2 <span style=\"color: #000000;\">PLIDA JUNIORES<\/span><br \/>\n9 septembre : A2, <strong>B1<\/strong><br \/>\n30 septembre : A1<br \/>\n17 octobre : A1, A2, <strong>B1,<\/strong>\u00a0B2 <span style=\"color: #000000;\">PLIDA JUNIORES<\/span><br \/>\n18 novembre : A2, <strong>B1<\/strong><br \/>\n19 novembre : B2, C1, C2<\/p>\n<p>Cl\u00f4ture des inscriptions pour Paris environ un mois avant la date de l&rsquo;examen.<\/p>\n<p><span style=\"color: #800000;\"><strong><span class=\"x1xsqp64 xiy17q3 x1o6pynw x19co3pv xdj266r xjn30re xat24cr x1hb08if x2b8uid\" data-testid=\"emoji\"><span class=\"xexx8yu xcaqkgz x18d9i69 xbwkkl7 x3jgonx x1bhl96m\">\u26a0\ufe0f <\/span><\/span>Attention<\/strong>, pour vous inscrire <strong>suivre les indications danteglobal d&rsquo;abord<\/strong>, avec la <strong>cr\u00e9ation officielle de votre profil<\/strong>, et <strong>puis contacter notre Comit\u00e9 de Paris<\/strong>.<\/span><\/p>\n<p><a href=\"https:\/\/plida.dante.global\/it\" target=\"_blank\" rel=\"noopener\"><span style=\"color: #0000ff;\">https:\/\/plida.dante.global\/it<\/span><\/a><\/p>\n<p><a class=\"wf_file jcepopup noicon\" style=\"color: #bc432b;\" title=\"Calendrier certifications PLIDA\" href=\"http:\/\/ladante.fr\/wp-content\/uploads\/2019\/03\/Calendario_esami_PLIDA_2019.pdf\" target=\"_blank\" rel=\"noopener noreferrer\"><img class=\"wf_file_icon\" src=\"http:\/\/ladante.fr\/wp-content\/uploads\/2018\/02\/pdf-1-e1517829938664.png\" alt=\"pdf\" \/><\/a>\u00a0 <span style=\"color: #bc432b;\">Tarifs certifications PLIDA<\/span> <strong>Attention<\/strong>, pour les <strong>tarifs<\/strong> de la <strong>Dante Alighieri<\/strong>\u00a0<strong>Comit\u00e9 de Paris,<\/strong> voir les fiches ci-dessous :<\/p>\n<p><a class=\"wf_file jcepopup noicon\" style=\"color: #bc432b;\" title=\"Calendrier certifications PLIDA\" href=\"http:\/\/ladante.fr\/wp-content\/uploads\/2019\/03\/Calendario_esami_PLIDA_2019.pdf\" target=\"_blank\" rel=\"noopener noreferrer\"><img class=\"wf_file_icon\" src=\"http:\/\/ladante.fr\/wp-content\/uploads\/2018\/02\/pdf-1-e1517829938664.png\" alt=\"pdf\" \/><\/a>\u00a0 <a href=\"https:\/\/ladante.fr\/wp-content\/uploads\/2025\/12\/Fiche-Inscription-Adultes-PLIDA-2026.pdf\" target=\"_blank\" rel=\"noopener\"><span style=\"color: #bc432b;\">Fiche Inscription PLIDA 2026<\/span><\/a><\/p>\n<p><a class=\"wf_file jcepopup noicon\" style=\"color: #bc432b;\" title=\"Calendrier certifications PLIDA\" href=\"http:\/\/ladante.fr\/wp-content\/uploads\/2019\/03\/Calendario_esami_PLIDA_2019.pdf\" target=\"_blank\" rel=\"noopener noreferrer\"><img class=\"wf_file_icon\" src=\"http:\/\/ladante.fr\/wp-content\/uploads\/2018\/02\/pdf-1-e1517829938664.png\" alt=\"pdf\" \/><\/a>\u00a0 <a href=\"https:\/\/ladante.fr\/wp-content\/uploads\/2025\/12\/Fiche-Inscription-Adultes-PLIDA-Juniores-2026.pdf\" target=\"_blank\" rel=\"noopener\"><span style=\"color: #bc432b;\">Fiche Inscription PLIDA Juniores 2026<\/span><\/a><\/p>\n<p style=\"margin-bottom: -1%; font-family: Helvetica, Arial, 'Open sans'; font-size: 2em; font-weight: 400; color: #bc432b; text-transform: uppercase; border-bottom: 2px solid #bc432b; text-align: left;\">certifications Dipl\u00f4me DCL<\/p>\n<p>Le Dipl\u00f4me de Comp\u00e9tence en Langue Italienne<\/p>\n<p><strong>Passez le DCL italien avec la Dante Paris !<\/strong><\/p>\n<p>\u00ab\u00a0Le dipl\u00f4me de comp\u00e9tence en langue (DCL) est un dipl\u00f4me national professionnel cr\u00e9\u00e9 sp\u00e9cialement pour les adultes. Il r\u00e9pond aux besoins du monde \u00e9conomique. Son originalit\u00e9 : \u00e9valuer les comp\u00e9tences langagi\u00e8res dans une situation proche de la r\u00e9alit\u00e9 de travail. En fonction de leur performance, les candidats obtiennent le dipl\u00f4me avec la mention d&rsquo;un des niveaux du Cadre europ\u00e9en commun de r\u00e9f\u00e9rence pour les langues (CECRL)\u00a0\u00bb.[\/vc_column_text][vc_column_text]<img loading=\"lazy\" class=\"wp-image-4678 aligncenter\" src=\"https:\/\/ladante.fr\/wp-content\/uploads\/2022\/02\/DCL.jpg\" alt=\"\" width=\"551\" height=\"414\" \/><\/p>\n<table cellspacing=\"3\" cellpadding=\"2\">\n<tbody>\n<tr>\n<td><strong>Qui est concern\u00e9 par le DCL ?<\/strong><\/td>\n<td style=\"text-align: justify;\">\u00ab\u00a0Le DCL a \u00e9t\u00e9 cr\u00e9\u00e9 sp\u00e9cialement pour les adultes et correspond aux besoins du monde professionnel\u00a0\u00bb. Il est destin\u00e9 aux salari\u00e9s, demandeurs d\u2019emploi, stagiaires de la formation professionnelle, \u00e9tudiants et particuliers. \u00ab\u00a0Le DCL est \u00e9ligible au Plan de d\u00e9veloppement des comp\u00e9tences, Compte Personnel de Formation (CPF), CPF de transition professionnelle, Contrat de S\u00e9curisation Professionnelle (CSP) et PRO-A\u00a0\u00bb.<\/td>\n<\/tr>\n<tr>\n<td><strong>\u00a0Atouts du DCL<\/strong><\/td>\n<td style=\"text-align: justify;\">Le DCL est un dipl\u00f4me national professionnel inscrit au Registre Sp\u00e9cifique de France Comp\u00e9tences, il est \u00e9galement align\u00e9 sur les niveaux du <span style=\"color: #0000ff;\"><a style=\"color: #0000ff;\" href=\"https:\/\/eduscol.education.fr\/1971\/cadre-europeen-commun-de-reference-pour-les-langues-cecrl\" target=\"_blank\" rel=\"noopener\">CECRL<\/a><\/span> et sa validit\u00e9e est illimit\u00e9e. Le Dipl\u00f4me est reconnu dans le 27 Pays de l&rsquo;Union Europ\u00e9enne. Le taux de r\u00e9ussite est sup\u00e9rieur \u00e0 90%; le sujet unique de l&rsquo;\u00e9preuve est con\u00e7u pour \u00eatre trait\u00e9 \u00e0 diff\u00e9rents niveaux par tous les candidats.<\/td>\n<\/tr>\n<tr>\n<td style=\"text-align: justify;\"><strong>Comp\u00e9tences attest\u00e9es<\/strong><\/td>\n<td style=\"text-align: justify;\">\u00ab\u00a0Toutes les comp\u00e9tences langagi\u00e8res n\u00e9cessaires pour mener \u00e0 bien des activit\u00e9s en langue \u00e9trang\u00e8re en situation professionnelle sont \u00e9valu\u00e9es, elles recouvrent 5 domaines de comp\u00e9tences : la compr\u00e9hension de l\u2019\u00e9crit, la compr\u00e9hension de l\u2019oral, l\u2019expression orale, l\u2019expression \u00e9crite et l\u2019interaction \u00e0 l\u2019oral\u00a0\u00bb.<\/td>\n<\/tr>\n<tr>\n<td><strong>Particularit\u00e9 du DCL<\/strong><\/td>\n<td style=\"text-align: justify;\">\u00ab\u00a0Le candidat n\u2019a pas \u00e0 indiquer pr\u00e9alablement le niveau sur lequel il souhaite \u00eatre \u00e9valu\u00e9, c\u2019est le niveau de performance qui d\u00e9termine l\u2019attribution d\u2019un niveau de langue en lien avec le CECRL, le DCL s\u2019inscrit ainsi dans la logique d\u2019une \u00e9valuation positive\u00a0\u00bb.<\/td>\n<\/tr>\n<\/tbody>\n<\/table>\n<h4>Pour plus d&rsquo;informations, visiter le\u00a0<a style=\"font-weight: 900; color: #8a0808;\" title=\"DCL\" href=\"https:\/\/www.education.gouv.fr\/le-diplome-de-competence-en-langue-dcl-2978#edugouv-summary-item-5\" target=\"_blank\" rel=\"noopener noreferrer\">site web d\u00e9di\u00e9 \u00e0 la certification DCL<\/a>.<\/h4>\n<p><b>Passez le DCL italien avec la Dante Paris !<\/b><!--\/data\/user\/0\/com.samsung.android.app.notes\/files\/clipdata\/clipdata_bodytext_241029_163644_267.sdocx--><\/p>\n<p><b>Dipl\u00f4me de Comp\u00e9tence en Langue \u00e9trang\u00e8re professionnelle (DCLEP) &#8211; Italien<\/b><\/p>\n<p>Code RS 5462 \/ Formacode 15247 : Italien<!--\/data\/user\/0\/com.samsung.android.app.notes\/files\/clipdata\/clipdata_bodytext_241029_172430_879.sdocx--><br \/>\nCertificateur : Minist\u00e8re de l\u2019Education Nationale et de la Jeunesse<br \/>\nDate d\u2019enregistrement : 7 mai 2010<!--\/data\/user\/0\/com.samsung.android.app.notes\/files\/clipdata\/clipdata_bodytext_241029_163530_653.sdocx--><\/p>\n<h4>Vous pouvez \u00e9galement consulter les sites :<\/h4>\n<p><span style=\"color: #0000ff;\"><a style=\"color: #0000ff;\" href=\"https:\/\/www.francecompetences.fr\/recherche\/rs\/5462\/#ancre1\" target=\"_blank\" rel=\"noopener\">https:\/\/www.francecompetences.fr\/recherche\/rs\/5462\/#ancre1<\/a><\/span><\/p>\n<p><span style=\"color: #0000ff;\"><a style=\"color: #0000ff;\" href=\"https:\/\/amubox.univ-amu.fr\/s\/rPg56roYyHKeKdW?dir=undefined&amp;openfile=672548197\" target=\"_blank\" rel=\"noopener\">https:\/\/amubox.univ-amu.fr\/s\/rPg56roYyHKeKdW?dir=undefined&amp;openfile=672548197<\/a><\/span><\/p>\n<h4>SESSIONS D&rsquo;EXAMEN<\/h4>\n<p><span style=\"color: #bc432b;\"><a style=\"color: #bc432b;\" href=\"https:\/\/www.education.gouv.fr\/bo\/2023\/Hebdo48\/MENE2327960N\" target=\"_blank\" rel=\"noopener noreferrer\"><span class=\"wf_file_text\">Lien pour le calendrier DCL 2024-2025<\/span><\/a><\/span><\/p>\n<p>Centre de pr\u00e9paration su DCL<\/p>\n<p><img loading=\"lazy\" class=\"wp-image-4884 alignnone\" src=\"https:\/\/ladante.fr\/wp-content\/uploads\/2022\/03\/tampon-accreditation-dcl.jpg\" alt=\"\" width=\"216\" height=\"222\" srcset=\"https:\/\/ladante.fr\/wp-content\/uploads\/2022\/03\/tampon-accreditation-dcl.jpg 2169w, https:\/\/ladante.fr\/wp-content\/uploads\/2022\/03\/tampon-accreditation-dcl-293x300.jpg 293w, https:\/\/ladante.fr\/wp-content\/uploads\/2022\/03\/tampon-accreditation-dcl-999x1024.jpg 999w, https:\/\/ladante.fr\/wp-content\/uploads\/2022\/03\/tampon-accreditation-dcl-768x787.jpg 768w, https:\/\/ladante.fr\/wp-content\/uploads\/2022\/03\/tampon-accreditation-dcl-1499x1536.jpg 1499w, https:\/\/ladante.fr\/wp-content\/uploads\/2022\/03\/tampon-accreditation-dcl-1998x2048.jpg 1998w, https:\/\/ladante.fr\/wp-content\/uploads\/2022\/03\/tampon-accreditation-dcl-624x640.jpg 624w\" sizes=\"(max-width: 216px) 100vw, 216px\" \/>[\/vc_column_text][\/vc_column][\/vc_row][vc_row][vc_column][vc_empty_space height=\u00a0\u00bb1328px\u00a0\u00bb][\/vc_column][\/vc_row]<\/p>\n","protected":false},"excerpt":{"rendered":"<p>[vc_row][vc_column][vc_column_text] certifications plida [\/vc_column_text][vc_column_text] Officielle Les certifications PLIDA et PLIDA Juniores &#8211; Progetto Lingua Italiana Dante Alighieri &#8211; sont reconnues par le Minist\u00e8re des Affaires Etrang\u00e8res (convention du 4\/11\/1993) et b\u00e9n\u00e9ficient du label CLIQ\u00a0: Certificazione Lingua Italiana di Qualit\u00e0. Elles sont d\u00e9livr\u00e9es par la Societ\u00e0 Dante Alighieri et l\u2019universit\u00e9 La Sapienza de Rome. Europ\u00e9enne Elles [&hellip;]<\/p>\n","protected":false},"author":4,"featured_media":0,"parent":0,"menu_order":0,"comment_status":"closed","ping_status":"closed","template":"","meta":{"disable_featured_image":false,"_themeisle_gutenberg_block_has_review":false},"yoast_head":"<!-- This site is optimized with the Yoast SEO plugin v20.1 - https:\/\/yoast.com\/wordpress\/plugins\/seo\/ -->\n<title>CERTIFICATIONS - La Dante - Comit\u00e9 de Paris<\/title>\n<meta name=\"robots\" content=\"index, follow, max-snippet:-1, max-image-preview:large, max-video-preview:-1\" \/>\n<link rel=\"canonical\" href=\"https:\/\/ladante.fr\/paris\/certifications\/\" \/>\n<meta property=\"og:locale\" content=\"fr_FR\" \/>\n<meta property=\"og:type\" content=\"article\" \/>\n<meta property=\"og:title\" content=\"CERTIFICATIONS - La Dante - Comit\u00e9 de Paris\" \/>\n<meta property=\"og:description\" content=\"[vc_row][vc_column][vc_column_text] certifications plida [\/vc_column_text][vc_column_text] Officielle Les certifications PLIDA et PLIDA Juniores &#8211; Progetto Lingua Italiana Dante Alighieri &#8211; sont reconnues par le Minist\u00e8re des Affaires Etrang\u00e8res (convention du 4\/11\/1993) et b\u00e9n\u00e9ficient du label CLIQ\u00a0: Certificazione Lingua Italiana di Qualit\u00e0. Elles sont d\u00e9livr\u00e9es par la Societ\u00e0 Dante Alighieri et l\u2019universit\u00e9 La Sapienza de Rome. Europ\u00e9enne Elles [&hellip;]\" \/>\n<meta property=\"og:url\" content=\"https:\/\/ladante.fr\/paris\/certifications\/\" \/>\n<meta property=\"og:site_name\" content=\"La Dante - Comit\u00e9 de Paris\" \/>\n<meta property=\"article:modified_time\" content=\"2025-12-04T17:55:18+00:00\" \/>\n<meta property=\"og:image\" content=\"https:\/\/ladante.fr\/wp-content\/uploads\/2022\/01\/PLIDA-Foto-scaled.jpg\" \/>\n<meta name=\"twitter:card\" content=\"summary_large_image\" \/>\n<meta name=\"twitter:label1\" content=\"Dur\u00e9e de lecture estim\u00e9e\" \/>\n\t<meta name=\"twitter:data1\" content=\"5 minutes\" \/>\n<script type=\"application\/ld+json\" class=\"yoast-schema-graph\">{\"@context\":\"https:\/\/schema.org\",\"@graph\":[{\"@type\":\"WebPage\",\"@id\":\"https:\/\/ladante.fr\/paris\/certifications\/\",\"url\":\"https:\/\/ladante.fr\/paris\/certifications\/\",\"name\":\"CERTIFICATIONS - La Dante - Comit\u00e9 de Paris\",\"isPartOf\":{\"@id\":\"https:\/\/ladante.fr\/paris\/#website\"},\"datePublished\":\"2017-12-03T13:23:35+00:00\",\"dateModified\":\"2025-12-04T17:55:18+00:00\",\"breadcrumb\":{\"@id\":\"https:\/\/ladante.fr\/paris\/certifications\/#breadcrumb\"},\"inLanguage\":\"fr-FR\",\"potentialAction\":[{\"@type\":\"ReadAction\",\"target\":[\"https:\/\/ladante.fr\/paris\/certifications\/\"]}]},{\"@type\":\"BreadcrumbList\",\"@id\":\"https:\/\/ladante.fr\/paris\/certifications\/#breadcrumb\",\"itemListElement\":[{\"@type\":\"ListItem\",\"position\":1,\"name\":\"Accueil\",\"item\":\"https:\/\/ladante.fr\/paris\/\"},{\"@type\":\"ListItem\",\"position\":2,\"name\":\"CERTIFICATIONS\"}]},{\"@type\":\"WebSite\",\"@id\":\"https:\/\/ladante.fr\/paris\/#website\",\"url\":\"https:\/\/ladante.fr\/paris\/\",\"name\":\"La Dante - Comit\u00e9 de Paris\",\"description\":\"\",\"potentialAction\":[{\"@type\":\"SearchAction\",\"target\":{\"@type\":\"EntryPoint\",\"urlTemplate\":\"https:\/\/ladante.fr\/paris\/?s={search_term_string}\"},\"query-input\":\"required name=search_term_string\"}],\"inLanguage\":\"fr-FR\"}]}<\/script>\n<!-- \/ Yoast SEO plugin. -->","yoast_head_json":{"title":"CERTIFICATIONS - La Dante - Comit\u00e9 de Paris","robots":{"index":"index","follow":"follow","max-snippet":"max-snippet:-1","max-image-preview":"max-image-preview:large","max-video-preview":"max-video-preview:-1"},"canonical":"https:\/\/ladante.fr\/paris\/certifications\/","og_locale":"fr_FR","og_type":"article","og_title":"CERTIFICATIONS - La Dante - Comit\u00e9 de Paris","og_description":"[vc_row][vc_column][vc_column_text] certifications plida [\/vc_column_text][vc_column_text] Officielle Les certifications PLIDA et PLIDA Juniores &#8211; Progetto Lingua Italiana Dante Alighieri &#8211; sont reconnues par le Minist\u00e8re des Affaires Etrang\u00e8res (convention du 4\/11\/1993) et b\u00e9n\u00e9ficient du label CLIQ\u00a0: Certificazione Lingua Italiana di Qualit\u00e0. Elles sont d\u00e9livr\u00e9es par la Societ\u00e0 Dante Alighieri et l\u2019universit\u00e9 La Sapienza de Rome. Europ\u00e9enne Elles [&hellip;]","og_url":"https:\/\/ladante.fr\/paris\/certifications\/","og_site_name":"La Dante - Comit\u00e9 de Paris","article_modified_time":"2025-12-04T17:55:18+00:00","og_image":[{"url":"https:\/\/ladante.fr\/wp-content\/uploads\/2022\/01\/PLIDA-Foto-scaled.jpg"}],"twitter_card":"summary_large_image","twitter_misc":{"Dur\u00e9e de lecture estim\u00e9e":"5 minutes"},"schema":{"@context":"https:\/\/schema.org","@graph":[{"@type":"WebPage","@id":"https:\/\/ladante.fr\/paris\/certifications\/","url":"https:\/\/ladante.fr\/paris\/certifications\/","name":"CERTIFICATIONS - La Dante - Comit\u00e9 de Paris","isPartOf":{"@id":"https:\/\/ladante.fr\/paris\/#website"},"datePublished":"2017-12-03T13:23:35+00:00","dateModified":"2025-12-04T17:55:18+00:00","breadcrumb":{"@id":"https:\/\/ladante.fr\/paris\/certifications\/#breadcrumb"},"inLanguage":"fr-FR","potentialAction":[{"@type":"ReadAction","target":["https:\/\/ladante.fr\/paris\/certifications\/"]}]},{"@type":"BreadcrumbList","@id":"https:\/\/ladante.fr\/paris\/certifications\/#breadcrumb","itemListElement":[{"@type":"ListItem","position":1,"name":"Accueil","item":"https:\/\/ladante.fr\/paris\/"},{"@type":"ListItem","position":2,"name":"CERTIFICATIONS"}]},{"@type":"WebSite","@id":"https:\/\/ladante.fr\/paris\/#website","url":"https:\/\/ladante.fr\/paris\/","name":"La Dante - Comit\u00e9 de Paris","description":"","potentialAction":[{"@type":"SearchAction","target":{"@type":"EntryPoint","urlTemplate":"https:\/\/ladante.fr\/paris\/?s={search_term_string}"},"query-input":"required name=search_term_string"}],"inLanguage":"fr-FR"}]}},"_links":{"self":[{"href":"https:\/\/ladante.fr\/paris\/wp-json\/wp\/v2\/pages\/16"}],"collection":[{"href":"https:\/\/ladante.fr\/paris\/wp-json\/wp\/v2\/pages"}],"about":[{"href":"https:\/\/ladante.fr\/paris\/wp-json\/wp\/v2\/types\/page"}],"author":[{"embeddable":true,"href":"https:\/\/ladante.fr\/paris\/wp-json\/wp\/v2\/users\/4"}],"replies":[{"embeddable":true,"href":"https:\/\/ladante.fr\/paris\/wp-json\/wp\/v2\/comments?post=16"}],"version-history":[{"count":72,"href":"https:\/\/ladante.fr\/paris\/wp-json\/wp\/v2\/pages\/16\/revisions"}],"predecessor-version":[{"id":6673,"href":"https:\/\/ladante.fr\/paris\/wp-json\/wp\/v2\/pages\/16\/revisions\/6673"}],"wp:attachment":[{"href":"https:\/\/ladante.fr\/paris\/wp-json\/wp\/v2\/media?parent=16"}],"curies":[{"name":"wp","href":"https:\/\/api.w.org\/{rel}","templated":true}]}}