{"id":17,"date":"2017-12-03T14:23:35","date_gmt":"2017-12-03T13:23:35","guid":{"rendered":"http:\/\/la-dante.fr\/?page_id=17"},"modified":"2018-02-09T19:25:56","modified_gmt":"2018-02-09T18:25:56","slug":"evenements","status":"publish","type":"page","link":"https:\/\/ladante.fr\/paris\/evenements\/","title":{"rendered":"\u00c9V\u00c9NEMENTS"},"content":{"rendered":"<p>[vc_row][vc_column width=\u00a0\u00bb1\/2&Prime;][vc_column_text]<\/p>\n<p style=\"margin-bottom: -1%; font-family: Helvetica, Arial, 'Open sans'; font-size: 2em; font-weight: 400; color: #bc432b; text-transform: uppercase; border-bottom: 2px solid #bc432b; text-align: left;\">\u00e9v\u00e9nements<\/p>\n<p>[\/vc_column_text][vc_column_text]<\/p>\n<h4 style=\"text-align: center;\">IN VIAGGIO CON DANTE<\/h4>\n<h5 style=\"text-align: center;\"><img loading=\"lazy\" class=\"alignnone wp-image-209\" src=\"http:\/\/ladante.fr\/wp-content\/uploads\/2017\/12\/ev-In-viaggio-con-Dante-1-300x300.jpg\" alt=\"\" width=\"347\" height=\"335\" \/><\/h5>\n<h5 style=\"text-align: center;\">IN VIAGGIO CON DANTE<\/h5>\n<h5 style=\"text-align: center;\">mercoledi 6 dicembre<\/h5>\n<p style=\"text-align: justify;\">Presentazione del progetto cinematografico del regista Lamberto Lambertini per la Societ\u00e0 Dante Alighieri. Dopo l&rsquo;appuntamento\u00a0presso il Comitato di Roma in Piazza di Firenze,\u00a0il\u00a0lavoro di Lambertini sar\u00e0 presentato\u00a0a Parigi nella sede della Maison de l\u2019Italie.<\/p>\n<p style=\"text-align: center;\"><a style=\"color: #bc432b;\" title=\"In viaggio con Dante\" href=\"http:\/\/ladante.fr\/paris\/in-viaggio-con-dante\/\" target=\"\">Lire la suite<\/a><\/p>\n<p>[\/vc_column_text][\/vc_column][vc_column width=\u00a0\u00bb1\/2&Prime;][vc_column_text]<\/p>\n<p style=\"margin-bottom: -1%; font-family: Helvetica, Arial, 'Open sans'; font-size: 2em; font-weight: 400; color: #fff; text-transform: uppercase; border-bottom: 2px solid #bc432b; text-align: left;\">\u00e9v\u00e9nements<\/p>\n<p>[\/vc_column_text][vc_column_text]<\/p>\n<h4 style=\"text-align: center; text-transform: uppercase;\">19 domande su Benedetto Croce<\/h4>\n<h4 style=\"text-align: center;\">Idealismo e altre idee<\/h4>\n<div class=\"img-fulltext-none\"><img class=\"aligncenter\" src=\"http:\/\/ladante.fr\/wp-content\/uploads\/2017\/12\/benedetto-croce-19-domande-1.png\" alt=\"19 domande su Benedetto Croce\" \/><\/div>\n<div class=\"article\">\n<h5 style=\"text-align: center; text-transform: uppercase;\">Intervista a Rosalia Peluso,<\/h5>\n<h5 style=\"text-align: center; text-transform: uppercase;\">a cura di Valeria Noli<\/h5>\n<p>Si tratta del primo agile volumetto della nuova collana \u00ab 19 domande \u00bb, edita a scopo divulgativo dalla Societ\u00e0 Dante Alighieri, nel quadro della sua Enciclopedia infinita.<br \/>\nUn intervistatore della Dante pone a studiosi e letterati (giovani, ma non solo) 19 domande su temi di alta cultura, di norma non accessibili ai non specialisti.<\/p>\n<\/div>\n<p style=\"text-align: center;\"><a style=\"color: #bc432b;\" href=\"http:\/\/ladante.fr\/paris\/19-domande-su-benedetto-croce\/\">Lire la suite<\/a><\/p>\n<p>[\/vc_column_text][\/vc_column][\/vc_row][vc_row][vc_column width=\u00a0\u00bb1\/2&Prime;][vc_column_text]<\/p>\n<h4 style=\"text-align: center;\">CICLO DI CONFERENZE:<\/h4>\n<h4 style=\"text-align: center;\">LUIGI PIRANDELLO (1867-1936)<\/h4>\n<div class=\"img-fulltext-none\"><img loading=\"lazy\" class=\"size-medium wp-image-229 aligncenter\" src=\"http:\/\/ladante.fr\/wp-content\/uploads\/2017\/12\/LuigiPirandello2-1-1.jpg\" alt=\"\" width=\"300\" height=\"300\" srcset=\"https:\/\/ladante.fr\/wp-content\/uploads\/2017\/12\/LuigiPirandello2-1-1.jpg 500w, https:\/\/ladante.fr\/wp-content\/uploads\/2017\/12\/LuigiPirandello2-1-1-150x150.jpg 150w, https:\/\/ladante.fr\/wp-content\/uploads\/2017\/12\/LuigiPirandello2-1-1-300x300.jpg 300w, https:\/\/ladante.fr\/wp-content\/uploads\/2017\/12\/LuigiPirandello2-1-1-80x80.jpg 80w, https:\/\/ladante.fr\/wp-content\/uploads\/2017\/12\/LuigiPirandello2-1-1-350x350.jpg 350w\" sizes=\"(max-width: 300px) 100vw, 300px\" \/><\/div>\n<div style=\"text-align: justify;\">\n<h5 style=\"text-align: center; text-transform: uppercase;\"><strong>Dott.ssa Valentina FRULIO<\/strong><\/h5>\n<p>Un ciclo di otto incontri, uno al mese, ognuno indipendente dall\u2019altro ma tutti su un unico tema: Luigi Pirandello.<br \/>\nIn occasione dei 150 anni dalla nascita del celebre scrittore e drammaturgo siciliano L. Pirandello, premio Nobel per la Letteratura nel 1934, la Dante Alighieri, Comit\u00e9 de Paris, dedica un ciclo di incontri alla lettura e all\u2019analisi di alcune delle sue opere.<\/p>\n<\/div>\n<p style=\"text-align: center;\"><a style=\"color: #bc432b;\" title=\"In viaggio con Dante\" href=\"http:\/\/ladante.fr\/paris\/letteratura-italiana-luigi-pirandello\/\" target=\"\">Lire la suite<\/a><\/p>\n<p>[\/vc_column_text][\/vc_column][vc_column width=\u00a0\u00bb1\/2&Prime;][vc_column_text]<\/p>\n<h4 style=\"text-align: center;\">LES PRIX NOBEL ITALIENS (1906-2007)<\/h4>\n<h5 style=\"text-align: center; text-transform: uppercase;\">G\u00e9n\u00e9alogies scientifiques<br \/>\net exp\u00e9riences artistiques<\/h5>\n<div class=\"article\">\n<h5 style=\"text-align: center; text-transform: uppercase;\"><img loading=\"lazy\" class=\"alignnone size-medium wp-image-216\" src=\"http:\/\/ladante.fr\/wp-content\/uploads\/2017\/12\/prix-nobles-italiens-1.jpg\" alt=\"\" width=\"300\" height=\"283\" srcset=\"https:\/\/ladante.fr\/wp-content\/uploads\/2017\/12\/prix-nobles-italiens-1.jpg 500w, https:\/\/ladante.fr\/wp-content\/uploads\/2017\/12\/prix-nobles-italiens-1-300x283.jpg 300w\" sizes=\"(max-width: 300px) 100vw, 300px\" \/><\/h5>\n<h5 style=\"text-align: center; text-transform: uppercase;\">Traduit de l\u2019italien par Lucie Marignac<\/h5>\n<p style=\"text-align: justify;\">Les liens entre Alfred Nobel et l\u2019Italie remontent \u00e0 la cr\u00e9ation, en 1901, du prix le plus prestigieux du monde dans le domaine de la connaissance.<br \/>\nC\u2019est \u00e0 Sanremo que l\u2019industriel su\u00e9dois passa les derni\u00e8res ann\u00e9es de sa vie et \u00e9tablit le testament visant \u00e0 r\u00e9compenser ceux qui auraient \u00ab contribu\u00e9 le plus au bien de l\u2019humanit\u00e9 \u00bb.<\/p>\n<\/div>\n<p style=\"text-align: center;\"><a style=\"color: #bc432b;\" href=\"http:\/\/ladante.fr\/paris\/presentation-du-livre-les-prix-nobel-italiens\/\">Lire la suite<\/a><\/p>\n<p>[\/vc_column_text][\/vc_column][\/vc_row][vc_row][vc_column][vc_empty_space height=\u00a0\u00bb486px\u00a0\u00bb][\/vc_column][\/vc_row]<\/p>\n","protected":false},"excerpt":{"rendered":"<p>[vc_row][vc_column width=\u00a0\u00bb1\/2&Prime;][vc_column_text] \u00e9v\u00e9nements [\/vc_column_text][vc_column_text] IN VIAGGIO CON DANTE IN VIAGGIO CON DANTE mercoledi 6 dicembre Presentazione del progetto cinematografico del regista Lamberto Lambertini per la Societ\u00e0 Dante Alighieri. Dopo l&rsquo;appuntamento\u00a0presso il Comitato di Roma in Piazza di Firenze,\u00a0il\u00a0lavoro di Lambertini sar\u00e0 presentato\u00a0a Parigi nella sede della Maison de l\u2019Italie. Lire la suite [\/vc_column_text][\/vc_column][vc_column width=\u00a0\u00bb1\/2&Prime;][vc_column_text] \u00e9v\u00e9nements [&hellip;]<\/p>\n","protected":false},"author":4,"featured_media":0,"parent":0,"menu_order":0,"comment_status":"closed","ping_status":"closed","template":"","meta":{"disable_featured_image":false,"_themeisle_gutenberg_block_has_review":false},"yoast_head":"<!-- This site is optimized with the Yoast SEO plugin v20.1 - https:\/\/yoast.com\/wordpress\/plugins\/seo\/ -->\n<title>\u00c9V\u00c9NEMENTS - La Dante - Comit\u00e9 de Paris<\/title>\n<meta name=\"robots\" content=\"index, follow, max-snippet:-1, max-image-preview:large, max-video-preview:-1\" \/>\n<link rel=\"canonical\" href=\"https:\/\/ladante.fr\/paris\/evenements\/\" \/>\n<meta property=\"og:locale\" content=\"fr_FR\" \/>\n<meta property=\"og:type\" content=\"article\" \/>\n<meta property=\"og:title\" content=\"\u00c9V\u00c9NEMENTS - La Dante - Comit\u00e9 de Paris\" \/>\n<meta property=\"og:description\" content=\"[vc_row][vc_column width=\u00a0\u00bb1\/2&Prime;][vc_column_text] \u00e9v\u00e9nements [\/vc_column_text][vc_column_text] IN VIAGGIO CON DANTE IN VIAGGIO CON DANTE mercoledi 6 dicembre Presentazione del progetto cinematografico del regista Lamberto Lambertini per la Societ\u00e0 Dante Alighieri. Dopo l&rsquo;appuntamento\u00a0presso il Comitato di Roma in Piazza di Firenze,\u00a0il\u00a0lavoro di Lambertini sar\u00e0 presentato\u00a0a Parigi nella sede della Maison de l\u2019Italie. Lire la suite [\/vc_column_text][\/vc_column][vc_column width=\u00a0\u00bb1\/2&Prime;][vc_column_text] \u00e9v\u00e9nements [&hellip;]\" \/>\n<meta property=\"og:url\" content=\"https:\/\/ladante.fr\/paris\/evenements\/\" \/>\n<meta property=\"og:site_name\" content=\"La Dante - Comit\u00e9 de Paris\" \/>\n<meta property=\"article:modified_time\" content=\"2018-02-09T18:25:56+00:00\" \/>\n<meta property=\"og:image\" content=\"http:\/\/ladante.fr\/wp-content\/uploads\/2017\/12\/ev-In-viaggio-con-Dante-1-300x300.jpg\" \/>\n<meta name=\"twitter:card\" content=\"summary_large_image\" \/>\n<meta name=\"twitter:label1\" content=\"Dur\u00e9e de lecture estim\u00e9e\" \/>\n\t<meta name=\"twitter:data1\" content=\"2 minutes\" \/>\n<script type=\"application\/ld+json\" class=\"yoast-schema-graph\">{\"@context\":\"https:\/\/schema.org\",\"@graph\":[{\"@type\":\"WebPage\",\"@id\":\"https:\/\/ladante.fr\/paris\/evenements\/\",\"url\":\"https:\/\/ladante.fr\/paris\/evenements\/\",\"name\":\"\u00c9V\u00c9NEMENTS - La Dante - Comit\u00e9 de Paris\",\"isPartOf\":{\"@id\":\"https:\/\/ladante.fr\/paris\/#website\"},\"datePublished\":\"2017-12-03T13:23:35+00:00\",\"dateModified\":\"2018-02-09T18:25:56+00:00\",\"breadcrumb\":{\"@id\":\"https:\/\/ladante.fr\/paris\/evenements\/#breadcrumb\"},\"inLanguage\":\"fr-FR\",\"potentialAction\":[{\"@type\":\"ReadAction\",\"target\":[\"https:\/\/ladante.fr\/paris\/evenements\/\"]}]},{\"@type\":\"BreadcrumbList\",\"@id\":\"https:\/\/ladante.fr\/paris\/evenements\/#breadcrumb\",\"itemListElement\":[{\"@type\":\"ListItem\",\"position\":1,\"name\":\"Accueil\",\"item\":\"https:\/\/ladante.fr\/paris\/\"},{\"@type\":\"ListItem\",\"position\":2,\"name\":\"\u00c9V\u00c9NEMENTS\"}]},{\"@type\":\"WebSite\",\"@id\":\"https:\/\/ladante.fr\/paris\/#website\",\"url\":\"https:\/\/ladante.fr\/paris\/\",\"name\":\"La Dante - Comit\u00e9 de Paris\",\"description\":\"\",\"potentialAction\":[{\"@type\":\"SearchAction\",\"target\":{\"@type\":\"EntryPoint\",\"urlTemplate\":\"https:\/\/ladante.fr\/paris\/?s={search_term_string}\"},\"query-input\":\"required name=search_term_string\"}],\"inLanguage\":\"fr-FR\"}]}<\/script>\n<!-- \/ Yoast SEO plugin. -->","yoast_head_json":{"title":"\u00c9V\u00c9NEMENTS - La Dante - Comit\u00e9 de Paris","robots":{"index":"index","follow":"follow","max-snippet":"max-snippet:-1","max-image-preview":"max-image-preview:large","max-video-preview":"max-video-preview:-1"},"canonical":"https:\/\/ladante.fr\/paris\/evenements\/","og_locale":"fr_FR","og_type":"article","og_title":"\u00c9V\u00c9NEMENTS - La Dante - Comit\u00e9 de Paris","og_description":"[vc_row][vc_column width=\u00a0\u00bb1\/2&Prime;][vc_column_text] \u00e9v\u00e9nements [\/vc_column_text][vc_column_text] IN VIAGGIO CON DANTE IN VIAGGIO CON DANTE mercoledi 6 dicembre Presentazione del progetto cinematografico del regista Lamberto Lambertini per la Societ\u00e0 Dante Alighieri. Dopo l&rsquo;appuntamento\u00a0presso il Comitato di Roma in Piazza di Firenze,\u00a0il\u00a0lavoro di Lambertini sar\u00e0 presentato\u00a0a Parigi nella sede della Maison de l\u2019Italie. Lire la suite [\/vc_column_text][\/vc_column][vc_column width=\u00a0\u00bb1\/2&Prime;][vc_column_text] \u00e9v\u00e9nements [&hellip;]","og_url":"https:\/\/ladante.fr\/paris\/evenements\/","og_site_name":"La Dante - Comit\u00e9 de Paris","article_modified_time":"2018-02-09T18:25:56+00:00","og_image":[{"url":"http:\/\/ladante.fr\/wp-content\/uploads\/2017\/12\/ev-In-viaggio-con-Dante-1-300x300.jpg"}],"twitter_card":"summary_large_image","twitter_misc":{"Dur\u00e9e de lecture estim\u00e9e":"2 minutes"},"schema":{"@context":"https:\/\/schema.org","@graph":[{"@type":"WebPage","@id":"https:\/\/ladante.fr\/paris\/evenements\/","url":"https:\/\/ladante.fr\/paris\/evenements\/","name":"\u00c9V\u00c9NEMENTS - La Dante - Comit\u00e9 de Paris","isPartOf":{"@id":"https:\/\/ladante.fr\/paris\/#website"},"datePublished":"2017-12-03T13:23:35+00:00","dateModified":"2018-02-09T18:25:56+00:00","breadcrumb":{"@id":"https:\/\/ladante.fr\/paris\/evenements\/#breadcrumb"},"inLanguage":"fr-FR","potentialAction":[{"@type":"ReadAction","target":["https:\/\/ladante.fr\/paris\/evenements\/"]}]},{"@type":"BreadcrumbList","@id":"https:\/\/ladante.fr\/paris\/evenements\/#breadcrumb","itemListElement":[{"@type":"ListItem","position":1,"name":"Accueil","item":"https:\/\/ladante.fr\/paris\/"},{"@type":"ListItem","position":2,"name":"\u00c9V\u00c9NEMENTS"}]},{"@type":"WebSite","@id":"https:\/\/ladante.fr\/paris\/#website","url":"https:\/\/ladante.fr\/paris\/","name":"La Dante - Comit\u00e9 de Paris","description":"","potentialAction":[{"@type":"SearchAction","target":{"@type":"EntryPoint","urlTemplate":"https:\/\/ladante.fr\/paris\/?s={search_term_string}"},"query-input":"required name=search_term_string"}],"inLanguage":"fr-FR"}]}},"_links":{"self":[{"href":"https:\/\/ladante.fr\/paris\/wp-json\/wp\/v2\/pages\/17"}],"collection":[{"href":"https:\/\/ladante.fr\/paris\/wp-json\/wp\/v2\/pages"}],"about":[{"href":"https:\/\/ladante.fr\/paris\/wp-json\/wp\/v2\/types\/page"}],"author":[{"embeddable":true,"href":"https:\/\/ladante.fr\/paris\/wp-json\/wp\/v2\/users\/4"}],"replies":[{"embeddable":true,"href":"https:\/\/ladante.fr\/paris\/wp-json\/wp\/v2\/comments?post=17"}],"version-history":[{"count":7,"href":"https:\/\/ladante.fr\/paris\/wp-json\/wp\/v2\/pages\/17\/revisions"}],"predecessor-version":[{"id":3525,"href":"https:\/\/ladante.fr\/paris\/wp-json\/wp\/v2\/pages\/17\/revisions\/3525"}],"wp:attachment":[{"href":"https:\/\/ladante.fr\/paris\/wp-json\/wp\/v2\/media?parent=17"}],"curies":[{"name":"wp","href":"https:\/\/api.w.org\/{rel}","templated":true}]}}