{"id":376,"date":"2017-12-14T11:21:36","date_gmt":"2017-12-14T10:21:36","guid":{"rendered":"http:\/\/la-dante.fr\/?page_id=376"},"modified":"2018-02-10T23:41:32","modified_gmt":"2018-02-10T22:41:32","slug":"mentions-legales","status":"publish","type":"page","link":"https:\/\/ladante.fr\/paris\/mentions-legales\/","title":{"rendered":"Mentions l\u00e9gales"},"content":{"rendered":"<p>[vc_row][vc_column][vc_column_text]<\/p>\n<p style=\"margin-bottom: -1%; font-family: Helvetica, Arial, 'Open sans'; font-size: 2em; font-weight: 400; color: #bc432b; text-transform: uppercase; border-bottom: 2px solid #bc432b; text-align: left;\">mentions l\u00e9gales<\/p>\n<p>[\/vc_column_text][vc_column_text css_animation=\u00a0\u00bbfadeIn\u00a0\u00bb]<\/p>\n<h4>EDITEUR<\/h4>\n<p>Le pr\u00e9sent site web est \u00e9dit\u00e9 par :<br \/>\nSociet\u00e0 Dante Alighieri &#8211; Comit\u00e9 De Paris<br \/>\n12 bis, rue S\u00e9dillot<br \/>\n75007 Paris<br \/>\nDirecteur de la publication :\u00a0<strong>M. Michele Canonica<\/strong>,\u00a0<em>Pr\u00e9sident<\/em><\/p>\n<h4>CONCEPTION ET R\u00c9ALISATION<\/h4>\n<p>Ce site a \u00e9t\u00e9 r\u00e9alis\u00e9 par\u00a0<strong>M. Mirko Venturi<\/strong>\u00a0(<a title=\"Mirko Venturi - Profil LinkedIn\" href=\"https:\/\/www.linkedin.com\/in\/mirkoventuri\/\" target=\"_blank\" rel=\"noopener\">LinkedIn<\/a>\u00a0&#8211;\u00a0<a title=\"Mirko Venturi - Profil Twitter\" href=\"https:\/\/twitter.com\/MirkoVenturi1\" target=\"_blank\" rel=\"noopener\">Twitter<\/a>)<\/p>\n<h4>H\u00c9BERGEMENT<\/h4>\n<p>Ce site est h\u00e9berg\u00e9 par la soci\u00e9t\u00e9 :<br \/>\nOVH<br \/>\n2 rue Kellermann<br \/>\n59100 Roubaix<\/p>\n<h4>PROPRI\u00c9T\u00c9 INTELLECTUELLE<\/h4>\n<p>Toute repr\u00e9sentation ou reproduction int\u00e9grale ou partielle faite sans le consentement de l\u2019auteur ou de ses ayants droit est illicite.<\/p>\n<h4><a name=\"privacy\"><\/a>POLITIQUE DE PROTECTION DES DONNEES PERSONNELLES<\/h4>\n<p>Les informations recueillies font l\u2019objet d\u2019un traitement informatique destin\u00e9 \u00e0 l\u2019envoi d\u2019informations sur les activit\u00e9s organis\u00e9es ou s\u00e9lectionn\u00e9es par la\u00a0<strong>Societ\u00e0 Dante Alighieri &#8211; Comit\u00e9 De Paris<\/strong>.<\/p>\n<p>Conform\u00e9ment \u00e0 la loi \u00ab informatique et libert\u00e9s \u00bb du 6 janvier 1978 modifi\u00e9e en 2004, vous b\u00e9n\u00e9ficiez d\u2019un droit d\u2019acc\u00e8s et de rectification aux informations qui vous concernent, que vous pouvez exercer en vous adressant \u00e0\u00a0:<br \/>\nSociet\u00e0 Dante Alighieri &#8211; Comit\u00e9 De Paris<br \/>\n12 bis, rue S\u00e9dillot<br \/>\n75007 Paris<br \/>\nVous pouvez \u00e9galement, pour des motifs l\u00e9gitimes, vous opposer au traitement des donn\u00e9es vous concernant.[\/vc_column_text][vc_empty_space height=\u00a0\u00bb1071px\u00a0\u00bb][\/vc_column][\/vc_row]<\/p>\n","protected":false},"excerpt":{"rendered":"<p>[vc_row][vc_column][vc_column_text] mentions l\u00e9gales [\/vc_column_text][vc_column_text css_animation=\u00a0\u00bbfadeIn\u00a0\u00bb] EDITEUR Le pr\u00e9sent site web est \u00e9dit\u00e9 par : Societ\u00e0 Dante Alighieri &#8211; Comit\u00e9 De Paris 12 bis, rue S\u00e9dillot 75007 Paris Directeur de la publication :\u00a0M. Michele Canonica,\u00a0Pr\u00e9sident CONCEPTION ET R\u00c9ALISATION Ce site a \u00e9t\u00e9 r\u00e9alis\u00e9 par\u00a0M. Mirko Venturi\u00a0(LinkedIn\u00a0&#8211;\u00a0Twitter) H\u00c9BERGEMENT Ce site est h\u00e9berg\u00e9 par la soci\u00e9t\u00e9 : OVH [&hellip;]<\/p>\n","protected":false},"author":4,"featured_media":0,"parent":0,"menu_order":0,"comment_status":"closed","ping_status":"closed","template":"","meta":{"disable_featured_image":false,"_themeisle_gutenberg_block_has_review":false},"yoast_head":"<!-- This site is optimized with the Yoast SEO plugin v20.1 - https:\/\/yoast.com\/wordpress\/plugins\/seo\/ -->\n<title>Mentions l\u00e9gales - La Dante - Comit\u00e9 de Paris<\/title>\n<meta name=\"robots\" content=\"index, follow, max-snippet:-1, max-image-preview:large, max-video-preview:-1\" \/>\n<link rel=\"canonical\" href=\"https:\/\/ladante.fr\/paris\/mentions-legales\/\" \/>\n<meta property=\"og:locale\" content=\"fr_FR\" \/>\n<meta property=\"og:type\" content=\"article\" \/>\n<meta property=\"og:title\" content=\"Mentions l\u00e9gales - La Dante - Comit\u00e9 de Paris\" \/>\n<meta property=\"og:description\" content=\"[vc_row][vc_column][vc_column_text] mentions l\u00e9gales [\/vc_column_text][vc_column_text css_animation=\u00a0\u00bbfadeIn\u00a0\u00bb] EDITEUR Le pr\u00e9sent site web est \u00e9dit\u00e9 par : Societ\u00e0 Dante Alighieri &#8211; Comit\u00e9 De Paris 12 bis, rue S\u00e9dillot 75007 Paris Directeur de la publication :\u00a0M. Michele Canonica,\u00a0Pr\u00e9sident CONCEPTION ET R\u00c9ALISATION Ce site a \u00e9t\u00e9 r\u00e9alis\u00e9 par\u00a0M. Mirko Venturi\u00a0(LinkedIn\u00a0&#8211;\u00a0Twitter) H\u00c9BERGEMENT Ce site est h\u00e9berg\u00e9 par la soci\u00e9t\u00e9 : OVH [&hellip;]\" \/>\n<meta property=\"og:url\" content=\"https:\/\/ladante.fr\/paris\/mentions-legales\/\" \/>\n<meta property=\"og:site_name\" content=\"La Dante - Comit\u00e9 de Paris\" \/>\n<meta property=\"article:modified_time\" content=\"2018-02-10T22:41:32+00:00\" \/>\n<meta name=\"twitter:card\" content=\"summary_large_image\" \/>\n<meta name=\"twitter:label1\" content=\"Dur\u00e9e de lecture estim\u00e9e\" \/>\n\t<meta name=\"twitter:data1\" content=\"1 minute\" \/>\n<script type=\"application\/ld+json\" class=\"yoast-schema-graph\">{\"@context\":\"https:\/\/schema.org\",\"@graph\":[{\"@type\":\"WebPage\",\"@id\":\"https:\/\/ladante.fr\/paris\/mentions-legales\/\",\"url\":\"https:\/\/ladante.fr\/paris\/mentions-legales\/\",\"name\":\"Mentions l\u00e9gales - La Dante - Comit\u00e9 de Paris\",\"isPartOf\":{\"@id\":\"https:\/\/ladante.fr\/paris\/#website\"},\"datePublished\":\"2017-12-14T10:21:36+00:00\",\"dateModified\":\"2018-02-10T22:41:32+00:00\",\"breadcrumb\":{\"@id\":\"https:\/\/ladante.fr\/paris\/mentions-legales\/#breadcrumb\"},\"inLanguage\":\"fr-FR\",\"potentialAction\":[{\"@type\":\"ReadAction\",\"target\":[\"https:\/\/ladante.fr\/paris\/mentions-legales\/\"]}]},{\"@type\":\"BreadcrumbList\",\"@id\":\"https:\/\/ladante.fr\/paris\/mentions-legales\/#breadcrumb\",\"itemListElement\":[{\"@type\":\"ListItem\",\"position\":1,\"name\":\"Accueil\",\"item\":\"https:\/\/ladante.fr\/paris\/\"},{\"@type\":\"ListItem\",\"position\":2,\"name\":\"Mentions l\u00e9gales\"}]},{\"@type\":\"WebSite\",\"@id\":\"https:\/\/ladante.fr\/paris\/#website\",\"url\":\"https:\/\/ladante.fr\/paris\/\",\"name\":\"La Dante - Comit\u00e9 de Paris\",\"description\":\"\",\"potentialAction\":[{\"@type\":\"SearchAction\",\"target\":{\"@type\":\"EntryPoint\",\"urlTemplate\":\"https:\/\/ladante.fr\/paris\/?s={search_term_string}\"},\"query-input\":\"required name=search_term_string\"}],\"inLanguage\":\"fr-FR\"}]}<\/script>\n<!-- \/ Yoast SEO plugin. -->","yoast_head_json":{"title":"Mentions l\u00e9gales - La Dante - Comit\u00e9 de Paris","robots":{"index":"index","follow":"follow","max-snippet":"max-snippet:-1","max-image-preview":"max-image-preview:large","max-video-preview":"max-video-preview:-1"},"canonical":"https:\/\/ladante.fr\/paris\/mentions-legales\/","og_locale":"fr_FR","og_type":"article","og_title":"Mentions l\u00e9gales - La Dante - Comit\u00e9 de Paris","og_description":"[vc_row][vc_column][vc_column_text] mentions l\u00e9gales [\/vc_column_text][vc_column_text css_animation=\u00a0\u00bbfadeIn\u00a0\u00bb] EDITEUR Le pr\u00e9sent site web est \u00e9dit\u00e9 par : Societ\u00e0 Dante Alighieri &#8211; Comit\u00e9 De Paris 12 bis, rue S\u00e9dillot 75007 Paris Directeur de la publication :\u00a0M. Michele Canonica,\u00a0Pr\u00e9sident CONCEPTION ET R\u00c9ALISATION Ce site a \u00e9t\u00e9 r\u00e9alis\u00e9 par\u00a0M. Mirko Venturi\u00a0(LinkedIn\u00a0&#8211;\u00a0Twitter) H\u00c9BERGEMENT Ce site est h\u00e9berg\u00e9 par la soci\u00e9t\u00e9 : OVH [&hellip;]","og_url":"https:\/\/ladante.fr\/paris\/mentions-legales\/","og_site_name":"La Dante - Comit\u00e9 de Paris","article_modified_time":"2018-02-10T22:41:32+00:00","twitter_card":"summary_large_image","twitter_misc":{"Dur\u00e9e de lecture estim\u00e9e":"1 minute"},"schema":{"@context":"https:\/\/schema.org","@graph":[{"@type":"WebPage","@id":"https:\/\/ladante.fr\/paris\/mentions-legales\/","url":"https:\/\/ladante.fr\/paris\/mentions-legales\/","name":"Mentions l\u00e9gales - La Dante - Comit\u00e9 de Paris","isPartOf":{"@id":"https:\/\/ladante.fr\/paris\/#website"},"datePublished":"2017-12-14T10:21:36+00:00","dateModified":"2018-02-10T22:41:32+00:00","breadcrumb":{"@id":"https:\/\/ladante.fr\/paris\/mentions-legales\/#breadcrumb"},"inLanguage":"fr-FR","potentialAction":[{"@type":"ReadAction","target":["https:\/\/ladante.fr\/paris\/mentions-legales\/"]}]},{"@type":"BreadcrumbList","@id":"https:\/\/ladante.fr\/paris\/mentions-legales\/#breadcrumb","itemListElement":[{"@type":"ListItem","position":1,"name":"Accueil","item":"https:\/\/ladante.fr\/paris\/"},{"@type":"ListItem","position":2,"name":"Mentions l\u00e9gales"}]},{"@type":"WebSite","@id":"https:\/\/ladante.fr\/paris\/#website","url":"https:\/\/ladante.fr\/paris\/","name":"La Dante - Comit\u00e9 de Paris","description":"","potentialAction":[{"@type":"SearchAction","target":{"@type":"EntryPoint","urlTemplate":"https:\/\/ladante.fr\/paris\/?s={search_term_string}"},"query-input":"required name=search_term_string"}],"inLanguage":"fr-FR"}]}},"_links":{"self":[{"href":"https:\/\/ladante.fr\/paris\/wp-json\/wp\/v2\/pages\/376"}],"collection":[{"href":"https:\/\/ladante.fr\/paris\/wp-json\/wp\/v2\/pages"}],"about":[{"href":"https:\/\/ladante.fr\/paris\/wp-json\/wp\/v2\/types\/page"}],"author":[{"embeddable":true,"href":"https:\/\/ladante.fr\/paris\/wp-json\/wp\/v2\/users\/4"}],"replies":[{"embeddable":true,"href":"https:\/\/ladante.fr\/paris\/wp-json\/wp\/v2\/comments?post=376"}],"version-history":[{"count":1,"href":"https:\/\/ladante.fr\/paris\/wp-json\/wp\/v2\/pages\/376\/revisions"}],"predecessor-version":[{"id":2206,"href":"https:\/\/ladante.fr\/paris\/wp-json\/wp\/v2\/pages\/376\/revisions\/2206"}],"wp:attachment":[{"href":"https:\/\/ladante.fr\/paris\/wp-json\/wp\/v2\/media?parent=376"}],"curies":[{"name":"wp","href":"https:\/\/api.w.org\/{rel}","templated":true}]}}