{"id":394,"date":"2017-12-14T14:51:21","date_gmt":"2017-12-14T13:51:21","guid":{"rendered":"http:\/\/la-dante.fr\/?page_id=394"},"modified":"2025-12-17T15:02:14","modified_gmt":"2025-12-17T14:02:14","slug":"contacts","status":"publish","type":"page","link":"https:\/\/ladante.fr\/paris\/contacts\/","title":{"rendered":"CONTACTS"},"content":{"rendered":"<p>[vc_row][vc_column][vc_column_text]<\/p>\n<p style=\"margin-bottom: -1%; font-family: Helvetica, Arial, 'Open sans'; font-size: 2em; font-weight: 400; color: #bc432b; text-transform: uppercase; border-bottom: 2px solid #bc432b; text-align: left;\">contactez-nous<\/p>\n<p>[\/vc_column_text][vc_column_text]<\/p>\n<div style=\"position: relative; float: left;\">\n<h3 style=\"text-align: left;\">Societ\u00e0 Dante Alighieri &#8211; Comit\u00e9 de Paris<\/h3>\n<p style=\"text-align: left;\">12 bis, rue S\u00e9dillot<br \/>\n75007 PARIS<br \/>\nT\u00e9l. : 01 47 05 16 26<\/p>\n<\/div>\n<p style=\"text-align: left;\"><iframe loading=\"lazy\" style=\"border: 0;\" src=\"https:\/\/www.google.com\/maps\/embed?pb=!1m14!1m8!1m3!1d10499.926433093424!2d2.3016593!3d48.8585611!3m2!1i1024!2i768!4f13.1!3m3!1m2!1s0x0%3A0x4120f5a6cef669b2!2sDante+Alighieri+Comit%C3%A9+de+Paris!5e0!3m2!1sfr!2sfr!4v1513609986289\" width=\"600\" height=\"450\" frameborder=\"0\" allowfullscreen=\"allowfullscreen\"><\/iframe><\/p>\n<p style=\"text-align: left;\"><strong>RER C<\/strong>\u00a0&#8211; Pont de l&rsquo;Alma<br \/>\n<strong>M\u00e9tro 8<\/strong>\u00a0&#8211; Ecole Militaire<br \/>\n<strong>M\u00e9tro 9<\/strong>\u00a0&#8211; Alma-Marceau<br \/>\n<strong>Bus<\/strong>\u00a042, 63, 69, 80, 92<\/p>\n<p style=\"text-align: left;\">@ :\u00a0<a href=\"mailto:paris@ladante.fr\">paris@ladante.fr<\/a><\/p>\n<p>Simona FRASCATI\u00a0@: <a href=\"mailto:frascati.paris@ladante.fr\">frascati.paris@ladante.fr<br \/>\n<\/a>Responsable administrative et p\u00e9dagogique et R\u00e9f\u00e9rente Handicap<\/p>\n<p>Valentina FRULIO @: <a href=\"mailto:frulio.paris@ladante.fr\">frulio.paris@ladante.fr<br \/>\n<\/a>Responsabile de la certification Plida et ADA<\/p>\n<p>Agnese PAGANINI @: <a href=\"mailto:paganini.paris@ladante.fr\">paganini.paris@ladante.fr<\/a><br \/>\nCommunication<\/p>\n<p style=\"text-align: left;\"><strong>Lundi\u00a0<\/strong>&#8211; Secr\u00e9tariat ouvert\u00a0sur rendez-vous<\/p>\n<p style=\"text-align: left;\"><strong>Mardi<\/strong>\u00a0&#8211; Secr\u00e9tariat ouvert\u00a0sur rendez-vous<\/p>\n<p style=\"text-align: left;\"><strong>Mercredi\u00a0<\/strong>&#8211; Secr\u00e9tariat ouvert\u00a0sur rendez-vous<\/p>\n<p style=\"text-align: left;\"><strong>Jeudi\u00a0<\/strong>&#8211; Secr\u00e9tariat ouvert\u00a0sur rendez-vous<\/p>\n<p style=\"text-align: left;\"><strong>Vendredi\u00a0<\/strong>&#8211; Ferm\u00e9<\/p>\n<p style=\"text-align: left;\"><strong>Samedi\u00a0<\/strong>&#8211; Ferm\u00e9<\/p>\n<p style=\"text-align: left;\">Pour prendre rendez-vous, veuillez <strong>envoyer un e-mail<\/strong> \u00e0 <span style=\"color: #0000ff;\">paris@ladante.fr<\/span><br \/>\nVeuillez noter qu&rsquo;en septembre le <strong>secr\u00e9tariat<\/strong> de La Dante Paris est <strong>ouvert<\/strong> du lundi au jeudi\u00a0<strong>uniquement sur rendez-vous<\/strong>.<\/p>\n<p>[\/vc_column_text][vc_empty_space height=\u00a0\u00bb804px\u00a0\u00bb][\/vc_column][\/vc_row]<\/p>\n","protected":false},"excerpt":{"rendered":"<p>[vc_row][vc_column][vc_column_text] contactez-nous [\/vc_column_text][vc_column_text] Societ\u00e0 Dante Alighieri &#8211; Comit\u00e9 de Paris 12 bis, rue S\u00e9dillot 75007 PARIS T\u00e9l. : 01 47 05 16 26 RER C\u00a0&#8211; Pont de l&rsquo;Alma M\u00e9tro 8\u00a0&#8211; Ecole Militaire M\u00e9tro 9\u00a0&#8211; Alma-Marceau Bus\u00a042, 63, 69, 80, 92 @ :\u00a0paris@ladante.fr Simona FRASCATI\u00a0@: frascati.paris@ladante.fr Responsable administrative et p\u00e9dagogique et R\u00e9f\u00e9rente Handicap Valentina FRULIO @: [&hellip;]<\/p>\n","protected":false},"author":4,"featured_media":0,"parent":0,"menu_order":0,"comment_status":"closed","ping_status":"closed","template":"","meta":{"disable_featured_image":false,"_themeisle_gutenberg_block_has_review":false},"yoast_head":"<!-- This site is optimized with the Yoast SEO plugin v20.1 - https:\/\/yoast.com\/wordpress\/plugins\/seo\/ -->\n<title>CONTACTS - La Dante - Comit\u00e9 de Paris<\/title>\n<meta name=\"robots\" content=\"index, follow, max-snippet:-1, max-image-preview:large, max-video-preview:-1\" \/>\n<link rel=\"canonical\" href=\"https:\/\/ladante.fr\/paris\/contacts\/\" \/>\n<meta property=\"og:locale\" content=\"fr_FR\" \/>\n<meta property=\"og:type\" content=\"article\" \/>\n<meta property=\"og:title\" content=\"CONTACTS - La Dante - Comit\u00e9 de Paris\" \/>\n<meta property=\"og:description\" content=\"[vc_row][vc_column][vc_column_text] contactez-nous [\/vc_column_text][vc_column_text] Societ\u00e0 Dante Alighieri &#8211; Comit\u00e9 de Paris 12 bis, rue S\u00e9dillot 75007 PARIS T\u00e9l. : 01 47 05 16 26 RER C\u00a0&#8211; Pont de l&rsquo;Alma M\u00e9tro 8\u00a0&#8211; Ecole Militaire M\u00e9tro 9\u00a0&#8211; Alma-Marceau Bus\u00a042, 63, 69, 80, 92 @ :\u00a0paris@ladante.fr Simona FRASCATI\u00a0@: frascati.paris@ladante.fr Responsable administrative et p\u00e9dagogique et R\u00e9f\u00e9rente Handicap Valentina FRULIO @: [&hellip;]\" \/>\n<meta property=\"og:url\" content=\"https:\/\/ladante.fr\/paris\/contacts\/\" \/>\n<meta property=\"og:site_name\" content=\"La Dante - Comit\u00e9 de Paris\" \/>\n<meta property=\"article:modified_time\" content=\"2025-12-17T14:02:14+00:00\" \/>\n<meta name=\"twitter:card\" content=\"summary_large_image\" \/>\n<meta name=\"twitter:label1\" content=\"Dur\u00e9e de lecture estim\u00e9e\" \/>\n\t<meta name=\"twitter:data1\" content=\"1 minute\" \/>\n<script type=\"application\/ld+json\" class=\"yoast-schema-graph\">{\"@context\":\"https:\/\/schema.org\",\"@graph\":[{\"@type\":\"WebPage\",\"@id\":\"https:\/\/ladante.fr\/paris\/contacts\/\",\"url\":\"https:\/\/ladante.fr\/paris\/contacts\/\",\"name\":\"CONTACTS - La Dante - Comit\u00e9 de Paris\",\"isPartOf\":{\"@id\":\"https:\/\/ladante.fr\/paris\/#website\"},\"datePublished\":\"2017-12-14T13:51:21+00:00\",\"dateModified\":\"2025-12-17T14:02:14+00:00\",\"breadcrumb\":{\"@id\":\"https:\/\/ladante.fr\/paris\/contacts\/#breadcrumb\"},\"inLanguage\":\"fr-FR\",\"potentialAction\":[{\"@type\":\"ReadAction\",\"target\":[\"https:\/\/ladante.fr\/paris\/contacts\/\"]}]},{\"@type\":\"BreadcrumbList\",\"@id\":\"https:\/\/ladante.fr\/paris\/contacts\/#breadcrumb\",\"itemListElement\":[{\"@type\":\"ListItem\",\"position\":1,\"name\":\"Accueil\",\"item\":\"https:\/\/ladante.fr\/paris\/\"},{\"@type\":\"ListItem\",\"position\":2,\"name\":\"CONTACTS\"}]},{\"@type\":\"WebSite\",\"@id\":\"https:\/\/ladante.fr\/paris\/#website\",\"url\":\"https:\/\/ladante.fr\/paris\/\",\"name\":\"La Dante - Comit\u00e9 de Paris\",\"description\":\"\",\"potentialAction\":[{\"@type\":\"SearchAction\",\"target\":{\"@type\":\"EntryPoint\",\"urlTemplate\":\"https:\/\/ladante.fr\/paris\/?s={search_term_string}\"},\"query-input\":\"required name=search_term_string\"}],\"inLanguage\":\"fr-FR\"}]}<\/script>\n<!-- \/ Yoast SEO plugin. -->","yoast_head_json":{"title":"CONTACTS - La Dante - Comit\u00e9 de Paris","robots":{"index":"index","follow":"follow","max-snippet":"max-snippet:-1","max-image-preview":"max-image-preview:large","max-video-preview":"max-video-preview:-1"},"canonical":"https:\/\/ladante.fr\/paris\/contacts\/","og_locale":"fr_FR","og_type":"article","og_title":"CONTACTS - La Dante - Comit\u00e9 de Paris","og_description":"[vc_row][vc_column][vc_column_text] contactez-nous [\/vc_column_text][vc_column_text] Societ\u00e0 Dante Alighieri &#8211; Comit\u00e9 de Paris 12 bis, rue S\u00e9dillot 75007 PARIS T\u00e9l. : 01 47 05 16 26 RER C\u00a0&#8211; Pont de l&rsquo;Alma M\u00e9tro 8\u00a0&#8211; Ecole Militaire M\u00e9tro 9\u00a0&#8211; Alma-Marceau Bus\u00a042, 63, 69, 80, 92 @ :\u00a0paris@ladante.fr Simona FRASCATI\u00a0@: frascati.paris@ladante.fr Responsable administrative et p\u00e9dagogique et R\u00e9f\u00e9rente Handicap Valentina FRULIO @: [&hellip;]","og_url":"https:\/\/ladante.fr\/paris\/contacts\/","og_site_name":"La Dante - Comit\u00e9 de Paris","article_modified_time":"2025-12-17T14:02:14+00:00","twitter_card":"summary_large_image","twitter_misc":{"Dur\u00e9e de lecture estim\u00e9e":"1 minute"},"schema":{"@context":"https:\/\/schema.org","@graph":[{"@type":"WebPage","@id":"https:\/\/ladante.fr\/paris\/contacts\/","url":"https:\/\/ladante.fr\/paris\/contacts\/","name":"CONTACTS - La Dante - Comit\u00e9 de Paris","isPartOf":{"@id":"https:\/\/ladante.fr\/paris\/#website"},"datePublished":"2017-12-14T13:51:21+00:00","dateModified":"2025-12-17T14:02:14+00:00","breadcrumb":{"@id":"https:\/\/ladante.fr\/paris\/contacts\/#breadcrumb"},"inLanguage":"fr-FR","potentialAction":[{"@type":"ReadAction","target":["https:\/\/ladante.fr\/paris\/contacts\/"]}]},{"@type":"BreadcrumbList","@id":"https:\/\/ladante.fr\/paris\/contacts\/#breadcrumb","itemListElement":[{"@type":"ListItem","position":1,"name":"Accueil","item":"https:\/\/ladante.fr\/paris\/"},{"@type":"ListItem","position":2,"name":"CONTACTS"}]},{"@type":"WebSite","@id":"https:\/\/ladante.fr\/paris\/#website","url":"https:\/\/ladante.fr\/paris\/","name":"La Dante - Comit\u00e9 de Paris","description":"","potentialAction":[{"@type":"SearchAction","target":{"@type":"EntryPoint","urlTemplate":"https:\/\/ladante.fr\/paris\/?s={search_term_string}"},"query-input":"required name=search_term_string"}],"inLanguage":"fr-FR"}]}},"_links":{"self":[{"href":"https:\/\/ladante.fr\/paris\/wp-json\/wp\/v2\/pages\/394"}],"collection":[{"href":"https:\/\/ladante.fr\/paris\/wp-json\/wp\/v2\/pages"}],"about":[{"href":"https:\/\/ladante.fr\/paris\/wp-json\/wp\/v2\/types\/page"}],"author":[{"embeddable":true,"href":"https:\/\/ladante.fr\/paris\/wp-json\/wp\/v2\/users\/4"}],"replies":[{"embeddable":true,"href":"https:\/\/ladante.fr\/paris\/wp-json\/wp\/v2\/comments?post=394"}],"version-history":[{"count":8,"href":"https:\/\/ladante.fr\/paris\/wp-json\/wp\/v2\/pages\/394\/revisions"}],"predecessor-version":[{"id":6693,"href":"https:\/\/ladante.fr\/paris\/wp-json\/wp\/v2\/pages\/394\/revisions\/6693"}],"wp:attachment":[{"href":"https:\/\/ladante.fr\/paris\/wp-json\/wp\/v2\/media?parent=394"}],"curies":[{"name":"wp","href":"https:\/\/api.w.org\/{rel}","templated":true}]}}