{"id":4169,"date":"2021-02-12T15:29:25","date_gmt":"2021-02-12T14:29:25","guid":{"rendered":"https:\/\/ladante.fr\/paris\/?page_id=4169"},"modified":"2021-06-09T15:58:12","modified_gmt":"2021-06-09T13:58:12","slug":"concours-dantedi-paris","status":"publish","type":"page","link":"https:\/\/ladante.fr\/paris\/concours-dantedi-paris\/","title":{"rendered":"CONCOURS DANTED\u00ec PARIS"},"content":{"rendered":"<p>[vc_row][vc_column][vc_column_text]<\/p>\n<h2 style=\"text-align: center;\"><span style=\"color: #ba2222;\">CONCOURS \u00ab\u00a0DANTED\u00ec\u00a0\u00bb PARIS<\/span><\/h2>\n<h5 style=\"text-align: center;\">Pr\u00e8miere \u00e9dition \u00e0 l&rsquo;occasion du Septi\u00e8me Centenarire de la mort de Dante<\/h5>\n<h5 style=\"text-align: center;\"><span style=\"color: #000000;\">\u00ab\u00a0Lo bel pianeta che ad amar conforta\u00a0\u00bb<\/span><\/h5>\n<h5 style=\"text-align: center;\"><span style=\"color: #000000;\"><span style=\"color: #ba2222;\">I VINCITORI DELLA PRIMA EDIZIONE DEL CONCOURS \u00ab\u00a0DANTED\u00ec\u00a0\u00bb PARIS!<\/span><\/span><\/h5>\n<p style=\"text-align: left;\"><img loading=\"lazy\" class=\" wp-image-3040 aligncenter\" src=\"https:\/\/ladante.fr\/wp-content\/uploads\/2021\/02\/concours_dantedi_paris.png\" alt=\"\" width=\"430\" height=\"430\"><\/p>\n<p>In occasione del <strong>Settecentenario<\/strong> dalla morte di <strong>Dante Alighieri<\/strong>, la Societ\u00e0 Dante Alighieri &#8211; Comit\u00e9 de Paris organizza la prima edizione del \u201c<strong>Concours <em>Danted\u00ec<\/em> Paris<\/strong>\u201d promosso dal <strong>Consolato Generale d&rsquo;Italia a Parigi<\/strong>, in collaborazione con l\u2019<strong>Istituto Italiano di Cultura di Parigi<\/strong>.<br \/>\nII premio per i <strong>primi classificati<\/strong>&nbsp;\u00e8 un <span style=\"color: #bf0b0b;\"><strong>viaggio a Ravenna<\/strong><\/span>, dove Dante soggiorn\u00f2 a lungo durante l\u2019esilio e fu sepolto. I vincitori parteciperanno come lettori all\u2019iniziativa \u201cL\u2019ora che volge il disio\u201d, lettura perpetua della Divina Commedia davanti alla Tomba di Dante, in collaborazione con il Comune di Ravenna.<\/p>\n<h2 style=\"text-align: center;\"><span style=\"color: #ba2222;\">I vincitori del concorso \u00ab\u00a0Danted\u00ec\u00a0\u00bb Paris<\/span><\/h2>\n<p>Concorso \u201cDanted\u00ec\u201d Paris \u2013 Deliberazioni della Giuria<\/p>\n<p>Il giorno <strong>31 maggio 2021<\/strong> si \u00e8 riunita la Giuria del <strong>Concorso \u201cDanted\u00ec\u201d Paris<\/strong>, presieduta dalla <strong>Console Generale d\u2019Italia a Parigi<\/strong>, <strong>Irene Castagnoli<\/strong>, e composta dal <strong>Consigliere d\u2019Ambasciata<\/strong>, <strong>Ugo Ciarlatani<\/strong>, l\u2019<strong>Ispettrice Generale di Italiano del Minist\u00e8re de l\u2019Education Nationale francese<\/strong>, <strong>Antonella Durand<\/strong>, il <strong>Direttore Istituto Italiano di Cultura di Parigi<\/strong>, <strong>Diego Marani<\/strong>, il <strong>Presidente Comitato di Parigi della Societ\u00e0 Dante Alighieri<\/strong>, <strong>Jean Musitelli<\/strong>. Il Concorso, promosso dal Consolato Generale di Parigi, in collaborazione con l\u2019Istituto Italiano di Cultura, e organizzato dal Comitato di Parigi della Societ\u00e0 Dante Alighieri, ha registrato un\u2019ampia e qualificata partecipazione da parte degli istituti scolastici della Circoscrizione Consolare.<strong> Sulla base dei criteri di valutazione indicati nel bando di Concorso, la Giuria ha deliberato di assegnare i seguenti premi<\/strong>:<\/p>\n<p><strong><span style=\"color: #ba2222;\">Categoria Lyc\u00e9e<\/span><\/strong><\/p>\n<p><strong>Primo Premio<\/strong>: video \u201cReportage\u201d, Lyc\u00e9e \u201cMarguerite de Flandre\u201d, di Gondecourt, Acad\u00e9mie de Lille, docente referente Roberta Iannucci;<\/p>\n<p><strong>Secondo Premio<\/strong>: audio \u201cUna passeggiata tra le stelle con Dante\u201d, Lyc\u00e9e \u201cL\u00e9onard de Vinci\u201d, di Tremblay-en-France, Acad\u00e9mie de Cr\u00e9teil, docente referente Gabriella Asaro;<\/p>\n<p><strong>Terzo Premio<\/strong>: testo illustrato \u201cSegui tua stella\u201d, Liceo Statale \u201cLeonardo Da Vinci\u201d di Parigi, docente referente Maria Marra.<\/p>\n<p><span style=\"color: #ba2222;\"><strong>Categoria Coll\u00e8ge<\/strong><\/span><\/p>\n<p><strong>Primo Premio<\/strong>: video \u201cAl settimo cielo\u201d, Coll\u00e8ge \u201cLes Hauts Grillets\u201d di Saint-Germain-en-Laye, Acad\u00e9mie de Versailles, docente referente Piera Sanna;<\/p>\n<p><strong>Secondo Premio<\/strong>: audio \u201cPassatempo\u201d, Coll\u00e8ge Liceo internazionale di Saint-Germain-en-Laye, Acad\u00e9mie de Versailles, docente referente Raffaella Marchese;<\/p>\n<p><strong>Terzo Premio<\/strong>: video \u201cLo bel pianeta che ad amar conforta\u201d, Coll\u00e8ge Liceo internazionale \u201cBalzac\u201d di Parigi, Acad\u00e9mie de Paris, docente referente Lorenza Gelmi.<\/p>\n<p><span style=\"color: #ba2222;\"><strong>Categoria CM2<\/strong><\/span><\/p>\n<p><strong>Premio unico<\/strong>: video \u201cE uscimmo a riveder le stelle\u201d, Scuola Primaria Liceo Internazionale di Saint-Germain-en-Laye, Acad\u00e9mie de Versailles, docente referente Anna Pigorini.<\/p>\n<p>La Giuria ha inoltre deliberato di assegnare una <strong>menzione speciale per la qualit\u00e0 dell\u2019immagine al video<\/strong> \u201cLe stelle che verranno\u201d del Lyc\u00e9e \u201cVictor Hugo\u201d di Parigi, docente referente Alexandra Rainon-Martinez.<\/p>\n<p>Il <strong>Primo Premio<\/strong> per le categorie<strong> Lyc\u00e9e<\/strong> e <strong>Coll\u00e8ge<\/strong> consister\u00e0 in <span style=\"color: #ba2222;\"><strong>un viaggio a Ravenna, dove, in collaborazione con il Comune, i ragazzi parteciperanno come lettori a \u201cL\u2019ora che volge il disio\u201d, lettura perpetua della Divina Commedia davanti al sepolcro di Dante e ad altre iniziative previste per il Settecentenario dantesco<\/strong>. <span style=\"color: #000000;\">Il premio unico, i secondi e terzi premi saranno costituiti da buoni acquisto in libri e materiali didattici multimediali.<\/span><\/span><\/p>\n<p>La <strong>premiazione del Concorso \u201cDanted\u00ec\u201d<\/strong> si svolger\u00e0 il <strong>25 giugno alle ore 11 presso il Consolato Generale di Parigi<\/strong> e potr\u00e0 essere seguita in diretta sulla<strong> pagina facebook \u201cDante sept cents\u201d<\/strong> della rete diplomatica italiana in Francia: <a href=\"https:\/\/www.facebook.com\/Danteseptcents\/\"><span style=\"color: #0000ff;\">https:\/\/www.facebook.com\/Danteseptcents\/<\/span><\/a><\/p>\n<p>La Giuria ringrazia tutti i docenti e gli studenti che hanno partecipato al Concorso per l\u2019impegno e l\u2019entusiasmo profusi nella realizzazione degli elaborati, nonostante le obiettive difficolt\u00e0 legate alla situazione pandemica.<\/p>\n<p>&nbsp;<\/p>\n<p>Aggiornamento del 09 giugno 2021<\/p>\n<p>&nbsp;<\/p>\n<p>&nbsp;<\/p>\n<p>&nbsp;<\/p>\n<h3 style=\"text-align: center;\">Partecipate al concorso e provate a vincere un viaggio a Ravenna.<\/h3>\n<p><span style=\"color: #bf0b0b;\"><strong>CHI PUO&rsquo; PARTECIPARE<\/strong><\/span> <strong>&#8211;<\/strong> Il concorso \u00e8 rivolto agli <strong>studenti di italiano<\/strong> dei Licei, dei Coll\u00e8ges e di CM2 Scuola Primaria delle Acad\u00e9mies di Parigi, Versailles, Cr\u00e9teil, Amiens, Lille, Orl\u00e9ans-Tours, Normandie e della Scuola Statale \u201cDa Vinci\u201d di Parigi.<\/p>\n<p><strong><span style=\"color: #bf0b0b;\">MODALITA\u2019 DI PARTECIPAZIONE<\/span> \u2013<\/strong> I partecipanti, riuniti in gruppi di 3-4 studenti sotto la guida di un docente tutor, dovranno presentare un <strong>elaborato in lingua italiana<\/strong> (video, audio, testo illustrato), sul tema \u201c<strong><em>Stelle e pianeti in Dante<\/em><\/strong>\u201d entro il 20 maggio 2021.<\/p>\n<p><strong><span style=\"color: #bf0b0b;\">SCADENZA<\/span> \u2013<\/strong> Le iscrizioni al concorso sono aperte fino al <strong>22 marzo 2021<\/strong>.<br \/>\nCiascun istituto scolastico potr\u00e0 presentare un massimo di 3 candidature per categoria.<\/p>\n<p>Il <strong>25 marzo 2021<\/strong> \u2013 <em>Danted\u00ec<\/em> &#8211; per celebrare il ricordo del Sommo Poeta, le scuole interessate sono invitate a dare rilievo alla loro partecipazione al concorso e a organizzare eventi, letture e flash mob, condividendoli in rete con l\u2019hashtag <span style=\"color: #808080;\">#concorsodanteparigi<\/span><\/p>\n<p><strong><span style=\"color: #bf0b0b;\">PREMI<\/span> &#8211;<\/strong> Il premio conferito ai primi classificati \u00e8 <strong>un viaggio a Ravenna<\/strong>, gli altri premi sono diversi buoni in denaro per l\u2019acquisto di libri e sussidi didattici multimediali (scaricare il bando).<\/p>\n<p>\u25fe\ufe0f Per saperne di pi\u00f9, consulta il <strong>bando<\/strong> \u27a1 <span style=\"color: #0000ff;\"><a style=\"color: #0000ff;\" href=\"https:\/\/ladante.fr\/wp-content\/uploads\/2021\/02\/Danted\u00ec-bando-concorso.pdf\"><strong>clicca qui<\/strong><\/a><\/span><br \/>\n\u25fe\ufe0f Per la <strong>scheda di iscrizione<\/strong> \u27a1 <strong><a href=\"https:\/\/ladante.fr\/wp-content\/uploads\/2021\/02\/bulletin-dinscription-concours-Dante.pdf\"><span style=\"color: #0000ff;\">clicca qui<\/span><\/a><\/strong><\/p>\n<p>Buona fortuna a tutti! \ud83c\udf40<\/p>\n<p>Come indicato nel bando, <strong>il 22 marzo 2021 si sono chiuse le iscrizioni al Concorso \u201cDanted\u00ec\u201d Paris,<\/strong> promosso dal Consolato Generale d&rsquo;Italia a Parigi, in collaborazione con l&rsquo;Istituto Italiano di Cultura e organizzato dalla Dante Alighieri Comitato di Parigi, per studenti italianisti delle Acad\u00e9mies di Parigi, Cr\u00e9teil, Amiens, Lille, Orl\u00e9ans-Tours, Normandie sul tema \u201cStelle e pianeti in Dante\u201d. Ringraziamo per l&rsquo;ampia partecipazione gli insegnanti e gli studenti dei Licei Esabac, delle Sezioni internazionali italiane, della Scuola Statale Da Vinci, dei Coll\u00e8ges e delle Scuole Primarie che hanno presentato le proprie candidature al Concorso. Ricordiamo che la scadenza per l\u2019invio degli elaborati sul tema \u201cStelle e pianeti in Dante\u201d \u00e8 il 20 maggio 2021 e che i premi saranno consegnati ai vincitori nel corso di una cerimonia presso il Consolato Generale d&rsquo;Italia a Parigi nella seconda met\u00e0 di giugno 2021.<\/p>\n<p style=\"text-align: left;\">A l&rsquo;occasion du 700\u00e8me anniversaire de la mort de <strong>Dante Alighieri<\/strong>, le<strong> Consulat G\u00e9n\u00e9ral d&rsquo;Italie \u00e0 Paris<\/strong>, en collaboration avec l<strong>&lsquo;Institut Culturel Italien \u00e0 Paris<\/strong>, promeut la premi\u00e8re \u00e9dition du \u00ab\u00a0<strong><span style=\"color: #ba2222;\">Concours <em>Danted\u00ec<\/em> Paris<\/span><\/strong>\u00a0\u00bb organis\u00e9 par la<strong> Societ\u00e0 Dante Alighieri &#8211; Comit\u00e9 de Paris<\/strong>.<\/p>\n<p><strong><span style=\"color: #bf0b0b;\">QUI PEUT PARTICIPER <\/span><span style=\"color: #bf0b0b;\"><span style=\"color: #000000;\">\u2013 <\/span><\/span><\/strong>Le <strong>concours est ouvert aux \u00e9l\u00e8ves<\/strong> italianistes des \u00e9coles (classes de CM2), des coll\u00e8ges et des lyc\u00e8es des Acad\u00e9mies de Paris, Cr\u00e9teil, Versailles, Amiens, Lille, Orl\u00e9ans-Tours, Normandie et de l&rsquo;\u00c9cole d&rsquo;\u00c9tat \u00abLeonardo da Vinci\u00bb de Paris.<\/p>\n<p><strong><span style=\"color: #bf0b0b;\">POUR PARTICIPER<\/span>&nbsp;\u2013 <\/strong>Les participants, r\u00e9unis en groupes de 3-4 \u00e9tudiants sous la direction d&rsquo;un professeur-tuteur, devront pr\u00e9senter un <strong>article en italien<\/strong> (vid\u00e9o, audio, texte illustr\u00e9), sur le th\u00e8me \u00ab\u00a0<strong><i>Stelle e pianeti in Dante<\/i><\/strong>\u00ab\u00a0.<\/p>\n<p><strong><span style=\"color: #bf0b0b;\">POUR S&rsquo;INSCRIRE<\/span>&nbsp;\u2013&nbsp;<\/strong>Les \u00e9coles qui souhaitent participer doivent s&rsquo;inscrire avant le<strong><span style=\"color: #ba2222;\"> 22 mars 2021<\/span><\/strong>.<br \/>\nChaque \u00e9tablissement peut soumettre un maximum de 3 demandes par cat\u00e9gorie.<\/p>\n<p>Le <strong>25 mars 2021<\/strong> &#8211; lundi &#8211; pour c\u00e9l\u00e9brer la m\u00e9moire du po\u00e8te supr\u00eame, les \u00e9coles int\u00e9ress\u00e9es sont invit\u00e9es \u00e0 souligner leur participation au concours et \u00e0 organiser des \u00e9v\u00e9nements, des lectures et des flashmobs, en les partageant en ligne avec le hashtag #concorsodanteparigi<\/p>\n<p>Un jury d&rsquo;experts d\u00e9cidera du laur\u00e9at pour chaque cat\u00e9gorie, en soulignant l&rsquo;originalit\u00e9 et la richesse linguistique.<\/p>\n<p><strong><span style=\"color: #ba2222;\">LES PRIX &#8211; <span style=\"color: #000000;\">Le premier prix<\/span><\/span> <\/strong>attribu\u00e9 aux gagnants est <strong><span style=\"color: #ba2222;\">un voyage \u00e0 Ravenne<\/span><\/strong>, o\u00f9 Dante est rest\u00e9 longtemps pendant son exil et a \u00e9t\u00e9 enterr\u00e9. Les laur\u00e9ats participeront en tant que lecteurs \u00e0 l&rsquo;initiative \u00ab\u00a0L&rsquo;ora che volge il desio\u00a0\u00bb, une lecture perp\u00e9tuelle de la Divine Com\u00e9die devant le Tombeau de Dante, en collaboration avec la Municipalit\u00e9 de Ravenne.<\/p>\n<p>\u25fe\ufe0f Pour en savoir plus, <strong>t\u00e9l\u00e9charger le r\u00e8glement<\/strong> \u27a1 <span style=\"color: #0000ff;\"><a style=\"color: #0000ff;\" href=\"https:\/\/ladante.fr\/wp-content\/uploads\/2021\/02\/Danted\u00ec-bando-concorso.pdf\"><strong>cliquez ici<\/strong><\/a><\/span><\/p>\n<p>\u25fe\ufe0f Pour le <strong>formulaire d&rsquo;inscription<\/strong> \u27a1<span style=\"color: #000080;\"> <a style=\"color: #000080;\" href=\"https:\/\/ladante.fr\/wp-content\/uploads\/2021\/02\/bulletin-dinscription-concours-Dante.pdf\"><strong><span style=\"color: #0000ff;\">cliquez ici<\/span><\/strong><\/a><\/span><\/p>\n<p>Les inscriptions au concours \u201cDanted\u00ec\u201d Paris, promu par le Consulat G\u00e9n\u00e9ral d\u2019Italie \u00e0 Paris, en collaboration avec l\u2019Institut culturel italien et organis\u00e9 par la Dante Alighieri Comitato di Parigi, se sont closes le 22 mars 2021, comme indiqu\u00e9 dans le R\u00e8glement. Nous remercions les \u00e9tudiants italianistes des Acad\u00e9mies de Paris, Cr\u00e9teil, Amiens, Lille, Orl\u00e9ans-Tours et Normandie pour leurs nombreuses participations. Nous sommes \u00e9galement reconnaissants aux professeurs et \u00e9l\u00e8ves des lyc\u00e9es Esabac, des Sections internationales italiennes, de la Scuola Statale Da Vinci, des Coll\u00e8ges et des \u00c9coles primaires qui ont pr\u00e9sent\u00e9 leur candidature \u00e0 ce concours. Nous vous rappelons que la date limite de remise des travaux est le 20 mai et que les prix seront remis lors d&rsquo;une c\u00e9r\u00e9monie au Consulat G\u00e9n\u00e9ral d&rsquo;Italie \u00e0 Paris dans la seconde quinzaine de juin 2021.<\/p>\n<p>Contact : La Dante Paris<br \/>\n12 bis, rue S\u00e9dillot &#8211; 75007 Paris<br \/>\nparis@ladante.fr[\/vc_column_text][\/vc_column][\/vc_row]<\/p>\n","protected":false},"excerpt":{"rendered":"<p>[vc_row][vc_column][vc_column_text] CONCOURS \u00ab\u00a0DANTED\u00ec\u00a0\u00bb PARIS Pr\u00e8miere \u00e9dition \u00e0 l&rsquo;occasion du Septi\u00e8me Centenarire de la mort de Dante \u00ab\u00a0Lo bel pianeta che ad amar conforta\u00a0\u00bb I VINCITORI DELLA PRIMA EDIZIONE DEL CONCOURS \u00ab\u00a0DANTED\u00ec\u00a0\u00bb PARIS! In occasione del Settecentenario dalla morte di Dante Alighieri, la Societ\u00e0 Dante Alighieri &#8211; Comit\u00e9 de Paris organizza la prima edizione del \u201cConcours [&hellip;]<\/p>\n","protected":false},"author":1,"featured_media":4175,"parent":0,"menu_order":0,"comment_status":"closed","ping_status":"closed","template":"","meta":{"disable_featured_image":true,"_themeisle_gutenberg_block_has_review":false},"yoast_head":"<!-- This site is optimized with the Yoast SEO plugin v20.1 - https:\/\/yoast.com\/wordpress\/plugins\/seo\/ -->\n<title>CONCOURS DANTED\u00ec PARIS - La Dante - Comit\u00e9 de Paris<\/title>\n<meta name=\"description\" content=\"I vincitori della prima edizione del Concours &quot;Dantedi&quot; Paris. La premiazione del concorso si svolger\u00e0 il 25 giugno presso il Consolato Generale di Parigi.\" \/>\n<meta name=\"robots\" content=\"index, follow, max-snippet:-1, max-image-preview:large, max-video-preview:-1\" \/>\n<link rel=\"canonical\" href=\"https:\/\/ladante.fr\/paris\/concours-dantedi-paris\/\" \/>\n<meta property=\"og:locale\" content=\"fr_FR\" \/>\n<meta property=\"og:type\" content=\"article\" \/>\n<meta property=\"og:title\" content=\"I vincitori della del Concorso \u201cDanted\u00ec\u201d Paris\" \/>\n<meta property=\"og:description\" content=\"I vincitori della prima edizione del Concours &quot;Dantedi&quot; Paris. La premiazione del concorso si svolger\u00e0 il 25 giugno presso il Consolato Generale di Parigi e in diretta Facebook sulla pagina \u201cDante sept cents\u201d della rete diplomatica italiana in Francia.\" \/>\n<meta property=\"og:url\" content=\"https:\/\/ladante.fr\/paris\/concours-dantedi-paris\/\" \/>\n<meta property=\"og:site_name\" content=\"La Dante - Comit\u00e9 de Paris\" \/>\n<meta property=\"article:modified_time\" content=\"2021-06-09T13:58:12+00:00\" \/>\n<meta property=\"og:image\" content=\"https:\/\/ladante.fr\/wp-content\/uploads\/2021\/06\/CONCORSO-SL-vincitori-1.jpg\" \/>\n\t<meta property=\"og:image:width\" content=\"1554\" \/>\n\t<meta property=\"og:image:height\" content=\"1140\" \/>\n\t<meta property=\"og:image:type\" content=\"image\/jpeg\" \/>\n<meta name=\"twitter:card\" content=\"summary_large_image\" \/>\n<meta name=\"twitter:label1\" content=\"Dur\u00e9e de lecture estim\u00e9e\" \/>\n\t<meta name=\"twitter:data1\" content=\"7 minutes\" \/>\n<script type=\"application\/ld+json\" class=\"yoast-schema-graph\">{\"@context\":\"https:\/\/schema.org\",\"@graph\":[{\"@type\":\"WebPage\",\"@id\":\"https:\/\/ladante.fr\/paris\/concours-dantedi-paris\/\",\"url\":\"https:\/\/ladante.fr\/paris\/concours-dantedi-paris\/\",\"name\":\"CONCOURS DANTED\u00ec PARIS - La Dante - Comit\u00e9 de Paris\",\"isPartOf\":{\"@id\":\"https:\/\/ladante.fr\/paris\/#website\"},\"datePublished\":\"2021-02-12T14:29:25+00:00\",\"dateModified\":\"2021-06-09T13:58:12+00:00\",\"description\":\"I vincitori della prima edizione del Concours \\\"Dantedi\\\" Paris. La premiazione del concorso si svolger\u00e0 il 25 giugno presso il Consolato Generale di Parigi.\",\"breadcrumb\":{\"@id\":\"https:\/\/ladante.fr\/paris\/concours-dantedi-paris\/#breadcrumb\"},\"inLanguage\":\"fr-FR\",\"potentialAction\":[{\"@type\":\"ReadAction\",\"target\":[\"https:\/\/ladante.fr\/paris\/concours-dantedi-paris\/\"]}]},{\"@type\":\"BreadcrumbList\",\"@id\":\"https:\/\/ladante.fr\/paris\/concours-dantedi-paris\/#breadcrumb\",\"itemListElement\":[{\"@type\":\"ListItem\",\"position\":1,\"name\":\"Accueil\",\"item\":\"https:\/\/ladante.fr\/paris\/\"},{\"@type\":\"ListItem\",\"position\":2,\"name\":\"CONCOURS DANTED\u00ec PARIS\"}]},{\"@type\":\"WebSite\",\"@id\":\"https:\/\/ladante.fr\/paris\/#website\",\"url\":\"https:\/\/ladante.fr\/paris\/\",\"name\":\"La Dante - Comit\u00e9 de Paris\",\"description\":\"\",\"potentialAction\":[{\"@type\":\"SearchAction\",\"target\":{\"@type\":\"EntryPoint\",\"urlTemplate\":\"https:\/\/ladante.fr\/paris\/?s={search_term_string}\"},\"query-input\":\"required name=search_term_string\"}],\"inLanguage\":\"fr-FR\"}]}<\/script>\n<!-- \/ Yoast SEO plugin. -->","yoast_head_json":{"title":"CONCOURS DANTED\u00ec PARIS - La Dante - Comit\u00e9 de Paris","description":"I vincitori della prima edizione del Concours \"Dantedi\" Paris. La premiazione del concorso si svolger\u00e0 il 25 giugno presso il Consolato Generale di Parigi.","robots":{"index":"index","follow":"follow","max-snippet":"max-snippet:-1","max-image-preview":"max-image-preview:large","max-video-preview":"max-video-preview:-1"},"canonical":"https:\/\/ladante.fr\/paris\/concours-dantedi-paris\/","og_locale":"fr_FR","og_type":"article","og_title":"I vincitori della del Concorso \u201cDanted\u00ec\u201d Paris","og_description":"I vincitori della prima edizione del Concours \"Dantedi\" Paris. La premiazione del concorso si svolger\u00e0 il 25 giugno presso il Consolato Generale di Parigi e in diretta Facebook sulla pagina \u201cDante sept cents\u201d della rete diplomatica italiana in Francia.","og_url":"https:\/\/ladante.fr\/paris\/concours-dantedi-paris\/","og_site_name":"La Dante - Comit\u00e9 de Paris","article_modified_time":"2021-06-09T13:58:12+00:00","og_image":[{"width":1554,"height":1140,"url":"https:\/\/ladante.fr\/wp-content\/uploads\/2021\/06\/CONCORSO-SL-vincitori-1.jpg","type":"image\/jpeg"}],"twitter_card":"summary_large_image","twitter_misc":{"Dur\u00e9e de lecture estim\u00e9e":"7 minutes"},"schema":{"@context":"https:\/\/schema.org","@graph":[{"@type":"WebPage","@id":"https:\/\/ladante.fr\/paris\/concours-dantedi-paris\/","url":"https:\/\/ladante.fr\/paris\/concours-dantedi-paris\/","name":"CONCOURS DANTED\u00ec PARIS - La Dante - Comit\u00e9 de Paris","isPartOf":{"@id":"https:\/\/ladante.fr\/paris\/#website"},"datePublished":"2021-02-12T14:29:25+00:00","dateModified":"2021-06-09T13:58:12+00:00","description":"I vincitori della prima edizione del Concours \"Dantedi\" Paris. La premiazione del concorso si svolger\u00e0 il 25 giugno presso il Consolato Generale di Parigi.","breadcrumb":{"@id":"https:\/\/ladante.fr\/paris\/concours-dantedi-paris\/#breadcrumb"},"inLanguage":"fr-FR","potentialAction":[{"@type":"ReadAction","target":["https:\/\/ladante.fr\/paris\/concours-dantedi-paris\/"]}]},{"@type":"BreadcrumbList","@id":"https:\/\/ladante.fr\/paris\/concours-dantedi-paris\/#breadcrumb","itemListElement":[{"@type":"ListItem","position":1,"name":"Accueil","item":"https:\/\/ladante.fr\/paris\/"},{"@type":"ListItem","position":2,"name":"CONCOURS DANTED\u00ec PARIS"}]},{"@type":"WebSite","@id":"https:\/\/ladante.fr\/paris\/#website","url":"https:\/\/ladante.fr\/paris\/","name":"La Dante - Comit\u00e9 de Paris","description":"","potentialAction":[{"@type":"SearchAction","target":{"@type":"EntryPoint","urlTemplate":"https:\/\/ladante.fr\/paris\/?s={search_term_string}"},"query-input":"required name=search_term_string"}],"inLanguage":"fr-FR"}]}},"_links":{"self":[{"href":"https:\/\/ladante.fr\/paris\/wp-json\/wp\/v2\/pages\/4169"}],"collection":[{"href":"https:\/\/ladante.fr\/paris\/wp-json\/wp\/v2\/pages"}],"about":[{"href":"https:\/\/ladante.fr\/paris\/wp-json\/wp\/v2\/types\/page"}],"author":[{"embeddable":true,"href":"https:\/\/ladante.fr\/paris\/wp-json\/wp\/v2\/users\/1"}],"replies":[{"embeddable":true,"href":"https:\/\/ladante.fr\/paris\/wp-json\/wp\/v2\/comments?post=4169"}],"version-history":[{"count":18,"href":"https:\/\/ladante.fr\/paris\/wp-json\/wp\/v2\/pages\/4169\/revisions"}],"predecessor-version":[{"id":4321,"href":"https:\/\/ladante.fr\/paris\/wp-json\/wp\/v2\/pages\/4169\/revisions\/4321"}],"wp:featuredmedia":[{"embeddable":true,"href":"https:\/\/ladante.fr\/paris\/wp-json\/wp\/v2\/media\/4175"}],"wp:attachment":[{"href":"https:\/\/ladante.fr\/paris\/wp-json\/wp\/v2\/media?parent=4169"}],"curies":[{"name":"wp","href":"https:\/\/api.w.org\/{rel}","templated":true}]}}