{"id":43,"date":"2017-12-03T14:36:21","date_gmt":"2017-12-03T13:36:21","guid":{"rendered":"http:\/\/la-dante.fr\/?page_id=43"},"modified":"2025-12-16T17:26:56","modified_gmt":"2025-12-16T16:26:56","slug":"conseil-de-direction","status":"publish","type":"page","link":"https:\/\/ladante.fr\/paris\/conseil-de-direction\/","title":{"rendered":"CONSEIL DE DIRECTION"},"content":{"rendered":"<p>[vc_row][vc_column][vc_column_text]<\/p>\n<p style=\"margin-bottom: -1%; font-family: Helvetica, Arial, 'Open sans'; font-size: 2em; font-weight: 400; color: #bc432b; text-transform: uppercase; border-bottom: 2px solid #bc432b; text-align: left;\">CONSEIL DE DIRECTION<\/p>\n<p>[\/vc_column_text][vc_column_text css_animation=\u00a0\u00bbfadeIn\u00a0\u00bb]<\/p>\n<h4>Membres du Conseil de Direction \u00e9lus le 19 Juin 2025 :<\/h4>\n<table class=\"tab-bureau\" style=\"border: 1.8px solid #000;\" border=\"0\" cellspacing=\"2\" cellpadding=\"3\" align=\"left\">\n<tbody>\n<tr>\n<td width=\"230\" height=\"18\">Michele CANONICA<\/td>\n<td width=\"283\" height=\"18\"><em>Journaliste<\/em><\/td>\n<\/tr>\n<tr>\n<td width=\"230\" height=\"17\">Sabrina CERCHIARO<\/td>\n<td width=\"283\" height=\"17\"><em>Directeur de mission<\/em><\/td>\n<\/tr>\n<tr>\n<td width=\"230\">Roberto GIACONE<\/td>\n<td width=\"283\"><em>Professeur universitaire<\/em><\/td>\n<\/tr>\n<tr>\n<td width=\"230\">Marussa GRAVAGNUOLO<\/td>\n<td width=\"283\"><em>Galeriste d&rsquo;art contemporain<\/em><\/td>\n<\/tr>\n<tr>\n<td width=\"230\">Huguette HATEM<\/td>\n<td width=\"283\"><em>Traductrice<\/em><\/td>\n<\/tr>\n<tr>\n<td width=\"230\" height=\"13\">Lodovico LUCIOLLI<\/td>\n<td width=\"283\" height=\"13\"><em>Journaliste<\/em><\/td>\n<\/tr>\n<tr>\n<td width=\"230\" height=\"12\">Roberta MALAVASI<\/td>\n<td width=\"283\" height=\"12\"><em>Commissaire d&rsquo;expositions<\/em><\/td>\n<\/tr>\n<tr>\n<td width=\"230\" height=\"8\">Christian MASSET<\/td>\n<td width=\"283\" height=\"8\"><em>Ancien Ambassadeur<\/em><\/td>\n<\/tr>\n<tr>\n<td width=\"230\">Jena MUSITELLI<\/td>\n<td width=\"283\"><em>Ancien Ambassadeur<\/em><\/td>\n<\/tr>\n<tr>\n<td width=\"230\">Michel-Yves PERRIN<\/td>\n<td width=\"283\"><em>Directeur d&rsquo;Etudes \u00e0 l&rsquo;EPHE<\/em><\/td>\n<\/tr>\n<tr>\n<td width=\"230\" height=\"11\">Xavier POULET-GOFFARD<\/td>\n<td width=\"283\" height=\"11\"><em>Commissaire aux Comptes<\/em><\/td>\n<\/tr>\n<tr>\n<td width=\"230\">Bruno RACINE<\/td>\n<td width=\"283\"><em>Haut Fonctionnaire et \u00e9crivain fran\u00e7ais<\/em><\/td>\n<\/tr>\n<tr>\n<td width=\"230\">Florence RAUT<\/td>\n<td width=\"283\"><em>Responsable de LA LIBRERIA<\/em><\/td>\n<\/tr>\n<tr>\n<td width=\"230\">Paolo ROMANI<\/td>\n<td width=\"283\"><em>Journaliste<\/em><\/td>\n<\/tr>\n<tr>\n<td width=\"230\">Fabrizio Maria ROMANO<\/td>\n<td width=\"283\"><em>Avocat<\/em><\/td>\n<\/tr>\n<tr>\n<td width=\"230\">Elena ROSSI<\/td>\n<td width=\"283\"><em>Editrice et traductrice<\/em><\/td>\n<\/tr>\n<tr>\n<td width=\"230\">Giovanni SERAFINI<\/td>\n<td width=\"283\"><em>Journaliste<\/em><\/td>\n<\/tr>\n<tr>\n<td width=\"230\">Gennaro TOSCANO<\/td>\n<td width=\"283\"><em>Historien de l&rsquo;Art<\/em><\/td>\n<\/tr>\n<tr style=\"border: 1px solid #bc432b;\">\n<td width=\"230\">Anna VIVANTE<\/td>\n<td width=\"283\"><em>Arch\u00e9ologue et photographe<\/em><\/td>\n<\/tr>\n<tr>\n<td width=\"230\">Jacqueline ZANA VICTOR<\/td>\n<td width=\"283\">&nbsp;<em>Charg\u00e9e relations Paris-Rome dans le 13\u00e8me<\/em><\/td>\n<\/tr>\n<\/tbody>\n<\/table>\n<p>[\/vc_column_text][vc_empty_space height=\u00a0\u00bb1927px\u00a0\u00bb][\/vc_column][\/vc_row]<\/p>\n","protected":false},"excerpt":{"rendered":"<p>[vc_row][vc_column][vc_column_text] CONSEIL DE DIRECTION [\/vc_column_text][vc_column_text css_animation=\u00a0\u00bbfadeIn\u00a0\u00bb] Membres du Conseil de Direction \u00e9lus le 19 Juin 2025 : Michele CANONICA Journaliste Sabrina CERCHIARO Directeur de mission Roberto GIACONE Professeur universitaire Marussa GRAVAGNUOLO Galeriste d&rsquo;art contemporain Huguette HATEM Traductrice Lodovico LUCIOLLI Journaliste Roberta MALAVASI Commissaire d&rsquo;expositions Christian MASSET Ancien Ambassadeur Jena MUSITELLI Ancien Ambassadeur Michel-Yves PERRIN Directeur [&hellip;]<\/p>\n","protected":false},"author":4,"featured_media":0,"parent":0,"menu_order":0,"comment_status":"closed","ping_status":"closed","template":"","meta":{"disable_featured_image":false,"_themeisle_gutenberg_block_has_review":false},"yoast_head":"<!-- This site is optimized with the Yoast SEO plugin v20.1 - https:\/\/yoast.com\/wordpress\/plugins\/seo\/ -->\n<title>CONSEIL DE DIRECTION - La Dante - Comit\u00e9 de Paris<\/title>\n<meta name=\"robots\" content=\"index, follow, max-snippet:-1, max-image-preview:large, max-video-preview:-1\" \/>\n<link rel=\"canonical\" href=\"https:\/\/ladante.fr\/paris\/conseil-de-direction\/\" \/>\n<meta property=\"og:locale\" content=\"fr_FR\" \/>\n<meta property=\"og:type\" content=\"article\" \/>\n<meta property=\"og:title\" content=\"CONSEIL DE DIRECTION - La Dante - Comit\u00e9 de Paris\" \/>\n<meta property=\"og:description\" content=\"[vc_row][vc_column][vc_column_text] CONSEIL DE DIRECTION [\/vc_column_text][vc_column_text css_animation=\u00a0\u00bbfadeIn\u00a0\u00bb] Membres du Conseil de Direction \u00e9lus le 19 Juin 2025 : Michele CANONICA Journaliste Sabrina CERCHIARO Directeur de mission Roberto GIACONE Professeur universitaire Marussa GRAVAGNUOLO Galeriste d&rsquo;art contemporain Huguette HATEM Traductrice Lodovico LUCIOLLI Journaliste Roberta MALAVASI Commissaire d&rsquo;expositions Christian MASSET Ancien Ambassadeur Jena MUSITELLI Ancien Ambassadeur Michel-Yves PERRIN Directeur [&hellip;]\" \/>\n<meta property=\"og:url\" content=\"https:\/\/ladante.fr\/paris\/conseil-de-direction\/\" \/>\n<meta property=\"og:site_name\" content=\"La Dante - Comit\u00e9 de Paris\" \/>\n<meta property=\"article:modified_time\" content=\"2025-12-16T16:26:56+00:00\" \/>\n<meta name=\"twitter:card\" content=\"summary_large_image\" \/>\n<meta name=\"twitter:label1\" content=\"Dur\u00e9e de lecture estim\u00e9e\" \/>\n\t<meta name=\"twitter:data1\" content=\"1 minute\" \/>\n<script type=\"application\/ld+json\" class=\"yoast-schema-graph\">{\"@context\":\"https:\/\/schema.org\",\"@graph\":[{\"@type\":\"WebPage\",\"@id\":\"https:\/\/ladante.fr\/paris\/conseil-de-direction\/\",\"url\":\"https:\/\/ladante.fr\/paris\/conseil-de-direction\/\",\"name\":\"CONSEIL DE DIRECTION - La Dante - Comit\u00e9 de Paris\",\"isPartOf\":{\"@id\":\"https:\/\/ladante.fr\/paris\/#website\"},\"datePublished\":\"2017-12-03T13:36:21+00:00\",\"dateModified\":\"2025-12-16T16:26:56+00:00\",\"breadcrumb\":{\"@id\":\"https:\/\/ladante.fr\/paris\/conseil-de-direction\/#breadcrumb\"},\"inLanguage\":\"fr-FR\",\"potentialAction\":[{\"@type\":\"ReadAction\",\"target\":[\"https:\/\/ladante.fr\/paris\/conseil-de-direction\/\"]}]},{\"@type\":\"BreadcrumbList\",\"@id\":\"https:\/\/ladante.fr\/paris\/conseil-de-direction\/#breadcrumb\",\"itemListElement\":[{\"@type\":\"ListItem\",\"position\":1,\"name\":\"Accueil\",\"item\":\"https:\/\/ladante.fr\/paris\/\"},{\"@type\":\"ListItem\",\"position\":2,\"name\":\"CONSEIL DE DIRECTION\"}]},{\"@type\":\"WebSite\",\"@id\":\"https:\/\/ladante.fr\/paris\/#website\",\"url\":\"https:\/\/ladante.fr\/paris\/\",\"name\":\"La Dante - Comit\u00e9 de Paris\",\"description\":\"\",\"potentialAction\":[{\"@type\":\"SearchAction\",\"target\":{\"@type\":\"EntryPoint\",\"urlTemplate\":\"https:\/\/ladante.fr\/paris\/?s={search_term_string}\"},\"query-input\":\"required name=search_term_string\"}],\"inLanguage\":\"fr-FR\"}]}<\/script>\n<!-- \/ Yoast SEO plugin. -->","yoast_head_json":{"title":"CONSEIL DE DIRECTION - La Dante - Comit\u00e9 de Paris","robots":{"index":"index","follow":"follow","max-snippet":"max-snippet:-1","max-image-preview":"max-image-preview:large","max-video-preview":"max-video-preview:-1"},"canonical":"https:\/\/ladante.fr\/paris\/conseil-de-direction\/","og_locale":"fr_FR","og_type":"article","og_title":"CONSEIL DE DIRECTION - La Dante - Comit\u00e9 de Paris","og_description":"[vc_row][vc_column][vc_column_text] CONSEIL DE DIRECTION [\/vc_column_text][vc_column_text css_animation=\u00a0\u00bbfadeIn\u00a0\u00bb] Membres du Conseil de Direction \u00e9lus le 19 Juin 2025 : Michele CANONICA Journaliste Sabrina CERCHIARO Directeur de mission Roberto GIACONE Professeur universitaire Marussa GRAVAGNUOLO Galeriste d&rsquo;art contemporain Huguette HATEM Traductrice Lodovico LUCIOLLI Journaliste Roberta MALAVASI Commissaire d&rsquo;expositions Christian MASSET Ancien Ambassadeur Jena MUSITELLI Ancien Ambassadeur Michel-Yves PERRIN Directeur [&hellip;]","og_url":"https:\/\/ladante.fr\/paris\/conseil-de-direction\/","og_site_name":"La Dante - Comit\u00e9 de Paris","article_modified_time":"2025-12-16T16:26:56+00:00","twitter_card":"summary_large_image","twitter_misc":{"Dur\u00e9e de lecture estim\u00e9e":"1 minute"},"schema":{"@context":"https:\/\/schema.org","@graph":[{"@type":"WebPage","@id":"https:\/\/ladante.fr\/paris\/conseil-de-direction\/","url":"https:\/\/ladante.fr\/paris\/conseil-de-direction\/","name":"CONSEIL DE DIRECTION - La Dante - Comit\u00e9 de Paris","isPartOf":{"@id":"https:\/\/ladante.fr\/paris\/#website"},"datePublished":"2017-12-03T13:36:21+00:00","dateModified":"2025-12-16T16:26:56+00:00","breadcrumb":{"@id":"https:\/\/ladante.fr\/paris\/conseil-de-direction\/#breadcrumb"},"inLanguage":"fr-FR","potentialAction":[{"@type":"ReadAction","target":["https:\/\/ladante.fr\/paris\/conseil-de-direction\/"]}]},{"@type":"BreadcrumbList","@id":"https:\/\/ladante.fr\/paris\/conseil-de-direction\/#breadcrumb","itemListElement":[{"@type":"ListItem","position":1,"name":"Accueil","item":"https:\/\/ladante.fr\/paris\/"},{"@type":"ListItem","position":2,"name":"CONSEIL DE DIRECTION"}]},{"@type":"WebSite","@id":"https:\/\/ladante.fr\/paris\/#website","url":"https:\/\/ladante.fr\/paris\/","name":"La Dante - Comit\u00e9 de Paris","description":"","potentialAction":[{"@type":"SearchAction","target":{"@type":"EntryPoint","urlTemplate":"https:\/\/ladante.fr\/paris\/?s={search_term_string}"},"query-input":"required name=search_term_string"}],"inLanguage":"fr-FR"}]}},"_links":{"self":[{"href":"https:\/\/ladante.fr\/paris\/wp-json\/wp\/v2\/pages\/43"}],"collection":[{"href":"https:\/\/ladante.fr\/paris\/wp-json\/wp\/v2\/pages"}],"about":[{"href":"https:\/\/ladante.fr\/paris\/wp-json\/wp\/v2\/types\/page"}],"author":[{"embeddable":true,"href":"https:\/\/ladante.fr\/paris\/wp-json\/wp\/v2\/users\/4"}],"replies":[{"embeddable":true,"href":"https:\/\/ladante.fr\/paris\/wp-json\/wp\/v2\/comments?post=43"}],"version-history":[{"count":7,"href":"https:\/\/ladante.fr\/paris\/wp-json\/wp\/v2\/pages\/43\/revisions"}],"predecessor-version":[{"id":6692,"href":"https:\/\/ladante.fr\/paris\/wp-json\/wp\/v2\/pages\/43\/revisions\/6692"}],"wp:attachment":[{"href":"https:\/\/ladante.fr\/paris\/wp-json\/wp\/v2\/media?parent=43"}],"curies":[{"name":"wp","href":"https:\/\/api.w.org\/{rel}","templated":true}]}}