{"id":45,"date":"2017-12-03T14:36:21","date_gmt":"2017-12-03T13:36:21","guid":{"rendered":"http:\/\/la-dante.fr\/?page_id=45"},"modified":"2018-02-09T19:36:19","modified_gmt":"2018-02-09T18:36:19","slug":"autres-services-de-la-dante","status":"publish","type":"page","link":"https:\/\/ladante.fr\/paris\/autres-services-de-la-dante\/","title":{"rendered":"AUTRES SERVICES"},"content":{"rendered":"<p>[vc_row][vc_column][vc_column_text]<\/p>\n<p style=\"margin-bottom: -1%; font-family: Helvetica, Arial, 'Open sans'; font-size: 2em; font-weight: 400; color: #bc432b; text-transform: uppercase; border-bottom: 2px solid #bc432b; text-align: left;\">autres services de la dante<\/p>\n<p>[\/vc_column_text][vc_column_text css_animation=\u00a0\u00bbfadeIn\u00a0\u00bb]<\/p>\n<h5>Traduction<\/h5>\n<p>Le niveau, l\u2019exp\u00e9rience et les comp\u00e9tences de notre \u00e9quipe de traducteurs permet \u00e0 la Dante de Paris de vous garantir rapidit\u00e9 et rigueur professionnelle et ce, quelle que soit la traduction \u00e0 r\u00e9aliser\u00a0: juridique, administrative, commerciale, litt\u00e9raire, personnelle.<\/p>\n<p><strong>De l\u2019italien vers le fran\u00e7ais ou du fran\u00e7ais vers l\u2019italien.<\/strong><\/p>\n<hr style=\"border: 1px solid #bc432b;\" \/>\n<h5>S\u00e9jours linguistiques<\/h5>\n<p>Vous souhaitez suivre des cours d\u2019italien en Italie pendant l\u2019\u00e9t\u00e9\u00a0?<\/p>\n<p>Nous vous mettons en contact avec des\u00a0<strong>comit\u00e9s italiens de la Dante<\/strong>\u00a0ou des\u00a0<strong>\u00e9coles partenaires<\/strong>\u00a0en fonction de vos besoins\u00a0: niveau, p\u00e9riode, rythme des cours et\/ou des activit\u00e9s culturelles, h\u00e9bergement en famille, logement ind\u00e9pendant, etc. Le transport n\u2019est g\u00e9n\u00e9ralement pas inclus dans les tarifs qui nous sont fournis.<\/p>\n<hr style=\"border: 1px solid #bc432b;\" \/>\n<h5>Biblioth\u00e8que<\/h5>\n<p>La Dante de Paris dispose d\u2019une biblioth\u00e8que de 300 ouvrages neufs.<\/p>\n<h6 style=\"margin-left: 2%; font-size: 1em;\">Emprunts<\/h6>\n<ul>\n<li style=\"margin-left: 2.5%; font-size: 0.9em;\">Une pi\u00e8ce d\u2019identit\u00e9<\/li>\n<li style=\"margin-left: 2.5%; font-size: 0.9em;\">Un ch\u00e8que de caution de 20 \u20ac<\/li>\n<\/ul>\n<h6 style=\"margin-left: 2%; font-size: 1em;\">Dur\u00e9e<\/h6>\n<ul>\n<li style=\"margin-left: 2.5%; font-size: 0.9em;\">3 semaines<\/li>\n<li style=\"margin-left: 2.5%; font-size: 0.9em;\">Pr\u00eats renouvelables<\/li>\n<li style=\"margin-left: 2.5%; font-size: 0.9em;\">Des lectures correspondantes \u00e0 votre niveau peuvent vous \u00eatre propos\u00e9es<\/li>\n<\/ul>\n<h6 style=\"margin-left: 2%; font-size: 1em;\">Jours<\/h6>\n<ul>\n<li style=\"margin-left: 2.5%; font-size: 0.9em;\">Lundis et jeudis<\/li>\n<\/ul>\n<h6 style=\"margin-left: 2%; font-size: 1em;\">Horaires<\/h6>\n<ul>\n<li style=\"margin-left: 2.5%; font-size: 0.9em;\">De 11h \u00e0 17h sans interruption<\/li>\n<\/ul>\n<p>Possibilit\u00e9 de r\u00e9servation d\u2019un ouvrage par mail \u00e0\u00a0<a href=\"mailto:paris@ladante.fr\">paris@ladante.fr<\/a><\/p>\n<h6>Catalogue de la biblioth\u00e8que DA en ligne<\/h6>\n<p><em>&#8212; en cours de r\u00e9alisation &#8212;<\/em><\/p>\n<h6>Informations<\/h6>\n<p>T\u00e9l. : 01 47 05 16 26[\/vc_column_text][vc_empty_space height=\u00a0\u00bb822px\u00a0\u00bb][\/vc_column][\/vc_row]<\/p>\n","protected":false},"excerpt":{"rendered":"<p>[vc_row][vc_column][vc_column_text] autres services de la dante [\/vc_column_text][vc_column_text css_animation=\u00a0\u00bbfadeIn\u00a0\u00bb] Traduction Le niveau, l\u2019exp\u00e9rience et les comp\u00e9tences de notre \u00e9quipe de traducteurs permet \u00e0 la Dante de Paris de vous garantir rapidit\u00e9 et rigueur professionnelle et ce, quelle que soit la traduction \u00e0 r\u00e9aliser\u00a0: juridique, administrative, commerciale, litt\u00e9raire, personnelle. De l\u2019italien vers le fran\u00e7ais ou du fran\u00e7ais [&hellip;]<\/p>\n","protected":false},"author":4,"featured_media":0,"parent":0,"menu_order":0,"comment_status":"closed","ping_status":"closed","template":"","meta":{"disable_featured_image":false,"_themeisle_gutenberg_block_has_review":false},"yoast_head":"<!-- This site is optimized with the Yoast SEO plugin v20.1 - https:\/\/yoast.com\/wordpress\/plugins\/seo\/ -->\n<title>AUTRES SERVICES - La Dante - Comit\u00e9 de Paris<\/title>\n<meta name=\"robots\" content=\"index, follow, max-snippet:-1, max-image-preview:large, max-video-preview:-1\" \/>\n<link rel=\"canonical\" href=\"https:\/\/ladante.fr\/paris\/autres-services-de-la-dante\/\" \/>\n<meta property=\"og:locale\" content=\"fr_FR\" \/>\n<meta property=\"og:type\" content=\"article\" \/>\n<meta property=\"og:title\" content=\"AUTRES SERVICES - La Dante - Comit\u00e9 de Paris\" \/>\n<meta property=\"og:description\" content=\"[vc_row][vc_column][vc_column_text] autres services de la dante [\/vc_column_text][vc_column_text css_animation=\u00a0\u00bbfadeIn\u00a0\u00bb] Traduction Le niveau, l\u2019exp\u00e9rience et les comp\u00e9tences de notre \u00e9quipe de traducteurs permet \u00e0 la Dante de Paris de vous garantir rapidit\u00e9 et rigueur professionnelle et ce, quelle que soit la traduction \u00e0 r\u00e9aliser\u00a0: juridique, administrative, commerciale, litt\u00e9raire, personnelle. De l\u2019italien vers le fran\u00e7ais ou du fran\u00e7ais [&hellip;]\" \/>\n<meta property=\"og:url\" content=\"https:\/\/ladante.fr\/paris\/autres-services-de-la-dante\/\" \/>\n<meta property=\"og:site_name\" content=\"La Dante - Comit\u00e9 de Paris\" \/>\n<meta property=\"article:modified_time\" content=\"2018-02-09T18:36:19+00:00\" \/>\n<meta name=\"twitter:card\" content=\"summary_large_image\" \/>\n<meta name=\"twitter:label1\" content=\"Dur\u00e9e de lecture estim\u00e9e\" \/>\n\t<meta name=\"twitter:data1\" content=\"1 minute\" \/>\n<script type=\"application\/ld+json\" class=\"yoast-schema-graph\">{\"@context\":\"https:\/\/schema.org\",\"@graph\":[{\"@type\":\"WebPage\",\"@id\":\"https:\/\/ladante.fr\/paris\/autres-services-de-la-dante\/\",\"url\":\"https:\/\/ladante.fr\/paris\/autres-services-de-la-dante\/\",\"name\":\"AUTRES SERVICES - La Dante - Comit\u00e9 de Paris\",\"isPartOf\":{\"@id\":\"https:\/\/ladante.fr\/paris\/#website\"},\"datePublished\":\"2017-12-03T13:36:21+00:00\",\"dateModified\":\"2018-02-09T18:36:19+00:00\",\"breadcrumb\":{\"@id\":\"https:\/\/ladante.fr\/paris\/autres-services-de-la-dante\/#breadcrumb\"},\"inLanguage\":\"fr-FR\",\"potentialAction\":[{\"@type\":\"ReadAction\",\"target\":[\"https:\/\/ladante.fr\/paris\/autres-services-de-la-dante\/\"]}]},{\"@type\":\"BreadcrumbList\",\"@id\":\"https:\/\/ladante.fr\/paris\/autres-services-de-la-dante\/#breadcrumb\",\"itemListElement\":[{\"@type\":\"ListItem\",\"position\":1,\"name\":\"Accueil\",\"item\":\"https:\/\/ladante.fr\/paris\/\"},{\"@type\":\"ListItem\",\"position\":2,\"name\":\"AUTRES SERVICES\"}]},{\"@type\":\"WebSite\",\"@id\":\"https:\/\/ladante.fr\/paris\/#website\",\"url\":\"https:\/\/ladante.fr\/paris\/\",\"name\":\"La Dante - Comit\u00e9 de Paris\",\"description\":\"\",\"potentialAction\":[{\"@type\":\"SearchAction\",\"target\":{\"@type\":\"EntryPoint\",\"urlTemplate\":\"https:\/\/ladante.fr\/paris\/?s={search_term_string}\"},\"query-input\":\"required name=search_term_string\"}],\"inLanguage\":\"fr-FR\"}]}<\/script>\n<!-- \/ Yoast SEO plugin. -->","yoast_head_json":{"title":"AUTRES SERVICES - La Dante - Comit\u00e9 de Paris","robots":{"index":"index","follow":"follow","max-snippet":"max-snippet:-1","max-image-preview":"max-image-preview:large","max-video-preview":"max-video-preview:-1"},"canonical":"https:\/\/ladante.fr\/paris\/autres-services-de-la-dante\/","og_locale":"fr_FR","og_type":"article","og_title":"AUTRES SERVICES - La Dante - Comit\u00e9 de Paris","og_description":"[vc_row][vc_column][vc_column_text] autres services de la dante [\/vc_column_text][vc_column_text css_animation=\u00a0\u00bbfadeIn\u00a0\u00bb] Traduction Le niveau, l\u2019exp\u00e9rience et les comp\u00e9tences de notre \u00e9quipe de traducteurs permet \u00e0 la Dante de Paris de vous garantir rapidit\u00e9 et rigueur professionnelle et ce, quelle que soit la traduction \u00e0 r\u00e9aliser\u00a0: juridique, administrative, commerciale, litt\u00e9raire, personnelle. De l\u2019italien vers le fran\u00e7ais ou du fran\u00e7ais [&hellip;]","og_url":"https:\/\/ladante.fr\/paris\/autres-services-de-la-dante\/","og_site_name":"La Dante - Comit\u00e9 de Paris","article_modified_time":"2018-02-09T18:36:19+00:00","twitter_card":"summary_large_image","twitter_misc":{"Dur\u00e9e de lecture estim\u00e9e":"1 minute"},"schema":{"@context":"https:\/\/schema.org","@graph":[{"@type":"WebPage","@id":"https:\/\/ladante.fr\/paris\/autres-services-de-la-dante\/","url":"https:\/\/ladante.fr\/paris\/autres-services-de-la-dante\/","name":"AUTRES SERVICES - La Dante - Comit\u00e9 de Paris","isPartOf":{"@id":"https:\/\/ladante.fr\/paris\/#website"},"datePublished":"2017-12-03T13:36:21+00:00","dateModified":"2018-02-09T18:36:19+00:00","breadcrumb":{"@id":"https:\/\/ladante.fr\/paris\/autres-services-de-la-dante\/#breadcrumb"},"inLanguage":"fr-FR","potentialAction":[{"@type":"ReadAction","target":["https:\/\/ladante.fr\/paris\/autres-services-de-la-dante\/"]}]},{"@type":"BreadcrumbList","@id":"https:\/\/ladante.fr\/paris\/autres-services-de-la-dante\/#breadcrumb","itemListElement":[{"@type":"ListItem","position":1,"name":"Accueil","item":"https:\/\/ladante.fr\/paris\/"},{"@type":"ListItem","position":2,"name":"AUTRES SERVICES"}]},{"@type":"WebSite","@id":"https:\/\/ladante.fr\/paris\/#website","url":"https:\/\/ladante.fr\/paris\/","name":"La Dante - Comit\u00e9 de Paris","description":"","potentialAction":[{"@type":"SearchAction","target":{"@type":"EntryPoint","urlTemplate":"https:\/\/ladante.fr\/paris\/?s={search_term_string}"},"query-input":"required name=search_term_string"}],"inLanguage":"fr-FR"}]}},"_links":{"self":[{"href":"https:\/\/ladante.fr\/paris\/wp-json\/wp\/v2\/pages\/45"}],"collection":[{"href":"https:\/\/ladante.fr\/paris\/wp-json\/wp\/v2\/pages"}],"about":[{"href":"https:\/\/ladante.fr\/paris\/wp-json\/wp\/v2\/types\/page"}],"author":[{"embeddable":true,"href":"https:\/\/ladante.fr\/paris\/wp-json\/wp\/v2\/users\/4"}],"replies":[{"embeddable":true,"href":"https:\/\/ladante.fr\/paris\/wp-json\/wp\/v2\/comments?post=45"}],"version-history":[{"count":1,"href":"https:\/\/ladante.fr\/paris\/wp-json\/wp\/v2\/pages\/45\/revisions"}],"predecessor-version":[{"id":1912,"href":"https:\/\/ladante.fr\/paris\/wp-json\/wp\/v2\/pages\/45\/revisions\/1912"}],"wp:attachment":[{"href":"https:\/\/ladante.fr\/paris\/wp-json\/wp\/v2\/media?parent=45"}],"curies":[{"name":"wp","href":"https:\/\/api.w.org\/{rel}","templated":true}]}}