{"id":469,"date":"2017-12-19T09:43:51","date_gmt":"2017-12-19T08:43:51","guid":{"rendered":"http:\/\/la-dante.fr\/?page_id=469"},"modified":"2018-02-15T19:56:52","modified_gmt":"2018-02-15T18:56:52","slug":"cours-entreprises","status":"publish","type":"page","link":"https:\/\/ladante.fr\/paris\/cours-entreprises\/","title":{"rendered":"COURS ENTREPRISES"},"content":{"rendered":"<p>[vc_row][vc_column][vc_column_text]<\/p>\n<p style=\"margin-bottom: -1%; font-family: Helvetica, Arial, 'Open sans'; font-size: 2em; font-weight: 400; color: #bc432b; text-transform: uppercase; border-bottom: 2px solid #bc432b; text-align: left;\">formation en italien<\/p>\n<p>[\/vc_column_text][vc_column_text css_animation=\u00a0\u00bbfadeIn\u00a0\u00bb]<\/p>\n<h4><strong>Cours collectifs ou individuels &#8211; Intra ou Inter &#8211; Tous niveaux<\/strong><\/h4>\n<h6>Vous \u00eates chef d&rsquo;entreprise, DRH, profession lib\u00e9rale, collaborateur, responsable de formation ?<\/h6>\n<h6>Vous \u00eates sensibilis\u00e9 aux \u00e9changes franco-italiens ?<\/h6>\n<h5 style=\"text-align: center; text-transform: uppercase;\">D\u00e9couvrez l&rsquo;offre de formation en langue italienne de La Dante.<\/h5>\n<p>[\/vc_column_text][vc_tta_tabs style=\u00a0\u00bbmodern\u00a0\u00bb color=\u00a0\u00bbjuicy-pink\u00a0\u00bb active_section=\u00a0\u00bb1&Prime;][vc_tta_section title=\u00a0\u00bbINSCRIPTIONS\u00a0\u00bb tab_id=\u00a0\u00bb1516287596009-57d23035-ac39&Prime;]\n<div class=\"wpcf7 no-js\" id=\"wpcf7-f1397-o1\" lang=\"fr-FR\" dir=\"ltr\">\n<div class=\"screen-reader-response\"><p role=\"status\" aria-live=\"polite\" aria-atomic=\"true\"><\/p> <ul><\/ul><\/div>\n<form action=\"\/paris\/wp-json\/wp\/v2\/pages\/469#wpcf7-f1397-o1\" method=\"post\" class=\"wpcf7-form init\" aria-label=\"Formulaire de contact\" novalidate=\"novalidate\" data-status=\"init\">\n<div style=\"display: none;\">\n<input type=\"hidden\" name=\"_wpcf7\" value=\"1397\" \/>\n<input type=\"hidden\" name=\"_wpcf7_version\" value=\"5.7.4\" \/>\n<input type=\"hidden\" name=\"_wpcf7_locale\" value=\"fr_FR\" \/>\n<input type=\"hidden\" name=\"_wpcf7_unit_tag\" value=\"wpcf7-f1397-o1\" \/>\n<input type=\"hidden\" name=\"_wpcf7_container_post\" value=\"0\" \/>\n<input type=\"hidden\" name=\"_wpcf7_posted_data_hash\" value=\"\" \/>\n<\/div>\n<!--<form style=\"color :#000; background-color: #A8A8A8;\">-->\n<div style=\"border: 1px solid #000; margin: 2%; padding: 1.5%;\">\n\t<p style=\"text-align: center; font-size: 1.2em; font-weight: 900;\">FORMULAIRE D'INSCRIPTION*\n\t<\/p>\n\t<p style=\"width: 50%\"><label style=\"color:#000; font-weight: 800; margin: 10px auto\"><br \/>\n<span>Nom (obligatoire)<\/span><br \/>\n<span class=\"wpcf7-form-control-wrap\" data-name=\"your-name\"><input size=\"40\" class=\"wpcf7-form-control wpcf7-text wpcf7-validates-as-required\" aria-required=\"true\" aria-invalid=\"false\" value=\"\" type=\"text\" name=\"your-name\" \/><\/span><\/label>\n\t<\/p>\n\t<p style=\"width: 50%\"><label style=\"color:#000; font-weight: 800;\"><br \/>\n<span>Pr\u00e9nom (obligatoire)<\/span><br \/>\n<span class=\"wpcf7-form-control-wrap\" data-name=\"your-name\"><input size=\"40\" class=\"wpcf7-form-control wpcf7-text wpcf7-validates-as-required\" aria-required=\"true\" aria-invalid=\"false\" value=\"\" type=\"text\" name=\"your-name\" \/><\/span><\/label>\n\t<\/p>\n\t<p><br \/>\n<label style=\"color:#000; font-weight: 800; margin: 10px auto\"><br \/>\n<span>N\u00e9(e) le (facultatif)<\/span><br \/>\n<span class=\"wpcf7-form-control-wrap\" data-name=\"date-958\"><input class=\"wpcf7-form-control wpcf7-date wpcf7-validates-as-date\" aria-invalid=\"false\" value=\"\" type=\"date\" name=\"date-958\" \/><\/span><br \/>\n<\/label><br \/>\n<label style=\"color:#000; font-weight: 800; margin: 10px auto\"><br \/>\n<span>A (facultatif)<\/span><br \/>\n<span class=\"wpcf7-form-control-wrap\" data-name=\"text-489\"><input size=\"40\" class=\"wpcf7-form-control wpcf7-text\" aria-invalid=\"false\" value=\"\" type=\"text\" name=\"text-489\" \/><\/span><br \/>\n<\/label>\n\t<\/p>\n\t<div style=\"display: inline; width: 100%;\">\n\t\t<p><label style=\"color:#000; font-weight: 800;\"> Portable (obligatoire)<br \/>\n<span class=\"wpcf7-form-control-wrap\" data-name=\"tel-578\"><input size=\"40\" class=\"wpcf7-form-control wpcf7-text wpcf7-tel wpcf7-validates-as-required wpcf7-validates-as-tel\" aria-required=\"true\" aria-invalid=\"false\" value=\"\" type=\"tel\" name=\"tel-578\" \/><\/span><\/label>\n\t\t<\/p>\n\t<\/div>\n\t<div style=\"display: inline; width: 100%;\">\n\t\t<p><label style=\"color:#000; font-weight: 800;\"> E-mail (obligatoire)<br \/>\n<span class=\"wpcf7-form-control-wrap\" data-name=\"your-email\"><input size=\"40\" class=\"wpcf7-form-control wpcf7-text wpcf7-email wpcf7-validates-as-required wpcf7-validates-as-email\" aria-required=\"true\" aria-invalid=\"false\" value=\"\" type=\"email\" name=\"your-email\" \/><\/span> <\/label>\n\t\t<\/p>\n\t<\/div>\n\t<div style=\"display: inline; width: 100%;\">\n\t\t<p><label style=\"color:#000; font-weight: 800;\">Adresse (facultatif)<br \/>\n<span class=\"wpcf7-form-control-wrap\" data-name=\"text-881\"><input size=\"40\" class=\"wpcf7-form-control wpcf7-text\" aria-invalid=\"false\" value=\"\" type=\"text\" name=\"text-881\" \/><\/span> <\/label>\n\t\t<\/p>\n\t<\/div>\n\t<p><label style=\"color:#000; font-weight: 800;\">Code Postal (facultatif)<br \/>\n<span class=\"wpcf7-form-control-wrap\" data-name=\"number-83\"><input class=\"wpcf7-form-control wpcf7-number wpcf7-validates-as-number\" aria-invalid=\"false\" value=\"\" type=\"number\" name=\"number-83\" \/><\/span> <\/label>\n\t<\/p>\n\t<p>&nbsp;\n\t<\/p>\n\t<div style=\"display: inline; position: relative; float: left; width:100%; margin-bottom: 20px\">\n\t\t<p><label style=\"color:#000; font-weight: 800;\">Ville (facultatif)<br \/>\n<span class=\"wpcf7-form-control-wrap\" data-name=\"text-489\"><input size=\"40\" class=\"wpcf7-form-control wpcf7-text\" aria-invalid=\"false\" value=\"\" type=\"text\" name=\"text-489\" \/><\/span><\/label>\n\t\t<\/p>\n\t<\/div>\n\t<p>&nbsp;\n\t<\/p>\n\t<div style=\"display: inline; width:100%\">\n\t\t<p><label style=\"color:#000; font-weight: 800;\">Cours choisi<sup>1<\/sup><br \/>\n<span class=\"wpcf7-form-control-wrap\" data-name=\"menu-426\"><select class=\"wpcf7-form-control wpcf7-select wpcf7-validates-as-required\" aria-required=\"true\" aria-invalid=\"false\" name=\"menu-426\"><option value=\"\">&#8212;Veuillez choisir une option&#8212;<\/option><option value=\"Niveau A1\">Niveau A1<\/option><option value=\"Niveau A2\">Niveau A2<\/option><option value=\"Niveau B1\">Niveau B1<\/option><option value=\"Niveau B2\">Niveau B2<\/option><option value=\"Niveau C1\">Niveau C1<\/option><option value=\"Niveau C2\">Niveau C2<\/option><option value=\"Litt\u00e9rature\">Litt\u00e9rature<\/option><option value=\"Ville\">Ville<\/option><option value=\"Traduction\">Traduction<\/option><option value=\"Conf\u00e9rence\">Conf\u00e9rence<\/option><option value=\"RS\">RS<\/option><\/select><\/span><\/label>\n\t\t<\/p>\n\t<\/div>\n\t<div style=\"display: inline; width:100%\">\n\t\t<p><label style=\"color:#000; font-weight: 800;\">Tarifs adh\u00e9sion<sup>2<\/sup><br \/>\n<span class=\"wpcf7-form-control-wrap\" data-name=\"menu-249\"><select class=\"wpcf7-form-control wpcf7-select wpcf7-validates-as-required\" aria-required=\"true\" aria-invalid=\"false\" name=\"menu-249\"><option value=\"\">&#8212;Veuillez choisir une option&#8212;<\/option><option value=\"10 \u20ac (-18 ans)\">10 \u20ac (-18 ans)<\/option><option value=\"15 \u20ac (18-26 ans)\">15 \u20ac (18-26 ans)<\/option><option value=\"35 \u20ac (+26 ans)\">35 \u20ac (+26 ans)<\/option><\/select><\/span><\/label>\n\t\t<\/p>\n\t<\/div>\n\t<div style=\"display: inline; width:100%\">\n\t\t<p><label style=\"color:#000; font-weight: 800;\">Tarifs des cours<sup>3<\/sup><br \/>\n<span class=\"wpcf7-form-control-wrap\" data-name=\"menu-348\"><select class=\"wpcf7-form-control wpcf7-select wpcf7-validates-as-required\" aria-required=\"true\" aria-invalid=\"false\" name=\"menu-348\"><option value=\"20 heures - 350 \u20ac\">20 heures - 350 \u20ac<\/option><option value=\"40 heures - 635 \u20ac\">40 heures - 635 \u20ac<\/option><option value=\"80 heures - 1135 \u20ac\">80 heures - 1135 \u20ac<\/option><\/select><\/span><\/label>\n\t\t<\/p>\n\t<\/div>\n\t<div style=\"display: inline; width:100%\">\n\t\t<p><label style=\"color:#000; font-weight: 800;\">Inscription via CPF ?<sup>4<\/sup><br \/>\n<span class=\"wpcf7-form-control-wrap\" data-name=\"menu-348\"><select class=\"wpcf7-form-control wpcf7-select wpcf7-validates-as-required\" aria-required=\"true\" aria-invalid=\"false\" name=\"menu-348\"><option value=\"NO, je ne souhaite pas utiliser mon CPF\">NO, je ne souhaite pas utiliser mon CPF<\/option><option value=\"Adh\u00e9sion + 40 heures 600 \u20ac + DCL (obligatoire) 130\u20ac\">Adh\u00e9sion + 40 heures 600 \u20ac + DCL (obligatoire) 130\u20ac<\/option><option value=\"Adh\u00e9sion + 80 heures 1100 \u20ac + DCL (obligatoire) 130\u20ac\">Adh\u00e9sion + 80 heures 1100 \u20ac + DCL (obligatoire) 130\u20ac<\/option><option value=\"Cours individuels \u00e0 la carte + DCL (obligatoire) 130\u20ac\">Cours individuels \u00e0 la carte + DCL (obligatoire) 130\u20ac<\/option><\/select><\/span><\/label>\n\t\t<\/p>\n\t<\/div>\n\t<p>&nbsp;<br \/>\n&nbsp;\n\t<\/p>\n\t<p style=\"font-size: 0.8em;\"><sup>1<\/sup>Des tests sont \u00e0 pr\u00e9voir pour d\u00e9finir le niveau de cours. Niveau A1 = D\u00e9butant.<br \/>\n<sup>2<\/sup>L'adh\u00e9sion, valable un an de date \u00e0 date, couvre deux sessions de cours cons\u00e9cutives (deux semestres).<br \/>\n<sup>3<\/sup>20 heures = 1 cours pour un semestre (1h30 chaque semaine, voir le calendrier).<br \/>\n40 heures = 1 cours pour l'ann\u00e9e ou 2 cours \/ cours intensif pour un semestre (3h chaque semaine, voir le calendrier).<br \/>\n<sup>4<\/sup>Pour l'inscription via CPF, l'examen DCL est obligatoire \u00e0 la fin du cours. Cet examen aura lieu \u00e0 des dates et lieux non d\u00e9cid\u00e9s par La Dante de Paris.\n\t<\/p>\n\t<p><sup><label style=\"color:#000; font-weight: 800;\">*<\/label><\/sup><label style=\"color:#000; font-weight: 800;\">Votre formulaire est envoy\u00e9 automatiquement. Vous serez contact\u00e9 par mail et \/ ou par t\u00e9l\u00e9phone dans un d\u00e9lai de 5 jours.<\/label>\n\t<\/p>\n\t<div style=\"position: relative; float: right; margin-top: -6%;\">\n\t\t<p><input class=\"wpcf7-form-control has-spinner wpcf7-submit\" type=\"submit\" value=\"Envoyer\" \/>\n\t\t<\/p>\n\t<\/div>\n<\/div>\n<!--<\/form>--><div class=\"wpcf7-response-output\" aria-hidden=\"true\"><\/div>\n<\/form>\n<\/div>\n[\/vc_tta_section][vc_tta_section title=\u00a0\u00bbNOTRE EXPERTISE\u00a0\u00bb tab_id=\u00a0\u00bb1513608427710-ee53a584-4857&Prime;][vc_column_text]<\/p>\n<h5>Nos r\u00e9f\u00e9rences<\/h5>\n<p><strong>Pionni\u00e8re dans le domaine de l&rsquo;enseignement de l&rsquo;italien<\/strong>, La Dante compte aujourd&rsquo;hui\u00a0500 comit\u00e9s dans 80 pays.<\/p>\n<p>A Paris, La Dante accompagne depuis plus de 110 ans les relations culturelles et commerciales franco-italiennes par le biais de formations linguistiques et interculturelles.<\/p>\n<h6>Enqu\u00eate de satisfaction, f\u00e9vrier 2016<\/h6>\n<p><strong>Comment avez-vous connu la Dante ?<\/strong><br \/>\n&#8211; r\u00e9putation (34,8 %)<br \/>\n&#8211; un ami (33,5 %)<br \/>\n&#8211; internet (23,2 %)<\/p>\n<p><strong>De la Dante, vous aimez ?<\/strong><br \/>\n&#8211; qualit\u00e9 des professeurs (36,9%)<br \/>\n&#8211; comp\u00e9tence (32,3%)<br \/>\n&#8211; italianit\u00e9 (12,8%)<br \/>\n<strong>Ils nous ont r\u00e9cemment fait confiance :<\/strong><\/p>\n<p>Cartier, Ambassade de l&rsquo;Etat du Qatar, ESA (European Spatial Agency), Istituto Marangoni, France T\u00e9l\u00e9visions, KIKO, Canal+, Les Galeries Lafayettes, Minist\u00e8re de la D\u00e9fense, ORCOM Euraudit, Soparco, Tectona, Teuco, Vipharm.<\/p>\n<h5>Nos formations<\/h5>\n<p><strong>Niveaux<\/strong><\/p>\n<p>Nos six niveaux sont bas\u00e9s sur l\u2019<strong>acquisition de comp\u00e9tences<\/strong>\u00a0et vont du d\u00e9butant complet A1 au sup\u00e9rieur C2.<\/p>\n<p>Un test de positionnement gratuit est propos\u00e9 aux non d\u00e9butants.<\/p>\n<p><strong>Italien g\u00e9n\u00e9ral<\/strong><\/p>\n<ul>\n<li>D\u00e9butant A1<\/li>\n<li>Faux-d\u00e9butant A2<\/li>\n<li>Interm\u00e9diaire B1<\/li>\n<li>Interm\u00e9diaire B2<\/li>\n<li>Avanc\u00e9 C1<\/li>\n<li>Sup\u00e9rieur C2<\/li>\n<\/ul>\n<p><strong>Italien de sp\u00e9cialit\u00e9\u00a0<\/strong><\/p>\n<ul>\n<li>Italien des affaires<\/li>\n<li>N\u00e9gociation interculturelle franco-italienne<\/li>\n<li>Italien de sp\u00e9cialit\u00e9\u00a0: comptabilit\u00e9, finance, mode, droit, architecture<\/li>\n<li>Pratique de l\u2019oral<\/li>\n<li>Pratique de l\u2019\u00e9crit<\/li>\n<li>Histoire des arts, litt\u00e9rature, histoire de la litt\u00e9rature, cin\u00e9ma, cuisine,\u00a0<a style=\"color: #bc432b;\" title=\"Cours Particuliers\" href=\"http:\/\/ladante.fr\/cours-italien\/cours-particuliers\">formation inter<\/a><\/li>\n<li>Pr\u00e9paration des certifications PLIDA<\/li>\n<\/ul>\n<h5>Nos garanties<\/h5>\n<p>Nous certifions le niveau atteint.<\/p>\n<p><strong>Inscription \u00e0 1 certification PLIDA offerte \u00e0 partir de 120h de formation \u00e0 La Dante de Paris.<\/strong><\/p>\n<p>Les certifications PLIDA sont d\u00e9livr\u00e9es par le si\u00e8ge central de La Dante (la Societ\u00e0 Dante Alighieri) et l\u2019Universit\u00e9 La Sapienza de Rome et ont re\u00e7u le Label Qualit\u00e9 CLIQ &#8211; Certificazione Lingua Italiana di Qualit\u00e0 &#8211; du Minist\u00e8re des Affaires Etrang\u00e8res.[\/vc_column_text][\/vc_tta_section][vc_tta_section title=\u00a0\u00bbNOTRE ORGANISATION\u00a0\u00bb tab_id=\u00a0\u00bb1513608427685-cef4c017-5195&Prime;][vc_column_text]<\/p>\n<h5>Administratif<\/h5>\n<p>Les formations intra de la Dante\u00a0:<\/p>\n<ul>\n<li>privil\u00e9gient vos besoins<\/li>\n<li>s&rsquo;adaptent aux dispositifs\u00a0de formation<\/li>\n<li>peuvent \u00eatre financ\u00e9es par les OPCA (AFDAS, Agefos PME, FIAFEC, FORCO\u2026)<\/li>\n<li>sont compatibles avec le D.I.F (Droit Individuel \u00e0 la Formation)<\/li>\n<\/ul>\n<p>Enregistrement n\u00b0 11 75 41694 75<\/p>\n<h5>P\u00e9dagogique<\/h5>\n<p>Evaluation du niveau de d\u00e9part<\/p>\n<p>Devis, convention et programme personnalis\u00e9<\/p>\n<p>Comptes-rendus de cours<\/p>\n<p>Bilan p\u00e9dagogique<\/p>\n<p>Attestation de fin de formation[\/vc_column_text][\/vc_tta_section][vc_tta_section title=\u00a0\u00bbNOS POINTS FORTS\u00a0\u00bb tab_id=\u00a0\u00bb1513608511533-f8a53013-1a9a\u00a0\u00bb][vc_column_text]<\/p>\n<h5>Nous mettons \u00e0 votre disposition<\/h5>\n<ul>\n<li>des professeurs de langue maternelle italienne hautement qualifi\u00e9s<\/li>\n<li>notre exp\u00e9rience de la formation intra et inter<\/li>\n<li>nos locaux au sein du Lyc\u00e9e italien de Paris (dans le 7<sup>\u00e8me<\/sup>)<\/li>\n<li>notre ouverture au monde de l\u2019entreprise<\/li>\n<\/ul>\n<p><strong>L&rsquo;enseignement de l\u2019italien est notre sp\u00e9cialit\u00e9<\/strong><\/p>\n<p>&nbsp;<\/p>\n<h5>Notre m\u00e9thode<\/h5>\n<ul>\n<li>Un objectif prioritaire\u00a0: pratiquer l\u2019italien<\/li>\n<li>Une progression claire en 6 niveaux<\/li>\n<li>Des cours dispens\u00e9s exclusivement en italien<\/li>\n<li>Des contenus adapt\u00e9s et des exercices cibl\u00e9s de mises en situations<\/li>\n<\/ul>\n<p><strong>En cours particuliers<\/strong><\/p>\n<ul>\n<li>Une prise en compte de votre mode d\u2019apprentissage<\/li>\n<li>Un parcours p\u00e9dagogique personnalis\u00e9<\/li>\n<li>Des formules et un planning \u00e0 la carte<\/li>\n<li>Des cours en face \u00e0 face, visioconf\u00e9rences ou par t\u00e9l\u00e9phone<\/li>\n<\/ul>\n<p>[\/vc_column_text][\/vc_tta_section][vc_tta_section title=\u00a0\u00bbNOS TARIFS\u00a0\u00bb tab_id=\u00a0\u00bb1513608545347-efea9f30-38ce\u00a0\u00bb][vc_column_text]<\/p>\n<h5>Demander un devis<\/h5>\n<p>Contactez notre responsable p\u00e9dagogique\u00a0:<\/p>\n<p><strong>01 47 05 16 26<\/strong>\u00a0ou\u00a0<a href=\"mailto:paris@ladante.fr\">paris@ladante.fr<\/a><br \/>\n<strong>La Dante de Paris<\/strong><br \/>\n12 bis, rue S\u00e9dillot<br \/>\n75007 Paris<br \/>\nT\u00e9l.\u00a0: 01 47 05 16 26 | Fax\u00a0: 01 47 05 66 97<br \/>\n<a href=\"mailto:paris@ladante.fr\">paris@ladante.fr<\/a><\/p>\n<div class=\"adhesion\"><\/div>\n<p>[\/vc_column_text][\/vc_tta_section][\/vc_tta_tabs][vc_column_text]<\/p>\n<div style=\"margin-left: 10%;\">\n<h6>Contact<\/h6>\n<p><strong>La Dante de Paris<\/strong><br \/>\n12 bis, rue S\u00e9dillot<br \/>\n75007 Paris<br \/>\nT\u00e9l.\u00a0: 01 47 05 16 26<br \/>\nCourriel :\u00a0<a title=\"Ecrire \u00e0 La Dante\" href=\"mailto:%20%3Cscript%20type='text\/javascript'%3E%20%3C!--%20var%20prefix%20=%20'ma'%20+%20'il'%20+%20'to';%20var%20path%20=%20'hr'%20+%20'ef'%20+%20'=';%20var%20addy77212%20=%20'paris'%20+%20'@';%20addy77212%20=%20addy77212%20+%20'ladante'%20+%20'.'%20+%20'fr';%20document.write('%3Ca%20'%20+%20path%20+%20'\\''%20+%20prefix%20+%20':'%20+%20addy77212%20+%20'\\'%3E');%20document.write(addy77212);%20document.write('%3C\\\/a%3E');%20\/\/--%3E\\n%20%3C\/script%3E%3Cscript%20type='text\/javascript'%3E%20%3C!--%20document.write('%3Cspan%20style=\\'display:%20none;\\'%3E');%20\/\/--%3E%20%3C\/script%3E%20%3Cscript%20type='text\/javascript'%3E%20%3C!--%20document.write('%3C\/');%20document.write('span%3E');%20\/\/--%3E%20%3C\/script%3E?subject=Demande%20de%20devis\">\u00a0<\/a><a href=\"mailto:paris@ladante.fr\">paris@ladante.fr<\/a><\/p>\n<\/div>\n<p>[\/vc_column_text][vc_empty_space height=\u00a0\u00bb72px\u00a0\u00bb][\/vc_column][\/vc_row]<\/p>\n","protected":false},"excerpt":{"rendered":"<p>[vc_row][vc_column][vc_column_text] formation en italien [\/vc_column_text][vc_column_text css_animation=\u00a0\u00bbfadeIn\u00a0\u00bb] Cours collectifs ou individuels &#8211; Intra ou Inter &#8211; Tous niveaux Vous \u00eates chef d&rsquo;entreprise, DRH, profession lib\u00e9rale, collaborateur, responsable de formation ? Vous \u00eates sensibilis\u00e9 aux \u00e9changes franco-italiens ? D\u00e9couvrez l&rsquo;offre de formation en langue italienne de La Dante. [\/vc_column_text][vc_tta_tabs style=\u00a0\u00bbmodern\u00a0\u00bb color=\u00a0\u00bbjuicy-pink\u00a0\u00bb active_section=\u00a0\u00bb1&Prime;][vc_tta_section title=\u00a0\u00bbINSCRIPTIONS\u00a0\u00bb tab_id=\u00a0\u00bb1516287596009-57d23035-ac39&Prime;][\/vc_tta_section][vc_tta_section title=\u00a0\u00bbNOTRE EXPERTISE\u00a0\u00bb tab_id=\u00a0\u00bb1513608427710-ee53a584-4857&Prime;][vc_column_text] [&hellip;]<\/p>\n","protected":false},"author":4,"featured_media":0,"parent":0,"menu_order":0,"comment_status":"closed","ping_status":"closed","template":"","meta":{"disable_featured_image":false,"_themeisle_gutenberg_block_has_review":false},"yoast_head":"<!-- This site is optimized with the Yoast SEO plugin v20.1 - https:\/\/yoast.com\/wordpress\/plugins\/seo\/ -->\n<title>COURS ENTREPRISES - La Dante - Comit\u00e9 de Paris<\/title>\n<meta name=\"robots\" content=\"index, follow, max-snippet:-1, max-image-preview:large, max-video-preview:-1\" \/>\n<link rel=\"canonical\" href=\"https:\/\/ladante.fr\/paris\/cours-entreprises\/\" \/>\n<meta property=\"og:locale\" content=\"fr_FR\" \/>\n<meta property=\"og:type\" content=\"article\" \/>\n<meta property=\"og:title\" content=\"COURS ENTREPRISES - La Dante - Comit\u00e9 de Paris\" \/>\n<meta property=\"og:description\" content=\"[vc_row][vc_column][vc_column_text] formation en italien [\/vc_column_text][vc_column_text css_animation=\u00a0\u00bbfadeIn\u00a0\u00bb] Cours collectifs ou individuels &#8211; Intra ou Inter &#8211; Tous niveaux Vous \u00eates chef d&rsquo;entreprise, DRH, profession lib\u00e9rale, collaborateur, responsable de formation ? Vous \u00eates sensibilis\u00e9 aux \u00e9changes franco-italiens ? D\u00e9couvrez l&rsquo;offre de formation en langue italienne de La Dante. [\/vc_column_text][vc_tta_tabs style=\u00a0\u00bbmodern\u00a0\u00bb color=\u00a0\u00bbjuicy-pink\u00a0\u00bb active_section=\u00a0\u00bb1&Prime;][vc_tta_section title=\u00a0\u00bbINSCRIPTIONS\u00a0\u00bb tab_id=\u00a0\u00bb1516287596009-57d23035-ac39&Prime;][\/vc_tta_section][vc_tta_section title=\u00a0\u00bbNOTRE EXPERTISE\u00a0\u00bb tab_id=\u00a0\u00bb1513608427710-ee53a584-4857&Prime;][vc_column_text] [&hellip;]\" \/>\n<meta property=\"og:url\" content=\"https:\/\/ladante.fr\/paris\/cours-entreprises\/\" \/>\n<meta property=\"og:site_name\" content=\"La Dante - Comit\u00e9 de Paris\" \/>\n<meta property=\"article:modified_time\" content=\"2018-02-15T18:56:52+00:00\" \/>\n<meta name=\"twitter:card\" content=\"summary_large_image\" \/>\n<meta name=\"twitter:label1\" content=\"Dur\u00e9e de lecture estim\u00e9e\" \/>\n\t<meta name=\"twitter:data1\" content=\"4 minutes\" \/>\n<script type=\"application\/ld+json\" class=\"yoast-schema-graph\">{\"@context\":\"https:\/\/schema.org\",\"@graph\":[{\"@type\":\"WebPage\",\"@id\":\"https:\/\/ladante.fr\/paris\/cours-entreprises\/\",\"url\":\"https:\/\/ladante.fr\/paris\/cours-entreprises\/\",\"name\":\"COURS ENTREPRISES - La Dante - Comit\u00e9 de Paris\",\"isPartOf\":{\"@id\":\"https:\/\/ladante.fr\/paris\/#website\"},\"datePublished\":\"2017-12-19T08:43:51+00:00\",\"dateModified\":\"2018-02-15T18:56:52+00:00\",\"breadcrumb\":{\"@id\":\"https:\/\/ladante.fr\/paris\/cours-entreprises\/#breadcrumb\"},\"inLanguage\":\"fr-FR\",\"potentialAction\":[{\"@type\":\"ReadAction\",\"target\":[\"https:\/\/ladante.fr\/paris\/cours-entreprises\/\"]}]},{\"@type\":\"BreadcrumbList\",\"@id\":\"https:\/\/ladante.fr\/paris\/cours-entreprises\/#breadcrumb\",\"itemListElement\":[{\"@type\":\"ListItem\",\"position\":1,\"name\":\"Accueil\",\"item\":\"https:\/\/ladante.fr\/paris\/\"},{\"@type\":\"ListItem\",\"position\":2,\"name\":\"COURS ENTREPRISES\"}]},{\"@type\":\"WebSite\",\"@id\":\"https:\/\/ladante.fr\/paris\/#website\",\"url\":\"https:\/\/ladante.fr\/paris\/\",\"name\":\"La Dante - Comit\u00e9 de Paris\",\"description\":\"\",\"potentialAction\":[{\"@type\":\"SearchAction\",\"target\":{\"@type\":\"EntryPoint\",\"urlTemplate\":\"https:\/\/ladante.fr\/paris\/?s={search_term_string}\"},\"query-input\":\"required name=search_term_string\"}],\"inLanguage\":\"fr-FR\"}]}<\/script>\n<!-- \/ Yoast SEO plugin. -->","yoast_head_json":{"title":"COURS ENTREPRISES - La Dante - Comit\u00e9 de Paris","robots":{"index":"index","follow":"follow","max-snippet":"max-snippet:-1","max-image-preview":"max-image-preview:large","max-video-preview":"max-video-preview:-1"},"canonical":"https:\/\/ladante.fr\/paris\/cours-entreprises\/","og_locale":"fr_FR","og_type":"article","og_title":"COURS ENTREPRISES - La Dante - Comit\u00e9 de Paris","og_description":"[vc_row][vc_column][vc_column_text] formation en italien [\/vc_column_text][vc_column_text css_animation=\u00a0\u00bbfadeIn\u00a0\u00bb] Cours collectifs ou individuels &#8211; Intra ou Inter &#8211; Tous niveaux Vous \u00eates chef d&rsquo;entreprise, DRH, profession lib\u00e9rale, collaborateur, responsable de formation ? Vous \u00eates sensibilis\u00e9 aux \u00e9changes franco-italiens ? D\u00e9couvrez l&rsquo;offre de formation en langue italienne de La Dante. [\/vc_column_text][vc_tta_tabs style=\u00a0\u00bbmodern\u00a0\u00bb color=\u00a0\u00bbjuicy-pink\u00a0\u00bb active_section=\u00a0\u00bb1&Prime;][vc_tta_section title=\u00a0\u00bbINSCRIPTIONS\u00a0\u00bb tab_id=\u00a0\u00bb1516287596009-57d23035-ac39&Prime;][\/vc_tta_section][vc_tta_section title=\u00a0\u00bbNOTRE EXPERTISE\u00a0\u00bb tab_id=\u00a0\u00bb1513608427710-ee53a584-4857&Prime;][vc_column_text] [&hellip;]","og_url":"https:\/\/ladante.fr\/paris\/cours-entreprises\/","og_site_name":"La Dante - Comit\u00e9 de Paris","article_modified_time":"2018-02-15T18:56:52+00:00","twitter_card":"summary_large_image","twitter_misc":{"Dur\u00e9e de lecture estim\u00e9e":"4 minutes"},"schema":{"@context":"https:\/\/schema.org","@graph":[{"@type":"WebPage","@id":"https:\/\/ladante.fr\/paris\/cours-entreprises\/","url":"https:\/\/ladante.fr\/paris\/cours-entreprises\/","name":"COURS ENTREPRISES - La Dante - Comit\u00e9 de Paris","isPartOf":{"@id":"https:\/\/ladante.fr\/paris\/#website"},"datePublished":"2017-12-19T08:43:51+00:00","dateModified":"2018-02-15T18:56:52+00:00","breadcrumb":{"@id":"https:\/\/ladante.fr\/paris\/cours-entreprises\/#breadcrumb"},"inLanguage":"fr-FR","potentialAction":[{"@type":"ReadAction","target":["https:\/\/ladante.fr\/paris\/cours-entreprises\/"]}]},{"@type":"BreadcrumbList","@id":"https:\/\/ladante.fr\/paris\/cours-entreprises\/#breadcrumb","itemListElement":[{"@type":"ListItem","position":1,"name":"Accueil","item":"https:\/\/ladante.fr\/paris\/"},{"@type":"ListItem","position":2,"name":"COURS ENTREPRISES"}]},{"@type":"WebSite","@id":"https:\/\/ladante.fr\/paris\/#website","url":"https:\/\/ladante.fr\/paris\/","name":"La Dante - Comit\u00e9 de Paris","description":"","potentialAction":[{"@type":"SearchAction","target":{"@type":"EntryPoint","urlTemplate":"https:\/\/ladante.fr\/paris\/?s={search_term_string}"},"query-input":"required name=search_term_string"}],"inLanguage":"fr-FR"}]}},"_links":{"self":[{"href":"https:\/\/ladante.fr\/paris\/wp-json\/wp\/v2\/pages\/469"}],"collection":[{"href":"https:\/\/ladante.fr\/paris\/wp-json\/wp\/v2\/pages"}],"about":[{"href":"https:\/\/ladante.fr\/paris\/wp-json\/wp\/v2\/types\/page"}],"author":[{"embeddable":true,"href":"https:\/\/ladante.fr\/paris\/wp-json\/wp\/v2\/users\/4"}],"replies":[{"embeddable":true,"href":"https:\/\/ladante.fr\/paris\/wp-json\/wp\/v2\/comments?post=469"}],"version-history":[{"count":4,"href":"https:\/\/ladante.fr\/paris\/wp-json\/wp\/v2\/pages\/469\/revisions"}],"predecessor-version":[{"id":2234,"href":"https:\/\/ladante.fr\/paris\/wp-json\/wp\/v2\/pages\/469\/revisions\/2234"}],"wp:attachment":[{"href":"https:\/\/ladante.fr\/paris\/wp-json\/wp\/v2\/media?parent=469"}],"curies":[{"name":"wp","href":"https:\/\/api.w.org\/{rel}","templated":true}]}}