{"id":4690,"date":"2022-01-17T21:48:14","date_gmt":"2022-01-17T20:48:14","guid":{"rendered":"https:\/\/ladante.fr\/paris\/?page_id=4690"},"modified":"2023-02-23T16:49:54","modified_gmt":"2023-02-23T15:49:54","slug":"cours-d-italien-a-paris-2022-2023","status":"publish","type":"page","link":"https:\/\/ladante.fr\/paris\/cours-d-italien-paris\/cours-d-italien-a-paris-2022-2023\/","title":{"rendered":"Cours d&rsquo;italien \u00e0 Paris 2022-2023"},"content":{"rendered":"<p>[vc_row][vc_column][vc_column_text]<a href=\"https:\/\/ladante.fr\/cours-particuliers\/#1513608556231-7ece5179-d1f3\" target=\"_blank\" rel=\"noopener\"><img loading=\"lazy\" class=\"wp-image-4375 aligncenter\" src=\"https:\/\/ladante.fr\/wp-content\/uploads\/2022\/06\/Decouvrir-et-apprendre-la-langue-italienne-a-Paris.jpg\" alt=\"Cours d'italien Paris\" width=\"730\" height=\"396\" \/><\/a><\/p>\n<h5><strong>COURS D&rsquo;ITALIEN A PARIS<\/strong> &#8211; 2EME SEMESTRE \u00c0 PARTIR DU 6 FEVRIER 2023<span style=\"color: #000000;\">\u00a0<\/span> :<\/h5>\n<h5>TOUS LES NIVEAUX &#8211; CONVERSATION\u00a0 B\/C &#8211; CERTIFICATION PLIDA<\/h5>\n<p>\u2757\ufe0f <strong>Inscrivez-vous<\/strong> \u00a0<span class=\"_5mfr\"><span class=\"_6qdm\">\ud83d\udc49<\/span><\/span> <a href=\"https:\/\/ladante.fr\/wp-content\/uploads\/2022\/09\/Fiche-Inscription-2022-2023.pdf\" target=\"_blank\" rel=\"noopener\"><span style=\"color: #0000ff;\">fiche d&rsquo;inscription<\/span><\/a><span style=\"color: #bc432b;\"> \u2757\ufe0f\u00a0 \u00a0<\/span><\/p>\n<p><span style=\"color: #bc432b;\"> <a class=\"wf_file jcepopup noicon\" title=\"Tarifs_Cours\" href=\"https:\/\/ladante.fr\/wp-content\/uploads\/2023\/01\/Planning-Dante-Printemps-2022-2023-2sem.pdf\" target=\"_blank\" rel=\"noopener noreferrer\" data-mediabox=\"width[1024];height[768];title[Tarifs Cours d&amp;#39;italien]\"><img class=\"wf_file_icon\" src=\"http:\/\/ladante.fr\/wp-content\/uploads\/2018\/02\/pdf-1-e1517829938664.png\" alt=\"pdf\" \/><span style=\"color: #0000ff;\">Planning 2\u00e8me semestre cours d&rsquo;italien 2022-2023<\/span><\/a>\u00a0 \u00a0 \u00a0 \u00a0 \u00a0 <a class=\"wf_file jcepopup noicon\" title=\"Tarifs_Cours\" href=\"https:\/\/ladante.fr\/wp-content\/uploads\/2023\/01\/Calendario-2022-2023-2-Sem.pdf\" target=\"_blank\" rel=\"noopener noreferrer\" data-mediabox=\"width[1024];height[768];title[Tarifs Cours d&amp;#39;italien]\"><img class=\"wf_file_icon\" src=\"http:\/\/ladante.fr\/wp-content\/uploads\/2018\/02\/pdf-1-e1517829938664.png\" alt=\"pdf\" \/><span style=\"color: #0000ff;\">Le calendrier 2022-2023<\/span><\/a><\/span><\/p>\n<p>&nbsp;<\/p>\n<p>Contactez-nous pour toute question : 01 47 05 16 26 \/ paris@ladante.fr<\/p>\n<p>Nos <strong>cours<\/strong> collectifs de <strong>langue et de culture italienne<\/strong> ont lieu\u00a0<strong>l&rsquo;apr\u00e8s-midi<\/strong>\u00a0ou\u00a0<strong>le soir<\/strong>\u00a0dans les locaux du lyc\u00e9e italien de <strong>Paris<\/strong> (dans le 7<sup>\u00e8me<\/sup>). Ils durent\u00a0<strong>1h30<\/strong>\u00a0et sont tous\u00a0<strong>dispens\u00e9s en italien<\/strong>\u00a0afin de vous permettre de\u00a0<strong>penser en italien.<br \/>\n<\/strong>Nous prenons en compte les diff\u00e9rentes strat\u00e9gies d\u2019apprentissage\u00a0: nos groupes sont form\u00e9s d\u2019une m\u00eame tranche d\u2019\u00e2ge et nos professeurs utilisent des m\u00e9thodes diff\u00e9renci\u00e9es. Nous consacrons du temps \u00e0 chaque projet, personnel et\/ou professionnel.<\/p>\n<p><strong>Tous les cours d&rsquo;italien de La Dante<\/strong><\/p>\n<ul>\n<li>sont \u00e9ligibles au titre de la formation professionnelle<\/li>\n<li>peuvent \u00eatre financ\u00e9es par les OPCA (AFDAS, Agefos PME, FIAFEC, FORCO&#8230;)<\/li>\n<li>sont compatibles avec le <strong>C.P.F<\/strong> (Compte Personnel de Formation)<\/li>\n<\/ul>\n<p>Enregistrement n\u00b0 11 75 41694 75<\/p>\n<hr \/>\n<h5>Horaires des cours : 14h45 &#8211; 16h15\/ 16h30 &#8211; 18h00\/ 19h00 &#8211; 20h30<\/h5>\n<h5><strong>Ann\u00e9e 2022-2023<\/strong>\u00a0&#8211; CORSI D&rsquo;ITALIANO A PARIGI<\/h5>\n<p>\u2757\ufe0fSi vous \u00eates int\u00e9ress\u00e9s, nous vous conseillons de vous inscrire vite (places limit\u00e9es) : <a href=\"http:\/\/ladante.fr\/cours-particuliers\/#1513608556231-7ece5179-d1f3\" target=\"_blank\" rel=\"noopener noreferrer\"><span style=\"color: #0000ff;\">Formulaire d&rsquo;inscription aux cours<\/span><\/a><span style=\"color: #0000ff;\"> \u00a0<\/span><\/p>\n<p>Vous trouverez plus d&rsquo;informations sur nos cours d&rsquo;italien et sur les \u00e9v\u00e8nements en langue italienne sur la <span style=\"color: #0000ff;\"><strong><a href=\"https:\/\/ladante.fr\/paris\/\" target=\"_blank\" rel=\"noopener\"><span style=\"color: #0000ff;\"><strong>page d&rsquo;accueil de notre site web<\/strong><\/span><\/a><\/strong><span style=\"color: #0000ff;\"><span style=\"color: #000000;\"> (<\/span><\/span><span style=\"color: #0000ff;\"><span style=\"color: #000000;\">fiche d&rsquo;inscription, calandrier, \u00e9v\u00e8nements \u00e0 venir et plus encore). Pour les cours en langue italienne et les conf\u00e9rences, vous trouverez les documents sur le<strong><strong> c\u00f4t\u00e9 gauche de la page <\/strong><\/strong>o\u00f9 vous voyez les<span style=\"color: #0000ff;\"><strong> fl\u00e8ches bleues<\/strong><\/span>.<\/span><\/span><\/span><\/p>\n<p><a href=\"https:\/\/ladante.fr\/paris\/\" target=\"_blank\" rel=\"noopener\"><img loading=\"lazy\" class=\"wp-image-4697 aligncenter\" src=\"https:\/\/ladante.fr\/wp-content\/uploads\/2023\/01\/Foto-iscrizioni-2sem-2023-frecce.jpg\" alt=\"\" width=\"561\" height=\"501\" \/><\/a><\/p>\n<p><a href=\"https:\/\/ladante.fr\/wp-content\/uploads\/2023\/01\/Planning-Dante-Printemps-2022-2023-2sem.png\" target=\"_blank\" rel=\"noopener noreferrer\"><br \/>\n<img loading=\"lazy\" class=\"size-large wp-image-2865 aligncenter\" src=\"https:\/\/ladante.fr\/wp-content\/uploads\/2023\/01\/Planning-Dante-Printemps-2022-2023-2sem.png\" alt=\"\" width=\"960\" height=\"617\" \/><\/a><\/p>\n<p>N&rsquo;h\u00e9sitez pas \u00e0 visiter la page d\u00e9di\u00e9e aux <span style=\"color: #0000ff;\"><a style=\"color: #0000ff;\" href=\"https:\/\/ladante.fr\/paris\/cours-d-italien-paris\/\" target=\"_blank\" rel=\"noopener\"><strong>cours de langue et culture italienne<\/strong><\/a><\/span> (corsi di langua e cultura italiana), <span style=\"color: #0000ff;\"><strong><a style=\"color: #0000ff;\" href=\"https:\/\/ladante.fr\/paris\/cours-d-italien-paris\/\" target=\"_blank\" rel=\"noopener\">cliquez ici<\/a><\/strong><\/span>.<\/p>\n<p>&nbsp;<\/p>\n<p><a style=\"color: #bc432b;\" title=\"Fiche d'inscription 2022-2023\" href=\"http:\/\/ladante.fr\/wp-content\/uploads\/2018\/07\/plan-cours-th-bozza-2018.pdf\" target=\"_blank\" rel=\"noopener noreferrer\"><span class=\"wf_file_text\"><img src=\"http:\/\/ladante.fr\/wp-content\/uploads\/2018\/02\/pdf-1-e1517829938664.png\" alt=\"pdf\" \/><\/span><\/a><span class=\"wf_file_text\"> Cours th\u00e9matiques :<\/span><\/p>\n<p style=\"text-align: center;\"><strong>Attualit\u00e0 culturale<\/strong><br \/>\nActualit\u00e9 culturelle<\/p>\n<p style=\"text-align: center;\">Suivre les \u00e9v\u00e9nements culturels italiens en France.<br \/>\nSorties r\u00e9guli\u00e8res aux mus\u00e9es, th\u00e9\u00e2tres, cin\u00e9mas &#8230;<\/p>\n<p style=\"text-align: center;\"><span class=\"wf_file_text\"><img src=\"http:\/\/ladante.fr\/wp-content\/uploads\/2018\/02\/pdf-1-e1517829938664.png\" alt=\"pdf\" \/> Attualit\u00e0 culturale<\/span><\/p>\n<hr \/>\n<p style=\"text-align: center;\"><strong>BAC<\/strong><\/p>\n<p style=\"text-align: center;\">Se pr\u00e9parer aux \u00e9preuves \u00e9crites et orales pour passer l&rsquo;examen en toute confiance et r\u00e9ussir au mieux son dipl\u00f4me.<\/p>\n<hr \/>\n<p style=\"text-align: center;\"><strong>Letteratura<\/strong><br \/>\nLitt\u00e9rature<\/p>\n<p style=\"text-align: center;\">Lire et partager la litt\u00e9rature italienne d\u00e8s grands classiques aux derni\u00e8res nouveaut\u00e9s.<\/p>\n<p style=\"text-align: center;\"><img src=\"http:\/\/ladante.fr\/wp-content\/uploads\/2018\/02\/pdf-1-e1517829938664.png\" alt=\"pdf\" \/> \u00a0<a style=\"color: #bc432b;\" title=\"Letteratura\" href=\"https:\/\/ladante.fr\/wp-content\/uploads\/2022\/08\/letteraturaitaliana22_23.pdf\" target=\"_blank\" rel=\"noopener noreferrer\"><span class=\"wf_file_text\">Letteratura<\/span><\/a><\/p>\n<hr \/>\n<p style=\"text-align: center;\"><strong>PLIDA Adulti e Juniores<\/strong><br \/>\nPLIDA Adultes et Juniores<\/p>\n<p style=\"text-align: center;\"><strong>Certifier<\/strong> <strong>son niveaux<\/strong> de connaissance de la langue italienne du A1 au C2 selon le calendrier pr\u00e9vu, pour une certification officielle, pour son travail, pour l&rsquo;universit\u00e9, pour <strong>demander la nationalit\u00e9<\/strong>.<\/p>\n<p style=\"text-align: center;\"><a style=\"color: #bc432b;\" title=\"Scrittura creativa\" href=\"http:\/\/ladante.fr\/certifications\/\" target=\"_blank\" rel=\"noopener noreferrer\"><span class=\"wf_file_text\">Info PLIDA<\/span><\/a><\/p>\n<hr \/>\n<p style=\"text-align: center;\"><strong>Rassegna stampa<\/strong><\/p>\n<p style=\"text-align: center;\">Analyser et commenter la presse italienne au quotidien.<\/p>\n<p style=\"text-align: center;\"><img src=\"http:\/\/ladante.fr\/wp-content\/uploads\/2018\/02\/pdf-1-e1517829938664.png\" alt=\"pdf\" \/> <a style=\"color: #bc432b;\" title=\"Scrittura creativa\" href=\"http:\/\/ladante.fr\/wp-content\/uploads\/2020\/02\/Rassegna-Stampa.pdf\" target=\"_blank\" rel=\"noopener noreferrer\"><span class=\"wf_file_text\">Rassegna Stampa<\/span><\/a><\/p>\n<hr \/>\n<p style=\"text-align: center;\"><strong>Scoperta di una citt\u00e0<\/strong><br \/>\nD\u00e9couverte d&rsquo;une ville<\/p>\n<p style=\"text-align: center;\">Explorer une ville italienne, de son histoire \u00e0 sa gastronomie. Voyage pr\u00e9vu en fin d&rsquo;ann\u00e9e.<\/p>\n<p style=\"text-align: center;\"><img src=\"http:\/\/ladante.fr\/wp-content\/uploads\/2018\/02\/pdf-1-e1517829938664.png\" alt=\"pdf\" \/> <a href=\"https:\/\/ladante.fr\/wp-content\/uploads\/2022\/08\/Presentazione-Citta-italiane-2022-2023.pdf\" target=\"_blank\" rel=\"noopener\"><span class=\"wf_file_text\">Scoperta di una citt\u00e0<\/span><\/a><\/p>\n<hr \/>\n<p style=\"text-align: center;\"><strong>Traduzione<\/strong><br \/>\nTraduction<\/p>\n<p style=\"text-align: center;\">R\u00e9fl\u00e9chir sur affinit\u00e9s et divergences lexicales et grammaticales<br \/>\nentre fran\u00e7ais et italien.<br \/>\nArticles de presse, textes litt\u00e9raires , notices d&#8217;emploi, guides touristiques.<\/p>\n<p style=\"text-align: center;\"><img src=\"http:\/\/ladante.fr\/wp-content\/uploads\/2018\/02\/pdf-1-e1517829938664.png\" alt=\"pdf\" \/> \u00a0<a style=\"color: #bc432b;\" title=\"Traduzione\" href=\"http:\/\/ladante.fr\/wp-content\/uploads\/2018\/07\/Traduzione.pdf\" target=\"_blank\" rel=\"noopener noreferrer\"><span class=\"wf_file_text\">Traduzione<\/span><\/a><\/p>\n<hr \/>\n<p>D\u00e9but du 2\u00e8me semestre la semaine du <span style=\"color: #ff0000;\"><strong>6 f\u00e9vrier 2023<\/strong><\/span><\/p>\n<p>Les <strong>cours<\/strong> d&rsquo;italien peuvent \u00eatre dispens\u00e9s de mani\u00e8re <strong>collective<\/strong> ou <strong>individuelle<\/strong>, en pr\u00e9sentiel comme en distanciel. En fonction des tests, une proposition d\u00e9taill\u00e9e avec les modalit\u00e9s p\u00e9dagogiques appropri\u00e9es \u00e0 votre situation vous sera remise, permettant ensuite de progresser rapidement et d\u2019approfondir vos int\u00e9r\u00eats personnels.<\/p>\n<p>Votre niveau de langue italienne sera \u00e9valu\u00e9 \u00e0 l\u2019entr\u00e9e lors d\u2019un <strong>test<\/strong> <strong>gratuit<\/strong> de positionnement.<\/p>\n<p><strong>Comment s&rsquo;inscrire<\/strong> aux cours de <strong>lingua italiana<\/strong> ?<\/p>\n<p>Sur inscription (<span style=\"color: #0000ff;\"><a style=\"color: #0000ff;\" href=\"https:\/\/ladante.fr\/wp-content\/uploads\/2022\/09\/Fiche-Inscription-2022-2023.pdf\" target=\"_blank\" rel=\"noopener noreferrer\">ici t\u00e9l\u00e9chargement de la fiche d&rsquo;inscription<\/a><\/span>) et selon les dates pr\u00e9vues dans le calendrier (2 sessions par an) pour les cours collectifs (<a href=\"https:\/\/ladante.fr\/wp-content\/uploads\/2023\/02\/Calendario-2022-2023-2_Sem.pdf\" target=\"_blank\" rel=\"noopener noreferrer\"><span style=\"color: #0000ff;\">ici t\u00e9l\u00e9chargement des calendriers<\/span><\/a>). Entr\u00e9es et sorties permanentes pour les cours individuels.<\/p>\n<p>T\u00e9l\u00e9charger le <span style=\"color: #0000ff;\"><a style=\"color: #0000ff;\" href=\"https:\/\/ladante.fr\/wp-content\/uploads\/2021\/10\/Reglement.pdf\" target=\"_blank\" rel=\"noopener\">R\u00e8glement de la Dante Alighieri &#8211; Comit\u00e9 de Paris<\/a><\/span><\/p>\n<p><span style=\"color: #0000ff;\"><span style=\"color: #000000;\">T\u00e9l\u00e9charger le<\/span> <a style=\"color: #0000ff;\" href=\"https:\/\/ladante.fr\/wp-content\/uploads\/2021\/11\/livret-daccueil.a.pdf\" target=\"_blank\" rel=\"noopener\">livret d&rsquo;accueil de la Dante Alighieri &#8211; Comit\u00e9 de Paris<\/a><\/span><\/p>\n<p>Contact : La Dante Paris<br \/>\n12 bis, rue S\u00e9dillot &#8211; 75007 Paris<br \/>\nT\u00e9l. 01 47 05 16 26<br \/>\nparis@ladante.fr<\/p>\n<p>&nbsp;<\/p>\n<p>Mis \u00e0 jour du 10 janvier 23[\/vc_column_text][\/vc_column][\/vc_row]<\/p>\n","protected":false},"excerpt":{"rendered":"<p>[vc_row][vc_column][vc_column_text] COURS D&rsquo;ITALIEN A PARIS &#8211; 2EME SEMESTRE \u00c0 PARTIR DU 6 FEVRIER 2023\u00a0 : TOUS LES NIVEAUX &#8211; CONVERSATION\u00a0 B\/C &#8211; CERTIFICATION PLIDA \u2757\ufe0f Inscrivez-vous \u00a0\ud83d\udc49 fiche d&rsquo;inscription \u2757\ufe0f\u00a0 \u00a0 Planning 2\u00e8me semestre cours d&rsquo;italien 2022-2023\u00a0 \u00a0 \u00a0 \u00a0 \u00a0 Le calendrier 2022-2023 &nbsp; Contactez-nous pour toute question : 01 47 05 16 26 [&hellip;]<\/p>\n","protected":false},"author":1,"featured_media":0,"parent":15,"menu_order":0,"comment_status":"closed","ping_status":"closed","template":"","meta":{"disable_featured_image":false,"_themeisle_gutenberg_block_has_review":false},"yoast_head":"<!-- This site is optimized with the Yoast SEO plugin v20.1 - https:\/\/yoast.com\/wordpress\/plugins\/seo\/ -->\n<title>Cours d&#039;italien \u00e0 Paris 2022-2023 - La Dante - Comit\u00e9 de Paris<\/title>\n<meta name=\"description\" content=\"D\u00e9couvrir et apprendre la langue italienne \u00e0 Paris ! Cours collectifs et individuels tous niveaux, cours de conversation, certification PLIDA e PLIDA B1 pour la cittadinanza italiana au centre de Paris. De nombreux \u00e9v\u00e9nements en italien avec La Dante Paris.\" \/>\n<meta name=\"robots\" content=\"index, follow, max-snippet:-1, max-image-preview:large, max-video-preview:-1\" \/>\n<link rel=\"canonical\" href=\"https:\/\/ladante.fr\/paris\/cours-d-italien-paris\/cours-d-italien-a-paris-2022-2023\/\" \/>\n<meta property=\"og:locale\" content=\"fr_FR\" \/>\n<meta property=\"og:type\" content=\"article\" \/>\n<meta property=\"og:title\" content=\"Cours d&#039;italien \u00e0 Paris 2022-2023 - La Dante - Comit\u00e9 de Paris\" \/>\n<meta property=\"og:description\" content=\"D\u00e9couvrir et apprendre la langue italienne \u00e0 Paris ! Cours collectifs et individuels tous niveaux, cours de conversation, certification PLIDA e PLIDA B1 pour la cittadinanza italiana au centre de Paris. De nombreux \u00e9v\u00e9nements en italien avec La Dante Paris.\" \/>\n<meta property=\"og:url\" content=\"https:\/\/ladante.fr\/paris\/cours-d-italien-paris\/cours-d-italien-a-paris-2022-2023\/\" \/>\n<meta property=\"og:site_name\" content=\"La Dante - Comit\u00e9 de Paris\" \/>\n<meta property=\"article:modified_time\" content=\"2023-02-23T15:49:54+00:00\" \/>\n<meta property=\"og:image\" content=\"https:\/\/ladante.fr\/wp-content\/uploads\/2022\/06\/Decouvrir-et-apprendre-la-langue-italienne-a-Paris.jpg\" \/>\n<meta name=\"twitter:card\" content=\"summary_large_image\" \/>\n<meta name=\"twitter:label1\" content=\"Dur\u00e9e de lecture estim\u00e9e\" \/>\n\t<meta name=\"twitter:data1\" content=\"5 minutes\" \/>\n<script type=\"application\/ld+json\" class=\"yoast-schema-graph\">{\"@context\":\"https:\/\/schema.org\",\"@graph\":[{\"@type\":\"WebPage\",\"@id\":\"https:\/\/ladante.fr\/paris\/cours-d-italien-paris\/cours-d-italien-a-paris-2022-2023\/\",\"url\":\"https:\/\/ladante.fr\/paris\/cours-d-italien-paris\/cours-d-italien-a-paris-2022-2023\/\",\"name\":\"Cours d'italien \u00e0 Paris 2022-2023 - La Dante - Comit\u00e9 de Paris\",\"isPartOf\":{\"@id\":\"https:\/\/ladante.fr\/paris\/#website\"},\"datePublished\":\"2022-01-17T20:48:14+00:00\",\"dateModified\":\"2023-02-23T15:49:54+00:00\",\"description\":\"D\u00e9couvrir et apprendre la langue italienne \u00e0 Paris ! Cours collectifs et individuels tous niveaux, cours de conversation, certification PLIDA e PLIDA B1 pour la cittadinanza italiana au centre de Paris. De nombreux \u00e9v\u00e9nements en italien avec La Dante Paris.\",\"breadcrumb\":{\"@id\":\"https:\/\/ladante.fr\/paris\/cours-d-italien-paris\/cours-d-italien-a-paris-2022-2023\/#breadcrumb\"},\"inLanguage\":\"fr-FR\",\"potentialAction\":[{\"@type\":\"ReadAction\",\"target\":[\"https:\/\/ladante.fr\/paris\/cours-d-italien-paris\/cours-d-italien-a-paris-2022-2023\/\"]}]},{\"@type\":\"BreadcrumbList\",\"@id\":\"https:\/\/ladante.fr\/paris\/cours-d-italien-paris\/cours-d-italien-a-paris-2022-2023\/#breadcrumb\",\"itemListElement\":[{\"@type\":\"ListItem\",\"position\":1,\"name\":\"Accueil\",\"item\":\"https:\/\/ladante.fr\/paris\/\"},{\"@type\":\"ListItem\",\"position\":2,\"name\":\"COURS D&rsquo;ITALIEN A PARIS\",\"item\":\"https:\/\/ladante.fr\/paris\/cours-d-italien-paris\/\"},{\"@type\":\"ListItem\",\"position\":3,\"name\":\"Cours d&rsquo;italien \u00e0 Paris 2022-2023\"}]},{\"@type\":\"WebSite\",\"@id\":\"https:\/\/ladante.fr\/paris\/#website\",\"url\":\"https:\/\/ladante.fr\/paris\/\",\"name\":\"La Dante - Comit\u00e9 de Paris\",\"description\":\"\",\"potentialAction\":[{\"@type\":\"SearchAction\",\"target\":{\"@type\":\"EntryPoint\",\"urlTemplate\":\"https:\/\/ladante.fr\/paris\/?s={search_term_string}\"},\"query-input\":\"required name=search_term_string\"}],\"inLanguage\":\"fr-FR\"}]}<\/script>\n<!-- \/ Yoast SEO plugin. -->","yoast_head_json":{"title":"Cours d'italien \u00e0 Paris 2022-2023 - La Dante - Comit\u00e9 de Paris","description":"D\u00e9couvrir et apprendre la langue italienne \u00e0 Paris ! Cours collectifs et individuels tous niveaux, cours de conversation, certification PLIDA e PLIDA B1 pour la cittadinanza italiana au centre de Paris. De nombreux \u00e9v\u00e9nements en italien avec La Dante Paris.","robots":{"index":"index","follow":"follow","max-snippet":"max-snippet:-1","max-image-preview":"max-image-preview:large","max-video-preview":"max-video-preview:-1"},"canonical":"https:\/\/ladante.fr\/paris\/cours-d-italien-paris\/cours-d-italien-a-paris-2022-2023\/","og_locale":"fr_FR","og_type":"article","og_title":"Cours d'italien \u00e0 Paris 2022-2023 - La Dante - Comit\u00e9 de Paris","og_description":"D\u00e9couvrir et apprendre la langue italienne \u00e0 Paris ! Cours collectifs et individuels tous niveaux, cours de conversation, certification PLIDA e PLIDA B1 pour la cittadinanza italiana au centre de Paris. De nombreux \u00e9v\u00e9nements en italien avec La Dante Paris.","og_url":"https:\/\/ladante.fr\/paris\/cours-d-italien-paris\/cours-d-italien-a-paris-2022-2023\/","og_site_name":"La Dante - Comit\u00e9 de Paris","article_modified_time":"2023-02-23T15:49:54+00:00","og_image":[{"url":"https:\/\/ladante.fr\/wp-content\/uploads\/2022\/06\/Decouvrir-et-apprendre-la-langue-italienne-a-Paris.jpg"}],"twitter_card":"summary_large_image","twitter_misc":{"Dur\u00e9e de lecture estim\u00e9e":"5 minutes"},"schema":{"@context":"https:\/\/schema.org","@graph":[{"@type":"WebPage","@id":"https:\/\/ladante.fr\/paris\/cours-d-italien-paris\/cours-d-italien-a-paris-2022-2023\/","url":"https:\/\/ladante.fr\/paris\/cours-d-italien-paris\/cours-d-italien-a-paris-2022-2023\/","name":"Cours d'italien \u00e0 Paris 2022-2023 - La Dante - Comit\u00e9 de Paris","isPartOf":{"@id":"https:\/\/ladante.fr\/paris\/#website"},"datePublished":"2022-01-17T20:48:14+00:00","dateModified":"2023-02-23T15:49:54+00:00","description":"D\u00e9couvrir et apprendre la langue italienne \u00e0 Paris ! Cours collectifs et individuels tous niveaux, cours de conversation, certification PLIDA e PLIDA B1 pour la cittadinanza italiana au centre de Paris. De nombreux \u00e9v\u00e9nements en italien avec La Dante Paris.","breadcrumb":{"@id":"https:\/\/ladante.fr\/paris\/cours-d-italien-paris\/cours-d-italien-a-paris-2022-2023\/#breadcrumb"},"inLanguage":"fr-FR","potentialAction":[{"@type":"ReadAction","target":["https:\/\/ladante.fr\/paris\/cours-d-italien-paris\/cours-d-italien-a-paris-2022-2023\/"]}]},{"@type":"BreadcrumbList","@id":"https:\/\/ladante.fr\/paris\/cours-d-italien-paris\/cours-d-italien-a-paris-2022-2023\/#breadcrumb","itemListElement":[{"@type":"ListItem","position":1,"name":"Accueil","item":"https:\/\/ladante.fr\/paris\/"},{"@type":"ListItem","position":2,"name":"COURS D&rsquo;ITALIEN A PARIS","item":"https:\/\/ladante.fr\/paris\/cours-d-italien-paris\/"},{"@type":"ListItem","position":3,"name":"Cours d&rsquo;italien \u00e0 Paris 2022-2023"}]},{"@type":"WebSite","@id":"https:\/\/ladante.fr\/paris\/#website","url":"https:\/\/ladante.fr\/paris\/","name":"La Dante - Comit\u00e9 de Paris","description":"","potentialAction":[{"@type":"SearchAction","target":{"@type":"EntryPoint","urlTemplate":"https:\/\/ladante.fr\/paris\/?s={search_term_string}"},"query-input":"required name=search_term_string"}],"inLanguage":"fr-FR"}]}},"_links":{"self":[{"href":"https:\/\/ladante.fr\/paris\/wp-json\/wp\/v2\/pages\/4690"}],"collection":[{"href":"https:\/\/ladante.fr\/paris\/wp-json\/wp\/v2\/pages"}],"about":[{"href":"https:\/\/ladante.fr\/paris\/wp-json\/wp\/v2\/types\/page"}],"author":[{"embeddable":true,"href":"https:\/\/ladante.fr\/paris\/wp-json\/wp\/v2\/users\/1"}],"replies":[{"embeddable":true,"href":"https:\/\/ladante.fr\/paris\/wp-json\/wp\/v2\/comments?post=4690"}],"version-history":[{"count":30,"href":"https:\/\/ladante.fr\/paris\/wp-json\/wp\/v2\/pages\/4690\/revisions"}],"predecessor-version":[{"id":5342,"href":"https:\/\/ladante.fr\/paris\/wp-json\/wp\/v2\/pages\/4690\/revisions\/5342"}],"up":[{"embeddable":true,"href":"https:\/\/ladante.fr\/paris\/wp-json\/wp\/v2\/pages\/15"}],"wp:attachment":[{"href":"https:\/\/ladante.fr\/paris\/wp-json\/wp\/v2\/media?parent=4690"}],"curies":[{"name":"wp","href":"https:\/\/api.w.org\/{rel}","templated":true}]}}