{"id":4783,"date":"2022-02-21T13:14:12","date_gmt":"2022-02-21T12:14:12","guid":{"rendered":"https:\/\/ladante.fr\/paris\/?page_id=4783"},"modified":"2022-05-30T16:45:40","modified_gmt":"2022-05-30T14:45:40","slug":"2edition-concours-dantedi-paris","status":"publish","type":"page","link":"https:\/\/ladante.fr\/paris\/2edition-concours-dantedi-paris\/","title":{"rendered":"2\u00e8me \u00e9dition CONCOURS DANTED\u00ec PARIS"},"content":{"rendered":"<p>[vc_row][vc_column][vc_column_text]<\/p>\n<h2 style=\"text-align: center;\"><span style=\"color: #ba2222;\">CONCOURS \u00ab\u00a0DANTED\u00ec\u00a0\u00bb PARIS<\/span><\/h2>\n<h5 style=\"text-align: center;\">Deuxi\u00e8me \u00e9dition<\/h5>\n<h5 style=\"text-align: center;\"><strong>\u00a0Th\u00e8me du Concours<\/strong> <span style=\"color: #000000;\">\u00ab <em><strong>Dante et Delacroix aux enfers<\/strong> <\/em>\u00bb<\/span><\/h5>\n<h5 style=\"text-align: center;\"><span style=\"color: #000000;\"><span style=\"color: #ba2222;\">I VINCITORI DELLA SECONDA EDIZIONE DEL CONCOURS \u00ab\u00a0DANTED\u00ec\u00a0\u00bb PARIS!<\/span><\/span><\/h5>\n<p><img loading=\"lazy\" class=\"size-medium wp-image-4931 aligncenter\" src=\"https:\/\/ladante.fr\/wp-content\/uploads\/2022\/05\/1.Concours-Dantedi-II-Affiche-250x300.png\" alt=\"\" width=\"250\" height=\"300\" srcset=\"https:\/\/ladante.fr\/wp-content\/uploads\/2022\/05\/1.Concours-Dantedi-II-Affiche-250x300.png 250w, https:\/\/ladante.fr\/wp-content\/uploads\/2022\/05\/1.Concours-Dantedi-II-Affiche.png 417w\" sizes=\"(max-width: 250px) 100vw, 250px\" \/>Per celebrare il \u00ab\u00a0Danted\u00ec\u00a0\u00bb <em>,<\/em> giorno in cui ogni anno il 25 marzo si commemora il Sommo Poeta, e il <strong>duecentenario<\/strong> del quadro \u00ab\u00a0<span style=\"color: #0000ff;\"><a style=\"color: #0000ff;\" href=\"https:\/\/collections.louvre.fr\/en\/ark:\/53355\/cl010065871\" target=\"_blank\" rel=\"noopener\"><strong>La barca di Dante<\/strong><\/a><\/span>\u00a0\u00bb di <span style=\"color: #3366ff;\"><span style=\"color: #000000;\">Eug\u00e8ne Delacroix<\/span><\/span> (presentato al Salone di Parigi nel 1822 ed esposto al <span style=\"color: #008080;\"><a style=\"color: #008080;\" href=\"https:\/\/www.louvre.fr\/\" target=\"_blank\" rel=\"noopener\">Mus\u00e9e du Louvre di Parigi<\/a><\/span>), la <span style=\"color: #0000ff;\"><a style=\"color: #0000ff;\" href=\"https:\/\/www.facebook.com\/societadanteparis\" target=\"_blank\" rel=\"noopener\">Societ\u00e0 Dante Alighieri &#8211; Comit\u00e9 de Paris<\/a><\/span> organizza la seconda edizione del \u201c<strong>Concours <em>Danted\u00ec<\/em> Paris<\/strong>\u201d promosso dal <strong>Consolato Generale d&rsquo;Italia a Parigi<\/strong>, in collaborazione con l\u2019<strong>Istituto Italiano di Cultura di Parigi<\/strong>.<\/p>\n<h2 style=\"text-align: center;\"><span style=\"color: #ba2222;\">I vincitori del concorso \u00ab\u00a0Danted\u00ec\u00a0\u00bb Paris<\/span><\/h2>\n<p><em>Concorso \u201cDanted\u00ec\u201d Paris<\/em>, seconda edizione \u2013 Deliberazioni della Giuria<\/p>\n<p>Il <em>Concorso \u201cDanted\u00ec\u201d Paris<\/em>, seconda edizione, promosso dal Consolato Generale di Parigi, in collaborazione con l\u2019Istituto Italiano di Cultura, e organizzato dal Comitato di Parigi della Societ\u00e0 Dante Alighieri, ha registrato un\u2019ampia e qualificata partecipazione da parte degli istituti scolastici della Circoscrizione Consolare.<\/p>\n<p>La Giuria, presieduta dalla\u00a0<strong>Console Generale d\u2019Italia a Parigi Irene Castagnoli<\/strong> e composta dall\u2019<strong>Ispettrice Generale di Italiano del Minist\u00e8re de l\u2019Education Nationale\u00a0Antonella Durand<\/strong>, dal <strong>Consigliere d\u2019Ambasciata Andrea Macchioni dell\u2019Ambasciata d\u2019Italia in Francia<\/strong>, \u00a0dal <strong>Direttore dell\u2019Istituto Italiano di Cultura di Parigi\u00a0Diego Marani<\/strong>, dal\u00a0<strong>Presidente del Comitato di Parigi della Societ\u00e0 Dante Alighieri Jean Musitelli<\/strong>, sulla base dei criteri di valutazione indicati nel bando di concorso, ha deliberato di assegnare i seguenti premi:<\/p>\n<p><strong><span style=\"color: #ba2222;\">Categoria Licei<\/span><\/strong><\/p>\n<p><strong>Primo premio<\/strong>: Lyc\u00e9e \u00ab\u00a0Victor Hugo\u00a0\u00bb, Parigi, Sezione ESABAC, per il video \u00ab\u00a0<em>La barca di Dante<\/em>\u00ab\u00a0, docente referente Alexandra Rainon-Martinez;<\/p>\n<p><strong>Secondo premio<\/strong>: Liceo Statale \u201cDa Vinci\u201d, Parigi, per il video \u00ab\u00a0<em>Canto per la salvezza: l&rsquo;8 per ricominciare<\/em>\u00ab\u00a0, docente referente Paola Visone;<\/p>\n<p><strong>Terzo premio<\/strong>: Lyc\u00e9e International \u00ab\u00a0Balzac\u00a0\u00bb, Parigi, Sezione italiana, per la rielaborazione grafica con testo esplicativo\u00a0\u00ab\u00a0<em>Filippo Argenti e il disprezzo di Dante<\/em>\u00ab\u00a0, docente referente Vincenzina Palmesano.<\/p>\n<p><strong><span style=\"color: #ba2222;\">Categoria Coll\u00e8ges<\/span><\/strong><\/p>\n<p><strong><strong>Primo premio: <\/strong><\/strong>Coll\u00e8ge \u00ab\u00a0Lur\u00e7at\u00a0\u00bb, Saint Denis, Acad\u00e9mie de Cr\u00e9teil, per il video \u00ab\u00a0<em>Che Inferno!<\/em>\u00ab\u00a0, docente referente Valentina Benini;<\/p>\n<p><strong><strong>Secondo Premio<\/strong>: <\/strong>Coll\u00e8ge \u00ab\u00a0Decour\u00a0\u00bb, Parigi per la rielaborazione grafica con testo esplicativo \u00ab\u00a0<em>Al chiarore delle tenebre<\/em>\u00ab\u00a0, docente referente Teresa Compagna;<\/p>\n<p><strong><strong>Terzo Premio: <\/strong><\/strong>Scuola Media Statale \u00ab\u00a0Da Vinci\u00a0\u00bb, Parigi, per il video \u00ab\u00a0<em>Canto VIII dell&rsquo;Inferno<\/em>\u00ab\u00a0, docente referente Angelo Pagliardini.<\/p>\n<p>La Giuria ha inoltre proposto una <strong>menzione speciale<\/strong> per l&rsquo;originalit\u00e0 della rielaborazione grafica ai seguenti elaborati:<\/p>\n<p><strong><span style=\"color: #ba2222;\">Categoria Licei<\/span><\/strong><\/p>\n<p><em>Lyc\u00e9e \u00ab\u00a0Marey\u00a0\u00bb di Beaune, Acad\u00e9mie de Dijon, per \u00ab\u00a0<em>I nuovi Inferi<\/em>\u00ab\u00a0, docente referente Magali Discours.<\/em><\/p>\n<p><strong><span style=\"color: #ba2222;\">Categoria<\/span><\/strong><strong><span style=\"color: #ba2222;\"> Coll\u00e8g<\/span><\/strong><strong><span style=\"color: #ba2222;\">es<\/span><\/strong><\/p>\n<p>Coll\u00e8ge \u00ab\u00a0Camille S\u00e9e\u00a0\u00bb, Parigi, Sezione italiana, per \u00ab\u00a0<em>Dante \u00e8 pop<\/em>\u201d, docenti referenti Paola Polo e Luca Rossi.<\/p>\n<p>La premiazione si svolger\u00e0 <strong>il 13 giugno 2022 alle ore 11 <\/strong>presso il Consolato Generale di Parigi e sar\u00e0 seguita, <strong>alle ore 15<\/strong>, per i gruppi primi classificati, da una visita al Museo del Louvre <strong>con una guida di eccezione<\/strong>, <strong>Cinzia Pasquali, restauratrice di opere d\u2019arte<\/strong>, per ammirare i capolavori dell\u2019arte italiana e il quadro di Eug\u00e8ne Delacroix \u201cDante et Virgile aux enfers\u201d cui \u00e8 ispirato il tema del Concorso e di cui ricorre nel 2022 il Bicentenario.<\/p>\n<p>I premi consisteranno in buoni acquisto in libri e materiali didattici multimediali per i primi tre gruppi classificati di ciascuna categoria, oltre a ricordi commemorativi del Settecentenario della morte di Dante, offerti dal Comune di Ravenna. Ciascun componente dei primi due gruppi classificati ricever\u00e0 un i-Pad.<\/p>\n<p>La Giuria ringrazia per l\u2019impegno e l\u2019entusiasmo profusi nella realizzazione degli elaborati tutti gli studenti e le studentesse che, guidati dai loro professori, hanno partecipato al Concorso.<\/p>\n<p>Aggiornamento del 30 maggio 2022<\/p>\n<h3 style=\"text-align: center;\">Partecipate al concorso ! Tra i premi<\/h3>\n<h3 style=\"text-align: center;\">1000 euro in libri e materiali scolastici e 1<span style=\"color: #ff0000;\"><strong> i-Pad<\/strong> ciascuno<\/span><\/h3>\n<p><span style=\"color: #bf0b0b;\"><strong>CHI PUO&rsquo; PARTECIPARE<\/strong><\/span> <strong>&#8211;<\/strong> Il concorso \u00e8 rivolto agli <strong>studenti italianisti<\/strong> dei Licei e dei Coll\u00e8ges delle Acad\u00e9mies comprese nel territorio di competenza del Consolato Generale d&rsquo;Italia a Parigi e agli allievi della Scuola Statale \u201cDa Vinci\u201d di Parigi.<\/p>\n<p><strong><span style=\"color: #bf0b0b;\">MODALITA\u2019 DI PARTECIPAZIONE<\/span> \u2013<\/strong> I partecipanti, riuniti in gruppi di 3-4 studenti sotto la guida di un docente tutor, dovranno presentare un <strong>elaborato, in lingua italiana,<\/strong> (video o rielaborazione grafica del quadro, vedere bando), sul tema \u201c<strong><em>Dante et Delacroix aux enfers<\/em><\/strong>\u201d entro il <strong>13 maggio 2022<\/strong>.<\/p>\n<p><strong><span style=\"color: #bf0b0b;\">SCADENZA<\/span> \u2013<\/strong> Le<strong> iscrizioni al concorso<\/strong> sono aperte fino al <strong>22 marzo 2022<\/strong>.<br \/>\nCiascun istituto scolastico potr\u00e0 presentare un massimo di 3 candidature per categoria.<\/p>\n<p><strong><span style=\"color: #bf0b0b;\">\u25b6\ufe0f <strong><span style=\"color: #bf0b0b;\">QUANDO INVIARE GLI ELABORATI<\/span> \u2013 <\/strong><\/span><\/strong>I gruppi partecipanti al concorso devono inviare gli elaborati entro\u00a0il <span style=\"color: #ff0000;\"><strong>13 maggio 2022<\/strong><\/span>.<\/p>\n<p>Il <strong>25 marzo 2022<\/strong> \u2013 <em>Danted\u00ec<\/em> &#8211; per celebrare il ricordo del Sommo Poeta, le scuole interessate sono invitate a dare rilievo alla loro partecipazione al concorso e a organizzare eventi, letture e flash mob, condividendoli in rete con l\u2019hashtag <span style=\"color: #0000ff;\">#concorsodanteparigi<\/span><\/p>\n<p><strong><span style=\"color: #bf0b0b;\">PREMI<\/span> &#8211;<\/strong> I primi classificati della categoria \u00ab\u00a0Coll\u00e9giens et Lyc\u00e9ens\u00a0\u00bb riceveranno <strong>1000 euro in libri e materiale scolastico multimediale e<\/strong><strong>\u00a0ogni vincitore del gruppo <\/strong>ricever\u00e0<strong> un I-pad<\/strong>. Inoltre, i\u00a0gruppi vincitori del primo premio potranno inoltre beneficiare di una <strong>visita guidata personalizzata presso il Museo del Louvre<\/strong> alla scoperta del celebre quadro di Delacroix e delle testimonianze dell\u2019arte italiana.<\/p>\n<p>\u25fe\ufe0f Per saperne di pi\u00f9, consulta il <strong>bando<\/strong> \u27a1 <span style=\"color: #0000ff;\"><a style=\"color: #0000ff;\" href=\"https:\/\/ladante.fr\/wp-content\/uploads\/2022\/02\/Concours-Dantedi-deuxieme-edition.pdf\" target=\"_blank\" rel=\"noopener\"><strong>clicca qui<\/strong><\/a><\/span><br \/>\n\u25fe\ufe0f Per la <strong>scheda di iscrizione<\/strong> \u27a1 <strong><a href=\"https:\/\/ladante.fr\/wp-content\/uploads\/2022\/02\/bulletin-dinscription-concours-Dante-deuxieme-edition.pdf\" target=\"_blank\" rel=\"noopener\"><span style=\"color: #0000ff;\">clicca qui<\/span><\/a><\/strong><\/p>\n<p>Buona fortuna a tutti! \ud83c\udf40<\/p>\n<h3 style=\"text-align: center;\"><strong><span style=\"color: #bf0b0b;\">Envoyer les \u0153uvres avant le 13 mai !<\/span><\/strong><\/h3>\n<p style=\"text-align: left;\">Pour c\u00e9l\u00e9brer le \u00ab\u00a0Danted\u00ec\u00a0\u00bb, jour o\u00f9 le Po\u00e8te Supr\u00eame est comm\u00e9mor\u00e9 chaque ann\u00e9e le 25 mars, et les 200 ans du tableau \u00ab\u00a0La barque de Dante\u00a0\u00bb d&rsquo;Eug\u00e8ne Delacroix, la <strong>Dante Alighieri-Comit\u00e9 de Paris <\/strong>organise la deuxi\u00e8me \u00e9dition du \u00ab\u00a0<strong><span style=\"color: #ba2222;\">Concours <em>Danted\u00ec<\/em> Paris<\/span><\/strong>\u00ab\u00a0, promu par le<strong> Consulat G\u00e9n\u00e9ral d&rsquo;Italie \u00e0 Paris<\/strong>, en collaboration avec l<strong>&lsquo;Institut Culturel Italien \u00e0 Paris.<\/strong><\/p>\n<p><strong><span style=\"color: #bf0b0b;\">QUI PEUT PARTICIPER <\/span><span style=\"color: #bf0b0b;\"><span style=\"color: #000000;\">\u2013 <\/span><\/span><\/strong>Le <strong>concours est ouvert aux \u00e9l\u00e8ves<\/strong> italianistes des coll\u00e8ges et des lyc\u00e9es des Acad\u00e9mies comprises dans le territoire de comp\u00e9tence du Consulat G\u00e9n\u00e9ral d&rsquo;Italie \u00e0 Paris et aux \u00e9l\u00e8ves de l&rsquo;\u00c9cole d&rsquo;\u00c9tat \u00ab\u00a0Leonardo da Vinci\u00a0\u00bb de Paris.<\/p>\n<p><strong><span style=\"color: #bf0b0b;\">POUR PARTICIPER<\/span>\u00a0\u2013 <\/strong>Les participants, r\u00e9unis en groupes de 3-4 \u00e9tudiants sous la direction d&rsquo;un professeur-tuteur, devront \u00e9laborer une <strong>oeuvre <\/strong>(vid\u00e9o in\u00e9dite, r\u00e9elaboration graphique du tableau)<strong> sur le th\u00e8me du Concours<\/strong>\u00a0\u00ab\u00a0<strong><em>Dante et Delacroix aux enfers<\/em><\/strong>\u00ab\u00a0. Les oeuvres devront etre envoy\u00e9es, exclusivement au format num\u00e9rique (voir le r\u00e8glement), avant le <strong>13 mai 2022<\/strong>.<\/p>\n<p><strong><span style=\"color: #bf0b0b;\">POUR S&rsquo;INSCRIRE<\/span>\u00a0\u2013\u00a0<\/strong>Les \u00e9coles qui souhaitent participer doivent s&rsquo;inscrire avant le <strong>22 mars 2022<\/strong><span style=\"color: #000000;\"> par voie num\u00e9rique (voir le r\u00e8glement).<\/span><br \/>\nChaque \u00e9tablissement scolaire peut envoyer un maximum de 3 demandes par cat\u00e9gorie.<\/p>\n<p><strong><span style=\"color: #bf0b0b;\">\u25b6\ufe0f QUAND ENVOYER LES OEUVRES <\/span><\/strong><span style=\"color: #bf0b0b;\">\u2013 <\/span>Les oeuvres devront etre envoy\u00e9es, exclusivement au <strong>format num\u00e9rique<\/strong> (voir le r\u00e8glement), <strong>avant le<\/strong> <span style=\"color: #ff0000;\"><strong>13 mai 2022<\/strong><\/span>.<\/p>\n<p>Le <strong>25 mars 2022<\/strong> &#8211; vendredi &#8211; pour c\u00e9l\u00e9brer la m\u00e9moire du po\u00e8te supr\u00eame, les \u00e9coles int\u00e9ress\u00e9es sont invit\u00e9es \u00e0 souligner leur participation au concours et \u00e0 organiser des \u00e9v\u00e9nements, des lectures et des flashmobs, en les partageant en ligne avec le hashtag #concorsodanteparigi<\/p>\n<p>Un jury d&rsquo;experts d\u00e9cidera du laur\u00e9at pour chaque cat\u00e9gorie, en soulignant l&rsquo;originalit\u00e9 et la richesse linguistique.<\/p>\n<p><strong><span style=\"color: #ba2222;\">LES PRIX &#8211; <span style=\"color: #000000;\">Les groupes remportant le premier prix<\/span><\/span> <\/strong>pour les cat\u00e9gories Coll\u00e9giens et Lyc\u00e9ens recevront <strong>1000 euros<\/strong> en livres et mat\u00e9riels scolaires multim\u00e9dia. <strong><span style=\"color: #ff0000;\">Chaque gagnant<\/span><\/strong> du groupe recevra <strong><span style=\"color: #ff0000;\">1 I-Pad<\/span><\/strong>. De plus, les groupes vainqueurs des premiers prix pourront b\u00e9n\u00e9ficier d&rsquo;une visite gratuite guid\u00e9e personnalis\u00e9e au Mus\u00e9e du Louvre, qui aura comme objet les t\u00e9moignages de la pr\u00e9sence de la culture italienne en France et en particulier le tableau de Delacroix \u00ab\u00a0La barque de Dante\u00a0\u00bb.<\/p>\n<p>\u25fe\ufe0f Pour en savoir plus, <strong>t\u00e9l\u00e9charger le r\u00e8glement<\/strong> \u27a1 <span style=\"color: #0000ff;\"><a style=\"color: #0000ff;\" href=\"https:\/\/ladante.fr\/wp-content\/uploads\/2022\/02\/Concours-Dantedi-deuxieme-edition.pdf\" target=\"_blank\" rel=\"noopener\"><strong>cliquez ici<\/strong><\/a><\/span><\/p>\n<p>\u25fe\ufe0f Pour le <strong>formulaire d&rsquo;inscription<\/strong> \u27a1<span style=\"color: #000080;\"> <a style=\"color: #000080;\" href=\"https:\/\/ladante.fr\/wp-content\/uploads\/2022\/02\/bulletin-dinscription-concours-Dante-deuxieme-edition.pdf\" target=\"_blank\" rel=\"noopener\"><strong><span style=\"color: #0000ff;\">cliquez ici<\/span><\/strong><\/a><\/span><\/p>\n<p>Contact : La Dante Paris<br \/>\n12 bis, rue S\u00e9dillot &#8211; 75007 Paris<br \/>\nparis@ladante.fr[\/vc_column_text][\/vc_column][\/vc_row]<\/p>\n","protected":false},"excerpt":{"rendered":"<p>[vc_row][vc_column][vc_column_text] CONCOURS \u00ab\u00a0DANTED\u00ec\u00a0\u00bb PARIS Deuxi\u00e8me \u00e9dition \u00a0Th\u00e8me du Concours \u00ab Dante et Delacroix aux enfers \u00bb I VINCITORI DELLA SECONDA EDIZIONE DEL CONCOURS \u00ab\u00a0DANTED\u00ec\u00a0\u00bb PARIS! Per celebrare il \u00ab\u00a0Danted\u00ec\u00a0\u00bb , giorno in cui ogni anno il 25 marzo si commemora il Sommo Poeta, e il duecentenario del quadro \u00ab\u00a0La barca di Dante\u00a0\u00bb di Eug\u00e8ne Delacroix [&hellip;]<\/p>\n","protected":false},"author":1,"featured_media":4916,"parent":0,"menu_order":0,"comment_status":"closed","ping_status":"closed","template":"","meta":{"disable_featured_image":true,"_themeisle_gutenberg_block_has_review":false},"yoast_head":"<!-- This site is optimized with the Yoast SEO plugin v20.1 - https:\/\/yoast.com\/wordpress\/plugins\/seo\/ -->\n<title>2\u00e8me \u00e9dition CONCOURS DANTED\u00ec PARIS - La Dante - Comit\u00e9 de Paris<\/title>\n<meta name=\"robots\" content=\"index, follow, max-snippet:-1, max-image-preview:large, max-video-preview:-1\" \/>\n<link rel=\"canonical\" href=\"https:\/\/ladante.fr\/paris\/2edition-concours-dantedi-paris\/\" \/>\n<meta property=\"og:locale\" content=\"fr_FR\" \/>\n<meta property=\"og:type\" content=\"article\" \/>\n<meta property=\"og:title\" content=\"2\u00e8me \u00e9dition CONCOURS DANTED\u00ec PARIS - La Dante - Comit\u00e9 de Paris\" \/>\n<meta property=\"og:description\" content=\"[vc_row][vc_column][vc_column_text] CONCOURS \u00ab\u00a0DANTED\u00ec\u00a0\u00bb PARIS Deuxi\u00e8me \u00e9dition \u00a0Th\u00e8me du Concours \u00ab Dante et Delacroix aux enfers \u00bb I VINCITORI DELLA SECONDA EDIZIONE DEL CONCOURS \u00ab\u00a0DANTED\u00ec\u00a0\u00bb PARIS! Per celebrare il \u00ab\u00a0Danted\u00ec\u00a0\u00bb , giorno in cui ogni anno il 25 marzo si commemora il Sommo Poeta, e il duecentenario del quadro \u00ab\u00a0La barca di Dante\u00a0\u00bb di Eug\u00e8ne Delacroix [&hellip;]\" \/>\n<meta property=\"og:url\" content=\"https:\/\/ladante.fr\/paris\/2edition-concours-dantedi-paris\/\" \/>\n<meta property=\"og:site_name\" content=\"La Dante - Comit\u00e9 de Paris\" \/>\n<meta property=\"article:modified_time\" content=\"2022-05-30T14:45:40+00:00\" \/>\n<meta property=\"og:image\" content=\"https:\/\/ladante.fr\/wp-content\/uploads\/2022\/05\/Concours-Dantedi-II-Insta2-avant-13-mai-e1651764527868.jpg\" \/>\n\t<meta property=\"og:image:width\" content=\"778\" \/>\n\t<meta property=\"og:image:height\" content=\"934\" \/>\n\t<meta property=\"og:image:type\" content=\"image\/jpeg\" \/>\n<meta name=\"twitter:card\" content=\"summary_large_image\" \/>\n<meta name=\"twitter:label1\" content=\"Dur\u00e9e de lecture estim\u00e9e\" \/>\n\t<meta name=\"twitter:data1\" content=\"7 minutes\" \/>\n<script type=\"application\/ld+json\" class=\"yoast-schema-graph\">{\"@context\":\"https:\/\/schema.org\",\"@graph\":[{\"@type\":\"WebPage\",\"@id\":\"https:\/\/ladante.fr\/paris\/2edition-concours-dantedi-paris\/\",\"url\":\"https:\/\/ladante.fr\/paris\/2edition-concours-dantedi-paris\/\",\"name\":\"2\u00e8me \u00e9dition CONCOURS DANTED\u00ec PARIS - La Dante - Comit\u00e9 de Paris\",\"isPartOf\":{\"@id\":\"https:\/\/ladante.fr\/paris\/#website\"},\"datePublished\":\"2022-02-21T12:14:12+00:00\",\"dateModified\":\"2022-05-30T14:45:40+00:00\",\"breadcrumb\":{\"@id\":\"https:\/\/ladante.fr\/paris\/2edition-concours-dantedi-paris\/#breadcrumb\"},\"inLanguage\":\"fr-FR\",\"potentialAction\":[{\"@type\":\"ReadAction\",\"target\":[\"https:\/\/ladante.fr\/paris\/2edition-concours-dantedi-paris\/\"]}]},{\"@type\":\"BreadcrumbList\",\"@id\":\"https:\/\/ladante.fr\/paris\/2edition-concours-dantedi-paris\/#breadcrumb\",\"itemListElement\":[{\"@type\":\"ListItem\",\"position\":1,\"name\":\"Accueil\",\"item\":\"https:\/\/ladante.fr\/paris\/\"},{\"@type\":\"ListItem\",\"position\":2,\"name\":\"2\u00e8me \u00e9dition CONCOURS DANTED\u00ec PARIS\"}]},{\"@type\":\"WebSite\",\"@id\":\"https:\/\/ladante.fr\/paris\/#website\",\"url\":\"https:\/\/ladante.fr\/paris\/\",\"name\":\"La Dante - Comit\u00e9 de Paris\",\"description\":\"\",\"potentialAction\":[{\"@type\":\"SearchAction\",\"target\":{\"@type\":\"EntryPoint\",\"urlTemplate\":\"https:\/\/ladante.fr\/paris\/?s={search_term_string}\"},\"query-input\":\"required name=search_term_string\"}],\"inLanguage\":\"fr-FR\"}]}<\/script>\n<!-- \/ Yoast SEO plugin. -->","yoast_head_json":{"title":"2\u00e8me \u00e9dition CONCOURS DANTED\u00ec PARIS - La Dante - Comit\u00e9 de Paris","robots":{"index":"index","follow":"follow","max-snippet":"max-snippet:-1","max-image-preview":"max-image-preview:large","max-video-preview":"max-video-preview:-1"},"canonical":"https:\/\/ladante.fr\/paris\/2edition-concours-dantedi-paris\/","og_locale":"fr_FR","og_type":"article","og_title":"2\u00e8me \u00e9dition CONCOURS DANTED\u00ec PARIS - La Dante - Comit\u00e9 de Paris","og_description":"[vc_row][vc_column][vc_column_text] CONCOURS \u00ab\u00a0DANTED\u00ec\u00a0\u00bb PARIS Deuxi\u00e8me \u00e9dition \u00a0Th\u00e8me du Concours \u00ab Dante et Delacroix aux enfers \u00bb I VINCITORI DELLA SECONDA EDIZIONE DEL CONCOURS \u00ab\u00a0DANTED\u00ec\u00a0\u00bb PARIS! Per celebrare il \u00ab\u00a0Danted\u00ec\u00a0\u00bb , giorno in cui ogni anno il 25 marzo si commemora il Sommo Poeta, e il duecentenario del quadro \u00ab\u00a0La barca di Dante\u00a0\u00bb di Eug\u00e8ne Delacroix [&hellip;]","og_url":"https:\/\/ladante.fr\/paris\/2edition-concours-dantedi-paris\/","og_site_name":"La Dante - Comit\u00e9 de Paris","article_modified_time":"2022-05-30T14:45:40+00:00","og_image":[{"width":778,"height":934,"url":"https:\/\/ladante.fr\/wp-content\/uploads\/2022\/05\/Concours-Dantedi-II-Insta2-avant-13-mai-e1651764527868.jpg","type":"image\/jpeg"}],"twitter_card":"summary_large_image","twitter_misc":{"Dur\u00e9e de lecture estim\u00e9e":"7 minutes"},"schema":{"@context":"https:\/\/schema.org","@graph":[{"@type":"WebPage","@id":"https:\/\/ladante.fr\/paris\/2edition-concours-dantedi-paris\/","url":"https:\/\/ladante.fr\/paris\/2edition-concours-dantedi-paris\/","name":"2\u00e8me \u00e9dition CONCOURS DANTED\u00ec PARIS - La Dante - Comit\u00e9 de Paris","isPartOf":{"@id":"https:\/\/ladante.fr\/paris\/#website"},"datePublished":"2022-02-21T12:14:12+00:00","dateModified":"2022-05-30T14:45:40+00:00","breadcrumb":{"@id":"https:\/\/ladante.fr\/paris\/2edition-concours-dantedi-paris\/#breadcrumb"},"inLanguage":"fr-FR","potentialAction":[{"@type":"ReadAction","target":["https:\/\/ladante.fr\/paris\/2edition-concours-dantedi-paris\/"]}]},{"@type":"BreadcrumbList","@id":"https:\/\/ladante.fr\/paris\/2edition-concours-dantedi-paris\/#breadcrumb","itemListElement":[{"@type":"ListItem","position":1,"name":"Accueil","item":"https:\/\/ladante.fr\/paris\/"},{"@type":"ListItem","position":2,"name":"2\u00e8me \u00e9dition CONCOURS DANTED\u00ec PARIS"}]},{"@type":"WebSite","@id":"https:\/\/ladante.fr\/paris\/#website","url":"https:\/\/ladante.fr\/paris\/","name":"La Dante - Comit\u00e9 de Paris","description":"","potentialAction":[{"@type":"SearchAction","target":{"@type":"EntryPoint","urlTemplate":"https:\/\/ladante.fr\/paris\/?s={search_term_string}"},"query-input":"required name=search_term_string"}],"inLanguage":"fr-FR"}]}},"_links":{"self":[{"href":"https:\/\/ladante.fr\/paris\/wp-json\/wp\/v2\/pages\/4783"}],"collection":[{"href":"https:\/\/ladante.fr\/paris\/wp-json\/wp\/v2\/pages"}],"about":[{"href":"https:\/\/ladante.fr\/paris\/wp-json\/wp\/v2\/types\/page"}],"author":[{"embeddable":true,"href":"https:\/\/ladante.fr\/paris\/wp-json\/wp\/v2\/users\/1"}],"replies":[{"embeddable":true,"href":"https:\/\/ladante.fr\/paris\/wp-json\/wp\/v2\/comments?post=4783"}],"version-history":[{"count":18,"href":"https:\/\/ladante.fr\/paris\/wp-json\/wp\/v2\/pages\/4783\/revisions"}],"predecessor-version":[{"id":5137,"href":"https:\/\/ladante.fr\/paris\/wp-json\/wp\/v2\/pages\/4783\/revisions\/5137"}],"wp:featuredmedia":[{"embeddable":true,"href":"https:\/\/ladante.fr\/paris\/wp-json\/wp\/v2\/media\/4916"}],"wp:attachment":[{"href":"https:\/\/ladante.fr\/paris\/wp-json\/wp\/v2\/media?parent=4783"}],"curies":[{"name":"wp","href":"https:\/\/api.w.org\/{rel}","templated":true}]}}