{"id":484,"date":"2017-12-19T10:06:48","date_gmt":"2017-12-19T09:06:48","guid":{"rendered":"http:\/\/la-dante.fr\/?page_id=484"},"modified":"2023-05-02T14:39:03","modified_gmt":"2023-05-02T12:39:03","slug":"enseigner-litalien","status":"publish","type":"page","link":"https:\/\/ladante.fr\/paris\/enseigner-litalien\/","title":{"rendered":"ENSEIGNER L&rsquo;ITALIEN"},"content":{"rendered":"<p>[vc_row][vc_column][vc_column_text]<\/p>\n<p style=\"margin-bottom: -1%; font-family: Helvetica, Arial, 'Open sans'; font-size: 2em; font-weight: 400; color: #bc432b; text-transform: uppercase; border-bottom: 2px solid #bc432b; text-align: left;\">enseigner l&rsquo;italien<\/p>\n<p>[\/vc_column_text][vc_column_text css_animation=\u00a0\u00bbfadeIn\u00a0\u00bb]<\/p>\n<h6>Vous \u00eates passionn\u00e9 par l\u2019enseignement de l\u2019italien ?<\/h6>\n<h6>Etudiant \u00e0 la recherche d\u2019un stage d\u2019observation en classe ?<\/h6>\n<h6>Formateur en entreprise ? Professeur de l\u2019Education Nationale ?<\/h6>\n<h5 style=\"text-align: center; text-transform: uppercase;\">Contactez La Dante.<\/h5>\n<p>[\/vc_column_text][vc_tta_tabs style=\u00a0\u00bbmodern\u00a0\u00bb color=\u00a0\u00bbjuicy-pink\u00a0\u00bb active_section=\u00a0\u00bb1&Prime;][vc_tta_section title=\u00a0\u00bbEFFECTUER UN STAGE A LA DANTE\u00a0\u00bb tab_id=\u00a0\u00bb1513608427710-ee53a584-4857&Prime;][vc_column_text]<\/p>\n<h5>Notre philosophie : l\u2019\u00e9change<\/h5>\n<p>Notre \u00e9quipe est passionn\u00e9e par l\u2019enseignement de la langue et de la culture italienne.<\/p>\n<p>Elle est ouverte aux nouveaut\u00e9s et aux \u00e9changes p\u00e9dagogiques et didactiques.<\/p>\n<p>Si vous recherchez un\u00a0<strong>stage d\u2019observation en classe<\/strong>\u00a0(deux mois minimum) ou tout autre stage, merci de nous adresser par e-mail :<\/p>\n<ul>\n<li>un CV<\/li>\n<li>la typologie de stage recherch\u00e9 (secteur p\u00e9dagogique, administratif, culturel\u2026)<\/li>\n<li>les dates souhait\u00e9es (d\u00e9but et fin de stage)<\/li>\n<li>le type de convention (Universit\u00e9, Leonardo, Grundtvig\u2026)<\/li>\n<\/ul>\n<h5>Etapes administratives<\/h5>\n<ul>\n<li>D\u00e9finition d\u2019un projet de stage<\/li>\n<li>Mise en place d\u2019une convention<\/li>\n<li>Suivi du tuteur de stage<\/li>\n<li>R\u00e9daction d\u2019un rapport de stage (observation en classe ou autre)<\/li>\n<li>Attestation de fin stage<\/li>\n<\/ul>\n<p>[\/vc_column_text][\/vc_tta_section][vc_tta_section title=\u00a0\u00bbTRAVAILLER A LA DANTE\u00a0\u00bb tab_id=\u00a0\u00bb1513608427685-cef4c017-5195&Prime;][vc_column_text]<\/p>\n<h5>Profil de nos enseignants<\/h5>\n<p>Tous nos professeurs sont de langue maternelle italienne et de niveau Bac + 4 au minimum. Ils ma\u00eetrisent au moins deux langues \u00e9trang\u00e8res et sont embauch\u00e9s apr\u00e8s un entretien et une \u00e9preuve en classe. Les dipl\u00f4mes DITALS, CEDILS VENEZIA, CILS et les Masters sp\u00e9cifiques d\u2019enseignement de l\u2019italien ne sont pas requis mais une bonne connaissance des manuels d\u2019italien et des niveaux du CECR est demand\u00e9e.<\/p>\n<h5>Candidatures<\/h5>\n<p>Si vous recherchez un poste en tant que professeur d\u2019italien, merci d\u2019adresser un CV (format non Europass avec photo) \u00e0 <a href=\"mailto:paris@ladante.fr?subject=Candidature\">paris@ladante.fr<\/a>\u00a0afin d\u2019\u00eatre contact\u00e9(e) lorsqu\u2019un poste est \u00e0 pourvoir.[\/vc_column_text][\/vc_tta_section][vc_tta_section title=\u00a0\u00bbLA DANTE ET L&rsquo;EDUCATION NATIONALE\u00a0\u00bb tab_id=\u00a0\u00bb1513608511533-f8a53013-1a9a\u00a0\u00bb][vc_column_text]<\/p>\n<h4>La Dante met \u00e0 la disposition des professeurs d\u2019italien du secondaire des \u00ab outils \u00bb compl\u00e9mentaires de promotion de l\u2019italien :<\/h4>\n<h5>Campagne m\u00e9diatique<\/h5>\n<p>La Dante de Paris a r\u00e9alis\u00e9 en 1998 et 1999 une campagne m\u00e9diatique pour la promotion de la langue et de la culture italienne dans les coll\u00e8ges et les lyc\u00e9es fran\u00e7ais en partenariat avec le Minist\u00e8re de l\u2019Education Nationale et le Minist\u00e8re des Affaires Etrang\u00e8res :\u00a0<strong>10 bonnes raisons pour apprendre l\u2019italien<\/strong>.<\/p>\n<h5>La Certification PLIDA Juniores<\/h5>\n<p>Ce dipl\u00f4me a \u00e9t\u00e9 sp\u00e9cifiquement con\u00e7u en 1998 par la Societ\u00e0 Dante Alighieri et l\u2019Universit\u00e0 La Sapienza pour les \u00e9l\u00e8ves de 13-18 ans. Il valorise le niveau atteint et teste les connaissances grammaticales et lexicales par le biais de situations communicatives adapt\u00e9es \u00e0 cette tranche d\u2019\u00e2ge. Pour en savoir plus, visitez\u00a0<a style=\"color: #bc432b;\" title=\"PLIDA Juniores\" href=\"http:\/\/www.plida.it\/plida\/che-cose-la-certificazione.html#il%20plida%20juniores\" target=\"_blank\" rel=\"noopener\">ce lien<\/a>.<\/p>\n<p>Des annales corrig\u00e9es du PLIDA Juniores sont disponibles gratuitement sur le\u00a0<a style=\"color: #bc432b;\" title=\"PLIDA Juniores\" href=\"http:\/\/www.plida.it\/plida\/certificazione\/prove-desame.html\" target=\"_blank\" rel=\"noopener\">site PLIDA<\/a>.[\/vc_column_text][\/vc_tta_section][\/vc_tta_tabs][vc_empty_space height=\u00a0\u00bb72px\u00a0\u00bb][\/vc_column][\/vc_row]<\/p>\n","protected":false},"excerpt":{"rendered":"<p>[vc_row][vc_column][vc_column_text] enseigner l&rsquo;italien [\/vc_column_text][vc_column_text css_animation=\u00a0\u00bbfadeIn\u00a0\u00bb] Vous \u00eates passionn\u00e9 par l\u2019enseignement de l\u2019italien ? Etudiant \u00e0 la recherche d\u2019un stage d\u2019observation en classe ? Formateur en entreprise ? Professeur de l\u2019Education Nationale ? Contactez La Dante. [\/vc_column_text][vc_tta_tabs style=\u00a0\u00bbmodern\u00a0\u00bb color=\u00a0\u00bbjuicy-pink\u00a0\u00bb active_section=\u00a0\u00bb1&Prime;][vc_tta_section title=\u00a0\u00bbEFFECTUER UN STAGE A LA DANTE\u00a0\u00bb tab_id=\u00a0\u00bb1513608427710-ee53a584-4857&Prime;][vc_column_text] Notre philosophie : l\u2019\u00e9change Notre \u00e9quipe est passionn\u00e9e par [&hellip;]<\/p>\n","protected":false},"author":4,"featured_media":0,"parent":0,"menu_order":0,"comment_status":"closed","ping_status":"closed","template":"","meta":{"disable_featured_image":false,"_themeisle_gutenberg_block_has_review":false},"yoast_head":"<!-- This site is optimized with the Yoast SEO plugin v20.1 - https:\/\/yoast.com\/wordpress\/plugins\/seo\/ -->\n<title>ENSEIGNER L&#039;ITALIEN - La Dante - Comit\u00e9 de Paris<\/title>\n<meta name=\"robots\" content=\"index, follow, max-snippet:-1, max-image-preview:large, max-video-preview:-1\" \/>\n<link rel=\"canonical\" href=\"https:\/\/ladante.fr\/paris\/enseigner-litalien\/\" \/>\n<meta property=\"og:locale\" content=\"fr_FR\" \/>\n<meta property=\"og:type\" content=\"article\" \/>\n<meta property=\"og:title\" content=\"ENSEIGNER L&#039;ITALIEN - La Dante - Comit\u00e9 de Paris\" \/>\n<meta property=\"og:description\" content=\"[vc_row][vc_column][vc_column_text] enseigner l&rsquo;italien [\/vc_column_text][vc_column_text css_animation=\u00a0\u00bbfadeIn\u00a0\u00bb] Vous \u00eates passionn\u00e9 par l\u2019enseignement de l\u2019italien ? Etudiant \u00e0 la recherche d\u2019un stage d\u2019observation en classe ? Formateur en entreprise ? Professeur de l\u2019Education Nationale ? Contactez La Dante. [\/vc_column_text][vc_tta_tabs style=\u00a0\u00bbmodern\u00a0\u00bb color=\u00a0\u00bbjuicy-pink\u00a0\u00bb active_section=\u00a0\u00bb1&Prime;][vc_tta_section title=\u00a0\u00bbEFFECTUER UN STAGE A LA DANTE\u00a0\u00bb tab_id=\u00a0\u00bb1513608427710-ee53a584-4857&Prime;][vc_column_text] Notre philosophie : l\u2019\u00e9change Notre \u00e9quipe est passionn\u00e9e par [&hellip;]\" \/>\n<meta property=\"og:url\" content=\"https:\/\/ladante.fr\/paris\/enseigner-litalien\/\" \/>\n<meta property=\"og:site_name\" content=\"La Dante - Comit\u00e9 de Paris\" \/>\n<meta property=\"article:modified_time\" content=\"2023-05-02T12:39:03+00:00\" \/>\n<meta name=\"twitter:card\" content=\"summary_large_image\" \/>\n<meta name=\"twitter:label1\" content=\"Dur\u00e9e de lecture estim\u00e9e\" \/>\n\t<meta name=\"twitter:data1\" content=\"3 minutes\" \/>\n<script type=\"application\/ld+json\" class=\"yoast-schema-graph\">{\"@context\":\"https:\/\/schema.org\",\"@graph\":[{\"@type\":\"WebPage\",\"@id\":\"https:\/\/ladante.fr\/paris\/enseigner-litalien\/\",\"url\":\"https:\/\/ladante.fr\/paris\/enseigner-litalien\/\",\"name\":\"ENSEIGNER L'ITALIEN - La Dante - Comit\u00e9 de Paris\",\"isPartOf\":{\"@id\":\"https:\/\/ladante.fr\/paris\/#website\"},\"datePublished\":\"2017-12-19T09:06:48+00:00\",\"dateModified\":\"2023-05-02T12:39:03+00:00\",\"breadcrumb\":{\"@id\":\"https:\/\/ladante.fr\/paris\/enseigner-litalien\/#breadcrumb\"},\"inLanguage\":\"fr-FR\",\"potentialAction\":[{\"@type\":\"ReadAction\",\"target\":[\"https:\/\/ladante.fr\/paris\/enseigner-litalien\/\"]}]},{\"@type\":\"BreadcrumbList\",\"@id\":\"https:\/\/ladante.fr\/paris\/enseigner-litalien\/#breadcrumb\",\"itemListElement\":[{\"@type\":\"ListItem\",\"position\":1,\"name\":\"Accueil\",\"item\":\"https:\/\/ladante.fr\/paris\/\"},{\"@type\":\"ListItem\",\"position\":2,\"name\":\"ENSEIGNER L&rsquo;ITALIEN\"}]},{\"@type\":\"WebSite\",\"@id\":\"https:\/\/ladante.fr\/paris\/#website\",\"url\":\"https:\/\/ladante.fr\/paris\/\",\"name\":\"La Dante - Comit\u00e9 de Paris\",\"description\":\"\",\"potentialAction\":[{\"@type\":\"SearchAction\",\"target\":{\"@type\":\"EntryPoint\",\"urlTemplate\":\"https:\/\/ladante.fr\/paris\/?s={search_term_string}\"},\"query-input\":\"required name=search_term_string\"}],\"inLanguage\":\"fr-FR\"}]}<\/script>\n<!-- \/ Yoast SEO plugin. -->","yoast_head_json":{"title":"ENSEIGNER L'ITALIEN - La Dante - Comit\u00e9 de Paris","robots":{"index":"index","follow":"follow","max-snippet":"max-snippet:-1","max-image-preview":"max-image-preview:large","max-video-preview":"max-video-preview:-1"},"canonical":"https:\/\/ladante.fr\/paris\/enseigner-litalien\/","og_locale":"fr_FR","og_type":"article","og_title":"ENSEIGNER L'ITALIEN - La Dante - Comit\u00e9 de Paris","og_description":"[vc_row][vc_column][vc_column_text] enseigner l&rsquo;italien [\/vc_column_text][vc_column_text css_animation=\u00a0\u00bbfadeIn\u00a0\u00bb] Vous \u00eates passionn\u00e9 par l\u2019enseignement de l\u2019italien ? Etudiant \u00e0 la recherche d\u2019un stage d\u2019observation en classe ? Formateur en entreprise ? Professeur de l\u2019Education Nationale ? Contactez La Dante. [\/vc_column_text][vc_tta_tabs style=\u00a0\u00bbmodern\u00a0\u00bb color=\u00a0\u00bbjuicy-pink\u00a0\u00bb active_section=\u00a0\u00bb1&Prime;][vc_tta_section title=\u00a0\u00bbEFFECTUER UN STAGE A LA DANTE\u00a0\u00bb tab_id=\u00a0\u00bb1513608427710-ee53a584-4857&Prime;][vc_column_text] Notre philosophie : l\u2019\u00e9change Notre \u00e9quipe est passionn\u00e9e par [&hellip;]","og_url":"https:\/\/ladante.fr\/paris\/enseigner-litalien\/","og_site_name":"La Dante - Comit\u00e9 de Paris","article_modified_time":"2023-05-02T12:39:03+00:00","twitter_card":"summary_large_image","twitter_misc":{"Dur\u00e9e de lecture estim\u00e9e":"3 minutes"},"schema":{"@context":"https:\/\/schema.org","@graph":[{"@type":"WebPage","@id":"https:\/\/ladante.fr\/paris\/enseigner-litalien\/","url":"https:\/\/ladante.fr\/paris\/enseigner-litalien\/","name":"ENSEIGNER L'ITALIEN - La Dante - Comit\u00e9 de Paris","isPartOf":{"@id":"https:\/\/ladante.fr\/paris\/#website"},"datePublished":"2017-12-19T09:06:48+00:00","dateModified":"2023-05-02T12:39:03+00:00","breadcrumb":{"@id":"https:\/\/ladante.fr\/paris\/enseigner-litalien\/#breadcrumb"},"inLanguage":"fr-FR","potentialAction":[{"@type":"ReadAction","target":["https:\/\/ladante.fr\/paris\/enseigner-litalien\/"]}]},{"@type":"BreadcrumbList","@id":"https:\/\/ladante.fr\/paris\/enseigner-litalien\/#breadcrumb","itemListElement":[{"@type":"ListItem","position":1,"name":"Accueil","item":"https:\/\/ladante.fr\/paris\/"},{"@type":"ListItem","position":2,"name":"ENSEIGNER L&rsquo;ITALIEN"}]},{"@type":"WebSite","@id":"https:\/\/ladante.fr\/paris\/#website","url":"https:\/\/ladante.fr\/paris\/","name":"La Dante - Comit\u00e9 de Paris","description":"","potentialAction":[{"@type":"SearchAction","target":{"@type":"EntryPoint","urlTemplate":"https:\/\/ladante.fr\/paris\/?s={search_term_string}"},"query-input":"required name=search_term_string"}],"inLanguage":"fr-FR"}]}},"_links":{"self":[{"href":"https:\/\/ladante.fr\/paris\/wp-json\/wp\/v2\/pages\/484"}],"collection":[{"href":"https:\/\/ladante.fr\/paris\/wp-json\/wp\/v2\/pages"}],"about":[{"href":"https:\/\/ladante.fr\/paris\/wp-json\/wp\/v2\/types\/page"}],"author":[{"embeddable":true,"href":"https:\/\/ladante.fr\/paris\/wp-json\/wp\/v2\/users\/4"}],"replies":[{"embeddable":true,"href":"https:\/\/ladante.fr\/paris\/wp-json\/wp\/v2\/comments?post=484"}],"version-history":[{"count":2,"href":"https:\/\/ladante.fr\/paris\/wp-json\/wp\/v2\/pages\/484\/revisions"}],"predecessor-version":[{"id":5420,"href":"https:\/\/ladante.fr\/paris\/wp-json\/wp\/v2\/pages\/484\/revisions\/5420"}],"wp:attachment":[{"href":"https:\/\/ladante.fr\/paris\/wp-json\/wp\/v2\/media?parent=484"}],"curies":[{"name":"wp","href":"https:\/\/api.w.org\/{rel}","templated":true}]}}