{"id":5136,"date":"2022-11-14T03:46:30","date_gmt":"2022-11-14T02:46:30","guid":{"rendered":"https:\/\/ladante.fr\/paris\/?page_id=5136"},"modified":"2023-04-28T10:57:22","modified_gmt":"2023-04-28T08:57:22","slug":"3eme-edition-concours-dantedi-paris","status":"publish","type":"page","link":"https:\/\/ladante.fr\/paris\/3eme-edition-concours-dantedi-paris\/","title":{"rendered":"3\u00e8me \u00e9dition CONCOURS DANTED\u00ec PARIS"},"content":{"rendered":"<p>[vc_row][vc_column][vc_column_text]<\/p>\n<h2 style=\"text-align: center;\"><span style=\"color: #ba2222;\">CONCOURS \u00ab\u00a0DANTED\u00ec\u00a0\u00bb PARIS<\/span><\/h2>\n<h5 style=\"text-align: center;\">Trosi\u00e8me \u00e9dition<\/h5>\n<h5 style=\"text-align: center;\"><strong>\u00a0Th\u00e8me du Concours<\/strong> <strong>pour les Colleg\u00e8s <\/strong><span style=\"color: #000000;\">\u00ab <em><strong>Dante prima di Apollo 8? La terra vista dallo spazio<\/strong>\u00a0<\/em>\u00bb<\/span><\/h5>\n<h5 style=\"text-align: center;\">Th\u00e8me du Concours pour les Lyc\u00e9es <span style=\"color: #000000;\">\u00ab <em><strong>Dante prima di Apollo 8? La terra vista dallo spazio<\/strong>\u00a0<\/em>\u00bb<br \/>\n<strong>ou <\/strong><span style=\"color: #000000;\">\u00ab <em><strong>Dante prima di Einstein? La teoria della tre-sfera<\/strong>\u00a0<\/em>\u00bb<\/span><\/span><\/h5>\n<h3 style=\"text-align: center;\"><span style=\"color: #000000;\"><span style=\"color: #ba2222;\">I RISULTATI DEL <strong>CONCORSO DANTED\u00cc PARIS<\/strong>, TERZA EDIZIONE<\/span><\/span><span style=\"color: #000000;\"><span style=\"color: #ba2222;\">\u00a0<\/span><\/span><\/h3>\n<p style=\"text-align: center;\"><img loading=\"lazy\" class=\"alignnone size-full wp-image-5415\" src=\"https:\/\/ladante.fr\/wp-content\/uploads\/2023\/04\/Dantedi-locandina-2023.jpg\" alt=\"Concorso Danted\u00ec Paris, terza edizione\" width=\"369\" height=\"430\" srcset=\"https:\/\/ladante.fr\/wp-content\/uploads\/2023\/04\/Dantedi-locandina-2023.jpg 369w, https:\/\/ladante.fr\/wp-content\/uploads\/2023\/04\/Dantedi-locandina-2023-257x300.jpg 257w\" sizes=\"(max-width: 369px) 100vw, 369px\" \/><\/p>\n<p style=\"text-align: center;\">Per celebrare il \u00ab\u00a0Danted\u00ec\u00a0\u00bb<em>,<\/em> giorno in cui ogni anno il 25 marzo si commemora il Sommo Poeta, la <span style=\"color: #0000ff;\"><a style=\"color: #0000ff;\" href=\"https:\/\/www.facebook.com\/societadanteparis\" target=\"_blank\" rel=\"noopener\">Societ\u00e0 Dante Alighieri &#8211; Comit\u00e9 de Paris<\/a><\/span> organizza la terza edizione del \u201c<strong>Concours <em>Danted\u00ec<\/em> Paris<\/strong>\u201d promosso dal <strong>Consolato Generale d&rsquo;Italia a Parigi<\/strong>, in collaborazione con l\u2019<strong>Istituto Italiano di Cultura di Parigi<\/strong>.<\/p>\n<h2 style=\"text-align: center;\"><span style=\"color: #ba2222;\">I vincitori del Concorso \u00ab\u00a0Danted\u00ec\u00a0\u00bb Paris<\/span><\/h2>\n<p>Il <strong>Concorso \u201cDanted\u00ec\u201d Paris<\/strong>, terza edizione, <strong>promosso<\/strong> dal <strong>Consolato Generale di Parigi<\/strong> con il coordinamento generale dell\u2019Ufficio Scolastico, <strong>in collaborazione con l\u2019Istituto Italiano di Cultura<\/strong>, e <strong>organizzato dal Comitato di Parigi della Societ\u00e0 Dante Alighieri,<\/strong> ha registrato un\u2019ampia e qualificata partecipazione da parte degli istituti scolastici della Circoscrizione Consolare.<\/p>\n<p>La Giuria, presieduta dalla <strong>Console Generale d\u2019Italia a Parigi Irene Castagnoli<\/strong> e composta dall\u2019<strong>Ispettrice Generale di Italiano del Minist\u00e8re de l\u2019Education Nationale Antonella Durand<\/strong>, dalla <strong>Direttrice dell\u2019Istituto Italiano di Cultura di Parigi Grazia Labagnara<\/strong>, dal <strong>Presidente del Comitato di Parigi della Societ\u00e0 Dante Alighieri Jean Musitelli<\/strong> e dalla <strong>Direttrice della Maison de l\u2019ltalie Maria Chiara Prodi<\/strong>, sulla base dei criteri di valutazione indicati nel bando di concorso, ha deliberato di assegnare i seguenti premi:<\/p>\n<h4><strong><span style=\"color: #ba2222;\">Categoria Licei<\/span><\/strong><\/h4>\n<p><strong>Primo premio<\/strong>: Liceo Statale \u201cDa Vinci\u201d, Parigi, per il video <em>\u201cTrasumanar di sfera in sfera. La Divina Commedia fra poesia e scienza\u201d<\/em>, docenti referenti Laura Castagneto e Maria Marra.<\/p>\n<p><strong>Secondo premio<\/strong>: Lyc\u00e9e \u201cVictor Hugo\u201d, Parigi, Sezione ESABAC, per il video <em>\u201cLa divina dimensione\u201d<\/em>, docente referente Marco Caccavo.<\/p>\n<p><strong>Terzo premio<\/strong>: Lyc\u00e9e International \u201cBalzac\u201d, Parigi, Sezione italiana, per il testo divulgativo <em>\u201cDe paradiso eloquentia\u201d<\/em>, docente referente Silvia Falagiani.<\/p>\n<h4><strong><span style=\"color: #ba2222;\">Categoria Coll\u00e8ges<\/span><\/strong><\/h4>\n<p><strong><strong>Primo premio: <\/strong><\/strong>Coll\u00e8ge \u201cLes Hauts Grillets\u201d di Saint-Germain-en-Laye, Sezione italiana, per il video <em>\u201cDue geni per un unico universo\u201d<\/em>, docente referente Piera Sanna.<\/p>\n<p><strong><strong>Secondo Premio<\/strong>: <\/strong>Coll\u00e8ge \u201cCamille S\u00e9e\u201d, Parigi, Sezione italiana, per il testo divulgativo <em>\u201cLa lettera dalla luna\u201d<\/em>, docenti referenti Luca Rossi e Paola Polo.<\/p>\n<p><strong><strong>Terzo Premio: <\/strong><\/strong>Coll\u00e8ge del Lyc\u00e9e International \u201cSaint-Germain-en-Laye, Sezione italiana, per il testo divulgativo <em>\u201cDante e la poesia che esplora lo spazio\u201d<\/em> docente referente, Maria Grazia Coccia.<\/p>\n<p>La Giuria ha inoltre deliberato di invitare alla premiazione gli altri istituti finalisti.<\/p>\n<p>Per la <strong>categoria Licei<\/strong>:<\/p>\n<p>Lyc\u00e9e \u201cAlbert Camus\u201d di Bois Colombes, Sezione ESABAC, docente referente Cristina Gurrado per il video <em>\u201cSpecchio, specchio delle mie brame\u201d<\/em>.<br \/>\nLyc\u00e9e \u201cAssomption\u201d di Rennes per il testo divulgativo <em>\u201cDiscorso del 19 aprile 2022\u201d<\/em>, docente referente Franck Olivier.<\/p>\n<p>Per la <strong>categoria Coll\u00e8ges<\/strong>:<br \/>\nScuola Media Statale \u201cDa Vinci\u201d per il video <em>\u201cApollo Dante\u201d<\/em> , docente referente Angelo Pagliardini.<br \/>\nColl\u00e8ge del Lyc\u00e9e International \u201cSaint-Germain-en-Laye\u201d per il testo divulgativo <em>\u201cLa terra vista dalla luna: una poetica del rapporto uomo-cosmo\u201d<\/em>, docente referente Ilenia Mele.<\/p>\n<h3><span style=\"color: #800000;\"><span style=\"color: #ba2222;\">LA PREMIAZIONE<\/span><\/span><\/h3>\n<p>La premiazione si svolger\u00e0 <strong>gioved\u00ec 11 maggio 2023<\/strong> alle <strong>ore 10,30<\/strong> <strong>presso il Consolato Generale di Parigi<\/strong>. In tale occasione sar\u00e0 offerta ai premiati una <strong><em>Lectio magistralis<\/em><\/strong> da <strong>Ersilia Vaudo Scarpetta<\/strong>, <strong>Astrofisica, Chief Diversity Officer dell\u2019Agenzia Spaziale Europea<\/strong>. I temi proposti in questa edizione del Concorso, ovvero <em>\u201cDante prima di Apollo 8? La terra vista dalla luna\u201d<\/em> e <em>\u201cDante prima di Einstein? La teoria della tre-sfera\u201d<\/em> hanno riguardato, infatti, le straordinarie intuizioni cosmologiche di Dante.<\/p>\n<h3><span style=\"color: #800000;\"><span style=\"color: #ba2222;\">I PREMI<\/span><\/span><\/h3>\n<p>I premi consisteranno in <strong>buoni acquisto in libri e materiali didattici multimediali<\/strong> per i <strong>primi tre gruppi<\/strong> classificati <strong>di ciascuna categoria<\/strong>, oltre ai doni offerti dal Comune di Ravenna, consistenti in piccole sculture con l\u2019effigie di Dante appositamente realizzate per il Concorso dagli allievi delle scuole di mosaico della citt\u00e0.<\/p>\n<p>La Giuria ringrazia per l\u2019impegno e l\u2019entusiasmo profusi nella realizzazione degli elaborati tutti gli studenti e le studentesse che, guidati dai loro professori, hanno partecipato al Concorso.<\/p>\n<p>Aggiornamento del 27 aprile 2023<\/p>\n<h3><\/h3>\n<h3 style=\"text-align: center;\"><span style=\"color: #000000;\"><span style=\"color: #ba2222;\"><strong>CONCORSO \u00ab\u00a0DANTED\u00cc\u00a0\u00bb PARIS<\/strong><\/span><\/span><\/h3>\n<h3 style=\"text-align: center;\">Tra i premi del concorso<\/h3>\n<h3 style=\"text-align: center;\"><span style=\"color: #ff0000;\"><strong>1000 euro in libri e materiali scolastici multimediali<\/strong><\/span><\/h3>\n<p><strong>Bando di concorso<\/strong><\/p>\n<p><span style=\"color: #bf0b0b;\"><strong>CHI PUO&rsquo; PARTECIPARE<\/strong><\/span> <strong>&#8211;<\/strong> Il concorso \u00e8 rivolto agli <strong>studenti italianisti<\/strong> dei Licei e dei Coll\u00e8ges delle Acad\u00e9mies comprese nel territorio di competenza del Consolato Generale d&rsquo;Italia a Parigi e agli allievi della Scuola Statale \u201cLeonardo da Vinci\u201d di Parigi.<\/p>\n<p><strong><span style=\"color: #bf0b0b;\">MODALITA\u2019 DI PARTECIPAZIONE<\/span> \u2013<\/strong> La partecipazione \u00e8 aperta a gruppi di 3-4 studenti, coordinati da un docente tutor, che dovranno presentare un <strong>elaborato, in lingua italiana,<\/strong> (video o testo originale, vedere bando), sul tema del concorso (per i Coll\u00e8ges \u201c<strong><em>Dante prima di Apollo 8? La terra vista dallo spazio<\/em><\/strong><em>\u201d, <\/em>per i Licei <em>\u201c<strong>Dante prima di Apollo 8? La terra vista dallo spazio<\/strong>\u201d <\/em>o <em>\u201c<strong>Dante prima di Einstein? La teoria della tre-sfera<\/strong>\u201d<\/em>)\u00a0entro il <strong>3 aprile 2023<\/strong>.<\/p>\n<p><strong><span style=\"color: #bf0b0b;\">\u25b6\ufe0f\u00a0 SCADENZA<\/span> \u2013<\/strong> Le<strong> iscrizioni al concorso<\/strong>\u00a0sono aperte fino al <span style=\"color: #ff0000;\"><strong>22 marzo 2023<\/strong><\/span>.<br \/>\nCiascun istituto scolastico potr\u00e0 presentare un massimo di <strong>3 candidature per categoria<\/strong>.<\/p>\n<p><strong><span style=\"color: #bf0b0b;\"><strong><span style=\"color: #bf0b0b;\">QUANDO INVIARE GLI ELABORATI<\/span> \u2013 <\/strong><\/span><\/strong>I gruppi partecipanti al concorso dovranno inviare gli elaborati entro il <span style=\"color: #000000;\"><strong>3 aprile 2023<\/strong><\/span>.<\/p>\n<p>Il <strong>25 marzo 2022<\/strong> \u2013 <em>Danted\u00ec<\/em> &#8211; per celebrare il ricordo del Sommo Poeta, le scuole interessate sono invitate a dare rilievo alla loro partecipazione al concorso e a organizzare eventi, letture e flash mob, condividendoli in rete con l\u2019hashtag <span style=\"color: #0000ff;\">#concorsodanteparigi<\/span><\/p>\n<p><strong><span style=\"color: #bf0b0b;\">PREMI<\/span> &#8211;<\/strong> I primi classificati della categoria \u00ab\u00a0Coll\u00e9giens et Lyc\u00e9ens\u00a0\u00bb riceveranno <strong>1000 euro in libri e materiale scolastico multimediale<\/strong>. Inoltre, il Comune di Ravenna offrir\u00e0 dei premi aggiuntivi.<\/p>\n<p><strong><span style=\"color: #bf0b0b;\">CONSEGNA DEI PREMI &#8211; <\/span><\/strong>La consegna dei premi e la presentazione delle opere si svolger\u00e0 al Consolato Generale d&rsquo;Italia a Parigi e ai gruppi premiati sar\u00e0 offerta una <em>Lectio Magistralis <\/em>da <strong>Ersilia Vaudo Scarpetta<\/strong>, Astrofisica e Chief Diversity Officer dell&rsquo;Agenzia Spaziale Europea.<\/p>\n<p>\u25fe\ufe0f Per saperne di pi\u00f9, consulta il <strong>bando<\/strong> \u27a1 <span style=\"color: #0000ff;\"><a style=\"color: #0000ff;\" href=\"https:\/\/ladante.fr\/wp-content\/uploads\/2022\/11\/Concours-Dantedi-Paris-troisieme-edition-def.pdf\" target=\"_blank\" rel=\"noopener\"><strong>clicca qui<\/strong><\/a><\/span><br \/>\n\u25fe\ufe0f Per la <strong>scheda di iscrizione<\/strong> \u27a1 <a href=\"https:\/\/ladante.fr\/wp-content\/uploads\/2022\/11\/bulletin-dinscription-concours-Dante-troisieme-edition.pdf\" target=\"_blank\" rel=\"noopener\"><strong><span style=\"color: #0000ff;\">clicca qui<\/span><\/strong><\/a><\/p>\n<p>Buona fortuna a tutti! \ud83c\udf40<\/p>\n<h3 style=\"text-align: center;\"><strong><span style=\"color: #bf0b0b;\">Inscriptions ouvertes jusqu&rsquo;au 22 mars !<\/span><\/strong><\/h3>\n<p style=\"text-align: left;\">Pour c\u00e9l\u00e9brer le \u00ab\u00a0Danted\u00ec\u00a0\u00bb, jour o\u00f9 le Po\u00e8te Supr\u00eame est comm\u00e9mor\u00e9 chaque ann\u00e9e le 25 mars, la <strong>Dante Alighieri-Comit\u00e9 de Paris <\/strong>organise la troisi\u00e8me \u00e9dition du \u00ab\u00a0<strong><span style=\"color: #ba2222;\">Concours <em>Danted\u00ec<\/em> Paris<\/span><\/strong>\u00ab\u00a0, promu par le<strong> Consulat G\u00e9n\u00e9ral d&rsquo;Italie \u00e0 Paris<\/strong>, en collaboration avec l<strong>&lsquo;Institut Culturel Italien \u00e0 Paris.<\/strong><\/p>\n<h3><strong><span style=\"color: #bf0b0b;\">QUI PEUT PARTICIPER<\/span><\/strong><\/h3>\n<p><strong><span style=\"color: #bf0b0b;\"><span style=\"color: #000000;\">\u00a0<\/span><\/span><\/strong>Le <strong>concours est ouvert aux \u00e9l\u00e8ves<\/strong> italianistes des coll\u00e8ges et des lyc\u00e9es des Acad\u00e9mies comprises dans le territoire de comp\u00e9tence du Consulat G\u00e9n\u00e9ral d&rsquo;Italie \u00e0 Paris et aux \u00e9l\u00e8ves de la Scuola Statale \u00ab\u00a0Leonardo da Vinci\u00a0\u00bb de Paris.<\/p>\n<h3><strong><span style=\"color: #bf0b0b;\">POUR PARTICIPER<\/span><\/strong><\/h3>\n<p>Les participants, r\u00e9unis en groupes de 3-4 \u00e9tudiants sous la direction d&rsquo;un professeur-tuteur, devront \u00e9laborer une <strong>oeuvre <\/strong>(vid\u00e9o in\u00e9dite ou texte originel en langue italienne, voir le r\u00e8glement)<strong> sur le th\u00e8me du Concours<\/strong> (\u201c<strong><em>Dante prima di Apollo 8? La terra vista dallo spazio<\/em><\/strong><em>\u201d pour les Coll\u00e8ges, \u201c<strong>Dante prima di Apollo 8? La terra vista dallo spazio<\/strong>\u201d <\/em>ou <em>\u201c<strong>Dante prima di Einstein? La teoria della tre-sfera<\/strong>\u201d <\/em>pour les Lyc\u00e9es). Les oeuvres devront \u00eatre envoy\u00e9es, exclusivement au format num\u00e9rique (voir le r\u00e8glement), avant le <strong>3 avril 2023<\/strong>.<\/p>\n<h3><strong><span style=\"color: #bf0b0b;\">POUR S&rsquo;INSCRIRE<\/span> <\/strong><\/h3>\n<p>Les \u00e9coles qui souhaitent <span style=\"color: #ff0000;\"><strong>participer<\/strong><\/span>\u00a0doivent s&rsquo;inscrire avant le <span style=\"color: #ff0000;\"><strong>22 mars 2023<\/strong><\/span><span style=\"color: #000000;\">\u00a0par voie num\u00e9rique (voir le r\u00e8glement).<\/span><br \/>\nChaque \u00e9tablissement scolaire peut envoyer un maximum de <strong>3 demandes par cat\u00e9gorie<\/strong>.<\/p>\n<h3><strong><span style=\"color: #bf0b0b;\">QUAND ENVOYER LES OEUVRES<\/span><\/strong><span style=\"color: #bf0b0b;\">\u00a0<\/span><\/h3>\n<p>Les oeuvres devront etre envoy\u00e9es, exclusivement au <strong>format num\u00e9rique<\/strong> (voir le r\u00e8glement), <strong>avant le 3 avril 2023<\/strong>.<\/p>\n<p>Le <strong>25 mars 2022<\/strong> &#8211; samedi &#8211; pour c\u00e9l\u00e9brer la m\u00e9moire du po\u00e8te supr\u00eame, les \u00e9coles int\u00e9ress\u00e9es sont invit\u00e9es \u00e0 souligner leur participation au concours et \u00e0 organiser des \u00e9v\u00e9nements, des lectures et des flashmobs, en les partageant en ligne avec le hashtag <span style=\"color: #0000ff;\">#concorsodanteparigi<\/span><\/p>\n<p>Un jury d&rsquo;experts d\u00e9cidera du laur\u00e9at pour chaque cat\u00e9gorie, en soulignant l&rsquo;originalit\u00e9 et la richesse linguistique.<\/p>\n<h3><strong><span style=\"color: #ba2222;\">LES PRIX<\/span><\/strong><\/h3>\n<p><strong><span style=\"color: #ba2222;\"> <span style=\"color: #000000;\">Les groupes remportant le premier prix<\/span><\/span> <\/strong>pour les cat\u00e9gories Coll\u00e9giens et Lyc\u00e9ens recevront <strong>1000 euros<\/strong> <strong>en livres et mat\u00e9riels scolaires multim\u00e9dia<\/strong>. <span style=\"color: #ba2222;\"><span style=\"color: #000000;\">Les groupes remportant le deuxi\u00e8me prix<\/span><\/span> pour les cat\u00e9gories Coll\u00e9giens et Lyc\u00e9ens recevront 500 euros en livres et mat\u00e9riels scolaires multim\u00e9dia. De plus, la Municipalit\u00e9 de Ravenna offrira des prix suppl\u00e9mentaires (voir le r\u00e8glement).<\/p>\n<h3><strong><span style=\"color: #ba2222;\">REMISE DES PRIX <\/span><\/strong><\/h3>\n<p>Un \u00e9v\u00e8nement de remise des prix et de pr\u00e9sentation des oeuvres sera organis\u00e9 aupr\u00e8s du Consulat G\u00e9neral d&rsquo;Italie \u00e0 Paris. A cette occasion sera offerte aux groupes prim\u00e9s une <em>Lectio Magistralis<\/em> par Ersilia Vaudo Scarpetta, Astrophysicienne et Chief Diversity Officer de l&rsquo;Agence Spatiale Europ\u00e9enne.<\/p>\n<p>\u25fe\ufe0f Pour en savoir plus, <strong>t\u00e9l\u00e9charger le r\u00e8glement<\/strong> \u27a1 <a href=\"https:\/\/ladante.fr\/wp-content\/uploads\/2022\/11\/Concours-Dantedi-Paris-troisieme-edition-def.pdf\" target=\"_blank\" rel=\"noopener\"><span style=\"color: #0000ff;\"><strong>cliquez ici<\/strong><\/span><\/a><\/p>\n<p>\u25fe\ufe0f Pour le <strong>formulaire d&rsquo;inscription<\/strong> \u27a1<a href=\"https:\/\/ladante.fr\/wp-content\/uploads\/2022\/11\/bulletin-dinscription-concours-Dante-troisieme-edition.pdf\" target=\"_blank\" rel=\"noopener\"><span style=\"color: #000080;\"> <strong><span style=\"color: #0000ff;\">cliquez ici<\/span><\/strong><\/span><\/a><\/p>\n<p>Contact : La Dante Paris<br \/>\n12 bis, rue S\u00e9dillot &#8211; 75007 Paris<br \/>\nparis@ladante.fr<\/p>\n<p>Mise \u00e0 jour du 27 avril 2023[\/vc_column_text][\/vc_column][\/vc_row]<\/p>\n","protected":false},"excerpt":{"rendered":"<p>[vc_row][vc_column][vc_column_text] CONCOURS \u00ab\u00a0DANTED\u00ec\u00a0\u00bb PARIS Trosi\u00e8me \u00e9dition \u00a0Th\u00e8me du Concours pour les Colleg\u00e8s \u00ab Dante prima di Apollo 8? La terra vista dallo spazio\u00a0\u00bb Th\u00e8me du Concours pour les Lyc\u00e9es \u00ab Dante prima di Apollo 8? La terra vista dallo spazio\u00a0\u00bb ou \u00ab Dante prima di Einstein? La teoria della tre-sfera\u00a0\u00bb I RISULTATI DEL CONCORSO DANTED\u00cc [&hellip;]<\/p>\n","protected":false},"author":1,"featured_media":0,"parent":0,"menu_order":0,"comment_status":"closed","ping_status":"closed","template":"","meta":{"disable_featured_image":false,"_themeisle_gutenberg_block_has_review":false},"yoast_head":"<!-- This site is optimized with the Yoast SEO plugin v20.1 - https:\/\/yoast.com\/wordpress\/plugins\/seo\/ -->\n<title>I risultati del Concorso Danted\u00ec Paris - La Dante - Comit\u00e9 de Paris<\/title>\n<meta name=\"description\" content=\"I risultati della terza edizione del Concorso Danted\u00ec Paris. Tra i premi una Lectio Magistralis da Ersilia Vaudo Scarpetta dell&#039;agenzia ESA.\" \/>\n<meta name=\"robots\" content=\"index, follow, max-snippet:-1, max-image-preview:large, max-video-preview:-1\" \/>\n<link rel=\"canonical\" href=\"https:\/\/ladante.fr\/paris\/3eme-edition-concours-dantedi-paris\/\" \/>\n<meta property=\"og:locale\" content=\"fr_FR\" \/>\n<meta property=\"og:type\" content=\"article\" \/>\n<meta property=\"og:title\" content=\"I risultati del Concorso Danted\u00ec Paris - La Dante - Comit\u00e9 de Paris\" \/>\n<meta property=\"og:description\" content=\"I risultati della terza edizione del Concorso Danted\u00ec Paris. Tra i premi una Lectio Magistralis da Ersilia Vaudo Scarpetta dell&#039;agenzia ESA.\" \/>\n<meta property=\"og:url\" content=\"https:\/\/ladante.fr\/paris\/3eme-edition-concours-dantedi-paris\/\" \/>\n<meta property=\"og:site_name\" content=\"La Dante - Comit\u00e9 de Paris\" \/>\n<meta property=\"article:modified_time\" content=\"2023-04-28T08:57:22+00:00\" \/>\n<meta property=\"og:image\" content=\"https:\/\/ladante.fr\/wp-content\/uploads\/2023\/04\/Dantedi-locandina-2023.jpg\" \/>\n<meta name=\"twitter:card\" content=\"summary_large_image\" \/>\n<meta name=\"twitter:label1\" content=\"Dur\u00e9e de lecture estim\u00e9e\" \/>\n\t<meta name=\"twitter:data1\" content=\"8 minutes\" \/>\n<script type=\"application\/ld+json\" class=\"yoast-schema-graph\">{\"@context\":\"https:\/\/schema.org\",\"@graph\":[{\"@type\":\"WebPage\",\"@id\":\"https:\/\/ladante.fr\/paris\/3eme-edition-concours-dantedi-paris\/\",\"url\":\"https:\/\/ladante.fr\/paris\/3eme-edition-concours-dantedi-paris\/\",\"name\":\"I risultati del Concorso Danted\u00ec Paris - La Dante - Comit\u00e9 de Paris\",\"isPartOf\":{\"@id\":\"https:\/\/ladante.fr\/paris\/#website\"},\"datePublished\":\"2022-11-14T02:46:30+00:00\",\"dateModified\":\"2023-04-28T08:57:22+00:00\",\"description\":\"I risultati della terza edizione del Concorso Danted\u00ec Paris. Tra i premi una Lectio Magistralis da Ersilia Vaudo Scarpetta dell'agenzia ESA.\",\"breadcrumb\":{\"@id\":\"https:\/\/ladante.fr\/paris\/3eme-edition-concours-dantedi-paris\/#breadcrumb\"},\"inLanguage\":\"fr-FR\",\"potentialAction\":[{\"@type\":\"ReadAction\",\"target\":[\"https:\/\/ladante.fr\/paris\/3eme-edition-concours-dantedi-paris\/\"]}]},{\"@type\":\"BreadcrumbList\",\"@id\":\"https:\/\/ladante.fr\/paris\/3eme-edition-concours-dantedi-paris\/#breadcrumb\",\"itemListElement\":[{\"@type\":\"ListItem\",\"position\":1,\"name\":\"Accueil\",\"item\":\"https:\/\/ladante.fr\/paris\/\"},{\"@type\":\"ListItem\",\"position\":2,\"name\":\"3\u00e8me \u00e9dition CONCOURS DANTED\u00ec PARIS\"}]},{\"@type\":\"WebSite\",\"@id\":\"https:\/\/ladante.fr\/paris\/#website\",\"url\":\"https:\/\/ladante.fr\/paris\/\",\"name\":\"La Dante - Comit\u00e9 de Paris\",\"description\":\"\",\"potentialAction\":[{\"@type\":\"SearchAction\",\"target\":{\"@type\":\"EntryPoint\",\"urlTemplate\":\"https:\/\/ladante.fr\/paris\/?s={search_term_string}\"},\"query-input\":\"required name=search_term_string\"}],\"inLanguage\":\"fr-FR\"}]}<\/script>\n<!-- \/ Yoast SEO plugin. -->","yoast_head_json":{"title":"I risultati del Concorso Danted\u00ec Paris - La Dante - Comit\u00e9 de Paris","description":"I risultati della terza edizione del Concorso Danted\u00ec Paris. Tra i premi una Lectio Magistralis da Ersilia Vaudo Scarpetta dell'agenzia ESA.","robots":{"index":"index","follow":"follow","max-snippet":"max-snippet:-1","max-image-preview":"max-image-preview:large","max-video-preview":"max-video-preview:-1"},"canonical":"https:\/\/ladante.fr\/paris\/3eme-edition-concours-dantedi-paris\/","og_locale":"fr_FR","og_type":"article","og_title":"I risultati del Concorso Danted\u00ec Paris - La Dante - Comit\u00e9 de Paris","og_description":"I risultati della terza edizione del Concorso Danted\u00ec Paris. Tra i premi una Lectio Magistralis da Ersilia Vaudo Scarpetta dell'agenzia ESA.","og_url":"https:\/\/ladante.fr\/paris\/3eme-edition-concours-dantedi-paris\/","og_site_name":"La Dante - Comit\u00e9 de Paris","article_modified_time":"2023-04-28T08:57:22+00:00","og_image":[{"url":"https:\/\/ladante.fr\/wp-content\/uploads\/2023\/04\/Dantedi-locandina-2023.jpg"}],"twitter_card":"summary_large_image","twitter_misc":{"Dur\u00e9e de lecture estim\u00e9e":"8 minutes"},"schema":{"@context":"https:\/\/schema.org","@graph":[{"@type":"WebPage","@id":"https:\/\/ladante.fr\/paris\/3eme-edition-concours-dantedi-paris\/","url":"https:\/\/ladante.fr\/paris\/3eme-edition-concours-dantedi-paris\/","name":"I risultati del Concorso Danted\u00ec Paris - La Dante - Comit\u00e9 de Paris","isPartOf":{"@id":"https:\/\/ladante.fr\/paris\/#website"},"datePublished":"2022-11-14T02:46:30+00:00","dateModified":"2023-04-28T08:57:22+00:00","description":"I risultati della terza edizione del Concorso Danted\u00ec Paris. Tra i premi una Lectio Magistralis da Ersilia Vaudo Scarpetta dell'agenzia ESA.","breadcrumb":{"@id":"https:\/\/ladante.fr\/paris\/3eme-edition-concours-dantedi-paris\/#breadcrumb"},"inLanguage":"fr-FR","potentialAction":[{"@type":"ReadAction","target":["https:\/\/ladante.fr\/paris\/3eme-edition-concours-dantedi-paris\/"]}]},{"@type":"BreadcrumbList","@id":"https:\/\/ladante.fr\/paris\/3eme-edition-concours-dantedi-paris\/#breadcrumb","itemListElement":[{"@type":"ListItem","position":1,"name":"Accueil","item":"https:\/\/ladante.fr\/paris\/"},{"@type":"ListItem","position":2,"name":"3\u00e8me \u00e9dition CONCOURS DANTED\u00ec PARIS"}]},{"@type":"WebSite","@id":"https:\/\/ladante.fr\/paris\/#website","url":"https:\/\/ladante.fr\/paris\/","name":"La Dante - Comit\u00e9 de Paris","description":"","potentialAction":[{"@type":"SearchAction","target":{"@type":"EntryPoint","urlTemplate":"https:\/\/ladante.fr\/paris\/?s={search_term_string}"},"query-input":"required name=search_term_string"}],"inLanguage":"fr-FR"}]}},"_links":{"self":[{"href":"https:\/\/ladante.fr\/paris\/wp-json\/wp\/v2\/pages\/5136"}],"collection":[{"href":"https:\/\/ladante.fr\/paris\/wp-json\/wp\/v2\/pages"}],"about":[{"href":"https:\/\/ladante.fr\/paris\/wp-json\/wp\/v2\/types\/page"}],"author":[{"embeddable":true,"href":"https:\/\/ladante.fr\/paris\/wp-json\/wp\/v2\/users\/1"}],"replies":[{"embeddable":true,"href":"https:\/\/ladante.fr\/paris\/wp-json\/wp\/v2\/comments?post=5136"}],"version-history":[{"count":11,"href":"https:\/\/ladante.fr\/paris\/wp-json\/wp\/v2\/pages\/5136\/revisions"}],"predecessor-version":[{"id":5416,"href":"https:\/\/ladante.fr\/paris\/wp-json\/wp\/v2\/pages\/5136\/revisions\/5416"}],"wp:attachment":[{"href":"https:\/\/ladante.fr\/paris\/wp-json\/wp\/v2\/media?parent=5136"}],"curies":[{"name":"wp","href":"https:\/\/api.w.org\/{rel}","templated":true}]}}