{"id":56,"date":"2017-12-03T14:41:07","date_gmt":"2017-12-03T13:41:07","guid":{"rendered":"http:\/\/la-dante.fr\/?page_id=56"},"modified":"2021-03-03T16:30:45","modified_gmt":"2021-03-03T15:30:45","slug":"adherer-a-la-dante","status":"publish","type":"page","link":"https:\/\/ladante.fr\/paris\/adherer-a-la-dante\/","title":{"rendered":"ADH\u00c9RER \u00c0 LA DANTE"},"content":{"rendered":"<p>[vc_row][vc_column][vc_column_text]<\/p>\n<p style=\"margin-bottom: -1%; font-family: Helvetica, Arial, 'Open sans'; font-size: 2em; font-weight: 400; color: #bc432b; text-transform: uppercase; border-bottom: 2px solid #bc432b; text-align: left;\">ADH\u00c9RER \u00c0 LA DANTE<\/p>\n<p>[\/vc_column_text][vc_column_text]La Dante de Paris, comme tous les comit\u00e9s de la Dante dans le monde, est une&nbsp;<strong>association \u00e0 but non lucratif (Loi 1901)<\/strong>&nbsp;qui ne re\u00e7oit aucune subvention.<\/p>\n<p>La Dante s\u2019autofinance gr\u00e2ce aux&nbsp;<strong>cours<\/strong>, aux&nbsp;<strong>adh\u00e9sions<\/strong>&nbsp;et au&nbsp;<strong>m\u00e9c\u00e9nat d\u2019entreprise<\/strong>&nbsp;et finance ses activit\u00e9s et \u00e9v\u00e9nements culturels par le biais de&nbsp;<strong>partenariats<\/strong>.<\/p>\n<h5 style=\"text-transform: uppercase;\">Adh\u00e9rer \u00e0 La Dante<\/h5>\n<p><img loading=\"lazy\" src=\"http:\/\/ladante.fr\/wp-content\/uploads\/2018\/02\/tessera-socio.png\" alt=\"tessera-socio\" width=\"100\" height=\"66\"><\/p>\n<p>Devenir membre adh\u00e9rent, membre \u00e9l\u00e8ve ou membre bienfaiteur du comit\u00e9 de Paris de La Dante, c\u2019est&nbsp;<strong>soutenir la promotion de la langue et de la culture italienne<\/strong>&nbsp;et b\u00e9n\u00e9ficier de&nbsp;<strong>nombreux avantages<\/strong>&nbsp;:<\/p>\n<ul>\n<li>Tarifs les plus bas sur tous nos cours<\/li>\n<li>Visites guid\u00e9es et voyages \u00e0 tarif r\u00e9duit<\/li>\n<li>Invitations \u00e0 nos \u00e9v\u00e9nements culturels<\/li>\n<li>Places de cin\u00e9ma \u00e0 gagner<\/li>\n<li>R\u00e9ductions pour les spectacles partenaires<\/li>\n<li>R\u00e9ductions et partenariats \u00e0 Paris (<img class=\"wf_file_icon\" src=\"http:\/\/ladante.fr\/wp-content\/uploads\/2018\/02\/pdf-1-e1517829938664.png\" alt=\"pdf\"><span class=\"wf_file_text\">Liste<\/span>)<\/li>\n<li>R\u00e9ductions et partenariats en Italie (<a style=\"color: #bc432b;\" title=\"R\u00e9ductions et partenariats en Italie\" href=\"http:\/\/ladante.fr\/wp-content\/uploads\/2018\/02\/ConvenzioniDA-1.pdf\" target=\"_blank\" rel=\"noopener noreferrer\" data-mediabox=\"width[1024];height[768];title[R\u00e9ductions et partenariats en Italie]\"><img class=\"wf_file_icon\" src=\"http:\/\/ladante.fr\/wp-content\/uploads\/2018\/02\/pdf-1-e1517829938664.png\" alt=\"pdf\"><span class=\"wf_file_text\">Liste<\/span><\/a>)<\/li>\n<\/ul>\n<h5 style=\"text-transform: uppercase;\">Comment adh\u00e9rer<\/h5>\n<p style=\"text-align: justify;\"><strong>T\u00e9l\u00e9chargez le bulletin<\/strong>&nbsp;ci-dessous, puis renvoyez-le compl\u00e9t\u00e9 par courrier postal, accompagn\u00e9 du ch\u00e8que de r\u00e8glement.<\/p>\n<div><a class=\"jcepopup noicon\" title=\"Cliquez ici pour t\u00e9l\u00e9charger le document\" href=\"https:\/\/ladante.fr\/wp-content\/uploads\/2020\/09\/Fiche_Adh\u00e9sion_20.pdf\" target=\"_blank\" rel=\"noopener noreferrer\" data-mediabox=\"width[1024];height[768];title[Bulletin d&amp;#39;adh\u00e9sion]\"><img loading=\"lazy\" class=\"aligncenter\" src=\"http:\/\/ladante.fr\/wp-content\/uploads\/2018\/02\/btn-bul.png\" alt=\"Cliquez ici pour t\u00e9l\u00e9charger le document\" width=\"200\" height=\"50\"><\/a><\/div>\n<h5 style=\"text-transform: uppercase;\">Devenir b\u00e9n\u00e9vole<\/h5>\n<p>En consacrant de quelques heures \u00e0 une demi-journ\u00e9e par semaine \u00e0 notre association (hors vacances scolaires) v<strong>ous contribuez \u00e0 la promotion de la langue et de la culture italienne<\/strong>.<\/p>\n<p>Accueil, secr\u00e9tariat, comptabilit\u00e9, biblioth\u00e8que\u2026 Qu\u2019elle soit ponctuelle ou r\u00e9guli\u00e8re, votre aide est pr\u00e9cieuse.<\/p>\n<h3 style=\"text-align: center;\"><a style=\"color: #bc432b;\" title=\"Contactez-nous\" href=\"http:\/\/www.ladante.fr\/qui-sommes-nous\/contactez-nous\"><strong>Rejoignez notre \u00e9quipe&nbsp;!<\/strong><\/a><\/h3>\n<p>[\/vc_column_text][vc_empty_space height=\u00a0\u00bb1035px\u00a0\u00bb][\/vc_column][\/vc_row]<\/p>\n","protected":false},"excerpt":{"rendered":"<p>[vc_row][vc_column][vc_column_text] ADH\u00c9RER \u00c0 LA DANTE [\/vc_column_text][vc_column_text]La Dante de Paris, comme tous les comit\u00e9s de la Dante dans le monde, est une&nbsp;association \u00e0 but non lucratif (Loi 1901)&nbsp;qui ne re\u00e7oit aucune subvention. La Dante s\u2019autofinance gr\u00e2ce aux&nbsp;cours, aux&nbsp;adh\u00e9sions&nbsp;et au&nbsp;m\u00e9c\u00e9nat d\u2019entreprise&nbsp;et finance ses activit\u00e9s et \u00e9v\u00e9nements culturels par le biais de&nbsp;partenariats. Adh\u00e9rer \u00e0 La Dante Devenir membre [&hellip;]<\/p>\n","protected":false},"author":4,"featured_media":0,"parent":0,"menu_order":0,"comment_status":"closed","ping_status":"closed","template":"","meta":{"disable_featured_image":true,"_themeisle_gutenberg_block_has_review":false},"yoast_head":"<!-- This site is optimized with the Yoast SEO plugin v20.1 - https:\/\/yoast.com\/wordpress\/plugins\/seo\/ -->\n<title>ADH\u00c9RER \u00c0 LA DANTE - La Dante - Comit\u00e9 de Paris<\/title>\n<meta name=\"robots\" content=\"index, follow, max-snippet:-1, max-image-preview:large, max-video-preview:-1\" \/>\n<link rel=\"canonical\" href=\"https:\/\/ladante.fr\/paris\/adherer-a-la-dante\/\" \/>\n<meta property=\"og:locale\" content=\"fr_FR\" \/>\n<meta property=\"og:type\" content=\"article\" \/>\n<meta property=\"og:title\" content=\"ADH\u00c9RER \u00c0 LA DANTE - La Dante - Comit\u00e9 de Paris\" \/>\n<meta property=\"og:description\" content=\"[vc_row][vc_column][vc_column_text] ADH\u00c9RER \u00c0 LA DANTE [\/vc_column_text][vc_column_text]La Dante de Paris, comme tous les comit\u00e9s de la Dante dans le monde, est une&nbsp;association \u00e0 but non lucratif (Loi 1901)&nbsp;qui ne re\u00e7oit aucune subvention. La Dante s\u2019autofinance gr\u00e2ce aux&nbsp;cours, aux&nbsp;adh\u00e9sions&nbsp;et au&nbsp;m\u00e9c\u00e9nat d\u2019entreprise&nbsp;et finance ses activit\u00e9s et \u00e9v\u00e9nements culturels par le biais de&nbsp;partenariats. Adh\u00e9rer \u00e0 La Dante Devenir membre [&hellip;]\" \/>\n<meta property=\"og:url\" content=\"https:\/\/ladante.fr\/paris\/adherer-a-la-dante\/\" \/>\n<meta property=\"og:site_name\" content=\"La Dante - Comit\u00e9 de Paris\" \/>\n<meta property=\"article:modified_time\" content=\"2021-03-03T15:30:45+00:00\" \/>\n<meta property=\"og:image\" content=\"http:\/\/ladante.fr\/wp-content\/uploads\/2018\/02\/tessera-socio.png\" \/>\n<meta name=\"twitter:card\" content=\"summary_large_image\" \/>\n<meta name=\"twitter:label1\" content=\"Dur\u00e9e de lecture estim\u00e9e\" \/>\n\t<meta name=\"twitter:data1\" content=\"1 minute\" \/>\n<script type=\"application\/ld+json\" class=\"yoast-schema-graph\">{\"@context\":\"https:\/\/schema.org\",\"@graph\":[{\"@type\":\"WebPage\",\"@id\":\"https:\/\/ladante.fr\/paris\/adherer-a-la-dante\/\",\"url\":\"https:\/\/ladante.fr\/paris\/adherer-a-la-dante\/\",\"name\":\"ADH\u00c9RER \u00c0 LA DANTE - La Dante - Comit\u00e9 de Paris\",\"isPartOf\":{\"@id\":\"https:\/\/ladante.fr\/paris\/#website\"},\"datePublished\":\"2017-12-03T13:41:07+00:00\",\"dateModified\":\"2021-03-03T15:30:45+00:00\",\"breadcrumb\":{\"@id\":\"https:\/\/ladante.fr\/paris\/adherer-a-la-dante\/#breadcrumb\"},\"inLanguage\":\"fr-FR\",\"potentialAction\":[{\"@type\":\"ReadAction\",\"target\":[\"https:\/\/ladante.fr\/paris\/adherer-a-la-dante\/\"]}]},{\"@type\":\"BreadcrumbList\",\"@id\":\"https:\/\/ladante.fr\/paris\/adherer-a-la-dante\/#breadcrumb\",\"itemListElement\":[{\"@type\":\"ListItem\",\"position\":1,\"name\":\"Accueil\",\"item\":\"https:\/\/ladante.fr\/paris\/\"},{\"@type\":\"ListItem\",\"position\":2,\"name\":\"ADH\u00c9RER \u00c0 LA DANTE\"}]},{\"@type\":\"WebSite\",\"@id\":\"https:\/\/ladante.fr\/paris\/#website\",\"url\":\"https:\/\/ladante.fr\/paris\/\",\"name\":\"La Dante - Comit\u00e9 de Paris\",\"description\":\"\",\"potentialAction\":[{\"@type\":\"SearchAction\",\"target\":{\"@type\":\"EntryPoint\",\"urlTemplate\":\"https:\/\/ladante.fr\/paris\/?s={search_term_string}\"},\"query-input\":\"required name=search_term_string\"}],\"inLanguage\":\"fr-FR\"}]}<\/script>\n<!-- \/ Yoast SEO plugin. -->","yoast_head_json":{"title":"ADH\u00c9RER \u00c0 LA DANTE - La Dante - Comit\u00e9 de Paris","robots":{"index":"index","follow":"follow","max-snippet":"max-snippet:-1","max-image-preview":"max-image-preview:large","max-video-preview":"max-video-preview:-1"},"canonical":"https:\/\/ladante.fr\/paris\/adherer-a-la-dante\/","og_locale":"fr_FR","og_type":"article","og_title":"ADH\u00c9RER \u00c0 LA DANTE - La Dante - Comit\u00e9 de Paris","og_description":"[vc_row][vc_column][vc_column_text] ADH\u00c9RER \u00c0 LA DANTE [\/vc_column_text][vc_column_text]La Dante de Paris, comme tous les comit\u00e9s de la Dante dans le monde, est une&nbsp;association \u00e0 but non lucratif (Loi 1901)&nbsp;qui ne re\u00e7oit aucune subvention. La Dante s\u2019autofinance gr\u00e2ce aux&nbsp;cours, aux&nbsp;adh\u00e9sions&nbsp;et au&nbsp;m\u00e9c\u00e9nat d\u2019entreprise&nbsp;et finance ses activit\u00e9s et \u00e9v\u00e9nements culturels par le biais de&nbsp;partenariats. Adh\u00e9rer \u00e0 La Dante Devenir membre [&hellip;]","og_url":"https:\/\/ladante.fr\/paris\/adherer-a-la-dante\/","og_site_name":"La Dante - Comit\u00e9 de Paris","article_modified_time":"2021-03-03T15:30:45+00:00","og_image":[{"url":"http:\/\/ladante.fr\/wp-content\/uploads\/2018\/02\/tessera-socio.png"}],"twitter_card":"summary_large_image","twitter_misc":{"Dur\u00e9e de lecture estim\u00e9e":"1 minute"},"schema":{"@context":"https:\/\/schema.org","@graph":[{"@type":"WebPage","@id":"https:\/\/ladante.fr\/paris\/adherer-a-la-dante\/","url":"https:\/\/ladante.fr\/paris\/adherer-a-la-dante\/","name":"ADH\u00c9RER \u00c0 LA DANTE - La Dante - Comit\u00e9 de Paris","isPartOf":{"@id":"https:\/\/ladante.fr\/paris\/#website"},"datePublished":"2017-12-03T13:41:07+00:00","dateModified":"2021-03-03T15:30:45+00:00","breadcrumb":{"@id":"https:\/\/ladante.fr\/paris\/adherer-a-la-dante\/#breadcrumb"},"inLanguage":"fr-FR","potentialAction":[{"@type":"ReadAction","target":["https:\/\/ladante.fr\/paris\/adherer-a-la-dante\/"]}]},{"@type":"BreadcrumbList","@id":"https:\/\/ladante.fr\/paris\/adherer-a-la-dante\/#breadcrumb","itemListElement":[{"@type":"ListItem","position":1,"name":"Accueil","item":"https:\/\/ladante.fr\/paris\/"},{"@type":"ListItem","position":2,"name":"ADH\u00c9RER \u00c0 LA DANTE"}]},{"@type":"WebSite","@id":"https:\/\/ladante.fr\/paris\/#website","url":"https:\/\/ladante.fr\/paris\/","name":"La Dante - Comit\u00e9 de Paris","description":"","potentialAction":[{"@type":"SearchAction","target":{"@type":"EntryPoint","urlTemplate":"https:\/\/ladante.fr\/paris\/?s={search_term_string}"},"query-input":"required name=search_term_string"}],"inLanguage":"fr-FR"}]}},"_links":{"self":[{"href":"https:\/\/ladante.fr\/paris\/wp-json\/wp\/v2\/pages\/56"}],"collection":[{"href":"https:\/\/ladante.fr\/paris\/wp-json\/wp\/v2\/pages"}],"about":[{"href":"https:\/\/ladante.fr\/paris\/wp-json\/wp\/v2\/types\/page"}],"author":[{"embeddable":true,"href":"https:\/\/ladante.fr\/paris\/wp-json\/wp\/v2\/users\/4"}],"replies":[{"embeddable":true,"href":"https:\/\/ladante.fr\/paris\/wp-json\/wp\/v2\/comments?post=56"}],"version-history":[{"count":9,"href":"https:\/\/ladante.fr\/paris\/wp-json\/wp\/v2\/pages\/56\/revisions"}],"predecessor-version":[{"id":4251,"href":"https:\/\/ladante.fr\/paris\/wp-json\/wp\/v2\/pages\/56\/revisions\/4251"}],"wp:attachment":[{"href":"https:\/\/ladante.fr\/paris\/wp-json\/wp\/v2\/media?parent=56"}],"curies":[{"name":"wp","href":"https:\/\/api.w.org\/{rel}","templated":true}]}}