{"id":5746,"date":"2023-11-24T01:03:37","date_gmt":"2023-11-24T00:03:37","guid":{"rendered":"https:\/\/ladante.fr\/paris\/?page_id=5746"},"modified":"2023-11-24T01:25:31","modified_gmt":"2023-11-24T00:25:31","slug":"4eme-edition-concours-dantedi-paris","status":"publish","type":"page","link":"https:\/\/ladante.fr\/paris\/4eme-edition-concours-dantedi-paris\/","title":{"rendered":"4\u00e8me \u00e9dition CONCOURS DANTED\u00ec PARIS"},"content":{"rendered":"<p>[vc_row][vc_column][vc_column_text][vc_row][vc_column width=\u00a0\u00bb1\/1&Prime;][vc_column_text]<\/p>\n<h2 style=\"text-align: center;\"><span style=\"color: #ba2222;\">CONCOURS \u00ab\u00a0DANTED\u00ec\u00a0\u00bb PARIS 2024<\/span><\/h2>\n<h5 style=\"text-align: center;\">Quatri\u00e8me \u00e9dition<\/h5>\n<h5 style=\"text-align: center;\">A l&rsquo;occasion des Jeux Olympiques et Paralympiques de Paris 2024<\/h5>\n<h5 style=\"text-align: center;\"><strong>\u00a0<\/strong>Th\u00e8me du Concours pour les Lyc\u00e9es <span style=\"color: #000000;\">\u00ab<\/span><span style=\"color: #000000;\">\u00a0<em><strong>Sport e contrappasso : due termini opposti ? <\/strong><\/em><\/span><span style=\"color: #000000;\">\u00bb<\/span><\/h5>\n<h5 style=\"text-align: center;\"><span style=\"color: #000000;\">\u00a0<\/span><\/h5>\n<p style=\"text-align: center;\"><img loading=\"lazy\" class=\"alignnone size-full wp-image-5415\" src=\"https:\/\/ladante.fr\/wp-content\/uploads\/2023\/11\/CONCORSO-DANTEDI-PARIS-2024-Affiche.png\" alt=\"Concorso Danted\u00ec Paris, quarta edizione\" width=\"369\" height=\"430\" \/><\/p>\n<p style=\"text-align: center;\">Un concorso nato per celebrare il \u00ab\u00a0Danted\u00ec\u00a0\u00bb<em>,<\/em> giorno in cui ogni anno il 25 marzo si commemora il Sommo Poeta.<br \/>\nIl <strong>Consolato Generale d&rsquo;Italia a Parigi<\/strong>, l\u2019<strong>Istituto Italiano di Cultura di Parigi<\/strong>, con la collaborazione della <span style=\"color: #0000ff;\"><a style=\"color: #0000ff;\" href=\"https:\/\/www.facebook.com\/societadanteparis\" target=\"_blank\" rel=\"noopener\">Societ\u00e0 Dante Alighieri &#8211; Comit\u00e9 de Paris<\/a><\/span>, sono liete di organizzare la quarta edizione del <strong>Concours \u201c<em>Danted\u00ec\u201d<\/em> Paris<\/strong>.<\/p>\n<h3><\/h3>\n<h3 style=\"text-align: center;\"><span style=\"color: #000000;\"><span style=\"color: #ba2222;\"><strong>CONCORSO \u00ab\u00a0DANTED\u00cc\u00a0\u00bb PARIS 2024<\/strong><\/span><\/span><\/h3>\n<p><strong>Bando di concorso<\/strong><\/p>\n<h4><span style=\"color: #bf0b0b;\"><strong>CHI PUO&rsquo; PARTECIPARE<\/strong><\/span><\/h4>\n<p>Il concorso \u00e8 rivolto agli <strong>studenti italianisti<\/strong> dei Licei delle Acad\u00e9mies comprese nel territorio di competenza del Consolato Generale d&rsquo;Italia a Parigi e agli allievi della Scuola Statale \u201cLeonardo da Vinci\u201d di Parigi.<\/p>\n<h4><strong><span style=\"color: #bf0b0b;\">MODALITA\u2019 DI PARTECIPAZIONE<\/span> <\/strong><\/h4>\n<p>La partecipazione \u00e8 aperta a gruppi di 3-4 studenti, coordinati da un docente tutor, che dovranno presentare un <strong>elaborato, in lingua italiana,<\/strong> (video originale, vedere bando), sul tema del concorso (\u201c<strong><em>Sport e contrappasso : due termini opposti ?<\/em><\/strong><em>\u201d<\/em>).<\/p>\n<h4><strong><span style=\"color: #bf0b0b;\">\u25b6\ufe0f\u00a0 SCADENZA<\/span> <\/strong><\/h4>\n<p>Le<strong> iscrizioni al concorso<\/strong>\u00a0sono aperte fino al <span style=\"color: #ff0000;\"><strong>29 marzo 2024<\/strong><\/span>.<br \/>\nCiascun istituto scolastico potr\u00e0 presentare un massimo di <strong>3 candidature<\/strong>.<\/p>\n<h4><strong><span style=\"color: #bf0b0b;\"><strong><span style=\"color: #bf0b0b;\">QUANDO INVIARE GLI ELABORATI<\/span><\/strong><\/span><\/strong><\/h4>\n<p>I gruppi partecipanti al concorso dovranno inviare gli elaborati (non superiori ai 10 mb) per via telematica all&rsquo;indirizzo email dirigente.parigi@esteri.it sempre entro il <span style=\"color: #000000;\"><strong>29 marzo 2024<\/strong><\/span>.<\/p>\n<p>Il <strong>25 marzo 2024<\/strong>\u00a0\u2013 <em>Danted\u00ec<\/em> &#8211; per celebrare il ricordo del Sommo Poeta, le scuole interessate sono invitate a dare rilievo alla loro partecipazione al concorso e a organizzare eventi, letture e flash mob, condividendoli in rete con l\u2019hashtag <span style=\"color: #0000ff;\">#concorsodanteparigi<\/span><\/p>\n<h4><strong><span style=\"color: #bf0b0b;\">PREMI<\/span> <\/strong><\/h4>\n<p>I premi saranno consegnati direttamente all&rsquo;amministrazione o all&rsquo;associazione dei genitori dei rispettivi istituti che risulteranno vincitori del concorso: <strong>1000 euro <\/strong>andranno alla scuola dei <strong>primi classificati<\/strong>, <strong>500 euro <\/strong>andranno alla scuola dei<strong> secondi classificati<\/strong><strong>, <\/strong>e <strong>250 euro <\/strong>andranno a quella dei <strong>terzi classificati<\/strong>. I premi saranno offerti dall&rsquo;Istituto Italiano di Cultura di Parigi. Inoltre, il Comune di Ravenna offrir\u00e0 dei premi aggiuntivi.<\/p>\n<h4><strong><span style=\"color: #bf0b0b;\">CONSEGNA DEI PREMI <\/span><\/strong><\/h4>\n<p>La consegna dei premi e la presentazione delle opere si svolger\u00e0 presso il Consolato Generale d&rsquo;Italia a Parigi.<\/p>\n<p>\u25fe\ufe0f Per saperne di pi\u00f9, consulta il <strong>bando<\/strong> \u27a1 <a href=\"https:\/\/ladante.fr\/wp-content\/uploads\/2023\/11\/Concours-Dantedi.pdf\" target=\"_blank\" rel=\"noopener\"><span style=\"color: #0000ff;\"><strong>clicca qui<\/strong><\/span><\/a><br \/>\n\u25fe\ufe0f Per la <strong>scheda di iscrizione<\/strong> \u27a1 <a href=\"https:\/\/ladante.fr\/wp-content\/uploads\/2023\/11\/bulletin-dinscription-Concours-Dantedi-Paris-quatrieme-edition.pdf\" target=\"_blank\" rel=\"noopener\"><strong><span style=\"color: #0000ff;\">clicca qui<\/span><\/strong><\/a><\/p>\n<p>Buona fortuna a tutti! \ud83c\udf40<\/p>\n<p>Mise \u00e0 jour du 23 novembre 2023[\/vc_column_text][\/vc_column][\/vc_row]<\/p>\n","protected":false},"excerpt":{"rendered":"<p>[vc_row][vc_column][vc_column_text][vc_row][vc_column width=\u00a0\u00bb1\/1&Prime;][vc_column_text] CONCOURS \u00ab\u00a0DANTED\u00ec\u00a0\u00bb PARIS 2024 Quatri\u00e8me \u00e9dition A l&rsquo;occasion des Jeux Olympiques et Paralympiques de Paris 2024 \u00a0Th\u00e8me du Concours pour les Lyc\u00e9es \u00ab\u00a0Sport e contrappasso : due termini opposti ? \u00bb \u00a0 Un concorso nato per celebrare il \u00ab\u00a0Danted\u00ec\u00a0\u00bb, giorno in cui ogni anno il 25 marzo si commemora il Sommo Poeta. Il [&hellip;]<\/p>\n","protected":false},"author":1,"featured_media":0,"parent":0,"menu_order":0,"comment_status":"closed","ping_status":"closed","template":"","meta":{"disable_featured_image":false,"_themeisle_gutenberg_block_has_review":false},"yoast_head":"<!-- This site is optimized with the Yoast SEO plugin v20.1 - https:\/\/yoast.com\/wordpress\/plugins\/seo\/ -->\n<title>4\u00e8me \u00e9dition CONCOURS DANTED\u00ec PARIS 2024<\/title>\n<meta name=\"description\" content=\"Sono aperte le iscrizioni per il Concours &quot;Danted\u00ec&quot; Paris 2024. La 4\u00b0 edizione del Concorso dedicato al Sommo Poeta \u00e8 rivolta solo ai licei.\" \/>\n<meta name=\"robots\" content=\"index, follow, max-snippet:-1, max-image-preview:large, max-video-preview:-1\" \/>\n<link rel=\"canonical\" href=\"https:\/\/ladante.fr\/paris\/4eme-edition-concours-dantedi-paris\/\" \/>\n<meta property=\"og:locale\" content=\"fr_FR\" \/>\n<meta property=\"og:type\" content=\"article\" \/>\n<meta property=\"og:title\" content=\"4\u00e8me \u00e9dition CONCOURS DANTED\u00ec PARIS 2024\" \/>\n<meta property=\"og:description\" content=\"Sono aperte le iscrizioni per il Concours &quot;Danted\u00ec&quot; Paris 2024. La 4\u00b0 edizione del Concorso dedicato al Sommo Poeta \u00e8 rivolta solo ai licei.\" \/>\n<meta property=\"og:url\" content=\"https:\/\/ladante.fr\/paris\/4eme-edition-concours-dantedi-paris\/\" \/>\n<meta property=\"og:site_name\" content=\"La Dante - Comit\u00e9 de Paris\" \/>\n<meta property=\"article:modified_time\" content=\"2023-11-24T00:25:31+00:00\" \/>\n<meta property=\"og:image\" content=\"https:\/\/ladante.fr\/wp-content\/uploads\/2023\/11\/CONCORSO-DANTEDI-PARIS-2024-Affiche.png\" \/>\n<meta name=\"twitter:card\" content=\"summary_large_image\" \/>\n<meta name=\"twitter:label1\" content=\"Dur\u00e9e de lecture estim\u00e9e\" \/>\n\t<meta name=\"twitter:data1\" content=\"3 minutes\" \/>\n<script type=\"application\/ld+json\" class=\"yoast-schema-graph\">{\"@context\":\"https:\/\/schema.org\",\"@graph\":[{\"@type\":\"WebPage\",\"@id\":\"https:\/\/ladante.fr\/paris\/4eme-edition-concours-dantedi-paris\/\",\"url\":\"https:\/\/ladante.fr\/paris\/4eme-edition-concours-dantedi-paris\/\",\"name\":\"4\u00e8me \u00e9dition CONCOURS DANTED\u00ec PARIS 2024\",\"isPartOf\":{\"@id\":\"https:\/\/ladante.fr\/paris\/#website\"},\"datePublished\":\"2023-11-24T00:03:37+00:00\",\"dateModified\":\"2023-11-24T00:25:31+00:00\",\"description\":\"Sono aperte le iscrizioni per il Concours \\\"Danted\u00ec\\\" Paris 2024. La 4\u00b0 edizione del Concorso dedicato al Sommo Poeta \u00e8 rivolta solo ai licei.\",\"breadcrumb\":{\"@id\":\"https:\/\/ladante.fr\/paris\/4eme-edition-concours-dantedi-paris\/#breadcrumb\"},\"inLanguage\":\"fr-FR\",\"potentialAction\":[{\"@type\":\"ReadAction\",\"target\":[\"https:\/\/ladante.fr\/paris\/4eme-edition-concours-dantedi-paris\/\"]}]},{\"@type\":\"BreadcrumbList\",\"@id\":\"https:\/\/ladante.fr\/paris\/4eme-edition-concours-dantedi-paris\/#breadcrumb\",\"itemListElement\":[{\"@type\":\"ListItem\",\"position\":1,\"name\":\"Accueil\",\"item\":\"https:\/\/ladante.fr\/paris\/\"},{\"@type\":\"ListItem\",\"position\":2,\"name\":\"4\u00e8me \u00e9dition CONCOURS DANTED\u00ec PARIS\"}]},{\"@type\":\"WebSite\",\"@id\":\"https:\/\/ladante.fr\/paris\/#website\",\"url\":\"https:\/\/ladante.fr\/paris\/\",\"name\":\"La Dante - Comit\u00e9 de Paris\",\"description\":\"\",\"potentialAction\":[{\"@type\":\"SearchAction\",\"target\":{\"@type\":\"EntryPoint\",\"urlTemplate\":\"https:\/\/ladante.fr\/paris\/?s={search_term_string}\"},\"query-input\":\"required name=search_term_string\"}],\"inLanguage\":\"fr-FR\"}]}<\/script>\n<!-- \/ Yoast SEO plugin. -->","yoast_head_json":{"title":"4\u00e8me \u00e9dition CONCOURS DANTED\u00ec PARIS 2024","description":"Sono aperte le iscrizioni per il Concours \"Danted\u00ec\" Paris 2024. La 4\u00b0 edizione del Concorso dedicato al Sommo Poeta \u00e8 rivolta solo ai licei.","robots":{"index":"index","follow":"follow","max-snippet":"max-snippet:-1","max-image-preview":"max-image-preview:large","max-video-preview":"max-video-preview:-1"},"canonical":"https:\/\/ladante.fr\/paris\/4eme-edition-concours-dantedi-paris\/","og_locale":"fr_FR","og_type":"article","og_title":"4\u00e8me \u00e9dition CONCOURS DANTED\u00ec PARIS 2024","og_description":"Sono aperte le iscrizioni per il Concours \"Danted\u00ec\" Paris 2024. La 4\u00b0 edizione del Concorso dedicato al Sommo Poeta \u00e8 rivolta solo ai licei.","og_url":"https:\/\/ladante.fr\/paris\/4eme-edition-concours-dantedi-paris\/","og_site_name":"La Dante - Comit\u00e9 de Paris","article_modified_time":"2023-11-24T00:25:31+00:00","og_image":[{"url":"https:\/\/ladante.fr\/wp-content\/uploads\/2023\/11\/CONCORSO-DANTEDI-PARIS-2024-Affiche.png"}],"twitter_card":"summary_large_image","twitter_misc":{"Dur\u00e9e de lecture estim\u00e9e":"3 minutes"},"schema":{"@context":"https:\/\/schema.org","@graph":[{"@type":"WebPage","@id":"https:\/\/ladante.fr\/paris\/4eme-edition-concours-dantedi-paris\/","url":"https:\/\/ladante.fr\/paris\/4eme-edition-concours-dantedi-paris\/","name":"4\u00e8me \u00e9dition CONCOURS DANTED\u00ec PARIS 2024","isPartOf":{"@id":"https:\/\/ladante.fr\/paris\/#website"},"datePublished":"2023-11-24T00:03:37+00:00","dateModified":"2023-11-24T00:25:31+00:00","description":"Sono aperte le iscrizioni per il Concours \"Danted\u00ec\" Paris 2024. La 4\u00b0 edizione del Concorso dedicato al Sommo Poeta \u00e8 rivolta solo ai licei.","breadcrumb":{"@id":"https:\/\/ladante.fr\/paris\/4eme-edition-concours-dantedi-paris\/#breadcrumb"},"inLanguage":"fr-FR","potentialAction":[{"@type":"ReadAction","target":["https:\/\/ladante.fr\/paris\/4eme-edition-concours-dantedi-paris\/"]}]},{"@type":"BreadcrumbList","@id":"https:\/\/ladante.fr\/paris\/4eme-edition-concours-dantedi-paris\/#breadcrumb","itemListElement":[{"@type":"ListItem","position":1,"name":"Accueil","item":"https:\/\/ladante.fr\/paris\/"},{"@type":"ListItem","position":2,"name":"4\u00e8me \u00e9dition CONCOURS DANTED\u00ec PARIS"}]},{"@type":"WebSite","@id":"https:\/\/ladante.fr\/paris\/#website","url":"https:\/\/ladante.fr\/paris\/","name":"La Dante - Comit\u00e9 de Paris","description":"","potentialAction":[{"@type":"SearchAction","target":{"@type":"EntryPoint","urlTemplate":"https:\/\/ladante.fr\/paris\/?s={search_term_string}"},"query-input":"required name=search_term_string"}],"inLanguage":"fr-FR"}]}},"_links":{"self":[{"href":"https:\/\/ladante.fr\/paris\/wp-json\/wp\/v2\/pages\/5746"}],"collection":[{"href":"https:\/\/ladante.fr\/paris\/wp-json\/wp\/v2\/pages"}],"about":[{"href":"https:\/\/ladante.fr\/paris\/wp-json\/wp\/v2\/types\/page"}],"author":[{"embeddable":true,"href":"https:\/\/ladante.fr\/paris\/wp-json\/wp\/v2\/users\/1"}],"replies":[{"embeddable":true,"href":"https:\/\/ladante.fr\/paris\/wp-json\/wp\/v2\/comments?post=5746"}],"version-history":[{"count":4,"href":"https:\/\/ladante.fr\/paris\/wp-json\/wp\/v2\/pages\/5746\/revisions"}],"predecessor-version":[{"id":5769,"href":"https:\/\/ladante.fr\/paris\/wp-json\/wp\/v2\/pages\/5746\/revisions\/5769"}],"wp:attachment":[{"href":"https:\/\/ladante.fr\/paris\/wp-json\/wp\/v2\/media?parent=5746"}],"curies":[{"name":"wp","href":"https:\/\/api.w.org\/{rel}","templated":true}]}}