{"id":5873,"date":"2024-08-03T14:17:49","date_gmt":"2024-08-03T12:17:49","guid":{"rendered":"https:\/\/ladante.fr\/paris\/?page_id=5873"},"modified":"2024-08-03T14:23:24","modified_gmt":"2024-08-03T12:23:24","slug":"cours-ditalien-a-paris","status":"publish","type":"page","link":"https:\/\/ladante.fr\/paris\/cours-ditalien-a-paris\/","title":{"rendered":"Cours d&rsquo;italien \u00e0 Paris 2024-2025"},"content":{"rendered":"<p>[vc_row][vc_column][vc_column_text]<\/p>\n<h5>[\/vc_column_text][\/vc_column][\/vc_row][vc_row][vc_column][vc_column_text]<a href=\"https:\/\/ladante.fr\/cours-particuliers\/#1513608556231-7ece5179-d1f3\" target=\"_blank\" rel=\"noopener\"><img loading=\"lazy\" class=\"wp-image-4375 aligncenter\" src=\"https:\/\/ladante.fr\/wp-content\/uploads\/2022\/06\/Decouvrir-et-apprendre-la-langue-italienne-a-Paris.jpg\" alt=\"Cours d'italien Paris\" width=\"730\" height=\"396\" \/><\/a><\/h5>\n<p>[vc_row][vc_column width=\u00a0\u00bb1\/1&Prime;][vc_column_text]<\/p>\n<h5>[\/vc_column_text][\/vc_column][\/vc_row][vc_row][vc_column][vc_column_text]<\/h5>\n<h4><strong>COURS D&rsquo;ITALIEN A PARIS<\/strong><\/h4>\n<h5>1ER SEMESTRE \u00c0 PARTIR DU LUNDI 30 SEPTEMBRE 2024<span style=\"color: #000000;\">\u00a0<\/span> :<\/h5>\n<h5>TOUS LES NIVEAUX &#8211; CONVERSATION\u00a0 B\/C &#8211; CERTIFICATION PLIDA<\/h5>\n<p><strong>Les c<\/strong><strong>ours d&rsquo;italien \u00e0 Paris<\/strong>\u00a0<span class=\"_5mfr\"><span class=\"_6qdm\">\ud83d\udc49<\/span><\/span> <a href=\"https:\/\/ladante.fr\/wp-content\/uploads\/2024\/08\/Fiche-Inscription-2024-2025.pdf\" target=\"_blank\" rel=\"noopener\"><span style=\"color: #0000ff;\">Fiche d&rsquo;inscription 2024-2025<\/span><\/a><\/p>\n<p><span style=\"color: #bc432b;\"> <a class=\"wf_file jcepopup noicon\" title=\"Tarifs_Cours\" href=\"https:\/\/ladante.fr\/wp-content\/uploads\/2024\/01\/Planning-Dante-Printemps-2024-2sem.pdf\" target=\"_blank\" rel=\"noopener noreferrer\" data-mediabox=\"width[1024];height[768];title[Tarifs Cours d&amp;#39;italien]\"><img class=\"wf_file_icon\" src=\"http:\/\/ladante.fr\/wp-content\/uploads\/2018\/02\/pdf-1-e1517829938664.png\" alt=\"pdf\" \/><\/a> <a class=\"wf_file jcepopup noicon\" title=\"Tarifs_Cours\" href=\"https:\/\/ladante.fr\/wp-content\/uploads\/2024\/06\/Planning-Dante-Printemps-24-25_1s.pdf\" target=\"_blank\" rel=\"noopener noreferrer\" data-mediabox=\"width[1024];height[768];title[Tarifs Cours d&amp;#39;italien]\"><span style=\"color: #0000ff;\">Planning 1er semestre cours d&rsquo;italien 2024-2025<\/span><\/a>\u00a0 \u00a0 \u00a0 \u00a0 \u00a0\u00a0<a class=\"wf_file jcepopup noicon\" title=\"Tarifs_Cours\" href=\"https:\/\/ladante.fr\/wp-content\/uploads\/2024\/02\/Calendario-2023-2024_DA.pdf\" target=\"_blank\" rel=\"noopener noreferrer\" data-mediabox=\"width[1024];height[768];title[Tarifs Cours d&amp;#39;italien]\"><img class=\"wf_file_icon\" src=\"http:\/\/ladante.fr\/wp-content\/uploads\/2018\/02\/pdf-1-e1517829938664.png\" alt=\"pdf\" \/><\/a> <a class=\"wf_file jcepopup noicon\" title=\"Tarifs_Cours\" href=\"https:\/\/ladante.fr\/wp-content\/uploads\/2024\/06\/Calendario_2024_2025_DA.pdf\" target=\"_blank\" rel=\"noopener noreferrer\" data-mediabox=\"width[1024];height[768];title[Tarifs Cours d&amp;#39;italien]\"><span style=\"color: #0000ff;\">Le calendrier 2024-2025<\/span><\/a><\/span><\/p>\n<p>Contactez-nous pour toute question : 01 47 05 16 26 \/ paris@ladante.fr<\/p>\n<p>NOS COURS D&rsquo;ITALIEN<\/p>\n<p>Nos <strong>cours<\/strong> collectifs de <strong>langue et de culture italienne<\/strong> ont lieu\u00a0<strong>l&rsquo;apr\u00e8s-midi<\/strong>\u00a0ou\u00a0<strong>le soir<\/strong>\u00a0dans les locaux du lyc\u00e9e italien de <strong>Paris<\/strong> (dans le 7<sup>\u00e8me<\/sup>).<\/p>\n<p>Ils durent <strong>1h30<\/strong>\u00a0et sont tous\u00a0<strong>dispens\u00e9s en italien<\/strong>\u00a0afin de vous permettre de\u00a0<strong>penser en italien.<br \/>\n<\/strong>Nous prenons en compte les diff\u00e9rentes strat\u00e9gies d\u2019apprentissage\u00a0: nos groupes sont form\u00e9s d\u2019une m\u00eame tranche d\u2019\u00e2ge et nos professeurs utilisent des m\u00e9thodes diff\u00e9renci\u00e9es. Nous consacrons du temps \u00e0 chaque projet, personnel et\/ou professionnel.<\/p>\n<p><strong>Tous les cours d&rsquo;italien de La Dante de Paris<\/strong><\/p>\n<ul>\n<li>sont \u00e9ligibles au titre de la formation professionnelle<\/li>\n<li>peuvent \u00eatre financ\u00e9es par les OPCA (AFDAS, Agefos PME, FIAFEC, FORCO&#8230;)<\/li>\n<li>sont compatibles avec le <strong>C.P.F<\/strong> (Compte Personnel de Formation), \u00e0 pr\u00e9voir trois semaines pour les d\u00e9marches administratives<\/li>\n<\/ul>\n<p>Enregistrement n\u00b0 11 75 41694 75<\/p>\n<hr \/>\n<h4>COURS D&rsquo;ITALIEN A PARIS &#8211; Horaires des cours : 14h45 &#8211; 16h15\/ 16h30 &#8211; 18h00\/ 19h00 &#8211; 20h30<\/h4>\n<p>\u2757\ufe0fSi vous \u00eates int\u00e9ress\u00e9s, nous vous conseillons de vous inscrire vite (places limit\u00e9es) : <a href=\"http:\/\/ladante.fr\/cours-particuliers\/#1513608556231-7ece5179-d1f3\" target=\"_blank\" rel=\"noopener noreferrer\"><span style=\"color: #0000ff;\">Formulaire d&rsquo;inscription aux cours<\/span><\/a><\/p>\n<p>Vous trouverez plus d\u2019informations sur nos cours d\u2019italien et sur les \u00e9v\u00e8nements en langue italienne sur la <strong>page d\u2019accueil<\/strong> de notre site, <strong><span style=\"color: #0000ff;\"><a style=\"color: #0000ff;\" href=\"https:\/\/ladante.fr\/paris\/\" target=\"_blank\" rel=\"noopener\">cliquez ici<\/a><\/span><\/strong> (fiche d\u2019inscription, calandrier, \u00e9v\u00e8nements \u00e0 venir et plus encore).<\/p>\n<p>N\u2019h\u00e9sitez pas \u00e9galement \u00e0 visiter la page d\u00e9di\u00e9e aux <span style=\"color: #0000ff;\"><a style=\"color: #0000ff;\" href=\"https:\/\/ladante.fr\/paris\/cours-d-italien-paris\/\" target=\"_blank\" rel=\"noopener\"><strong>cours de langue et culture italienne<\/strong><\/a><\/span> (corsi di langua e cultura italiana) o\u00f9 vous trouverez les modalit\u00e9s et d\u00e9lais d\u2019acc\u00e8s \u00e0 nos cours, tous les programmes par niveaux ainsi que les tarifs des cours collectifs et individuels, <strong><a href=\"https:\/\/ladante.fr\/paris\/cours-d-italien-paris\/\" target=\"_blank\" rel=\"noopener\"><span style=\"color: #0000ff;\">cliquez ici<\/span><\/a><\/strong>.<\/p>\n<p>[\/vc_column_text][\/vc_column][\/vc_row][vc_row][vc_column][vc_column_text]<\/p>\n<h5>[\/vc_column_text][\/vc_column][\/vc_row][vc_row][vc_column][vc_column_text]<\/h5>\n<h5>[\/vc_column_text][\/vc_column][\/vc_row][vc_row][vc_column][vc_column_text]<\/h5>\n<h5>[\/vc_column_text][\/vc_column][\/vc_row][vc_row][vc_column][vc_column_text]<\/h5>\n<h5>[\/vc_column_text][\/vc_column][\/vc_row]<\/h5>\n","protected":false},"excerpt":{"rendered":"<p>[vc_row][vc_column][vc_column_text] [\/vc_column_text][\/vc_column][\/vc_row][vc_row][vc_column][vc_column_text] [vc_row][vc_column width=\u00a0\u00bb1\/1&Prime;][vc_column_text] [\/vc_column_text][\/vc_column][\/vc_row][vc_row][vc_column][vc_column_text] COURS D&rsquo;ITALIEN A PARIS 1ER SEMESTRE \u00c0 PARTIR DU LUNDI 30 SEPTEMBRE 2024\u00a0 : TOUS LES NIVEAUX &#8211; CONVERSATION\u00a0 B\/C &#8211; CERTIFICATION PLIDA Les cours d&rsquo;italien \u00e0 Paris\u00a0\ud83d\udc49 Fiche d&rsquo;inscription 2024-2025 Planning 1er semestre cours d&rsquo;italien 2024-2025\u00a0 \u00a0 \u00a0 \u00a0 \u00a0\u00a0 Le calendrier 2024-2025 Contactez-nous pour toute question : 01 [&hellip;]<\/p>\n","protected":false},"author":1,"featured_media":0,"parent":0,"menu_order":0,"comment_status":"closed","ping_status":"closed","template":"","meta":{"disable_featured_image":false,"_themeisle_gutenberg_block_has_review":false},"yoast_head":"<!-- This site is optimized with the Yoast SEO plugin v20.1 - https:\/\/yoast.com\/wordpress\/plugins\/seo\/ -->\n<title>Cours d&#039;italien \u00e0 Paris 2024-2025 - La Dante - Comit\u00e9 de Paris<\/title>\n<meta name=\"description\" content=\"Nos cours d&#039;italien \u00e0 Paris demarrent le lundi 30 septembre 2024 ! Envie de d\u00e9couvri ou ameliorer votre niveau d&#039;italien ? Cours d&#039;italien pour tous les niveaux, cours de conversation et certification PLIDA.\" \/>\n<meta name=\"robots\" content=\"index, follow, max-snippet:-1, max-image-preview:large, max-video-preview:-1\" \/>\n<link rel=\"canonical\" href=\"https:\/\/ladante.fr\/paris\/cours-ditalien-a-paris\/\" \/>\n<meta property=\"og:locale\" content=\"fr_FR\" \/>\n<meta property=\"og:type\" content=\"article\" \/>\n<meta property=\"og:title\" content=\"Cours d&#039;italien \u00e0 Paris 2024-2025 - La Dante - Comit\u00e9 de Paris\" \/>\n<meta property=\"og:description\" content=\"Nos cours d&#039;italien \u00e0 Paris demarrent le lundi 30 septembre 2024 ! Envie de d\u00e9couvri ou ameliorer votre niveau d&#039;italien ? Cours d&#039;italien pour tous les niveaux, cours de conversation et certification PLIDA.\" \/>\n<meta property=\"og:url\" content=\"https:\/\/ladante.fr\/paris\/cours-ditalien-a-paris\/\" \/>\n<meta property=\"og:site_name\" content=\"La Dante - Comit\u00e9 de Paris\" \/>\n<meta property=\"article:modified_time\" content=\"2024-08-03T12:23:24+00:00\" \/>\n<meta property=\"og:image\" content=\"https:\/\/ladante.fr\/wp-content\/uploads\/2022\/06\/Decouvrir-et-apprendre-la-langue-italienne-a-Paris.jpg\" \/>\n<meta name=\"twitter:card\" content=\"summary_large_image\" \/>\n<meta name=\"twitter:label1\" content=\"Dur\u00e9e de lecture estim\u00e9e\" \/>\n\t<meta name=\"twitter:data1\" content=\"3 minutes\" \/>\n<script type=\"application\/ld+json\" class=\"yoast-schema-graph\">{\"@context\":\"https:\/\/schema.org\",\"@graph\":[{\"@type\":\"WebPage\",\"@id\":\"https:\/\/ladante.fr\/paris\/cours-ditalien-a-paris\/\",\"url\":\"https:\/\/ladante.fr\/paris\/cours-ditalien-a-paris\/\",\"name\":\"Cours d'italien \u00e0 Paris 2024-2025 - La Dante - Comit\u00e9 de Paris\",\"isPartOf\":{\"@id\":\"https:\/\/ladante.fr\/paris\/#website\"},\"datePublished\":\"2024-08-03T12:17:49+00:00\",\"dateModified\":\"2024-08-03T12:23:24+00:00\",\"description\":\"Nos cours d'italien \u00e0 Paris demarrent le lundi 30 septembre 2024 ! Envie de d\u00e9couvri ou ameliorer votre niveau d'italien ? Cours d'italien pour tous les niveaux, cours de conversation et certification PLIDA.\",\"breadcrumb\":{\"@id\":\"https:\/\/ladante.fr\/paris\/cours-ditalien-a-paris\/#breadcrumb\"},\"inLanguage\":\"fr-FR\",\"potentialAction\":[{\"@type\":\"ReadAction\",\"target\":[\"https:\/\/ladante.fr\/paris\/cours-ditalien-a-paris\/\"]}]},{\"@type\":\"BreadcrumbList\",\"@id\":\"https:\/\/ladante.fr\/paris\/cours-ditalien-a-paris\/#breadcrumb\",\"itemListElement\":[{\"@type\":\"ListItem\",\"position\":1,\"name\":\"Accueil\",\"item\":\"https:\/\/ladante.fr\/paris\/\"},{\"@type\":\"ListItem\",\"position\":2,\"name\":\"Cours d&rsquo;italien \u00e0 Paris 2024-2025\"}]},{\"@type\":\"WebSite\",\"@id\":\"https:\/\/ladante.fr\/paris\/#website\",\"url\":\"https:\/\/ladante.fr\/paris\/\",\"name\":\"La Dante - Comit\u00e9 de Paris\",\"description\":\"\",\"potentialAction\":[{\"@type\":\"SearchAction\",\"target\":{\"@type\":\"EntryPoint\",\"urlTemplate\":\"https:\/\/ladante.fr\/paris\/?s={search_term_string}\"},\"query-input\":\"required name=search_term_string\"}],\"inLanguage\":\"fr-FR\"}]}<\/script>\n<!-- \/ Yoast SEO plugin. -->","yoast_head_json":{"title":"Cours d'italien \u00e0 Paris 2024-2025 - La Dante - Comit\u00e9 de Paris","description":"Nos cours d'italien \u00e0 Paris demarrent le lundi 30 septembre 2024 ! Envie de d\u00e9couvri ou ameliorer votre niveau d'italien ? Cours d'italien pour tous les niveaux, cours de conversation et certification PLIDA.","robots":{"index":"index","follow":"follow","max-snippet":"max-snippet:-1","max-image-preview":"max-image-preview:large","max-video-preview":"max-video-preview:-1"},"canonical":"https:\/\/ladante.fr\/paris\/cours-ditalien-a-paris\/","og_locale":"fr_FR","og_type":"article","og_title":"Cours d'italien \u00e0 Paris 2024-2025 - La Dante - Comit\u00e9 de Paris","og_description":"Nos cours d'italien \u00e0 Paris demarrent le lundi 30 septembre 2024 ! Envie de d\u00e9couvri ou ameliorer votre niveau d'italien ? Cours d'italien pour tous les niveaux, cours de conversation et certification PLIDA.","og_url":"https:\/\/ladante.fr\/paris\/cours-ditalien-a-paris\/","og_site_name":"La Dante - Comit\u00e9 de Paris","article_modified_time":"2024-08-03T12:23:24+00:00","og_image":[{"url":"https:\/\/ladante.fr\/wp-content\/uploads\/2022\/06\/Decouvrir-et-apprendre-la-langue-italienne-a-Paris.jpg"}],"twitter_card":"summary_large_image","twitter_misc":{"Dur\u00e9e de lecture estim\u00e9e":"3 minutes"},"schema":{"@context":"https:\/\/schema.org","@graph":[{"@type":"WebPage","@id":"https:\/\/ladante.fr\/paris\/cours-ditalien-a-paris\/","url":"https:\/\/ladante.fr\/paris\/cours-ditalien-a-paris\/","name":"Cours d'italien \u00e0 Paris 2024-2025 - La Dante - Comit\u00e9 de Paris","isPartOf":{"@id":"https:\/\/ladante.fr\/paris\/#website"},"datePublished":"2024-08-03T12:17:49+00:00","dateModified":"2024-08-03T12:23:24+00:00","description":"Nos cours d'italien \u00e0 Paris demarrent le lundi 30 septembre 2024 ! Envie de d\u00e9couvri ou ameliorer votre niveau d'italien ? Cours d'italien pour tous les niveaux, cours de conversation et certification PLIDA.","breadcrumb":{"@id":"https:\/\/ladante.fr\/paris\/cours-ditalien-a-paris\/#breadcrumb"},"inLanguage":"fr-FR","potentialAction":[{"@type":"ReadAction","target":["https:\/\/ladante.fr\/paris\/cours-ditalien-a-paris\/"]}]},{"@type":"BreadcrumbList","@id":"https:\/\/ladante.fr\/paris\/cours-ditalien-a-paris\/#breadcrumb","itemListElement":[{"@type":"ListItem","position":1,"name":"Accueil","item":"https:\/\/ladante.fr\/paris\/"},{"@type":"ListItem","position":2,"name":"Cours d&rsquo;italien \u00e0 Paris 2024-2025"}]},{"@type":"WebSite","@id":"https:\/\/ladante.fr\/paris\/#website","url":"https:\/\/ladante.fr\/paris\/","name":"La Dante - Comit\u00e9 de Paris","description":"","potentialAction":[{"@type":"SearchAction","target":{"@type":"EntryPoint","urlTemplate":"https:\/\/ladante.fr\/paris\/?s={search_term_string}"},"query-input":"required name=search_term_string"}],"inLanguage":"fr-FR"}]}},"_links":{"self":[{"href":"https:\/\/ladante.fr\/paris\/wp-json\/wp\/v2\/pages\/5873"}],"collection":[{"href":"https:\/\/ladante.fr\/paris\/wp-json\/wp\/v2\/pages"}],"about":[{"href":"https:\/\/ladante.fr\/paris\/wp-json\/wp\/v2\/types\/page"}],"author":[{"embeddable":true,"href":"https:\/\/ladante.fr\/paris\/wp-json\/wp\/v2\/users\/1"}],"replies":[{"embeddable":true,"href":"https:\/\/ladante.fr\/paris\/wp-json\/wp\/v2\/comments?post=5873"}],"version-history":[{"count":5,"href":"https:\/\/ladante.fr\/paris\/wp-json\/wp\/v2\/pages\/5873\/revisions"}],"predecessor-version":[{"id":5934,"href":"https:\/\/ladante.fr\/paris\/wp-json\/wp\/v2\/pages\/5873\/revisions\/5934"}],"wp:attachment":[{"href":"https:\/\/ladante.fr\/paris\/wp-json\/wp\/v2\/media?parent=5873"}],"curies":[{"name":"wp","href":"https:\/\/api.w.org\/{rel}","templated":true}]}}