{"id":59,"date":"2017-12-03T14:41:07","date_gmt":"2017-12-03T13:41:07","guid":{"rendered":"http:\/\/la-dante.fr\/?page_id=59"},"modified":"2018-02-05T17:05:37","modified_gmt":"2018-02-05T16:05:37","slug":"la-nostra-storia","status":"publish","type":"page","link":"https:\/\/ladante.fr\/paris\/la-nostra-storia\/","title":{"rendered":"LA NOSTRA STORIA"},"content":{"rendered":"<p>[vc_row][vc_column][vc_column_text]<\/p>\n<p style=\"margin-bottom: -1%; font-family: Helvetica, Arial, 'Open sans'; font-size: 2em; font-weight: 400; color: #bc432b; text-transform: uppercase; border-bottom: 2px solid #bc432b; text-align: left;\">la nostra storia<\/p>\n<p>[\/vc_column_text][vc_column_text]<\/p>\n<div class=\"item-page\">\n<article class=\"post\">\n<div class=\"postcontent postcontent-0 clearfix\">\n<div class=\"article\">\n<p style=\"text-align: justify;\">La Societ\u00e0 Dante Alighieri \u00e8 la rete operativa creata fin dal 1889 per diffondere la lingua e la cultura italiana. Essa riunisce oggi circa 500 Comitati operanti in tutto il mondo, sotto il coordinamento della Sede Centrale di Palazzo Firenze a Roma.<\/p>\n<p style=\"text-align: justify;\">La storia del Comitato di Parigi della Societ\u00e0 Dante Alighieri inizia nel 1902, quando venne costituito per la prima volta sotto la presidenza del Conte Francesco Melzi d\u2019Eril. Nel corso dei suoi primi anni di vita, la Dante di Parigi ha visto succedersi alla sua presidenza varie personalit\u00e0 la cui cultura ed il cui prestigio hanno molto influito sulla qualit\u00e0 degli scambi culturali, soprattutto fra gli artisti e il mondo accademico dell\u2019epoca.<\/p>\n<p style=\"text-align: justify;\">Nel 1912 venne eletto Presidente Onorario S.E. Tommaso Tittoni e Presidente effettivo il Conte Candido Sabini, cui succedeva, l\u2019anno seguente, il Conte Renato Avoglitrotti.<\/p>\n<p style=\"text-align: justify;\">Tra le tante attivit\u00e0 di quel periodo ricordiamo la conferenza di un grande penalista, l\u2019Avv. Arturo Vecchini, che parl\u00f2 con fervore e patriottismo sul tema \u201cItalia e Francia\u201d. Erano presenti, oltre ad un folto pubblico, l\u2019Ambasciatore Tittoni ed il Presidente del Consiglio francese, Louis Barthou.<\/p>\n<p style=\"text-align: justify;\">Successivamente il Comitato venne disciolto, anche in conseguenza dell\u2019inizio della Prima Guerra Mondiale.<\/p>\n<p style=\"text-align: justify;\">Nel 1921 ebbe inizio un carteggio tra il Segretario Generale della Societ\u00e0 Dante Alighieri, Dott. Zaccagnini, e S.E. Luigi Monzoni, grazie al quale si posero le basi per la ricostituzione del Comitato. La sua rinascita risale tuttavia solo al 1930, sotto la presidenza del Conte Britannio Solero del Borgo, con il poeta Lionello Fiumi come Segretario.<\/p>\n<p style=\"text-align: justify;\">L\u2019insegnamento dell\u2019italiano fu tra le prime attivit\u00e0 del risorto Comitato di Parigi. Molto successo ebbero il Corso di Lingua e Letteratura italiana tenuto dal Professor Alfonso Fiorentino, ed il Corso sull\u2019arte fiorentina tenuto dall\u2019italianista Henry Hamaide.<\/p>\n<p style=\"text-align: justify;\">Sempre nel 1930, venne donato al comitato parigino un busto dell\u2019indimenticabile Presidente Paolo Boselli. Oratore della cerimonia, l\u2019On.le Eugenio Coselchi, che ricord\u00f2 il venerato Presidente con commosse e vibranti parole; presenti l\u2019Ambasciatore Pignatti Morano di Custoza ed il Presidente della Societ\u00e0 Dante Alighieri, Barone Celesia di Velgiasco.<\/p>\n<p style=\"text-align: justify;\">Tra le conferenze di quel periodo, citiamo quella dell\u2019On.le Ciarlantini sulle \u201cEsperienze di un italiano che viaggia\u201d, quella di S.E. Martinetti sulla \u201cSensibilit\u00e0 delle macchine\u201d, e ancora, quella del celebre italianista Gabriel Faure su \u201cAlfred de Musset et l\u2019Italie\u201d.<\/p>\n<p style=\"text-align: justify;\">Nel 1934 venne eletto Presidente il Capitano Camillo Marabini.<\/p>\n<p style=\"text-align: justify;\">Nel 1936, un gruppo di Soci del Comitato fu ricevuto in udienza privata a Castelgandolfo dal Sommo Pontefice.<\/p>\n<p style=\"text-align: justify;\">Sotto la presidenza Marabini venne riservata grande attenzione alle attivit\u00e0 culturali, e pi\u00f9 in particolare alle conferenze; citiamo, tra le pi\u00f9 significative, quella dell\u2019On.le Ezio Maria Gray intitolata \u201cPerch\u00e9 non ci amano, perch\u00e9 ci ameranno\u201d, quella dell\u2019On.le Pelizzari sui \u201cRicordi di un combattente\u201d e, ancora, quella del Prof. Arturo Marpicati su \u201cCarducci, poeta di Mussolini\u201d.<\/p>\n<p style=\"text-align: justify;\">Nel 1938, dimissionario il Prof. Marabini, venne nominato Presidente il Prof. G.B. Angioletti cui succedette, nel 1941, il Barone Prof. Avv. Paolo Indelli. A lui si deve l\u2019istituzione di corsi di lingua italiana a cura del Prof. Guala.<\/p>\n<p style=\"text-align: justify;\">Tra le attivit\u00e0 dei primi anni \u201940 ricordiamo la commemorazione dannunziana tenuta dal Prof. Indelli, alla presenza delle autorit\u00e0 politiche e diplomatiche, nonch\u00e9 della vedova del poeta, Donna Maria d\u2019Annunzio, Principessa di Montevenoso.<\/p>\n<p style=\"text-align: justify;\">Nel 1945 il Comitato \u00e8 pressoch\u00e9 disciolto, e viene incaricato della sua ricostruzione il Prof. Henri Bedarida, nominato poco dopo Presidente.<\/p>\n<p style=\"text-align: justify;\">Dimissionario nel 1949 il Bedarida, divenne Reggente il Dott. Guglielmo Di Consiglio, fino al 1951. In quell\u2019anno fu eletto Presidente l\u2019Ambasciatore Conte Charles de Chambrun, in carica fino al 1953, quando il ruolo fu assunto dal Prof. Andr\u00e9 Pezard.<\/p>\n<p style=\"text-align: justify;\">Tra le molteplici attivit\u00e0 degli anni \u201950, ricordiamo: la conferenza di grande successo, per la notoriet\u00e0 dell\u2019oratrice Duchessa de la Rochefoucauld, su \u201cMargherita di Valois\u201d; quella del Prof. Torquato Carlo Giannini sul tema \u201cDante \u00e8 stato a Parigi?\u201d; e, ancora, quella di Andr\u00e9 Maurois su \u201cVictor Hugo\u201d.<\/p>\n<p style=\"text-align: justify;\">Nel 1960 divenne Presidente il Dott. Gianni Cortese, in seguito premiato dalla Sede Centrale con un Diploma di Benemerenza accompagnato da medaglia d\u2019oro, per la sua infaticabile attivit\u00e0 in favore del Comitato; Presidente Onorario, l\u2019Ambasciatore Manlio Brosio.<\/p>\n<p style=\"text-align: justify;\">Durante i ventisei anni della lunghissima presidenza del Dott. Cortese, conclusasi con il suo decesso avvenuto nel 1986, l\u2019attivit\u00e0 culturale fu molto intensa, innumerevoli furono le conferenze e i concerti, e molte borse di studio furono concesse dalla Sede Centrale agli studenti meritevoli.<\/p>\n<p style=\"text-align: justify;\">Nel 1986 divenne Presidente il Prof. Andr\u00e9 Orsini, in carica fino al 1993, anno in cui assunse la carica il Prof. Fran\u00e7ois Pitti-Ferrandi.<\/p>\n<p style=\"text-align: justify;\">Nel 1997, il prestigioso giornalista e scrittore S.E. Gilles Martinet, ex Ambasciatore di Francia in Italia, divent\u00f2 Presidente. Con l\u2019accordo ed il sostegno di S.E. Sergio Vento, Ambasciatore d\u2019Italia, il Presidente Martinet si dedic\u00f2 in particolare ad un\u2019azione di promozione dell\u2019insegnamento della lingua italiana nelle scuole francesi.<\/p>\n<p style=\"text-align: justify;\">Nel 1999, S.E. Gilles Martinet venne nominato Presidente Onorario, e lasci\u00f2 la presidenza effettiva a Jacques Andreani, Ambasciatore di Francia, che gi\u00e0 era stato suo successore a Palazzo Farnese, sede dell\u2019Ambasciata francese a Roma.<\/p>\n<p style=\"text-align: justify;\">Nel dicembre 1999, alla Maison de l\u2019Am\u00e9rique Latine di Parigi, ebbe luogo la presentazione del volume bilingue \u201cUn\u2019amicizia difficile. Conversazioni su due secoli di relazioni italo-francesi\u201d, nel quale Gilles Martinet e Sergio Romano rispondevano alle domande di Michele Canonica. Ex inviato speciale di grandi giornali italiani, il Dott. Canonica era all\u2019epoca Direttore della Comunicazione della Camera di Commercio Italiana per la Francia e Direttore della rivista \u201cFrance Italie\u201d.<\/p>\n<p style=\"text-align: justify;\">Nel 2007, S.E. Jacques Andr\u00e9ani diventa Presidente Onorario della Dante di Parigi, e il Dott. Michele Canonica ne assume la presidenza. Il primo appuntamento culturale organizzato da questa nuova presidenza viene dedicato, nell\u2019ottobre 2007, all\u2019anniversario della scomparsa di Gilles Martinet.<\/p>\n<\/div>\n<\/div>\n<\/article>\n<\/div>\n<article class=\"post\">\n<div class=\"postcontent postcontent-0 clearfix\">\n<div class=\"customarticle\">\n<div class=\"adhesion\">\n<h3><strong>Laissez-vous porter par la culture italienne. Rejoignez La Dante !<\/strong><\/h3>\n<p style=\"text-align: justify;\">En adh\u00e9rant au\u00a0<strong>Comit\u00e9 de Paris<\/strong>, vous b\u00e9n\u00e9ficiez de\u00a0<strong>nombreux avantages<\/strong>\u00a0sur les\u00a0<strong>spectacles<\/strong>\u00a0et\u00a0<strong>expositions, concerts<\/strong>\u00a0organis\u00e9s par nos partenaires.<\/p>\n<p style=\"text-align: justify;\">T\u00e9l\u00e9chargez le bulletin ci-dessous, puis renvoyez-le compl\u00e9t\u00e9 par courrier postal, accompagn\u00e9 du\u00a0<strong>ch\u00e8que de r\u00e8glement<\/strong>.<\/p>\n<div style=\"text-align: center;\"><a class=\"jcepopup noicon\" title=\"Cliquez ici pour t\u00e9l\u00e9charger le document\" href=\"http:\/\/ladante.fr\/wp-content\/uploads\/2018\/02\/Adh\u00e9sion_DA_17-18.pdf\" target=\"_blank\" rel=\"noopener\" data-mediabox=\"width[1024];height[768];title[Bulletin d&amp;#39;adh\u00e9sion]\"><img loading=\"lazy\" src=\"http:\/\/ladante.fr\/wp-content\/uploads\/2018\/02\/btn-bul.png\" alt=\"Cliquez ici pour t\u00e9l\u00e9charger le document\" width=\"200\" height=\"50\" \/><\/a><\/div>\n<\/div>\n<\/div>\n<\/div>\n<\/article>\n<p>[\/vc_column_text][\/vc_column][\/vc_row]<\/p>\n","protected":false},"excerpt":{"rendered":"<p>[vc_row][vc_column][vc_column_text] la nostra storia [\/vc_column_text][vc_column_text] La Societ\u00e0 Dante Alighieri \u00e8 la rete operativa creata fin dal 1889 per diffondere la lingua e la cultura italiana. Essa riunisce oggi circa 500 Comitati operanti in tutto il mondo, sotto il coordinamento della Sede Centrale di Palazzo Firenze a Roma. La storia del Comitato di Parigi della Societ\u00e0 [&hellip;]<\/p>\n","protected":false},"author":4,"featured_media":0,"parent":0,"menu_order":0,"comment_status":"closed","ping_status":"closed","template":"","meta":{"disable_featured_image":false,"_themeisle_gutenberg_block_has_review":false},"yoast_head":"<!-- This site is optimized with the Yoast SEO plugin v20.1 - https:\/\/yoast.com\/wordpress\/plugins\/seo\/ -->\n<title>LA NOSTRA STORIA - La Dante - Comit\u00e9 de Paris<\/title>\n<meta name=\"robots\" content=\"index, follow, max-snippet:-1, max-image-preview:large, max-video-preview:-1\" \/>\n<link rel=\"canonical\" href=\"https:\/\/ladante.fr\/paris\/la-nostra-storia\/\" \/>\n<meta property=\"og:locale\" content=\"fr_FR\" \/>\n<meta property=\"og:type\" content=\"article\" \/>\n<meta property=\"og:title\" content=\"LA NOSTRA STORIA - La Dante - Comit\u00e9 de Paris\" \/>\n<meta property=\"og:description\" content=\"[vc_row][vc_column][vc_column_text] la nostra storia [\/vc_column_text][vc_column_text] La Societ\u00e0 Dante Alighieri \u00e8 la rete operativa creata fin dal 1889 per diffondere la lingua e la cultura italiana. Essa riunisce oggi circa 500 Comitati operanti in tutto il mondo, sotto il coordinamento della Sede Centrale di Palazzo Firenze a Roma. La storia del Comitato di Parigi della Societ\u00e0 [&hellip;]\" \/>\n<meta property=\"og:url\" content=\"https:\/\/ladante.fr\/paris\/la-nostra-storia\/\" \/>\n<meta property=\"og:site_name\" content=\"La Dante - Comit\u00e9 de Paris\" \/>\n<meta property=\"article:modified_time\" content=\"2018-02-05T16:05:37+00:00\" \/>\n<meta property=\"og:image\" content=\"http:\/\/ladante.fr\/wp-content\/uploads\/2018\/02\/btn-bul.png\" \/>\n<meta name=\"twitter:card\" content=\"summary_large_image\" \/>\n<meta name=\"twitter:label1\" content=\"Dur\u00e9e de lecture estim\u00e9e\" \/>\n\t<meta name=\"twitter:data1\" content=\"5 minutes\" \/>\n<script type=\"application\/ld+json\" class=\"yoast-schema-graph\">{\"@context\":\"https:\/\/schema.org\",\"@graph\":[{\"@type\":\"WebPage\",\"@id\":\"https:\/\/ladante.fr\/paris\/la-nostra-storia\/\",\"url\":\"https:\/\/ladante.fr\/paris\/la-nostra-storia\/\",\"name\":\"LA NOSTRA STORIA - La Dante - Comit\u00e9 de Paris\",\"isPartOf\":{\"@id\":\"https:\/\/ladante.fr\/paris\/#website\"},\"datePublished\":\"2017-12-03T13:41:07+00:00\",\"dateModified\":\"2018-02-05T16:05:37+00:00\",\"breadcrumb\":{\"@id\":\"https:\/\/ladante.fr\/paris\/la-nostra-storia\/#breadcrumb\"},\"inLanguage\":\"fr-FR\",\"potentialAction\":[{\"@type\":\"ReadAction\",\"target\":[\"https:\/\/ladante.fr\/paris\/la-nostra-storia\/\"]}]},{\"@type\":\"BreadcrumbList\",\"@id\":\"https:\/\/ladante.fr\/paris\/la-nostra-storia\/#breadcrumb\",\"itemListElement\":[{\"@type\":\"ListItem\",\"position\":1,\"name\":\"Accueil\",\"item\":\"https:\/\/ladante.fr\/paris\/\"},{\"@type\":\"ListItem\",\"position\":2,\"name\":\"LA NOSTRA STORIA\"}]},{\"@type\":\"WebSite\",\"@id\":\"https:\/\/ladante.fr\/paris\/#website\",\"url\":\"https:\/\/ladante.fr\/paris\/\",\"name\":\"La Dante - Comit\u00e9 de Paris\",\"description\":\"\",\"potentialAction\":[{\"@type\":\"SearchAction\",\"target\":{\"@type\":\"EntryPoint\",\"urlTemplate\":\"https:\/\/ladante.fr\/paris\/?s={search_term_string}\"},\"query-input\":\"required name=search_term_string\"}],\"inLanguage\":\"fr-FR\"}]}<\/script>\n<!-- \/ Yoast SEO plugin. -->","yoast_head_json":{"title":"LA NOSTRA STORIA - La Dante - Comit\u00e9 de Paris","robots":{"index":"index","follow":"follow","max-snippet":"max-snippet:-1","max-image-preview":"max-image-preview:large","max-video-preview":"max-video-preview:-1"},"canonical":"https:\/\/ladante.fr\/paris\/la-nostra-storia\/","og_locale":"fr_FR","og_type":"article","og_title":"LA NOSTRA STORIA - La Dante - Comit\u00e9 de Paris","og_description":"[vc_row][vc_column][vc_column_text] la nostra storia [\/vc_column_text][vc_column_text] La Societ\u00e0 Dante Alighieri \u00e8 la rete operativa creata fin dal 1889 per diffondere la lingua e la cultura italiana. Essa riunisce oggi circa 500 Comitati operanti in tutto il mondo, sotto il coordinamento della Sede Centrale di Palazzo Firenze a Roma. La storia del Comitato di Parigi della Societ\u00e0 [&hellip;]","og_url":"https:\/\/ladante.fr\/paris\/la-nostra-storia\/","og_site_name":"La Dante - Comit\u00e9 de Paris","article_modified_time":"2018-02-05T16:05:37+00:00","og_image":[{"url":"http:\/\/ladante.fr\/wp-content\/uploads\/2018\/02\/btn-bul.png"}],"twitter_card":"summary_large_image","twitter_misc":{"Dur\u00e9e de lecture estim\u00e9e":"5 minutes"},"schema":{"@context":"https:\/\/schema.org","@graph":[{"@type":"WebPage","@id":"https:\/\/ladante.fr\/paris\/la-nostra-storia\/","url":"https:\/\/ladante.fr\/paris\/la-nostra-storia\/","name":"LA NOSTRA STORIA - La Dante - Comit\u00e9 de Paris","isPartOf":{"@id":"https:\/\/ladante.fr\/paris\/#website"},"datePublished":"2017-12-03T13:41:07+00:00","dateModified":"2018-02-05T16:05:37+00:00","breadcrumb":{"@id":"https:\/\/ladante.fr\/paris\/la-nostra-storia\/#breadcrumb"},"inLanguage":"fr-FR","potentialAction":[{"@type":"ReadAction","target":["https:\/\/ladante.fr\/paris\/la-nostra-storia\/"]}]},{"@type":"BreadcrumbList","@id":"https:\/\/ladante.fr\/paris\/la-nostra-storia\/#breadcrumb","itemListElement":[{"@type":"ListItem","position":1,"name":"Accueil","item":"https:\/\/ladante.fr\/paris\/"},{"@type":"ListItem","position":2,"name":"LA NOSTRA STORIA"}]},{"@type":"WebSite","@id":"https:\/\/ladante.fr\/paris\/#website","url":"https:\/\/ladante.fr\/paris\/","name":"La Dante - Comit\u00e9 de Paris","description":"","potentialAction":[{"@type":"SearchAction","target":{"@type":"EntryPoint","urlTemplate":"https:\/\/ladante.fr\/paris\/?s={search_term_string}"},"query-input":"required name=search_term_string"}],"inLanguage":"fr-FR"}]}},"_links":{"self":[{"href":"https:\/\/ladante.fr\/paris\/wp-json\/wp\/v2\/pages\/59"}],"collection":[{"href":"https:\/\/ladante.fr\/paris\/wp-json\/wp\/v2\/pages"}],"about":[{"href":"https:\/\/ladante.fr\/paris\/wp-json\/wp\/v2\/types\/page"}],"author":[{"embeddable":true,"href":"https:\/\/ladante.fr\/paris\/wp-json\/wp\/v2\/users\/4"}],"replies":[{"embeddable":true,"href":"https:\/\/ladante.fr\/paris\/wp-json\/wp\/v2\/comments?post=59"}],"version-history":[{"count":2,"href":"https:\/\/ladante.fr\/paris\/wp-json\/wp\/v2\/pages\/59\/revisions"}],"predecessor-version":[{"id":1778,"href":"https:\/\/ladante.fr\/paris\/wp-json\/wp\/v2\/pages\/59\/revisions\/1778"}],"wp:attachment":[{"href":"https:\/\/ladante.fr\/paris\/wp-json\/wp\/v2\/media?parent=59"}],"curies":[{"name":"wp","href":"https:\/\/api.w.org\/{rel}","templated":true}]}}