{"id":60,"date":"2017-12-03T14:41:07","date_gmt":"2017-12-03T13:41:07","guid":{"rendered":"http:\/\/la-dante.fr\/?page_id=60"},"modified":"2018-02-10T23:37:50","modified_gmt":"2018-02-10T22:37:50","slug":"partenariats","status":"publish","type":"page","link":"https:\/\/ladante.fr\/paris\/partenariats\/","title":{"rendered":"PARTENARIATS"},"content":{"rendered":"<p>[vc_row][vc_column][vc_column_text]<\/p>\n<p style=\"margin-bottom: -1%; font-family: Helvetica, Arial, 'Open sans'; font-size: 2em; font-weight: 400; color: #bc432b; text-transform: uppercase; border-bottom: 2px solid #bc432b; text-align: left;\">partenariats<\/p>\n<p>[\/vc_column_text][vc_column_text]<\/p>\n<h3>DEVENEZ PARTENAIRE DE LA DANTE !<\/h3>\n<h6>Vous souhaitez acqu\u00e9rir de la notori\u00e9t\u00e9, d\u00e9velopper votre r\u00e9seau, promouvoir un \u00e9v\u00e9nement\u00a0?<\/h6>\n<h4><strong>Nous vous proposons :<\/strong><\/h4>\n<ul>\n<li>visibilit\u00e9 sur notre site<\/li>\n<li>sponsoring dans notre newsletter<\/li>\n<li>partenariats d\u2019\u00e9v\u00e9nements culturels (logo, d\u00e9pliants, invitations\u2026)<\/li>\n<\/ul>\n<p>Pour plus d\u2019informations sur les partenariats r\u00e9alis\u00e9s et la mise en place d\u2019un projet sur mesure, contactez nous\u00a0:\u00a0<a href=\"mailto:paris@ladante.fr?subject=Partenariat%20avec%20La%20Dante\">paris@ladante.fr<\/a><\/p>\n<h3>NOS PARTENAIRES<\/h3>\n<p>&nbsp;<\/p>\n<table cellpadding=\"1\">\n<tbody>\n<tr>\n<td><a style=\"color: #bc432b;\" title=\"Enel France\" href=\"http:\/\/www.enel.fr\/\" target=\"_blank\" rel=\"noopener\"><img loading=\"lazy\" src=\"http:\/\/ladante.fr\/wp-content\/uploads\/2018\/02\/Enel_France.jpg\" alt=\"Enel France\" width=\"150\" height=\"68\" \/><\/a><\/td>\n<td>\n<h6>Enel France<\/h6>\n<p>50 Rue de la Victoire<br \/>\n75009 Paris<br \/>\nT\u00e9l. 01 70 23 24 30<\/p>\n<p>Site web :\u00a0<a style=\"color: #bc432b;\" title=\"Enel France\" href=\"http:\/\/www.enel.fr\/\" target=\"_blank\" rel=\"noopener\">www.enel.fr<\/a><\/td>\n<\/tr>\n<tr>\n<td colspan=\"2\">\n<hr \/>\n<\/td>\n<\/tr>\n<tr>\n<td><a style=\"color: #bc432b;\" title=\"Basle Line\" href=\"http:\/\/www.basleline.com\/\" target=\"_blank\" rel=\"noopener\"><img loading=\"lazy\" src=\"http:\/\/ladante.fr\/wp-content\/uploads\/2018\/02\/Basle_Line.gif\" alt=\"Basle Line\" width=\"150\" height=\"47\" \/><\/a><\/td>\n<td>\n<h6>Basle Line<\/h6>\n<p>Piazza Cavour 31r<br \/>\n16128 Genova (Italie)<br \/>\nT\u00e9l. +39 010 2512 938<\/p>\n<p>Site web :\u00a0<a style=\"color: #bc432b;\" title=\"Basle Line\" href=\"http:\/\/www.basleline.com\/\" target=\"_blank\" rel=\"noopener\">www.basleline.com<\/a><\/td>\n<\/tr>\n<tr>\n<td colspan=\"2\">\n<hr \/>\n<\/td>\n<\/tr>\n<tr>\n<td>\u00a0<a style=\"color: #bc432b;\" title=\"Monte Paschi Banque\" href=\"https:\/\/www.montepaschi-banque.fr\/\" target=\"_blank\" rel=\"noopener\"><img loading=\"lazy\" src=\"http:\/\/ladante.fr\/wp-content\/uploads\/2018\/02\/Monte_Paschi_Banque.jpg\" alt=\"Monte Paschi Banque\" width=\"150\" height=\"104\" \/><\/a><\/td>\n<td>\n<h6>Monte Paschi Banque<\/h6>\n<p>11, boulevard de la Madeleine<br \/>\n75001 Paris<br \/>\nT\u00e9l. 01 40 07 89 00<\/p>\n<p>Site web :\u00a0<a style=\"color: #bc432b;\" title=\"Monte Paschi Banque\" href=\"https:\/\/www.montepaschi-banque.fr\/\" target=\"_blank\" rel=\"noopener\">www.montepaschi-banque.fr<\/a><\/td>\n<\/tr>\n<tr>\n<td colspan=\"2\">\n<hr \/>\n<\/td>\n<\/tr>\n<tr>\n<td>\u00a0<a style=\"color: #bc432b;\" title=\"Orcom Euraudit International\" href=\"http:\/\/www.euraudit-conseil.com\/\" target=\"_blank\" rel=\"noopener\"><img loading=\"lazy\" src=\"http:\/\/ladante.fr\/wp-content\/uploads\/2018\/01\/logo-orcom-euraudit-international-4.jpg\" alt=\"Orcom Euraudit International\" width=\"300\" height=\"100\" \/><\/a><\/td>\n<td>\n<h6>Orcom Euraudit International<\/h6>\n<p>71, rue du Faubourg Saint Honor\u00e9<br \/>\n75008 Paris<br \/>\nT\u00e9l. 01 42 66 66 75<\/p>\n<p>Site web :\u00a0<a style=\"color: #bc432b;\" title=\"Orcom Euraudit International\" href=\"http:\/\/www.euraudit-conseil.com\/\" target=\"_blank\" rel=\"noopener\">www.euraudit-conseil.com<\/a>\u00a0&#8211;\u00a0<a style=\"color: #bc432b;\" title=\"Orcom Euraudit International\" href=\"http:\/\/www.orcom.fr\/\" target=\"_blank\" rel=\"noopener\">www.orcom.fr<\/a><\/td>\n<\/tr>\n<tr>\n<td colspan=\"2\">\n<hr \/>\n<\/td>\n<\/tr>\n<tr>\n<td><a title=\"L'Italie en direct - L'Italia in diretta\" href=\"http:\/\/italieendirect.italieaparis.net\/\" target=\"_blank\" rel=\"noopener\"><img loading=\"lazy\" src=\"http:\/\/ladante.fr\/wp-content\/uploads\/2018\/01\/italie-en-direct.png\" alt=\"italieendirect\" width=\"240\" height=\"54.40\" \/><\/a><\/td>\n<td>\n<h6>L&rsquo;Italie en direct &#8211; L&rsquo;Italia in diretta<\/h6>\n<p>12 bis, rue S\u00e9dillot<br \/>\n75007 Paris<br \/>\nT\u00e9l. 01 47 05 16 26<\/p>\n<p>Site web :\u00a0<a style=\"color: #bc432b;\" title=\"L'Italie en direct - L'Italia in diretta \" href=\"http:\/\/italieendirect.italieaparis.net\/\" target=\"_blank\" rel=\"noopener\">italieendirect.italieaparis.net<\/a><\/td>\n<\/tr>\n<\/tbody>\n<\/table>\n<h3><\/h3>\n<p>[\/vc_column_text][\/vc_column][\/vc_row][vc_row][vc_column][vc_empty_space height=\u00a0\u00bb104px\u00a0\u00bb][\/vc_column][\/vc_row]<\/p>\n","protected":false},"excerpt":{"rendered":"<p>[vc_row][vc_column][vc_column_text] partenariats [\/vc_column_text][vc_column_text] DEVENEZ PARTENAIRE DE LA DANTE ! Vous souhaitez acqu\u00e9rir de la notori\u00e9t\u00e9, d\u00e9velopper votre r\u00e9seau, promouvoir un \u00e9v\u00e9nement\u00a0? Nous vous proposons : visibilit\u00e9 sur notre site sponsoring dans notre newsletter partenariats d\u2019\u00e9v\u00e9nements culturels (logo, d\u00e9pliants, invitations\u2026) Pour plus d\u2019informations sur les partenariats r\u00e9alis\u00e9s et la mise en place d\u2019un projet sur mesure, [&hellip;]<\/p>\n","protected":false},"author":4,"featured_media":0,"parent":0,"menu_order":0,"comment_status":"closed","ping_status":"closed","template":"","meta":{"disable_featured_image":false,"_themeisle_gutenberg_block_has_review":false},"yoast_head":"<!-- This site is optimized with the Yoast SEO plugin v20.1 - https:\/\/yoast.com\/wordpress\/plugins\/seo\/ -->\n<title>PARTENARIATS - La Dante - Comit\u00e9 de Paris<\/title>\n<meta name=\"robots\" content=\"index, follow, max-snippet:-1, max-image-preview:large, max-video-preview:-1\" \/>\n<link rel=\"canonical\" href=\"https:\/\/ladante.fr\/paris\/partenariats\/\" \/>\n<meta property=\"og:locale\" content=\"fr_FR\" \/>\n<meta property=\"og:type\" content=\"article\" \/>\n<meta property=\"og:title\" content=\"PARTENARIATS - La Dante - Comit\u00e9 de Paris\" \/>\n<meta property=\"og:description\" content=\"[vc_row][vc_column][vc_column_text] partenariats [\/vc_column_text][vc_column_text] DEVENEZ PARTENAIRE DE LA DANTE ! Vous souhaitez acqu\u00e9rir de la notori\u00e9t\u00e9, d\u00e9velopper votre r\u00e9seau, promouvoir un \u00e9v\u00e9nement\u00a0? Nous vous proposons : visibilit\u00e9 sur notre site sponsoring dans notre newsletter partenariats d\u2019\u00e9v\u00e9nements culturels (logo, d\u00e9pliants, invitations\u2026) Pour plus d\u2019informations sur les partenariats r\u00e9alis\u00e9s et la mise en place d\u2019un projet sur mesure, [&hellip;]\" \/>\n<meta property=\"og:url\" content=\"https:\/\/ladante.fr\/paris\/partenariats\/\" \/>\n<meta property=\"og:site_name\" content=\"La Dante - Comit\u00e9 de Paris\" \/>\n<meta property=\"article:modified_time\" content=\"2018-02-10T22:37:50+00:00\" \/>\n<meta property=\"og:image\" content=\"http:\/\/ladante.fr\/wp-content\/uploads\/2018\/02\/Enel_France.jpg\" \/>\n<meta name=\"twitter:card\" content=\"summary_large_image\" \/>\n<meta name=\"twitter:label1\" content=\"Dur\u00e9e de lecture estim\u00e9e\" \/>\n\t<meta name=\"twitter:data1\" content=\"1 minute\" \/>\n<script type=\"application\/ld+json\" class=\"yoast-schema-graph\">{\"@context\":\"https:\/\/schema.org\",\"@graph\":[{\"@type\":\"WebPage\",\"@id\":\"https:\/\/ladante.fr\/paris\/partenariats\/\",\"url\":\"https:\/\/ladante.fr\/paris\/partenariats\/\",\"name\":\"PARTENARIATS - La Dante - Comit\u00e9 de Paris\",\"isPartOf\":{\"@id\":\"https:\/\/ladante.fr\/paris\/#website\"},\"datePublished\":\"2017-12-03T13:41:07+00:00\",\"dateModified\":\"2018-02-10T22:37:50+00:00\",\"breadcrumb\":{\"@id\":\"https:\/\/ladante.fr\/paris\/partenariats\/#breadcrumb\"},\"inLanguage\":\"fr-FR\",\"potentialAction\":[{\"@type\":\"ReadAction\",\"target\":[\"https:\/\/ladante.fr\/paris\/partenariats\/\"]}]},{\"@type\":\"BreadcrumbList\",\"@id\":\"https:\/\/ladante.fr\/paris\/partenariats\/#breadcrumb\",\"itemListElement\":[{\"@type\":\"ListItem\",\"position\":1,\"name\":\"Accueil\",\"item\":\"https:\/\/ladante.fr\/paris\/\"},{\"@type\":\"ListItem\",\"position\":2,\"name\":\"PARTENARIATS\"}]},{\"@type\":\"WebSite\",\"@id\":\"https:\/\/ladante.fr\/paris\/#website\",\"url\":\"https:\/\/ladante.fr\/paris\/\",\"name\":\"La Dante - Comit\u00e9 de Paris\",\"description\":\"\",\"potentialAction\":[{\"@type\":\"SearchAction\",\"target\":{\"@type\":\"EntryPoint\",\"urlTemplate\":\"https:\/\/ladante.fr\/paris\/?s={search_term_string}\"},\"query-input\":\"required name=search_term_string\"}],\"inLanguage\":\"fr-FR\"}]}<\/script>\n<!-- \/ Yoast SEO plugin. -->","yoast_head_json":{"title":"PARTENARIATS - La Dante - Comit\u00e9 de Paris","robots":{"index":"index","follow":"follow","max-snippet":"max-snippet:-1","max-image-preview":"max-image-preview:large","max-video-preview":"max-video-preview:-1"},"canonical":"https:\/\/ladante.fr\/paris\/partenariats\/","og_locale":"fr_FR","og_type":"article","og_title":"PARTENARIATS - La Dante - Comit\u00e9 de Paris","og_description":"[vc_row][vc_column][vc_column_text] partenariats [\/vc_column_text][vc_column_text] DEVENEZ PARTENAIRE DE LA DANTE ! Vous souhaitez acqu\u00e9rir de la notori\u00e9t\u00e9, d\u00e9velopper votre r\u00e9seau, promouvoir un \u00e9v\u00e9nement\u00a0? Nous vous proposons : visibilit\u00e9 sur notre site sponsoring dans notre newsletter partenariats d\u2019\u00e9v\u00e9nements culturels (logo, d\u00e9pliants, invitations\u2026) Pour plus d\u2019informations sur les partenariats r\u00e9alis\u00e9s et la mise en place d\u2019un projet sur mesure, [&hellip;]","og_url":"https:\/\/ladante.fr\/paris\/partenariats\/","og_site_name":"La Dante - Comit\u00e9 de Paris","article_modified_time":"2018-02-10T22:37:50+00:00","og_image":[{"url":"http:\/\/ladante.fr\/wp-content\/uploads\/2018\/02\/Enel_France.jpg"}],"twitter_card":"summary_large_image","twitter_misc":{"Dur\u00e9e de lecture estim\u00e9e":"1 minute"},"schema":{"@context":"https:\/\/schema.org","@graph":[{"@type":"WebPage","@id":"https:\/\/ladante.fr\/paris\/partenariats\/","url":"https:\/\/ladante.fr\/paris\/partenariats\/","name":"PARTENARIATS - La Dante - Comit\u00e9 de Paris","isPartOf":{"@id":"https:\/\/ladante.fr\/paris\/#website"},"datePublished":"2017-12-03T13:41:07+00:00","dateModified":"2018-02-10T22:37:50+00:00","breadcrumb":{"@id":"https:\/\/ladante.fr\/paris\/partenariats\/#breadcrumb"},"inLanguage":"fr-FR","potentialAction":[{"@type":"ReadAction","target":["https:\/\/ladante.fr\/paris\/partenariats\/"]}]},{"@type":"BreadcrumbList","@id":"https:\/\/ladante.fr\/paris\/partenariats\/#breadcrumb","itemListElement":[{"@type":"ListItem","position":1,"name":"Accueil","item":"https:\/\/ladante.fr\/paris\/"},{"@type":"ListItem","position":2,"name":"PARTENARIATS"}]},{"@type":"WebSite","@id":"https:\/\/ladante.fr\/paris\/#website","url":"https:\/\/ladante.fr\/paris\/","name":"La Dante - Comit\u00e9 de Paris","description":"","potentialAction":[{"@type":"SearchAction","target":{"@type":"EntryPoint","urlTemplate":"https:\/\/ladante.fr\/paris\/?s={search_term_string}"},"query-input":"required name=search_term_string"}],"inLanguage":"fr-FR"}]}},"_links":{"self":[{"href":"https:\/\/ladante.fr\/paris\/wp-json\/wp\/v2\/pages\/60"}],"collection":[{"href":"https:\/\/ladante.fr\/paris\/wp-json\/wp\/v2\/pages"}],"about":[{"href":"https:\/\/ladante.fr\/paris\/wp-json\/wp\/v2\/types\/page"}],"author":[{"embeddable":true,"href":"https:\/\/ladante.fr\/paris\/wp-json\/wp\/v2\/users\/4"}],"replies":[{"embeddable":true,"href":"https:\/\/ladante.fr\/paris\/wp-json\/wp\/v2\/comments?post=60"}],"version-history":[{"count":3,"href":"https:\/\/ladante.fr\/paris\/wp-json\/wp\/v2\/pages\/60\/revisions"}],"predecessor-version":[{"id":2204,"href":"https:\/\/ladante.fr\/paris\/wp-json\/wp\/v2\/pages\/60\/revisions\/2204"}],"wp:attachment":[{"href":"https:\/\/ladante.fr\/paris\/wp-json\/wp\/v2\/media?parent=60"}],"curies":[{"name":"wp","href":"https:\/\/api.w.org\/{rel}","templated":true}]}}