{"id":61,"date":"2017-12-03T14:41:07","date_gmt":"2017-12-03T13:41:07","guid":{"rendered":"http:\/\/la-dante.fr\/?page_id=61"},"modified":"2017-12-03T14:41:07","modified_gmt":"2017-12-03T13:41:07","slug":"contactez-nous","status":"publish","type":"page","link":"https:\/\/ladante.fr\/paris\/contactez-nous\/","title":{"rendered":"Contactez-nous"},"content":{"rendered":"<p>[vc_row][vc_column][vc_column_text]<\/p>\n<p style=\"margin-bottom: -1%; font-family: Helvetica, Arial, 'Open sans'; font-size: 2em; font-weight: 400; color: #bc432b; text-transform: uppercase; border-bottom: 2px solid #bc432b; text-align: left;\">contactez-nous<\/p>\n<p>[\/vc_column_text][\/vc_column][\/vc_row][vc_row][vc_column][vc_column_text]<\/p>\n<h3>Societ\u00e0 Dante Alighieri &#8211; Comit\u00e9 de Paris<\/h3>\n<div class=\"contatti\">\n<div class=\"indirizzo\">\n<p>12 bis, rue S\u00e9dillot<br \/>\n75007 PARIS<br \/>\nT\u00e9l. : 01 47 05 16 26<\/p>\n<p><iframe loading=\"lazy\" style=\"border: 0;\" src=\"https:\/\/www.google.com\/maps\/embed?pb=!1m14!1m8!1m3!1d10499.926433093424!2d2.3016593!3d48.8585611!3m2!1i1024!2i768!4f13.1!3m3!1m2!1s0x0%3A0x4120f5a6cef669b2!2sDante+Alighieri+Comit%C3%A9+de+Paris!5e0!3m2!1sfr!2sfr!4v1513609986289\" width=\"600\" height=\"450\" frameborder=\"0\" allowfullscreen=\"allowfullscreen\"><\/iframe><\/p>\n<p><strong>RER C<\/strong>\u00a0&#8211; Pont de l&rsquo;Alma<br \/>\n<strong>M\u00e9tro 8<\/strong>\u00a0&#8211; Ecole Militaire<br \/>\n<strong>M\u00e9tro 9<\/strong>\u00a0&#8211; Alma-Marceau<br \/>\n<strong>Bus<\/strong>\u00a042, 63, 69, 80, 92<\/p>\n<p>@ :\u00a0<a href=\"mailto:paris@ladante.fr\">paris@ladante.fr<\/a><\/p>\n<p>&nbsp;<\/p>\n<\/div>\n<\/div>\n<div>\n<p><strong>Lundi\u00a0<\/strong>&#8211;\u00a0<strong>10h\u00a0\u00e0\u00a013h<\/strong>\u00a0&#8211;\u00a0<strong>14h \u00e0 19h<\/strong><\/p>\n<p><strong>Mardi<\/strong>\u00a0&#8211; Secr\u00e9tariat ouvert\u00a0sur rendez-vous<\/p>\n<p><strong>Mercredi\u00a0<\/strong>&#8211; Secr\u00e9tariat ouvert le matin sur rendez-vous &#8211;\u00a0<strong>14h \u00e0 19h<\/strong><\/p>\n<p><strong>Jeudi\u00a0<\/strong>&#8211;\u00a0<strong>10h\u00a0\u00e0\u00a013h<\/strong>\u00a0&#8211;\u00a0<strong>14h \u00e0 19h<\/strong><\/p>\n<p><strong>Vendredi\u00a0<\/strong>&#8211; Secr\u00e9tariat ouvert\u00a0sur rendez-vous<\/p>\n<p><strong>Samedi\u00a0<\/strong>&#8211; Ferm\u00e9<\/p>\n<p>Mardis, mercredis matin et vendredis secr\u00e9tariat\u00a0<strong>ouvert sur<\/strong>\u00a0<strong>rendez-vous<\/strong>.<\/p>\n<\/div>\n<p>[\/vc_column_text][vc_empty_space height=\u00a0\u00bb364px\u00a0\u00bb][\/vc_column][\/vc_row]<\/p>\n","protected":false},"excerpt":{"rendered":"<p>[vc_row][vc_column][vc_column_text] contactez-nous [\/vc_column_text][\/vc_column][\/vc_row][vc_row][vc_column][vc_column_text] Societ\u00e0 Dante Alighieri &#8211; Comit\u00e9 de Paris 12 bis, rue S\u00e9dillot 75007 PARIS T\u00e9l. : 01 47 05 16 26 RER C\u00a0&#8211; Pont de l&rsquo;Alma M\u00e9tro 8\u00a0&#8211; Ecole Militaire M\u00e9tro 9\u00a0&#8211; Alma-Marceau Bus\u00a042, 63, 69, 80, 92 @ :\u00a0paris@ladante.fr &nbsp; Lundi\u00a0&#8211;\u00a010h\u00a0\u00e0\u00a013h\u00a0&#8211;\u00a014h \u00e0 19h Mardi\u00a0&#8211; Secr\u00e9tariat ouvert\u00a0sur rendez-vous Mercredi\u00a0&#8211; Secr\u00e9tariat ouvert le matin [&hellip;]<\/p>\n","protected":false},"author":4,"featured_media":0,"parent":0,"menu_order":0,"comment_status":"closed","ping_status":"closed","template":"","meta":{"disable_featured_image":false,"_themeisle_gutenberg_block_has_review":false},"yoast_head":"<!-- This site is optimized with the Yoast SEO plugin v20.1 - https:\/\/yoast.com\/wordpress\/plugins\/seo\/ -->\n<title>Contactez-nous - La Dante - Comit\u00e9 de Paris<\/title>\n<meta name=\"robots\" content=\"index, follow, max-snippet:-1, max-image-preview:large, max-video-preview:-1\" \/>\n<link rel=\"canonical\" href=\"https:\/\/ladante.fr\/paris\/contactez-nous\/\" \/>\n<meta property=\"og:locale\" content=\"fr_FR\" \/>\n<meta property=\"og:type\" content=\"article\" \/>\n<meta property=\"og:title\" content=\"Contactez-nous - La Dante - Comit\u00e9 de Paris\" \/>\n<meta property=\"og:description\" content=\"[vc_row][vc_column][vc_column_text] contactez-nous [\/vc_column_text][\/vc_column][\/vc_row][vc_row][vc_column][vc_column_text] Societ\u00e0 Dante Alighieri &#8211; Comit\u00e9 de Paris 12 bis, rue S\u00e9dillot 75007 PARIS T\u00e9l. : 01 47 05 16 26 RER C\u00a0&#8211; Pont de l&rsquo;Alma M\u00e9tro 8\u00a0&#8211; Ecole Militaire M\u00e9tro 9\u00a0&#8211; Alma-Marceau Bus\u00a042, 63, 69, 80, 92 @ :\u00a0paris@ladante.fr &nbsp; Lundi\u00a0&#8211;\u00a010h\u00a0\u00e0\u00a013h\u00a0&#8211;\u00a014h \u00e0 19h Mardi\u00a0&#8211; Secr\u00e9tariat ouvert\u00a0sur rendez-vous Mercredi\u00a0&#8211; Secr\u00e9tariat ouvert le matin [&hellip;]\" \/>\n<meta property=\"og:url\" content=\"https:\/\/ladante.fr\/paris\/contactez-nous\/\" \/>\n<meta property=\"og:site_name\" content=\"La Dante - Comit\u00e9 de Paris\" \/>\n<meta name=\"twitter:card\" content=\"summary_large_image\" \/>\n<meta name=\"twitter:label1\" content=\"Dur\u00e9e de lecture estim\u00e9e\" \/>\n\t<meta name=\"twitter:data1\" content=\"1 minute\" \/>\n<script type=\"application\/ld+json\" class=\"yoast-schema-graph\">{\"@context\":\"https:\/\/schema.org\",\"@graph\":[{\"@type\":\"WebPage\",\"@id\":\"https:\/\/ladante.fr\/paris\/contactez-nous\/\",\"url\":\"https:\/\/ladante.fr\/paris\/contactez-nous\/\",\"name\":\"Contactez-nous - La Dante - Comit\u00e9 de Paris\",\"isPartOf\":{\"@id\":\"https:\/\/ladante.fr\/paris\/#website\"},\"datePublished\":\"2017-12-03T13:41:07+00:00\",\"dateModified\":\"2017-12-03T13:41:07+00:00\",\"breadcrumb\":{\"@id\":\"https:\/\/ladante.fr\/paris\/contactez-nous\/#breadcrumb\"},\"inLanguage\":\"fr-FR\",\"potentialAction\":[{\"@type\":\"ReadAction\",\"target\":[\"https:\/\/ladante.fr\/paris\/contactez-nous\/\"]}]},{\"@type\":\"BreadcrumbList\",\"@id\":\"https:\/\/ladante.fr\/paris\/contactez-nous\/#breadcrumb\",\"itemListElement\":[{\"@type\":\"ListItem\",\"position\":1,\"name\":\"Accueil\",\"item\":\"https:\/\/ladante.fr\/paris\/\"},{\"@type\":\"ListItem\",\"position\":2,\"name\":\"Contactez-nous\"}]},{\"@type\":\"WebSite\",\"@id\":\"https:\/\/ladante.fr\/paris\/#website\",\"url\":\"https:\/\/ladante.fr\/paris\/\",\"name\":\"La Dante - Comit\u00e9 de Paris\",\"description\":\"\",\"potentialAction\":[{\"@type\":\"SearchAction\",\"target\":{\"@type\":\"EntryPoint\",\"urlTemplate\":\"https:\/\/ladante.fr\/paris\/?s={search_term_string}\"},\"query-input\":\"required name=search_term_string\"}],\"inLanguage\":\"fr-FR\"}]}<\/script>\n<!-- \/ Yoast SEO plugin. -->","yoast_head_json":{"title":"Contactez-nous - La Dante - Comit\u00e9 de Paris","robots":{"index":"index","follow":"follow","max-snippet":"max-snippet:-1","max-image-preview":"max-image-preview:large","max-video-preview":"max-video-preview:-1"},"canonical":"https:\/\/ladante.fr\/paris\/contactez-nous\/","og_locale":"fr_FR","og_type":"article","og_title":"Contactez-nous - La Dante - Comit\u00e9 de Paris","og_description":"[vc_row][vc_column][vc_column_text] contactez-nous [\/vc_column_text][\/vc_column][\/vc_row][vc_row][vc_column][vc_column_text] Societ\u00e0 Dante Alighieri &#8211; Comit\u00e9 de Paris 12 bis, rue S\u00e9dillot 75007 PARIS T\u00e9l. : 01 47 05 16 26 RER C\u00a0&#8211; Pont de l&rsquo;Alma M\u00e9tro 8\u00a0&#8211; Ecole Militaire M\u00e9tro 9\u00a0&#8211; Alma-Marceau Bus\u00a042, 63, 69, 80, 92 @ :\u00a0paris@ladante.fr &nbsp; Lundi\u00a0&#8211;\u00a010h\u00a0\u00e0\u00a013h\u00a0&#8211;\u00a014h \u00e0 19h Mardi\u00a0&#8211; Secr\u00e9tariat ouvert\u00a0sur rendez-vous Mercredi\u00a0&#8211; Secr\u00e9tariat ouvert le matin [&hellip;]","og_url":"https:\/\/ladante.fr\/paris\/contactez-nous\/","og_site_name":"La Dante - Comit\u00e9 de Paris","twitter_card":"summary_large_image","twitter_misc":{"Dur\u00e9e de lecture estim\u00e9e":"1 minute"},"schema":{"@context":"https:\/\/schema.org","@graph":[{"@type":"WebPage","@id":"https:\/\/ladante.fr\/paris\/contactez-nous\/","url":"https:\/\/ladante.fr\/paris\/contactez-nous\/","name":"Contactez-nous - La Dante - Comit\u00e9 de Paris","isPartOf":{"@id":"https:\/\/ladante.fr\/paris\/#website"},"datePublished":"2017-12-03T13:41:07+00:00","dateModified":"2017-12-03T13:41:07+00:00","breadcrumb":{"@id":"https:\/\/ladante.fr\/paris\/contactez-nous\/#breadcrumb"},"inLanguage":"fr-FR","potentialAction":[{"@type":"ReadAction","target":["https:\/\/ladante.fr\/paris\/contactez-nous\/"]}]},{"@type":"BreadcrumbList","@id":"https:\/\/ladante.fr\/paris\/contactez-nous\/#breadcrumb","itemListElement":[{"@type":"ListItem","position":1,"name":"Accueil","item":"https:\/\/ladante.fr\/paris\/"},{"@type":"ListItem","position":2,"name":"Contactez-nous"}]},{"@type":"WebSite","@id":"https:\/\/ladante.fr\/paris\/#website","url":"https:\/\/ladante.fr\/paris\/","name":"La Dante - Comit\u00e9 de Paris","description":"","potentialAction":[{"@type":"SearchAction","target":{"@type":"EntryPoint","urlTemplate":"https:\/\/ladante.fr\/paris\/?s={search_term_string}"},"query-input":"required name=search_term_string"}],"inLanguage":"fr-FR"}]}},"_links":{"self":[{"href":"https:\/\/ladante.fr\/paris\/wp-json\/wp\/v2\/pages\/61"}],"collection":[{"href":"https:\/\/ladante.fr\/paris\/wp-json\/wp\/v2\/pages"}],"about":[{"href":"https:\/\/ladante.fr\/paris\/wp-json\/wp\/v2\/types\/page"}],"author":[{"embeddable":true,"href":"https:\/\/ladante.fr\/paris\/wp-json\/wp\/v2\/users\/4"}],"replies":[{"embeddable":true,"href":"https:\/\/ladante.fr\/paris\/wp-json\/wp\/v2\/comments?post=61"}],"version-history":[{"count":0,"href":"https:\/\/ladante.fr\/paris\/wp-json\/wp\/v2\/pages\/61\/revisions"}],"wp:attachment":[{"href":"https:\/\/ladante.fr\/paris\/wp-json\/wp\/v2\/media?parent=61"}],"curies":[{"name":"wp","href":"https:\/\/api.w.org\/{rel}","templated":true}]}}